{"id":1921,"date":"2025-01-22T13:33:50","date_gmt":"2025-01-22T13:33:50","guid":{"rendered":"https:\/\/imagingpeace.org\/?page_id=1921"},"modified":"2025-04-22T12:27:53","modified_gmt":"2025-04-22T11:27:53","slug":"peace-photography-guide-es","status":"publish","type":"page","link":"https:\/\/imagingpeace.org\/index.php\/peace-photography-guide-es\/","title":{"rendered":"Peace Photography Guide (ES)"},"content":{"rendered":"<p>[et_pb_section fb_built=&#8221;1&#8243; _builder_version=&#8221;4.27.4&#8243; _module_preset=&#8221;default&#8221; custom_padding=&#8221;||5px|||&#8221; global_colors_info=&#8221;{}&#8221;][et_pb_row _builder_version=&#8221;4.27.4&#8243; _module_preset=&#8221;default&#8221; global_colors_info=&#8221;{}&#8221;][et_pb_column type=&#8221;4_4&#8243; _builder_version=&#8221;4.27.4&#8243; _module_preset=&#8221;default&#8221; global_colors_info=&#8221;{}&#8221;][et_pb_text _builder_version=&#8221;4.27.4&#8243; _module_preset=&#8221;29a4dfad-776f-4b7f-be6e-618cbdaf7b3b&#8221; global_colors_info=&#8221;{}&#8221;]<\/p>\n<p><a href=\"https:\/\/imagingpeace.org\/index.php\/peace-photography-guide\/\">ENGLISH<\/a>\u00a0 |\u00a0 <a href=\"https:\/\/imagingpeace.org\/index.php\/peace-photography-guide-es\/\">ESPA\u00d1OL <\/a>| <a href=\"https:\/\/imagingpeace.org\/index.php\/peace-photography-guide-FR\/\">FRAN\u00c7AIS<\/a><\/p>\n<p>[\/et_pb_text][\/et_pb_column][\/et_pb_row][et_pb_row _builder_version=&#8221;4.27.4&#8243; _module_preset=&#8221;default&#8221; global_colors_info=&#8221;{}&#8221;][et_pb_column type=&#8221;4_4&#8243; _builder_version=&#8221;4.27.4&#8243; _module_preset=&#8221;default&#8221; global_colors_info=&#8221;{}&#8221;][et_pb_text _builder_version=&#8221;4.27.4&#8243; _module_preset=&#8221;default&#8221; hover_enabled=&#8221;0&#8243; global_colors_info=&#8221;{}&#8221; sticky_enabled=&#8221;0&#8243;]<\/p>\n<h2 style=\"text-align: center;\"><strong>FOTOGRAF\u00cdA DE PAZ: UNA GU\u00cdA<\/strong><\/h2>\n<p>[\/et_pb_text][\/et_pb_column][\/et_pb_row][et_pb_row column_structure=&#8221;1_2,1_2&#8243; _builder_version=&#8221;4.27.0&#8243; _module_preset=&#8221;default&#8221; global_colors_info=&#8221;{}&#8221;][et_pb_column type=&#8221;1_2&#8243; _builder_version=&#8221;4.27.0&#8243; _module_preset=&#8221;default&#8221; global_colors_info=&#8221;{}&#8221;][et_pb_image src=&#8221;https:\/\/imagingpeace.org\/wp-content\/uploads\/2025\/01\/Screenshot-2025-01-22-at-14.10.19.png&#8221; title_text=&#8221;FR Guide cover&#8221; _builder_version=&#8221;4.27.4&#8243; _module_preset=&#8221;default&#8221; min_height=&#8221;213px&#8221; custom_margin=&#8221;54px||28px|||&#8221; custom_padding=&#8221;||3px|||&#8221; global_colors_info=&#8221;{}&#8221;][\/et_pb_image][et_pb_button button_url=&#8221;https:\/\/imagingpeace.org\/peace-photography-guide\/&#8221; button_text=&#8221;DESCARGAR&#8221; button_alignment=&#8221;center&#8221; _builder_version=&#8221;4.27.4&#8243; _module_preset=&#8221;default&#8221; button_text_size=&#8221;30px&#8221; global_colors_info=&#8221;{}&#8221;][\/et_pb_button][et_pb_text _builder_version=&#8221;4.27.4&#8243; _module_preset=&#8221;default&#8221; global_colors_info=&#8221;{}&#8221;]<\/p>\n<h6 style=\"text-align: justify;\">Debido al tama\u00f1o del archivo, el mensaje de confirmaci\u00f3n aparecer\u00e1 despu\u00e9s de unos segundos. No es necesario presionar el bot\u00f3n de descarga nuevamente.<\/h6>\n<p>[\/et_pb_text][et_pb_text _builder_version=&#8221;4.27.0&#8243; _module_preset=&#8221;default&#8221; global_colors_info=&#8221;{}&#8221;][\/et_pb_text][\/et_pb_column][et_pb_column type=&#8221;1_2&#8243; _builder_version=&#8221;4.27.0&#8243; _module_preset=&#8221;default&#8221; global_colors_info=&#8221;{}&#8221;][et_pb_text _builder_version=&#8221;4.27.4&#8243; _module_preset=&#8221;default&#8221; custom_padding=&#8221;0px|||||&#8221; global_colors_info=&#8221;{}&#8221;]<\/p>\n<h4><em>&#8216;<strong>Fotograf\u00eda de Paz: Una Gu\u00eda&#8217;<\/strong><\/em> explora m\u00e9todos de fotograf\u00eda participativa, comunitaria y colaborativa, donde las personas utilizan im\u00e1genes y la creaci\u00f3n de im\u00e1genes para fomentar la paz, el di\u00e1logo y la resistencia civil no violenta. Bas\u00e1ndose en investigaciones acad\u00e9micas y pr\u00e1cticas de todo el mundo, analiza cr\u00edticamente la \u00e9tica y las cuestiones pr\u00e1cticas de los m\u00e9todos visuales de paz, y presenta 26 actividades de fotograf\u00eda para la paz. Esperamos que este recurso sea \u00fatil para profesionales y acad\u00e9micos en las \u00e1reas de comunidad, paz y pr\u00e1ctica visual que est\u00e9n interesados en explorar c\u00f3mo la fotograf\u00eda puede aprovecharse para transformar conflictos, navegar diferencias, fomentar la sanaci\u00f3n y la agencia, construir visibilidad y conexi\u00f3n, y generar imaginarios de paz.<\/h4>\n<p>[\/et_pb_text][\/et_pb_column][\/et_pb_row][\/et_pb_section][et_pb_section fb_built=&#8221;1&#8243; _builder_version=&#8221;4.27.4&#8243; _module_preset=&#8221;default&#8221; background_color=&#8221;rgba(0,0,0,0.13)&#8221; custom_margin=&#8221;-2px|||||&#8221; global_colors_info=&#8221;{}&#8221;][et_pb_row _builder_version=&#8221;4.27.4&#8243; _module_preset=&#8221;default&#8221; global_colors_info=&#8221;{}&#8221;][et_pb_column type=&#8221;4_4&#8243; _builder_version=&#8221;4.27.4&#8243; _module_preset=&#8221;default&#8221; global_colors_info=&#8221;{}&#8221;][et_pb_text _builder_version=&#8221;4.27.4&#8243; _module_preset=&#8221;default&#8221; text_text_color=&#8221;#FFFFFF&#8221; text_font_size=&#8221;26px&#8221; text_line_height=&#8221;1.1em&#8221; text_font_size_tablet=&#8221;21px&#8221; text_font_size_phone=&#8221;19px&#8221; global_colors_info=&#8221;{%22gcid-heading-color%22:%91%22header_text_color%22,%22header_4_text_color%22,%22header_3_text_color%22,%22header_2_text_color%22,%22header_5_text_color%22,%22header_6_text_color%22,%22quote_text_color%22,%22header_text_color%22,%22header_4_text_color%22,%22header_3_text_color%22,%22header_2_text_color%22,%22header_5_text_color%22,%22header_6_text_color%22,%22quote_text_color%22%93,%22gcid-secondary-color%22:%91%22quote_border_color%22,%22quote_border_color%22%93}&#8221;]<\/p>\n<p>Esta gu\u00eda es un producto de <strong><em>Imaging Peace<\/em><\/strong>, un proyecto de investigaci\u00f3n financiado por la beca Leverhulme y dirigido por la Dra. Tiffany Fairey.<\/p>\n<p>\u2018<em><strong>Fotograf\u00eda de Paz: Una Gu\u00eda&#8217;<\/strong><\/em> fue coescrita por Tiffany Fairey e Ingrid Guyon, y se basa en las contribuciones de profesionales y proyectos de fotograf\u00eda de paz con experiencias diversas de paz y conflicto en 21 pa\u00edses. Esta gu\u00eda incluye im\u00e1genes de estos proyectos a lo largo de la publicaci\u00f3n. Puedes ver estos proyectos <strong><a href=\"https:\/\/imagingpeace.org\/index.php\/peace-photography-projects\/\">aqu\u00ed<\/a>.<\/strong><\/p>\n<p>Esperamos que esta publicaci\u00f3n inspire la imaginaci\u00f3n de quienes piensan y act\u00faan en el \u00e1mbito de la fotograf\u00eda para la paz en todo el mundo.<\/p>\n<p>Esta gu\u00eda est\u00e1 disponible en <a href=\"https:\/\/imagingpeace.org\/index.php\/peace-photography-guide\">ingl\u00e9s<\/a>, espa\u00f1ol y <a href=\"https:\/\/imagingpeace.org\/index.php\/peace-photography-guide-fr\/\">franc\u00e9s<\/a>.<\/p>\n<p>[\/et_pb_text][\/et_pb_column][\/et_pb_row][et_pb_row _builder_version=&#8221;4.27.4&#8243; _module_preset=&#8221;default&#8221; global_colors_info=&#8221;{}&#8221;][et_pb_column type=&#8221;4_4&#8243; _builder_version=&#8221;4.27.4&#8243; _module_preset=&#8221;default&#8221; global_colors_info=&#8221;{}&#8221;][et_pb_video src=&#8221;https:\/\/imagingpeace.org\/wp-content\/uploads\/2025\/01\/pdf-book-scrolling-short-1.mov&#8221; _builder_version=&#8221;4.27.4&#8243; _module_preset=&#8221;default&#8221; global_colors_info=&#8221;{}&#8221;][\/et_pb_video][et_pb_button button_url=&#8221;https:\/\/imagingpeace.org\/peace-photography-guide\/&#8221; button_text=&#8221;DESCARGAR&#8221; button_alignment=&#8221;center&#8221; _builder_version=&#8221;4.27.4&#8243; _module_preset=&#8221;default&#8221; button_text_size=&#8221;30px&#8221; global_colors_info=&#8221;{}&#8221;][\/et_pb_button][et_pb_text _builder_version=&#8221;4.27.4&#8243; _module_preset=&#8221;default&#8221; global_colors_info=&#8221;{}&#8221;]<\/p>\n<h6 style=\"text-align: center;\"><span style=\"color: #ffffff;\">Debido al tama\u00f1o del archivo, el mensaje de confirmaci\u00f3n aparecer\u00e1 despu\u00e9s de unos segundos. <\/span><\/h6>\n<h6 style=\"text-align: center;\"><span style=\"color: #ffffff;\">No es necesario presionar el bot\u00f3n de descarga nuevamente.<\/span><\/h6>\n<p>[\/et_pb_text][\/et_pb_column][\/et_pb_row][\/et_pb_section][et_pb_section fb_built=&#8221;1&#8243; admin_label=&#8221;About&#8221; _builder_version=&#8221;4.25.1&#8243; _module_preset=&#8221;default&#8221; custom_padding=&#8221;0px|||||&#8221; collapsed=&#8221;on&#8221; global_colors_info=&#8221;{}&#8221;][et_pb_row _builder_version=&#8221;4.27.0&#8243; _module_preset=&#8221;default&#8221; custom_padding=&#8221;||0px|||&#8221; global_colors_info=&#8221;{}&#8221;][et_pb_column type=&#8221;4_4&#8243; _builder_version=&#8221;4.27.0&#8243; _module_preset=&#8221;default&#8221; global_colors_info=&#8221;{}&#8221;][et_pb_text admin_label=&#8221;Title&#8221; _builder_version=&#8221;4.27.4&#8243; _module_preset=&#8221;dbd3ac70-eeac-4a4a-aaf6-80e6b9c29d74&#8243; header_font_size=&#8221;54px&#8221; header_line_height=&#8221;1em&#8221; header_2_font_size=&#8221;40px&#8221; header_2_line_height=&#8221;1em&#8221; custom_margin=&#8221;||-2px||false|false&#8221; custom_padding=&#8221;||0px|||&#8221; locked=&#8221;off&#8221; global_colors_info=&#8221;{}&#8221;]<\/p>\n<h2><strong>Las Autoras<\/strong><\/h2>\n<p>[\/et_pb_text][\/et_pb_column][\/et_pb_row][et_pb_row column_structure=&#8221;1_4,3_4&#8243; _builder_version=&#8221;4.27.0&#8243; _module_preset=&#8221;default&#8221; global_colors_info=&#8221;{}&#8221;][et_pb_column type=&#8221;1_4&#8243; _builder_version=&#8221;4.27.0&#8243; _module_preset=&#8221;default&#8221; global_colors_info=&#8221;{}&#8221;][et_pb_image src=&#8221;https:\/\/imagingpeace.org\/wp-content\/uploads\/2024\/09\/Tiffany-Fairey-bio-pic.jpg&#8221; title_text=&#8221;Tiffany-Fairey-bio-pic&#8221; _builder_version=&#8221;4.27.0&#8243; _module_preset=&#8221;b778cc99-1c95-4a70-a086-4d431de1df51&#8243; global_colors_info=&#8221;{}&#8221;][\/et_pb_image][\/et_pb_column][et_pb_column type=&#8221;3_4&#8243; _builder_version=&#8221;4.27.0&#8243; _module_preset=&#8221;default&#8221; global_colors_info=&#8221;{}&#8221;][et_pb_text _builder_version=&#8221;4.27.4&#8243; _module_preset=&#8221;dbd3ac70-eeac-4a4a-aaf6-80e6b9c29d74&#8243; text_font=&#8221;&#8211;et_global_body_font|300|||||||&#8221; text_font_size=&#8221;22px&#8221; text_line_height=&#8221;1.2em&#8221; width=&#8221;100%&#8221; custom_padding=&#8221;|0px||||&#8221; locked=&#8221;off&#8221; global_colors_info=&#8221;{}&#8221;]<\/p>\n<p><a href=\"https:\/\/tiffanyfairey.co.uk\/\" target=\"_blank\" rel=\"noopener\"><strong>Tiffany Fairey<\/strong><\/a> es investigadora senior en el Departamento de Estudios de Guerra del King&#8217;s College de Londres. Es especialista en m\u00e9todos visuales participativos y en <em data-start=\"182\" data-end=\"194\">photovoice<\/em>, con m\u00e1s de 20 a\u00f1os de experiencia en proyectos en todo el mundo. Como cofundadora y ex codirectora de la galardonada organizaci\u00f3n ben\u00e9fica brit\u00e1nica PhotoVoice, fue pionera en la pr\u00e1ctica \u00e9tica de la creaci\u00f3n de im\u00e1genes participativas. Su investigaci\u00f3n acad\u00e9mica se centra en la construcci\u00f3n de la paz basada en las artes y en el papel de las im\u00e1genes y la creaci\u00f3n de im\u00e1genes en la promoci\u00f3n del di\u00e1logo y la paz. Complet\u00f3 su doctorado en Sociolog\u00eda Visual en Goldsmiths College, Londres, y ha publicado ampliamente. Su trabajo ha sido reconocido con varios premios, incluido el Hood Medal de la Royal Photographic Society por su destacado avance en la fotograf\u00eda al servicio p\u00fablico y una beca Leverhulme. Su pr\u00f3ximo libro, <em data-start=\"924\" data-end=\"939\">Imaging Peace<\/em>, se publicar\u00e1 en 2025.<\/p>\n<p>[\/et_pb_text][\/et_pb_column][\/et_pb_row][et_pb_row column_structure=&#8221;1_4,3_4&#8243; _builder_version=&#8221;4.27.0&#8243; _module_preset=&#8221;default&#8221; custom_padding=&#8221;3px|||||&#8221; global_colors_info=&#8221;{}&#8221;][et_pb_column type=&#8221;1_4&#8243; _builder_version=&#8221;4.27.0&#8243; _module_preset=&#8221;default&#8221; global_colors_info=&#8221;{}&#8221;][et_pb_image src=&#8221;https:\/\/imagingpeace.org\/wp-content\/uploads\/2024\/09\/Ingrid-Guyon_Headshot_BW.jpg&#8221; title_text=&#8221;Ingrid-Guyon_Headshot_BW&#8221; _builder_version=&#8221;4.27.0&#8243; _module_preset=&#8221;b778cc99-1c95-4a70-a086-4d431de1df51&#8243; global_colors_info=&#8221;{}&#8221;][\/et_pb_image][\/et_pb_column][et_pb_column type=&#8221;3_4&#8243; _builder_version=&#8221;4.27.0&#8243; _module_preset=&#8221;default&#8221; global_colors_info=&#8221;{}&#8221;][et_pb_text _builder_version=&#8221;4.27.4&#8243; _module_preset=&#8221;dbd3ac70-eeac-4a4a-aaf6-80e6b9c29d74&#8243; text_font=&#8221;&#8211;et_global_body_font|300|||||||&#8221; text_font_size=&#8221;22px&#8221; text_line_height=&#8221;1.2em&#8221; width=&#8221;100%&#8221; custom_padding=&#8221;|0px||||&#8221; locked=&#8221;off&#8221; global_colors_info=&#8221;{}&#8221;]<\/p>\n<p><a href=\"http:\/\/www.ingridguyon.com\"><strong>Ingrid Guyon <\/strong><\/a>es fot\u00f3grafa, realizadora y facilitadora especialista en medios visuales participativos, con m\u00e1s de 15 a\u00f1os de experiencia en el dise\u00f1o e implementaci\u00f3n de proyectos audiovisuales participativos, colaborativos y comunitarios. Ha trabajado en los sectores de la educaci\u00f3n, museos, ONG, desarrollo internacional y construcci\u00f3n de paz. Nacida en el lugar donde Nic\u00e9phore Ni\u00e9pce tom\u00f3 la primera fotograf\u00eda del mundo y criada en Arl\u00e9s con <em data-start=\"477\" data-end=\"512\">Les Rencontres de la Photographie<\/em>, lleva la fotograf\u00eda en la sangre. Se gradu\u00f3 en Pr\u00e1ctica Profesional de Fotograf\u00eda y Producci\u00f3n de Video en el London College of Communication y m\u00e1s tarde en Antropolog\u00eda Social en la Universidad de Birkbeck. Tras trabajar con PhotoVoice, fund\u00f3 <a href=\"http:\/\/www.fotosynthesiscommunity.org\/es\" target=\"_blank\" rel=\"noopener\">Fotosynthesis<\/a>, una empresa social especializada en procesos audiovisuales participativos, educaci\u00f3n y producci\u00f3n audiovisual \u00e9tica. Tambi\u00e9n es asociada de <a href=\"http:\/\/www.insightshare.org\" target=\"_blank\" rel=\"noopener\">Insightshare<\/a>, una empresa l\u00edder en v\u00eddeo participativo.<\/p>\n<p>[\/et_pb_text][\/et_pb_column][\/et_pb_row][et_pb_row _builder_version=&#8221;4.27.0&#8243; _module_preset=&#8221;default&#8221; global_colors_info=&#8221;{}&#8221;][et_pb_column type=&#8221;4_4&#8243; _builder_version=&#8221;4.27.0&#8243; _module_preset=&#8221;default&#8221; global_colors_info=&#8221;{}&#8221;][et_pb_text admin_label=&#8221;Title&#8221; _builder_version=&#8221;4.27.0&#8243; _module_preset=&#8221;dbd3ac70-eeac-4a4a-aaf6-80e6b9c29d74&#8243; header_font_size=&#8221;54px&#8221; header_line_height=&#8221;1em&#8221; header_2_font_size=&#8221;40px&#8221; header_2_line_height=&#8221;1em&#8221; custom_margin=&#8221;||21px||false|false&#8221; custom_padding=&#8221;||0px|||&#8221; locked=&#8221;off&#8221; global_colors_info=&#8221;{}&#8221;]<\/p>\n<h2><strong>Contribuidores<\/strong><\/h2>\n<p>[\/et_pb_text][et_pb_text _builder_version=&#8221;4.27.4&#8243; _module_preset=&#8221;dbd3ac70-eeac-4a4a-aaf6-80e6b9c29d74&#8243; text_font=&#8221;&#8211;et_global_body_font|300|||||||&#8221; text_font_size=&#8221;22px&#8221; text_line_height=&#8221;1.2em&#8221; width=&#8221;100%&#8221; custom_padding=&#8221;|0px||||&#8221; locked=&#8221;off&#8221; global_colors_info=&#8221;{}&#8221;]<\/p>\n<p data-start=\"0\" data-end=\"251\">Esta investigaci\u00f3n ha implicado trabajar con profesionales de todo el mundo para estudiar diversas iniciativas de fotograf\u00eda para la paz, aprovechando todo su conocimiento y experiencia. Sus im\u00e1genes se exhiben a lo largo de la gu\u00eda.<\/p>\n<p data-start=\"253\" data-end=\"328\">Puede descubrir los proyectos contribuidores <a href=\"https:\/\/imagingpeace.org\/index.php\/peace-photography-projects\/\">aqu\u00ed<\/a>.<\/p>\n<p data-start=\"330\" data-end=\"608\">[\/et_pb_text][\/et_pb_column][\/et_pb_row][et_pb_row column_structure=&#8221;1_4,1_4,1_4,1_4&#8243; _builder_version=&#8221;4.27.0&#8243; _module_preset=&#8221;default&#8221; global_colors_info=&#8221;{}&#8221;][et_pb_column type=&#8221;1_4&#8243; _builder_version=&#8221;4.27.0&#8243; _module_preset=&#8221;default&#8221; global_colors_info=&#8221;{}&#8221;][et_pb_image src=&#8221;https:\/\/imagingpeace.org\/wp-content\/uploads\/2025\/03\/Hor_Logo_Fotosynthesis_green-1024&#215;309-1.png&#8221; title_text=&#8221;Hor_Logo_Fotosynthesis_green&#8221; url=&#8221;https:\/\/www.fotosynthesiscommunity.org\/&#8221; url_new_window=&#8221;on&#8221; _builder_version=&#8221;4.27.4&#8243; _module_preset=&#8221;b778cc99-1c95-4a70-a086-4d431de1df51&#8243; width=&#8221;100%&#8221; width_tablet=&#8221;100%&#8221; width_phone=&#8221;89%&#8221; width_last_edited=&#8221;on|phone&#8221; module_alignment=&#8221;center&#8221; custom_margin=&#8221;-15px||||false|false&#8221; global_colors_info=&#8221;{}&#8221;][\/et_pb_image][\/et_pb_column][et_pb_column type=&#8221;1_4&#8243; _builder_version=&#8221;4.27.0&#8243; _module_preset=&#8221;default&#8221; global_colors_info=&#8221;{}&#8221;][et_pb_image src=&#8221;https:\/\/imagingpeace.org\/wp-content\/uploads\/2024\/09\/Leverhulme-Trust.png&#8221; title_text=&#8221;Leverhulme Trust&#8221; url=&#8221;https:\/\/www.leverhulme.ac.uk\/&#8221; url_new_window=&#8221;on&#8221; _builder_version=&#8221;4.27.0&#8243; _module_preset=&#8221;b778cc99-1c95-4a70-a086-4d431de1df51&#8243; width_tablet=&#8221;95%&#8221; width_phone=&#8221;89%&#8221; width_last_edited=&#8221;on|tablet&#8221; module_alignment=&#8221;center&#8221; custom_margin_tablet=&#8221;-8px||||false|false&#8221; custom_margin_phone=&#8221;-8px||||false|false&#8221; custom_margin_last_edited=&#8221;on|tablet&#8221; global_colors_info=&#8221;{}&#8221;][\/et_pb_image][\/et_pb_column][et_pb_column type=&#8221;1_4&#8243; _builder_version=&#8221;4.27.0&#8243; _module_preset=&#8221;default&#8221; global_colors_info=&#8221;{}&#8221;][et_pb_image src=&#8221;https:\/\/imagingpeace.org\/wp-content\/uploads\/2024\/09\/kings-college-london-logo-C62D8CBC37-seeklogo.com_.png&#8221; title_text=&#8221;kings-college-london-logo-C62D8CBC37-seeklogo.com&#8221; url=&#8221;https:\/\/www.kcl.ac.uk\/&#8221; url_new_window=&#8221;on&#8221; _builder_version=&#8221;4.27.0&#8243; _module_preset=&#8221;b778cc99-1c95-4a70-a086-4d431de1df51&#8243; width=&#8221;51%&#8221; width_tablet=&#8221;48%&#8221; width_phone=&#8221;47%&#8221; width_last_edited=&#8221;on|tablet&#8221; module_alignment=&#8221;center&#8221; global_colors_info=&#8221;{}&#8221;][\/et_pb_image][\/et_pb_column][et_pb_column type=&#8221;1_4&#8243; _builder_version=&#8221;4.27.0&#8243; _module_preset=&#8221;default&#8221; global_colors_info=&#8221;{}&#8221;][et_pb_image src=&#8221;https:\/\/imagingpeace.org\/wp-content\/uploads\/2024\/09\/Humanity-United1.png&#8221; title_text=&#8221;Humanity United1&#8243; url=&#8221;https:\/\/humanityunited.org\/&#8221; url_new_window=&#8221;on&#8221; _builder_version=&#8221;4.27.0&#8243; _module_preset=&#8221;b778cc99-1c95-4a70-a086-4d431de1df51&#8243; width=&#8221;80%&#8221; max_width_tablet=&#8221;88%&#8221; max_width_phone=&#8221;72%&#8221; max_width_last_edited=&#8221;on|phone&#8221; module_alignment=&#8221;center&#8221; global_colors_info=&#8221;{}&#8221;][\/et_pb_image][\/et_pb_column][\/et_pb_row][\/et_pb_section][et_pb_section fb_built=&#8221;1&#8243; _builder_version=&#8221;4.27.4&#8243; _module_preset=&#8221;default&#8221; custom_padding=&#8221;12px|||||&#8221; global_colors_info=&#8221;{}&#8221;][et_pb_row _builder_version=&#8221;4.27.4&#8243; _module_preset=&#8221;default&#8221; custom_padding=&#8221;6px|||||&#8221; global_colors_info=&#8221;{}&#8221;][et_pb_column type=&#8221;4_4&#8243; _builder_version=&#8221;4.27.4&#8243; _module_preset=&#8221;default&#8221; global_colors_info=&#8221;{}&#8221;][et_pb_cta title=&#8221;AP\u00d3YANOS&#8221; button_url=&#8221;https:\/\/www.paypal.com\/donate\/?hosted_button_id=B3T8UW5MWMALN&#8221; url_new_window=&#8221;on&#8221; button_text=&#8221;DONAR AQUI&#8221; _builder_version=&#8221;4.27.4&#8243; _module_preset=&#8221;default&#8221; header_text_align=&#8221;left&#8221; header_text_color=&#8221;rgba(0,0,0,0.5)&#8221; body_text_color=&#8221;#000000&#8243; background_color=&#8221;#EBEFE6&#8243; button_text_size=&#8221;21px&#8221; global_colors_info=&#8221;{%22gcid-primary-color%22:%91%22button_text_color%22,%22button_text_color%22%93}&#8221;]<\/p>\n<h3 style=\"text-align: left;\"><span style=\"color: rgba(0, 0, 0, 0.5);\">Considere hacer un donativo por su ejemplar para ayudarnos a seguir compartiendo el trabajo.<\/span><\/h3>\n<h3><span style=\"color: rgba(0, 0, 0, 0.5);\"><\/span><\/h3>\n<p>[\/et_pb_cta][\/et_pb_column][\/et_pb_row][\/et_pb_section]<\/p>\n","protected":false},"excerpt":{"rendered":"<p>ENGLISH\u00a0 |\u00a0 ESPA\u00d1OL | FRAN\u00c7AISFOTOGRAF\u00cdA DE PAZ: UNA GU\u00cdADebido al tama\u00f1o del archivo, el mensaje de confirmaci\u00f3n aparecer\u00e1 despu\u00e9s de unos segundos. No es necesario presionar el bot\u00f3n de descarga nuevamente.&#8217;Fotograf\u00eda de Paz: Una Gu\u00eda&#8217; explora m\u00e9todos de fotograf\u00eda participativa, comunitaria y colaborativa, donde las personas utilizan im\u00e1genes y la creaci\u00f3n de im\u00e1genes para fomentar [&hellip;]<\/p>\n","protected":false},"author":1,"featured_media":0,"parent":0,"menu_order":0,"comment_status":"closed","ping_status":"closed","template":"","meta":{"_et_pb_use_builder":"on","_et_pb_old_content":"","_et_gb_content_width":"","footnotes":""},"class_list":["post-1921","page","type-page","status-publish","hentry"],"acf":[],"_links":{"self":[{"href":"https:\/\/imagingpeace.org\/index.php\/wp-json\/wp\/v2\/pages\/1921","targetHints":{"allow":["GET"]}}],"collection":[{"href":"https:\/\/imagingpeace.org\/index.php\/wp-json\/wp\/v2\/pages"}],"about":[{"href":"https:\/\/imagingpeace.org\/index.php\/wp-json\/wp\/v2\/types\/page"}],"author":[{"embeddable":true,"href":"https:\/\/imagingpeace.org\/index.php\/wp-json\/wp\/v2\/users\/1"}],"replies":[{"embeddable":true,"href":"https:\/\/imagingpeace.org\/index.php\/wp-json\/wp\/v2\/comments?post=1921"}],"version-history":[{"count":15,"href":"https:\/\/imagingpeace.org\/index.php\/wp-json\/wp\/v2\/pages\/1921\/revisions"}],"predecessor-version":[{"id":2151,"href":"https:\/\/imagingpeace.org\/index.php\/wp-json\/wp\/v2\/pages\/1921\/revisions\/2151"}],"wp:attachment":[{"href":"https:\/\/imagingpeace.org\/index.php\/wp-json\/wp\/v2\/media?parent=1921"}],"curies":[{"name":"wp","href":"https:\/\/api.w.org\/{rel}","templated":true}]}}