{"id":1919,"date":"2025-01-22T13:41:40","date_gmt":"2025-01-22T13:41:40","guid":{"rendered":"https:\/\/imagingpeace.org\/?page_id=1919"},"modified":"2025-03-12T14:58:24","modified_gmt":"2025-03-12T14:58:24","slug":"peace-photography-guide-fr","status":"publish","type":"page","link":"https:\/\/imagingpeace.org\/index.php\/peace-photography-guide-fr\/","title":{"rendered":"Peace Photography Guide (FR)"},"content":{"rendered":"<p>[et_pb_section fb_built=&#8221;1&#8243; _builder_version=&#8221;4.27.4&#8243; _module_preset=&#8221;default&#8221; custom_padding=&#8221;||5px|||&#8221; global_colors_info=&#8221;{}&#8221;][et_pb_row _builder_version=&#8221;4.27.4&#8243; _module_preset=&#8221;default&#8221; global_colors_info=&#8221;{}&#8221;][et_pb_column type=&#8221;4_4&#8243; _builder_version=&#8221;4.27.4&#8243; _module_preset=&#8221;default&#8221; global_colors_info=&#8221;{}&#8221;][et_pb_text _builder_version=&#8221;4.27.4&#8243; _module_preset=&#8221;ced0ad0f-1531-4bd6-9df1-3ee6e432a386&#8243; global_colors_info=&#8221;{}&#8221;]<\/p>\n<p><a href=\"https:\/\/imagingpeace.org\/index.php\/peace-photography-guide\/\">ENGLISH\u00a0<\/a> |\u00a0 <a href=\"https:\/\/imagingpeace.org\/index.php\/peace-photography-guide-es\/\" title=\"Esp\">ESPA\u00d1OL<\/a>\u00a0 |\u00a0 <a href=\"https:\/\/imagingpeace.org\/index.php\/peace-photography-guide-fr\/\">FRAN\u00c7AIS<\/a><\/p>\n<p>[\/et_pb_text][\/et_pb_column][\/et_pb_row][et_pb_row _builder_version=&#8221;4.27.4&#8243; _module_preset=&#8221;default&#8221; global_colors_info=&#8221;{}&#8221;][et_pb_column type=&#8221;4_4&#8243; _builder_version=&#8221;4.27.4&#8243; _module_preset=&#8221;default&#8221; global_colors_info=&#8221;{}&#8221;][et_pb_text _builder_version=&#8221;4.27.4&#8243; _module_preset=&#8221;default&#8221; global_colors_info=&#8221;{}&#8221;]<\/p>\n<h2 style=\"text-align: center;\"><strong>\u00a0PHOTOGRAPHIE DE PAIX : UN GUIDE<\/strong><\/h2>\n<p>[\/et_pb_text][\/et_pb_column][\/et_pb_row][et_pb_row column_structure=&#8221;1_2,1_2&#8243; _builder_version=&#8221;4.27.4&#8243; _module_preset=&#8221;default&#8221; global_colors_info=&#8221;{}&#8221;][et_pb_column type=&#8221;1_2&#8243; _builder_version=&#8221;4.27.0&#8243; _module_preset=&#8221;default&#8221; global_colors_info=&#8221;{}&#8221;][et_pb_image src=&#8221;https:\/\/imagingpeace.org\/wp-content\/uploads\/2025\/01\/Screenshot-2025-01-22-at-14.08.10.png&#8221; title_text=&#8221;FR GUIDE COVER&#8221; _builder_version=&#8221;4.27.4&#8243; _module_preset=&#8221;default&#8221; min_height=&#8221;213px&#8221; custom_margin=&#8221;54px||28px|||&#8221; custom_padding=&#8221;||3px|||&#8221; global_colors_info=&#8221;{}&#8221;][\/et_pb_image][et_pb_button button_url=&#8221;https:\/\/imagingpeace.org\/peace-photography-guide\/&#8221; button_text=&#8221;T\u00c9L\u00c9CHARGER&#8221; button_alignment=&#8221;center&#8221; _builder_version=&#8221;4.27.4&#8243; _module_preset=&#8221;default&#8221; button_text_size=&#8221;30px&#8221; global_colors_info=&#8221;{}&#8221;][\/et_pb_button][et_pb_text _builder_version=&#8221;4.27.4&#8243; _module_preset=&#8221;default&#8221; global_colors_info=&#8221;{}&#8221;]<\/p>\n<h6 data-start=\"0\" data-end=\"189\" style=\"text-align: center;\">En raison de la taille du fichier, le message de confirmation appara\u00eetra apr\u00e8s quelques secondes. Il n&#8217;est pas n\u00e9cessaire d&#8217;appuyer \u00e0 nouveau sur le bouton de t\u00e9l\u00e9chargement.<\/h6>\n<p data-start=\"191\" data-end=\"356\" data-is-last-node=\"\" data-is-only-node=\"\" style=\"text-align: center;\">\n<p>[\/et_pb_text][\/et_pb_column][et_pb_column type=&#8221;1_2&#8243; _builder_version=&#8221;4.27.0&#8243; _module_preset=&#8221;default&#8221; global_colors_info=&#8221;{}&#8221;][et_pb_text _builder_version=&#8221;4.27.4&#8243; _module_preset=&#8221;default&#8221; global_colors_info=&#8221;{}&#8221;]<\/p>\n<h3 style=\"text-align: left;\"><\/h3>\n<h3 style=\"text-align: left;\"><\/h3>\n<h4><strong><em>\u2018Photographie de Paix : Un Guide\u2019 <\/em><\/strong>explore des m\u00e9thodes de photographie de paix participatives, communautaires et collaboratives, o\u00f9 les individus utilisent des images et la cr\u00e9ation d\u2019images pour promouvoir la paix, le dialogue et la r\u00e9sistance civile non violente. S&#8217;appuyant sur des recherches acad\u00e9miques et des pratiques du monde entier, ce guide examine de mani\u00e8re critique l\u2019\u00e9thique et les aspects pratiques des m\u00e9thodes visuelles de paix et propose 26 activit\u00e9s de photographie pour la paix. Nous esp\u00e9rons que cette ressource sera utile aux praticiens et chercheurs en communaut\u00e9, paix et pratiques visuelles qui souhaitent explorer comment la photographie peut \u00eatre utilis\u00e9e pour transformer les conflits, naviguer dans les diff\u00e9rences, favoriser la gu\u00e9rison et l\u2019autonomisation, renforcer la visibilit\u00e9 et les liens, et inspirer des imaginaires de paix.<\/h4>\n<p>[\/et_pb_text][\/et_pb_column][\/et_pb_row][\/et_pb_section][et_pb_section fb_built=&#8221;1&#8243; _builder_version=&#8221;4.27.4&#8243; _module_preset=&#8221;default&#8221; background_color=&#8221;rgba(0,0,0,0.13)&#8221; custom_margin=&#8221;-2px|||||&#8221; global_colors_info=&#8221;{}&#8221;][et_pb_row _builder_version=&#8221;4.27.4&#8243; _module_preset=&#8221;default&#8221; global_colors_info=&#8221;{}&#8221;][et_pb_column type=&#8221;4_4&#8243; _builder_version=&#8221;4.27.4&#8243; _module_preset=&#8221;default&#8221; global_colors_info=&#8221;{}&#8221;][et_pb_text _builder_version=&#8221;4.27.4&#8243; _module_preset=&#8221;default&#8221; text_text_color=&#8221;#FFFFFF&#8221; text_font_size=&#8221;26px&#8221; text_line_height=&#8221;1.1em&#8221; text_font_size_tablet=&#8221;21px&#8221; text_font_size_phone=&#8221;19px&#8221; global_colors_info=&#8221;{%22gcid-heading-color%22:%91%22header_text_color%22,%22header_4_text_color%22,%22header_3_text_color%22,%22header_2_text_color%22,%22header_5_text_color%22,%22header_6_text_color%22,%22quote_text_color%22,%22header_text_color%22,%22header_4_text_color%22,%22header_3_text_color%22,%22header_2_text_color%22,%22header_5_text_color%22,%22header_6_text_color%22,%22quote_text_color%22%93,%22gcid-secondary-color%22:%91%22quote_border_color%22,%22quote_border_color%22%93}&#8221;]<\/p>\n<p>Ce guide est le r\u00e9sultat de <strong><em>Imaging Peace<\/em><\/strong>, un projet de recherche financ\u00e9 par une bourse Leverhulme et dirig\u00e9 par la Dr Tiffany Fairey.<\/p>\n<p>\u2018<strong><em>Photographie de Paix : Un Guide\u2019<\/em><\/strong> a \u00e9t\u00e9 co\u00e9crit par Tiffany Fairey et Ingrid Guyon et s&#8217;appuie sur les contributions de praticiens et de projets de photographie de paix ayant des exp\u00e9riences diverses de paix et de conflit dans 21 pays. Ce guide pr\u00e9sente des images de ces projets tout au long de la publication. Vous pouvez consulter ces projets <a href=\"https:\/\/imagingpeace.org\/index.php\/peace-photography-projects\/\">ici<\/a>.<\/p>\n<p>Nous esp\u00e9rons que cette publication inspirera l\u2019imagination de ceux qui pensent et agissent dans le domaine de la photographie pour la paix partout dans le monde.<\/p>\n<p>Ce guide est disponible en <a href=\"https:\/\/imagingpeace.org\/index.php\/peace-photography-guide\/\">anglais<\/a>, en <a href=\"https:\/\/imagingpeace.org\/index.php\/peace-photography-guide-es\/\">espagnol<\/a> et en fran\u00e7ais.<\/p>\n<p>[\/et_pb_text][\/et_pb_column][\/et_pb_row][et_pb_row _builder_version=&#8221;4.27.4&#8243; _module_preset=&#8221;default&#8221;][et_pb_column _builder_version=&#8221;4.27.4&#8243; _module_preset=&#8221;default&#8221; type=&#8221;4_4&#8243;][et_pb_video src=&#8221;https:\/\/imagingpeace.org\/wp-content\/uploads\/2025\/01\/pdf-book-scrolling-short-1.mov&#8221; _builder_version=&#8221;4.27.4&#8243; _module_preset=&#8221;default&#8221; title_text=&#8221;pdf book scrolling short&#8221; hover_enabled=&#8221;0&#8243; sticky_enabled=&#8221;0&#8243;][\/et_pb_video][et_pb_button button_url=&#8221;https:\/\/imagingpeace.org\/peace-photography-guide\/&#8221; button_text=&#8221;T\u00c9L\u00c9CHARGER&#8221; button_alignment=&#8221;center&#8221; _builder_version=&#8221;4.27.4&#8243; _module_preset=&#8221;default&#8221; button_text_size=&#8221;30px&#8221; global_colors_info=&#8221;{}&#8221;][\/et_pb_button][et_pb_text _builder_version=&#8221;4.27.4&#8243; _module_preset=&#8221;default&#8221; hover_enabled=&#8221;0&#8243; global_colors_info=&#8221;{}&#8221; sticky_enabled=&#8221;0&#8243;]<\/p>\n<h6 data-start=\"0\" data-end=\"189\" style=\"text-align: center;\"><span style=\"color: #ffffff;\">En raison de la taille du fichier, le message de confirmation appara\u00eetra apr\u00e8s quelques secondes. Il n&#8217;est pas n\u00e9cessaire d&#8217;appuyer \u00e0 nouveau sur le bouton de t\u00e9l\u00e9chargement.<\/span><\/h6>\n<p data-start=\"191\" data-end=\"356\" data-is-last-node=\"\" data-is-only-node=\"\" style=\"text-align: center;\">[\/et_pb_text][\/et_pb_column][\/et_pb_row][\/et_pb_section][et_pb_section fb_built=&#8221;1&#8243; admin_label=&#8221;About&#8221; _builder_version=&#8221;4.25.1&#8243; _module_preset=&#8221;default&#8221; custom_padding=&#8221;0px|||||&#8221; hover_enabled=&#8221;0&#8243; collapsed=&#8221;on&#8221; global_colors_info=&#8221;{}&#8221; theme_builder_area=&#8221;post_content&#8221; sticky_enabled=&#8221;0&#8243;][et_pb_row _builder_version=&#8221;4.27.0&#8243; _module_preset=&#8221;default&#8221; custom_padding=&#8221;||0px|||&#8221; global_colors_info=&#8221;{}&#8221; theme_builder_area=&#8221;post_content&#8221;][et_pb_column type=&#8221;4_4&#8243; _builder_version=&#8221;4.27.0&#8243; _module_preset=&#8221;default&#8221; global_colors_info=&#8221;{}&#8221; theme_builder_area=&#8221;post_content&#8221;][et_pb_text admin_label=&#8221;Title&#8221; _builder_version=&#8221;4.27.0&#8243; _module_preset=&#8221;68487000-007d-45a2-9a3e-d2dc982bf766&#8243; header_font_size=&#8221;54px&#8221; header_line_height=&#8221;1em&#8221; header_2_font_size=&#8221;40px&#8221; header_2_line_height=&#8221;1em&#8221; custom_margin=&#8221;||-2px||false|false&#8221; custom_padding=&#8221;||0px|||&#8221; locked=&#8221;off&#8221; global_colors_info=&#8221;{}&#8221; theme_builder_area=&#8221;post_content&#8221;]<\/p>\n<h2><strong>The Authors<\/strong><\/h2>\n<p>[\/et_pb_text][\/et_pb_column][\/et_pb_row][et_pb_row column_structure=&#8221;1_4,3_4&#8243; _builder_version=&#8221;4.27.0&#8243; _module_preset=&#8221;default&#8221; global_colors_info=&#8221;{}&#8221; theme_builder_area=&#8221;post_content&#8221;][et_pb_column type=&#8221;1_4&#8243; _builder_version=&#8221;4.27.0&#8243; _module_preset=&#8221;default&#8221; global_colors_info=&#8221;{}&#8221; theme_builder_area=&#8221;post_content&#8221;][et_pb_image src=&#8221;https:\/\/imagingpeace.org\/wp-content\/uploads\/2024\/09\/Tiffany-Fairey-bio-pic.jpg&#8221; title_text=&#8221;Tiffany-Fairey-bio-pic&#8221; _builder_version=&#8221;4.27.0&#8243; _module_preset=&#8221;299fa661-0b7d-4261-a64a-a28f15d53e0b&#8221; global_colors_info=&#8221;{}&#8221; theme_builder_area=&#8221;post_content&#8221;][\/et_pb_image][\/et_pb_column][et_pb_column type=&#8221;3_4&#8243; _builder_version=&#8221;4.27.0&#8243; _module_preset=&#8221;default&#8221; global_colors_info=&#8221;{}&#8221; theme_builder_area=&#8221;post_content&#8221;][et_pb_text _builder_version=&#8221;4.27.4&#8243; _module_preset=&#8221;68487000-007d-45a2-9a3e-d2dc982bf766&#8243; text_font=&#8221;&#8211;et_global_body_font|300|||||||&#8221; text_font_size=&#8221;22px&#8221; text_line_height=&#8221;1.2em&#8221; width=&#8221;100%&#8221; custom_padding=&#8221;|0px||||&#8221; locked=&#8221;off&#8221; global_colors_info=&#8221;{}&#8221; theme_builder_area=&#8221;post_content&#8221;]<\/p>\n<p><a href=\"https:\/\/tiffanyfairey.co.uk\/\" target=\"_blank\" rel=\"noopener\"><strong>Tiffany Fairey<\/strong><\/a> is a Senior Research Fellow based in the Department of War Studies, King\u2019s College London. She is a specialist in participatory visual methods and photovoice with over 20 years\u2019 experience working on projects all over the world. As Co-Founder and former Co-Director of the award-winning UK charity PhotoVoice, she pioneered ethical practice in participatory image-making. Her academic research focuses on arts-based peacebuilding and the role of images and image-making in building peace and dialogue. She completed her PhD in Visual Sociology at Goldsmiths College London and has been published widely. Her work has been recognised with various awards, including the Royal Photographic Society\u2019s Hood Medal for outstanding advance in photography for public service and a Leverhulme Fellowship. Her forthcoming book, Imaging Peace, will be published in 2025.<\/p>\n<p>[\/et_pb_text][\/et_pb_column][\/et_pb_row][et_pb_row column_structure=&#8221;1_4,3_4&#8243; _builder_version=&#8221;4.27.0&#8243; _module_preset=&#8221;default&#8221; custom_padding=&#8221;3px|||||&#8221; global_colors_info=&#8221;{}&#8221; theme_builder_area=&#8221;post_content&#8221;][et_pb_column type=&#8221;1_4&#8243; _builder_version=&#8221;4.27.0&#8243; _module_preset=&#8221;default&#8221; global_colors_info=&#8221;{}&#8221; theme_builder_area=&#8221;post_content&#8221;][et_pb_image src=&#8221;https:\/\/imagingpeace.org\/wp-content\/uploads\/2024\/09\/Ingrid-Guyon_Headshot_BW.jpg&#8221; title_text=&#8221;Ingrid-Guyon_Headshot_BW&#8221; _builder_version=&#8221;4.27.0&#8243; _module_preset=&#8221;299fa661-0b7d-4261-a64a-a28f15d53e0b&#8221; global_colors_info=&#8221;{}&#8221; theme_builder_area=&#8221;post_content&#8221;][\/et_pb_image][\/et_pb_column][et_pb_column type=&#8221;3_4&#8243; _builder_version=&#8221;4.27.0&#8243; _module_preset=&#8221;default&#8221; global_colors_info=&#8221;{}&#8221; theme_builder_area=&#8221;post_content&#8221;][et_pb_text _builder_version=&#8221;4.27.4&#8243; _module_preset=&#8221;68487000-007d-45a2-9a3e-d2dc982bf766&#8243; text_font=&#8221;&#8211;et_global_body_font|300|||||||&#8221; text_font_size=&#8221;22px&#8221; text_line_height=&#8221;1.2em&#8221; width=&#8221;100%&#8221; custom_padding=&#8221;|0px||||&#8221; locked=&#8221;off&#8221; global_colors_info=&#8221;{}&#8221; theme_builder_area=&#8221;post_content&#8221;]<\/p>\n<p><a href=\"http:\/\/www.ingridguyon.com\"><strong>Ingrid Guyon<\/strong><\/a> est photographe, r\u00e9alisatrice et praticienne en m\u00e9dias visuels participatifs, avec plus de 15 ans d&#8217;exp\u00e9rience dans la conception et la mise en \u0153uvre de projets audiovisuels participatifs, collaboratifs et communautaires. Elle a travaill\u00e9 dans les secteurs de l&#8217;\u00e9ducation, des mus\u00e9es, des ONG, du d\u00e9veloppement international et de la consolidation de la paix. N\u00e9e o\u00f9 Nic\u00e9phore Ni\u00e9pce a pris la premi\u00e8re photographie au monde et ayant grandi \u00e0 Arles avec <em data-start=\"1460\" data-end=\"1495\">Les Rencontres de la Photographie<\/em>, elle a la photographie dans son ADN. Elle est dipl\u00f4m\u00e9e en photographie et production vid\u00e9o du London College of Communication de l&#8217;universit\u00e9 des arts, puis en anthropologie sociale \u00e0 l&#8217;universit\u00e9 de Birkbeck. Apr\u00e8s avoir travaill\u00e9 avec PhotoVoice, elle a fond\u00e9 <a href=\"http:\/\/www.fotosynthesiscommmunity.org\" target=\"_blank\" rel=\"noopener\">Fotosynthesis<\/a>, une entreprise sociale sp\u00e9cialis\u00e9e dans les processus audiovisuels participatifs, l&#8217;\u00e9ducation et la production audiovisuelle \u00e9thique. Elle est \u00e9galement associ\u00e9e \u00e0 <a href=\"http:\/\/www.insightshare.org\" target=\"_blank\" rel=\"noopener\">Insightshare<\/a>, une entreprise leader en vid\u00e9o participative.\u00a0<\/p>\n<p>[\/et_pb_text][\/et_pb_column][\/et_pb_row][et_pb_row _builder_version=&#8221;4.27.0&#8243; _module_preset=&#8221;default&#8221; global_colors_info=&#8221;{}&#8221; theme_builder_area=&#8221;post_content&#8221;][et_pb_column type=&#8221;4_4&#8243; _builder_version=&#8221;4.27.0&#8243; _module_preset=&#8221;default&#8221; global_colors_info=&#8221;{}&#8221; theme_builder_area=&#8221;post_content&#8221;][et_pb_text admin_label=&#8221;Title&#8221; _builder_version=&#8221;4.27.0&#8243; _module_preset=&#8221;68487000-007d-45a2-9a3e-d2dc982bf766&#8243; header_font_size=&#8221;54px&#8221; header_line_height=&#8221;1em&#8221; header_2_font_size=&#8221;40px&#8221; header_2_line_height=&#8221;1em&#8221; custom_margin=&#8221;||21px||false|false&#8221; custom_padding=&#8221;||0px|||&#8221; locked=&#8221;off&#8221; global_colors_info=&#8221;{}&#8221; theme_builder_area=&#8221;post_content&#8221;]<\/p>\n<h2><strong>Contributeurs<\/strong><\/h2>\n<p>[\/et_pb_text][et_pb_text _builder_version=&#8221;4.27.4&#8243; _module_preset=&#8221;68487000-007d-45a2-9a3e-d2dc982bf766&#8243; text_font=&#8221;&#8211;et_global_body_font|300|||||||&#8221; text_font_size=&#8221;22px&#8221; text_line_height=&#8221;1.2em&#8221; width=&#8221;100%&#8221; custom_padding=&#8221;|0px||||&#8221; hover_enabled=&#8221;0&#8243; locked=&#8221;off&#8221; global_colors_info=&#8221;{}&#8221; theme_builder_area=&#8221;post_content&#8221; sticky_enabled=&#8221;0&#8243;]<\/p>\n<p data-start=\"330\" data-end=\"608\">Cette recherche a impliqu\u00e9 de travailler avec des praticiens du monde entier pour \u00e9tudier diverses initiatives de photographie pour la paix, en s\u2019appuyant sur l\u2019ensemble de leurs connaissances et exp\u00e9riences. Leurs images sont pr\u00e9sent\u00e9es tout au long de ce guide.<\/p>\n<p data-start=\"610\" data-end=\"679\" data-is-last-node=\"\" data-is-only-node=\"\">Vous trouverez plus d\u2019informations sur ces projets contributeurs <a href=\"https:\/\/imagingpeace.org\/index.php\/peace-photography-projects\/\">ici<\/a>.<\/p>\n<p>[\/et_pb_text][\/et_pb_column][\/et_pb_row][et_pb_row column_structure=&#8221;1_4,1_4,1_4,1_4&#8243; _builder_version=&#8221;4.27.0&#8243; _module_preset=&#8221;default&#8221; global_colors_info=&#8221;{}&#8221; theme_builder_area=&#8221;post_content&#8221;][et_pb_column type=&#8221;1_4&#8243; _builder_version=&#8221;4.27.0&#8243; _module_preset=&#8221;default&#8221; global_colors_info=&#8221;{}&#8221; theme_builder_area=&#8221;post_content&#8221;][et_pb_image src=&#8221;https:\/\/imagingpeace.org\/wp-content\/uploads\/2025\/03\/Hor_Logo_Fotosynthesis_green-1024&#215;309-1.png&#8221; title_text=&#8221;Hor_Logo_Fotosynthesis_green&#8221; url=&#8221;https:\/\/www.fotosynthesiscommunity.org\/&#8221; url_new_window=&#8221;on&#8221; _builder_version=&#8221;4.27.4&#8243; _module_preset=&#8221;299fa661-0b7d-4261-a64a-a28f15d53e0b&#8221; width=&#8221;100%&#8221; width_tablet=&#8221;100%&#8221; width_phone=&#8221;89%&#8221; width_last_edited=&#8221;on|phone&#8221; module_alignment=&#8221;center&#8221; custom_margin=&#8221;-15px||||false|false&#8221; global_colors_info=&#8221;{}&#8221; theme_builder_area=&#8221;post_content&#8221;][\/et_pb_image][\/et_pb_column][et_pb_column type=&#8221;1_4&#8243; _builder_version=&#8221;4.27.0&#8243; _module_preset=&#8221;default&#8221; global_colors_info=&#8221;{}&#8221; theme_builder_area=&#8221;post_content&#8221;][et_pb_image src=&#8221;https:\/\/imagingpeace.org\/wp-content\/uploads\/2024\/09\/Leverhulme-Trust.png&#8221; title_text=&#8221;Leverhulme Trust&#8221; url=&#8221;https:\/\/www.leverhulme.ac.uk\/&#8221; url_new_window=&#8221;on&#8221; _builder_version=&#8221;4.27.0&#8243; _module_preset=&#8221;299fa661-0b7d-4261-a64a-a28f15d53e0b&#8221; width_tablet=&#8221;95%&#8221; width_phone=&#8221;89%&#8221; width_last_edited=&#8221;on|tablet&#8221; module_alignment=&#8221;center&#8221; custom_margin_tablet=&#8221;-8px||||false|false&#8221; custom_margin_phone=&#8221;-8px||||false|false&#8221; custom_margin_last_edited=&#8221;on|tablet&#8221; global_colors_info=&#8221;{}&#8221; theme_builder_area=&#8221;post_content&#8221;][\/et_pb_image][\/et_pb_column][et_pb_column type=&#8221;1_4&#8243; _builder_version=&#8221;4.27.0&#8243; _module_preset=&#8221;default&#8221; global_colors_info=&#8221;{}&#8221; theme_builder_area=&#8221;post_content&#8221;][et_pb_image src=&#8221;https:\/\/imagingpeace.org\/wp-content\/uploads\/2024\/09\/kings-college-london-logo-C62D8CBC37-seeklogo.com_.png&#8221; title_text=&#8221;kings-college-london-logo-C62D8CBC37-seeklogo.com&#8221; url=&#8221;https:\/\/www.kcl.ac.uk\/&#8221; url_new_window=&#8221;on&#8221; _builder_version=&#8221;4.27.0&#8243; _module_preset=&#8221;299fa661-0b7d-4261-a64a-a28f15d53e0b&#8221; width=&#8221;51%&#8221; width_tablet=&#8221;48%&#8221; width_phone=&#8221;47%&#8221; width_last_edited=&#8221;on|tablet&#8221; module_alignment=&#8221;center&#8221; global_colors_info=&#8221;{}&#8221; theme_builder_area=&#8221;post_content&#8221;][\/et_pb_image][\/et_pb_column][et_pb_column type=&#8221;1_4&#8243; _builder_version=&#8221;4.27.0&#8243; _module_preset=&#8221;default&#8221; global_colors_info=&#8221;{}&#8221; theme_builder_area=&#8221;post_content&#8221;][et_pb_image src=&#8221;https:\/\/imagingpeace.org\/wp-content\/uploads\/2024\/09\/Humanity-United1.png&#8221; title_text=&#8221;Humanity United1&#8243; url=&#8221;https:\/\/humanityunited.org\/&#8221; url_new_window=&#8221;on&#8221; _builder_version=&#8221;4.27.0&#8243; _module_preset=&#8221;299fa661-0b7d-4261-a64a-a28f15d53e0b&#8221; width=&#8221;80%&#8221; max_width_tablet=&#8221;88%&#8221; max_width_phone=&#8221;72%&#8221; max_width_last_edited=&#8221;on|phone&#8221; module_alignment=&#8221;center&#8221; global_colors_info=&#8221;{}&#8221; theme_builder_area=&#8221;post_content&#8221;][\/et_pb_image][\/et_pb_column][\/et_pb_row][\/et_pb_section][et_pb_section fb_built=&#8221;1&#8243; _builder_version=&#8221;4.27.4&#8243; _module_preset=&#8221;default&#8221; custom_padding=&#8221;12px|||||&#8221; global_colors_info=&#8221;{}&#8221;][et_pb_row _builder_version=&#8221;4.27.4&#8243; _module_preset=&#8221;default&#8221; custom_padding=&#8221;6px|||||&#8221; global_colors_info=&#8221;{}&#8221;][et_pb_column type=&#8221;4_4&#8243; _builder_version=&#8221;4.27.4&#8243; _module_preset=&#8221;default&#8221; global_colors_info=&#8221;{}&#8221;][et_pb_cta title=&#8221;SOUTENEZ-NOUS&#8221; button_url=&#8221;https:\/\/www.paypal.com\/donate\/?hosted_button_id=B3T8UW5MWMALN&#8221; url_new_window=&#8221;on&#8221; button_text=&#8221;FAIRE UN DON&#8221; _builder_version=&#8221;4.27.4&#8243; _module_preset=&#8221;default&#8221; header_text_align=&#8221;left&#8221; header_text_color=&#8221;rgba(0,0,0,0.5)&#8221; body_text_color=&#8221;#000000&#8243; background_color=&#8221;#EBEFE6&#8243; button_text_size=&#8221;21px&#8221; global_colors_info=&#8221;{%22gcid-primary-color%22:%91%22button_text_color%22,%22button_text_color%22%93}&#8221;]<\/p>\n<h3 style=\"text-align: left;\"><\/h3>\n<h3 style=\"text-align: left;\"><span style=\"color: rgba(0, 0, 0, 0.5);\">Veuillez envisager de faire un don afin de nous aider \u00e0 continuer \u00e0 partager ce travail<\/span><span style=\"color: rgba(0, 0, 0, 0.5);\">.<\/span><\/h3>\n<h3><span style=\"color: rgba(0, 0, 0, 0.5);\"><\/span><\/h3>\n<p>[\/et_pb_cta][\/et_pb_column][\/et_pb_row][\/et_pb_section]<\/p>\n","protected":false},"excerpt":{"rendered":"<p>ENGLISH\u00a0 |\u00a0 ESPA\u00d1OL\u00a0 |\u00a0 FRAN\u00c7AIS\u00a0PHOTOGRAPHIE DE PAIX : UN GUIDEEn raison de la taille du fichier, le message de confirmation appara\u00eetra apr\u00e8s quelques secondes. Il n&#8217;est pas n\u00e9cessaire d&#8217;appuyer \u00e0 nouveau sur le bouton de t\u00e9l\u00e9chargement. \u2018Photographie de Paix : Un Guide\u2019 explore des m\u00e9thodes de photographie de paix participatives, communautaires et collaboratives, o\u00f9 les [&hellip;]<\/p>\n","protected":false},"author":1,"featured_media":0,"parent":0,"menu_order":0,"comment_status":"closed","ping_status":"closed","template":"","meta":{"_et_pb_use_builder":"on","_et_pb_old_content":"","_et_gb_content_width":"","footnotes":""},"class_list":["post-1919","page","type-page","status-publish","hentry"],"acf":[],"_links":{"self":[{"href":"https:\/\/imagingpeace.org\/index.php\/wp-json\/wp\/v2\/pages\/1919","targetHints":{"allow":["GET"]}}],"collection":[{"href":"https:\/\/imagingpeace.org\/index.php\/wp-json\/wp\/v2\/pages"}],"about":[{"href":"https:\/\/imagingpeace.org\/index.php\/wp-json\/wp\/v2\/types\/page"}],"author":[{"embeddable":true,"href":"https:\/\/imagingpeace.org\/index.php\/wp-json\/wp\/v2\/users\/1"}],"replies":[{"embeddable":true,"href":"https:\/\/imagingpeace.org\/index.php\/wp-json\/wp\/v2\/comments?post=1919"}],"version-history":[{"count":12,"href":"https:\/\/imagingpeace.org\/index.php\/wp-json\/wp\/v2\/pages\/1919\/revisions"}],"predecessor-version":[{"id":2119,"href":"https:\/\/imagingpeace.org\/index.php\/wp-json\/wp\/v2\/pages\/1919\/revisions\/2119"}],"wp:attachment":[{"href":"https:\/\/imagingpeace.org\/index.php\/wp-json\/wp\/v2\/media?parent=1919"}],"curies":[{"name":"wp","href":"https:\/\/api.w.org\/{rel}","templated":true}]}}