{"id":1335,"date":"2024-12-17T12:21:26","date_gmt":"2024-12-17T12:21:26","guid":{"rendered":"https:\/\/imagingpeace.org\/?page_id=1335"},"modified":"2025-01-18T12:10:08","modified_gmt":"2025-01-18T12:10:08","slug":"witness-objects-fr","status":"publish","type":"page","link":"https:\/\/imagingpeace.org\/index.php\/witness-objects-fr\/","title":{"rendered":"Witness Objects FR"},"content":{"rendered":"<p>[et_pb_section fb_built=&#8221;1&#8243; _builder_version=&#8221;4.27.0&#8243; _module_preset=&#8221;default&#8221; locked=&#8221;off&#8221; global_colors_info=&#8221;{}&#8221;][et_pb_row _builder_version=&#8221;4.27.4&#8243; _module_preset=&#8221;default&#8221; custom_padding=&#8221;18px||0px|||&#8221; locked=&#8221;off&#8221; global_colors_info=&#8221;{}&#8221;][et_pb_column type=&#8221;4_4&#8243; _builder_version=&#8221;4.27.4&#8243; _module_preset=&#8221;default&#8221; global_colors_info=&#8221;{}&#8221;][et_pb_text _builder_version=&#8221;4.27.4&#8243; _module_preset=&#8221;default&#8221; global_colors_info=&#8221;{}&#8221;]<\/p>\n<p><a href=\"https:\/\/imagingpeace.org\/index.php\/peace-photography-projects\/\">PROJECTS<\/a> | <a href=\"https:\/\/imagingpeace.org\/index.php\/witness-objects\/\">ENGLISH<\/a>\u00a0 |\u00a0 <a href=\"https:\/\/imagingpeace.org\/index.php\/witness-objects-es\/\" title=\"Esp\">ESPA\u00d1OL<\/a>\u00a0 |\u00a0 <a href=\"https:\/\/imagingpeace.org\/index.php\/witness-objects-fr\/\">FRAN\u00c7AIS<\/a><\/p>\n<p>[\/et_pb_text][\/et_pb_column][\/et_pb_row][et_pb_row _builder_version=&#8221;4.27.0&#8243; _module_preset=&#8221;default&#8221; global_colors_info=&#8221;{}&#8221;][et_pb_column type=&#8221;4_4&#8243; _builder_version=&#8221;4.27.0&#8243; _module_preset=&#8221;default&#8221; global_colors_info=&#8221;{}&#8221;][et_pb_text admin_label=&#8221;Title&#8221; _builder_version=&#8221;4.27.0&#8243; _module_preset=&#8221;default&#8221; header_font_size=&#8221;54px&#8221; custom_margin=&#8221;||8px||false|false&#8221; global_colors_info=&#8221;{}&#8221;]<\/p>\n<h1 style=\"text-align: left;\"><strong>Witness Objects (FR)<\/strong><\/h1>\n<p>[\/et_pb_text][et_pb_text admin_label=&#8221;Title&#8221; _builder_version=&#8221;4.27.4&#8243; _module_preset=&#8221;default&#8221; header_3_font_size=&#8221;24px&#8221; header_3_line_height=&#8221;0.8em&#8221; global_colors_info=&#8221;{}&#8221;]<\/p>\n<h3>Pays:<strong> Bosnie-Herz\u00e9govine<\/strong><\/h3>\n<h3>Participants:<strong> Luke Watson et \u00e9tudiants bosniaques<\/strong><\/h3>\n<h3><a href=\"https:\/\/lukewatsonphotography.co.uk\/\" target=\"_blank\" rel=\"noopener\">Site internet<\/a><\/h3>\n<p>[\/et_pb_text][\/et_pb_column][\/et_pb_row][et_pb_row _builder_version=&#8221;4.27.0&#8243; _module_preset=&#8221;default&#8221; width=&#8221;100%&#8221; max_width=&#8221;1700px&#8221; custom_padding=&#8221;2px||1px|||&#8221; global_colors_info=&#8221;{}&#8221;][et_pb_column type=&#8221;4_4&#8243; _builder_version=&#8221;4.27.0&#8243; _module_preset=&#8221;default&#8221; global_colors_info=&#8221;{}&#8221;][et_pb_slider _builder_version=&#8221;4.27.0&#8243; _module_preset=&#8221;default&#8221; custom_margin=&#8221;||18px|||&#8221; custom_padding=&#8221;||579px|||&#8221; global_colors_info=&#8221;{}&#8221;][et_pb_slide _builder_version=&#8221;4.27.0&#8243; _module_preset=&#8221;default&#8221; background_color=&#8221;#969696&#8243; background_enable_color=&#8221;on&#8221; background_image=&#8221;https:\/\/imagingpeace.org\/wp-content\/uploads\/2024\/08\/HELMETCAM-1-scaled.jpg&#8221; background_enable_image=&#8221;on&#8221; width=&#8221;100%&#8221; width_tablet=&#8221;100%&#8221; width_phone=&#8221;0%&#8221; width_last_edited=&#8221;on|phone&#8221; max_width_tablet=&#8221;&#8221; max_width_phone=&#8221;100%&#8221; max_width_last_edited=&#8221;on|phone&#8221; global_colors_info=&#8221;{}&#8221; sticky_transition=&#8221;on&#8221;][\/et_pb_slide][\/et_pb_slider][\/et_pb_column][\/et_pb_row][et_pb_row _builder_version=&#8221;4.27.0&#8243; _module_preset=&#8221;default&#8221; custom_margin=&#8221;-3px|auto||auto||&#8221; custom_padding=&#8221;1px||5px|||&#8221; global_colors_info=&#8221;{}&#8221;][et_pb_column type=&#8221;4_4&#8243; _builder_version=&#8221;4.27.0&#8243; _module_preset=&#8221;default&#8221; global_colors_info=&#8221;{}&#8221;][et_pb_text _builder_version=&#8221;4.27.4&#8243; _module_preset=&#8221;default&#8221; text_font=&#8221;Actor|&#8211;et_global_body_font_weight|||||||&#8221; text_line_height=&#8221;1.8em&#8221; header_5_font=&#8221;Antic Slab|&#8211;et_global_heading_font_weight|||||||&#8221; header_5_font_size=&#8221;15px&#8221; custom_margin=&#8221;2px||41px||false|false&#8221; custom_padding=&#8221;2px|0px||58px||&#8221; global_colors_info=&#8221;{}&#8221;]<\/p>\n<h5 style=\"text-align: right;\"><strong>Casque cam\u00e9ra<\/strong><\/h5>\n<h5 style=\"text-align: right;\">Casque militaire modifi\u00e9 en cam\u00e9ra st\u00e9nop\u00e9ique. Ouverture st\u00e9nopique adapt\u00e9e du trou de balle.<\/h5>\n<h5 style=\"text-align: right;\">.<strong><br \/>Luke Watson \/ Witness Object<span>s<\/span>, Bosnie-Herz\u00e9govine<br \/><\/strong><\/h5>\n<p>[\/et_pb_text][\/et_pb_column][\/et_pb_row][et_pb_row _builder_version=&#8221;4.27.0&#8243; _module_preset=&#8221;default&#8221; custom_padding=&#8221;24px||6px|||&#8221; global_colors_info=&#8221;{}&#8221;][et_pb_column type=&#8221;4_4&#8243; _builder_version=&#8221;4.27.0&#8243; _module_preset=&#8221;default&#8221; global_colors_info=&#8221;{}&#8221;][et_pb_text _builder_version=&#8221;4.27.0&#8243; _module_preset=&#8221;default&#8221; text_font=&#8221;&#8211;et_global_body_font|300|||||||&#8221; text_font_size=&#8221;22px&#8221; text_line_height=&#8221;1.2em&#8221; width=&#8221;100%&#8221; custom_padding=&#8221;|0px||||&#8221; global_colors_info=&#8221;{}&#8221;]<\/p>\n<p>\u00a0<em>\u00ab Sarajevo Under Siege \u00bb<\/em> est l\u2019une des expositions permanentes du Mus\u00e9e d&#8217;Histoire de la Bosnie-Herz\u00e9govine, qui raconte l&#8217;histoire de la pers\u00e9v\u00e9rance, de l&#8217;ing\u00e9niosit\u00e9 et de la cr\u00e9ativit\u00e9 des habitants de Sarajevo pendant qu&#8217;ils survivaient sans \u00e9lectricit\u00e9, eau ni chauffage, durant le plus long si\u00e8ge d&#8217;une capitale dans l\u2019histoire de la guerre moderne. L&#8217;exposition pr\u00e9sente des r\u00e9cits de la vie quotidienne pendant les 1335 jours du si\u00e8ge \u00e0 travers des objets faits main, des documents et des photographies donn\u00e9s par les citoyens au mus\u00e9e. Les objets incluent des lampes improvis\u00e9es, des chariots \u00e0 eau et des po\u00eales fabriqu\u00e9es \u00e0 partir de bidons d&#8217;huile. Le Mus\u00e9e d&#8217;Histoire collabore avec des artistes nationaux et internationaux, leur offrant un acc\u00e8s \u00e0 ses archives pour favoriser le dialogue cr\u00e9atif et l&#8217;engagement avec les diverses histoires de la Bosnie. <a href=\"https:\/\/lukewatsonphotography.co.uk\/\">Luke Watson<\/a>, un photographe britannique collaborant avec le mus\u00e9e dans le cadre d&#8217;un projet de recherche du Conseil de la recherche en arts et sciences humaines du Royaume-Uni intitul\u00e9 <em>Art et R\u00e9conciliation<\/em>, a sugg\u00e9r\u00e9 de fabriquer des cam\u00e9ras st\u00e9nop\u00e9iques \u00e0 partir de certains objets de la collection du si\u00e8ge. La conservatrice adjointe de la photographie du mus\u00e9e, Tijana Krizanovic, a accept\u00e9.<\/p>\n<p>[\/et_pb_text][\/et_pb_column][\/et_pb_row][et_pb_row _builder_version=&#8221;4.27.0&#8243; _module_preset=&#8221;default&#8221; custom_padding=&#8221;1px||1px|||&#8221; global_colors_info=&#8221;{}&#8221;][et_pb_column type=&#8221;4_4&#8243; _builder_version=&#8221;4.27.0&#8243; _module_preset=&#8221;default&#8221; global_colors_info=&#8221;{}&#8221;][et_pb_image src=&#8221;https:\/\/imagingpeace.org\/wp-content\/uploads\/2024\/08\/HELMETCAM-IMAGE_LW-1024&#215;804.jpg&#8221; title_text=&#8221;HELMETCAM-IMAGE_LW&#8221; align=&#8221;right&#8221; _builder_version=&#8221;4.27.0&#8243; _module_preset=&#8221;default&#8221; width=&#8221;101%&#8221; global_colors_info=&#8221;{}&#8221;][\/et_pb_image][\/et_pb_column][\/et_pb_row][et_pb_row column_structure=&#8221;1_5,3_5,1_5&#8243; _builder_version=&#8221;4.27.0&#8243; _module_preset=&#8221;default&#8221; custom_margin=&#8221;-6px|auto||auto||&#8221; custom_padding=&#8221;4px|||||&#8221; global_colors_info=&#8221;{}&#8221;][et_pb_column type=&#8221;1_5&#8243; _builder_version=&#8221;4.27.0&#8243; _module_preset=&#8221;default&#8221; global_colors_info=&#8221;{}&#8221;][\/et_pb_column][et_pb_column type=&#8221;3_5&#8243; _builder_version=&#8221;4.27.0&#8243; _module_preset=&#8221;default&#8221; global_colors_info=&#8221;{}&#8221;][et_pb_text _builder_version=&#8221;4.27.4&#8243; _module_preset=&#8221;default&#8221; text_font=&#8221;Actor|&#8211;et_global_body_font_weight|||||||&#8221; text_line_height=&#8221;1.8em&#8221; header_5_font=&#8221;Antic Slab|&#8211;et_global_heading_font_weight|||||||&#8221; header_5_font_size=&#8221;15px&#8221; custom_margin=&#8221;2px||||false|false&#8221; custom_padding=&#8221;|1px||||&#8221; global_colors_info=&#8221;{}&#8221;]<\/p>\n<h5 class=\"p1\" style=\"text-align: center;\"><strong>All\u00e9e des tireurs d&#8217;\u00e9lite<\/strong><\/h5>\n<h5 class=\"p1\" style=\"text-align: center;\"><strong><\/strong>Image r\u00e9alis\u00e9e avec une cam\u00e9ra de casque montrant un b\u00e2timent de grande hauteur du c\u00e9l\u00e8bre \u00ab Sniper Alley \u00bb.<\/h5>\n<h5 class=\"p1\" style=\"text-align: center;\"><strong>\u00a9 Luke Watson \/ Witness Objects, Bosnie-Herz<\/strong>\u00e9<strong>govine<\/strong><\/h5>\n<p>[\/et_pb_text][\/et_pb_column][et_pb_column type=&#8221;1_5&#8243; _builder_version=&#8221;4.27.0&#8243; _module_preset=&#8221;default&#8221; global_colors_info=&#8221;{}&#8221;][\/et_pb_column][\/et_pb_row][et_pb_row _builder_version=&#8221;4.27.0&#8243; _module_preset=&#8221;default&#8221; custom_padding=&#8221;24px||6px|||&#8221; global_colors_info=&#8221;{}&#8221;][et_pb_column type=&#8221;4_4&#8243; _builder_version=&#8221;4.27.0&#8243; _module_preset=&#8221;default&#8221; global_colors_info=&#8221;{}&#8221;][et_pb_text _builder_version=&#8221;4.27.0&#8243; _module_preset=&#8221;default&#8221; text_font=&#8221;&#8211;et_global_body_font|300|||||||&#8221; text_font_size=&#8221;22px&#8221; text_line_height=&#8221;1.2em&#8221; width=&#8221;100%&#8221; custom_padding=&#8221;|0px||||&#8221; global_colors_info=&#8221;{}&#8221;]<\/p>\n<p>En d\u00e9cembre 2018, Watson a dirig\u00e9 une s\u00e9rie d\u2019ateliers de photographie st\u00e9nop\u00e9ique avec des \u00e9tudiants de l&#8217;\u00c9cole Technique de Design Graphique et de Technologie Multim\u00e9dia de Sarajevo. Watson adh\u00e8re \u00e0 une forme de photographie lente qui reconna\u00eet que des processus authentiques et significatifs doivent se d\u00e9velopper sur une longue p\u00e9riode. L\u2019utilisation d\u2019objets du mus\u00e9e comme cam\u00e9ras st\u00e9nopiques permet aux jeunes, qui n\u2019\u00e9taient pas n\u00e9s au moment du si\u00e8ge, de s\u2019engager indirectement mais activement avec une partie complexe et difficile de leur histoire.<\/p>\n<p>En collaboration avec Krizanovic, ils ont fabriqu\u00e9 des cam\u00e9ras st\u00e9nopiques de base avec les \u00e9tudiants, les testant dans les terrains du mus\u00e9e avant de construire des cam\u00e9ras \u00e0 partir des objets du mus\u00e9e. Le processus impliquait non seulement la construction soign\u00e9e des cam\u00e9ras st\u00e9nopiques, mais aussi de longues conversations sur ce qu&#8217;il convenait de photographier.<\/p>\n<p>[\/et_pb_text][\/et_pb_column][\/et_pb_row][et_pb_row column_structure=&#8221;1_2,1_2&#8243; _builder_version=&#8221;4.27.0&#8243; _module_preset=&#8221;default&#8221; global_colors_info=&#8221;{}&#8221;][et_pb_column type=&#8221;1_2&#8243; _builder_version=&#8221;4.27.0&#8243; _module_preset=&#8221;default&#8221; global_colors_info=&#8221;{}&#8221;][et_pb_image src=&#8221;https:\/\/imagingpeace.org\/wp-content\/uploads\/2024\/08\/WATERING-CAN-SPYCAMERA_LW.jpg&#8221; title_text=&#8221;WATERING-CAN&#8212;SPYCAMERA_LW&#8221; _builder_version=&#8221;4.27.0&#8243; _module_preset=&#8221;default&#8221; global_colors_info=&#8221;{}&#8221;][\/et_pb_image][et_pb_text _builder_version=&#8221;4.27.0&#8243; _module_preset=&#8221;default&#8221; text_font=&#8221;Actor|&#8211;et_global_body_font_weight|||||||&#8221; text_line_height=&#8221;1.8em&#8221; header_5_font=&#8221;Antic Slab|&#8211;et_global_heading_font_weight|||||||&#8221; header_5_font_size=&#8221;15px&#8221; custom_margin=&#8221;2px||||false|false&#8221; custom_padding=&#8221;|1px||||&#8221; global_colors_info=&#8221;{}&#8221;]<\/p>\n<h5 class=\"p1\" style=\"text-align: left;\"><strong><\/strong><\/h5>\n<h5 class=\"p1\" style=\"text-align: left;\"><strong>Bidon d&#8217;huile \u2013 Arrosoir \u2013 Cam\u00e9ra espion<\/strong><br \/>R\u00e9utilisation d&#8217;objets mettant en valeur le design innovant dans un contexte de conflit. L&#8217;image documente l&#8217;histoire de multiples fonctions \/ objectifs.<\/h5>\n<h5 class=\"p1\" style=\"text-align: left;\"><strong>\u00a9 Luke Watson \/ Witness Objects, Bosnie-Herz<\/strong><strong>\u00e9<\/strong><strong>govine<\/strong><\/h5>\n<p>[\/et_pb_text][\/et_pb_column][et_pb_column type=&#8221;1_2&#8243; _builder_version=&#8221;4.27.0&#8243; _module_preset=&#8221;default&#8221; global_colors_info=&#8221;{}&#8221;][et_pb_image src=&#8221;https:\/\/imagingpeace.org\/wp-content\/uploads\/2024\/08\/SPYCAM-IMAGE_LW-1024&#215;781.jpg&#8221; title_text=&#8221;SPYCAM-IMAGE_LW&#8221; _builder_version=&#8221;4.27.0&#8243; _module_preset=&#8221;default&#8221; global_colors_info=&#8221;{}&#8221;][\/et_pb_image][et_pb_text _builder_version=&#8221;4.27.0&#8243; _module_preset=&#8221;default&#8221; text_font=&#8221;Actor|&#8211;et_global_body_font_weight|||||||&#8221; text_line_height=&#8221;1.8em&#8221; header_5_font=&#8221;Antic Slab|&#8211;et_global_heading_font_weight|||||||&#8221; header_5_font_size=&#8221;15px&#8221; custom_margin=&#8221;2px||||false|false&#8221; custom_padding=&#8221;|1px||||&#8221; global_colors_info=&#8221;{}&#8221;]<\/p>\n<h5 class=\"p1\" style=\"text-align: left;\"><strong>Ambassade des \u00c9tats-Unis, Sarajevo<\/strong><br \/>Image r\u00e9alis\u00e9e dans une zone restreinte aux photographies avec la cam\u00e9ra Bidon d&#8217;huile\u2026 mettant en \u00e9vidence la pr\u00e9sence et l&#8217;influence des superpuissances mondiales dans les guerres par procuration.<\/h5>\n<h5 class=\"p1\" style=\"text-align: left;\"><strong>\u00a9 Luke Watson \/ Witness Objects, Bosnie-<\/strong><strong>Herz<\/strong><strong>\u00e9<\/strong><strong>govine<\/strong><\/h5>\n<p>&nbsp;<\/p>\n<p>[\/et_pb_text][\/et_pb_column][\/et_pb_row][et_pb_row column_structure=&#8221;1_5,3_5,1_5&#8243; _builder_version=&#8221;4.27.0&#8243; _module_preset=&#8221;default&#8221; background_color=&#8221;#EBEFE6&#8243; custom_margin=&#8221;10px|auto|46px|auto||&#8221; custom_padding=&#8221;91px|||||&#8221; global_colors_info=&#8221;{}&#8221;][et_pb_column type=&#8221;1_5&#8243; _builder_version=&#8221;4.27.0&#8243; _module_preset=&#8221;default&#8221; global_colors_info=&#8221;{}&#8221;][\/et_pb_column][et_pb_column type=&#8221;3_5&#8243; _builder_version=&#8221;4.27.0&#8243; _module_preset=&#8221;default&#8221; global_colors_info=&#8221;{}&#8221;][et_pb_testimonial author=&#8221;                                            Luke Watson&#8221; font_icon=&#8221;&#xf10e;||fa||900&#8243; use_icon_font_size=&#8221;on&#8221; _builder_version=&#8221;4.27.0&#8243; _module_preset=&#8221;default&#8221; body_font_size=&#8221;31px&#8221; body_line_height=&#8221;1.2em&#8221; author_font_size=&#8221;24px&#8221; author_line_height=&#8221;1.2em&#8221; custom_padding=&#8221;|0px||4px||&#8221; border_width_all=&#8221;0px&#8221; global_colors_info=&#8221;{}&#8221;]<\/p>\n<p style=\"text-align: center;\"><em>\u2018Dans ce projet, la photographie st\u00e9nopique est une forme de photographie lente non agressive qui sert de forme de protestation silencieuse. L&#8217;exposition prolong\u00e9e d&#8217;un trou d&#8217;\u00e9pingle est l&#8217;antith\u00e8se de la photographie nette et rapide du photojournalisme\u2019.<\/em><\/p>\n<p>[\/et_pb_testimonial][\/et_pb_column][et_pb_column type=&#8221;1_5&#8243; _builder_version=&#8221;4.27.0&#8243; _module_preset=&#8221;default&#8221; global_colors_info=&#8221;{}&#8221;][\/et_pb_column][\/et_pb_row][et_pb_row _builder_version=&#8221;4.27.0&#8243; _module_preset=&#8221;default&#8221; custom_padding=&#8221;1px||6px|||&#8221; global_colors_info=&#8221;{}&#8221;][et_pb_column type=&#8221;4_4&#8243; _builder_version=&#8221;4.27.0&#8243; _module_preset=&#8221;default&#8221; global_colors_info=&#8221;{}&#8221;][et_pb_text _builder_version=&#8221;4.27.4&#8243; _module_preset=&#8221;default&#8221; text_font=&#8221;&#8211;et_global_body_font|300|||||||&#8221; text_font_size=&#8221;22px&#8221; text_line_height=&#8221;1.2em&#8221; width=&#8221;100%&#8221; custom_padding=&#8221;|0px||||&#8221; global_colors_info=&#8221;{}&#8221;]<\/p>\n<p>Le Mus\u00e9e d&#8217;Histoire est situ\u00e9 dans ce qui \u00e9tait, durant la guerre, connu sous le nom de \u00ab rue des tireurs d\u2019\u00e9lite \u00bb. Entour\u00e9 de positions de tireurs d\u2019\u00e9lite serbes, c&#8217;\u00e9tait un endroit notoirement dangereux pour les civils. Le groupe a d\u00e9cid\u00e9 de se concentrer sur les b\u00e2timents de grande hauteur, visibles au sud du mus\u00e9e, c\u00e9l\u00e8bres pour \u00eatre des positions de tireurs d\u2019\u00e9lite. Il y avait une puissance symbolique dans l&#8217;id\u00e9e de &#8220;riposter&#8221; de mani\u00e8re non agressive et d\u00e9fiant en utilisant une cam\u00e9ra fabriqu\u00e9e \u00e0 partir d\u2019un po\u00eale ayant \u00e9t\u00e9 t\u00e9moin du si\u00e8ge. Une exposition des cam\u00e9ras et des photographies a \u00e9t\u00e9 organis\u00e9e au mus\u00e9e, et ils ont l&#8217;intention d&#8217;utiliser le mod\u00e8le de l&#8217;atelier st\u00e9nop\u00e9ique comme un moyen d\u2019impliquer davantage de jeunes bosniaques dans l\u2019histoire du si\u00e8ge.<\/p>\n<p>[\/et_pb_text][\/et_pb_column][\/et_pb_row][et_pb_row _builder_version=&#8221;4.27.4&#8243; _module_preset=&#8221;default&#8221;][et_pb_column _builder_version=&#8221;4.27.4&#8243; _module_preset=&#8221;default&#8221; type=&#8221;4_4&#8243;][et_pb_menu menu_id=&#8221;10&#8243; menu_style=&#8221;centered&#8221; active_link_color=&#8221;#E09900&#8243; _builder_version=&#8221;4.27.0&#8243; _module_preset=&#8221;default&#8221; menu_font=&#8221;|||on|||||&#8221; menu_text_color=&#8221;#000000&#8243; global_colors_info=&#8221;{}&#8221; menu_font_size__hover_enabled=&#8221;off|desktop&#8221; theme_builder_area=&#8221;post_content&#8221;][\/et_pb_menu][\/et_pb_column][\/et_pb_row][\/et_pb_section]<\/p>\n","protected":false},"excerpt":{"rendered":"<p>PROJECTS | ENGLISH\u00a0 |\u00a0 ESPA\u00d1OL\u00a0 |\u00a0 FRAN\u00c7AISWitness Objects (FR)Pays: Bosnie-Herz\u00e9govine Participants: Luke Watson et \u00e9tudiants bosniaques Site internetCasque cam\u00e9ra Casque militaire modifi\u00e9 en cam\u00e9ra st\u00e9nop\u00e9ique. Ouverture st\u00e9nopique adapt\u00e9e du trou de balle. .Luke Watson \/ Witness Objects, Bosnie-Herz\u00e9govine\u00a0\u00ab Sarajevo Under Siege \u00bb est l\u2019une des expositions permanentes du Mus\u00e9e d&#8217;Histoire de la Bosnie-Herz\u00e9govine, qui raconte [&hellip;]<\/p>\n","protected":false},"author":1,"featured_media":0,"parent":0,"menu_order":0,"comment_status":"closed","ping_status":"closed","template":"","meta":{"_et_pb_use_builder":"on","_et_pb_old_content":"<!-- wp:divi\/placeholder \/-->","_et_gb_content_width":"","footnotes":""},"class_list":["post-1335","page","type-page","status-publish","hentry"],"acf":[],"_links":{"self":[{"href":"https:\/\/imagingpeace.org\/index.php\/wp-json\/wp\/v2\/pages\/1335","targetHints":{"allow":["GET"]}}],"collection":[{"href":"https:\/\/imagingpeace.org\/index.php\/wp-json\/wp\/v2\/pages"}],"about":[{"href":"https:\/\/imagingpeace.org\/index.php\/wp-json\/wp\/v2\/types\/page"}],"author":[{"embeddable":true,"href":"https:\/\/imagingpeace.org\/index.php\/wp-json\/wp\/v2\/users\/1"}],"replies":[{"embeddable":true,"href":"https:\/\/imagingpeace.org\/index.php\/wp-json\/wp\/v2\/comments?post=1335"}],"version-history":[{"count":6,"href":"https:\/\/imagingpeace.org\/index.php\/wp-json\/wp\/v2\/pages\/1335\/revisions"}],"predecessor-version":[{"id":1814,"href":"https:\/\/imagingpeace.org\/index.php\/wp-json\/wp\/v2\/pages\/1335\/revisions\/1814"}],"wp:attachment":[{"href":"https:\/\/imagingpeace.org\/index.php\/wp-json\/wp\/v2\/media?parent=1335"}],"curies":[{"name":"wp","href":"https:\/\/api.w.org\/{rel}","templated":true}]}}