{"id":1333,"date":"2024-12-17T12:20:36","date_gmt":"2024-12-17T12:20:36","guid":{"rendered":"https:\/\/imagingpeace.org\/?page_id=1333"},"modified":"2025-01-22T15:22:21","modified_gmt":"2025-01-22T15:22:21","slug":"tejiendo-vidas-fr","status":"publish","type":"page","link":"https:\/\/imagingpeace.org\/index.php\/tejiendo-vidas-fr\/","title":{"rendered":"Tejiendo Vidas FR"},"content":{"rendered":"<p>[et_pb_section fb_built=&#8221;1&#8243; _builder_version=&#8221;4.27.0&#8243; _module_preset=&#8221;default&#8221; locked=&#8221;off&#8221; global_colors_info=&#8221;{}&#8221;][et_pb_row _builder_version=&#8221;4.27.4&#8243; _module_preset=&#8221;default&#8221; custom_padding=&#8221;18px||0px|||&#8221; locked=&#8221;off&#8221; global_colors_info=&#8221;{}&#8221;][et_pb_column type=&#8221;4_4&#8243; _builder_version=&#8221;4.27.4&#8243; _module_preset=&#8221;default&#8221; global_colors_info=&#8221;{}&#8221;][et_pb_text _builder_version=&#8221;4.27.4&#8243; _module_preset=&#8221;default&#8221; global_colors_info=&#8221;{}&#8221;]<\/p>\n<p><a href=\"https:\/\/imagingpeace.org\/index.php\/peace-photography-projects\/\">PROJECTS<\/a> | <a href=\"https:\/\/imagingpeace.org\/index.php\/tejiendo-vidas\/\">ENGLISH<\/a>\u00a0 |\u00a0 <a href=\"https:\/\/imagingpeace.org\/index.php\/tejiendo-vidas-es\/\" title=\"Esp\">ESPA\u00d1OL<\/a>\u00a0 |\u00a0 <a href=\"https:\/\/imagingpeace.org\/index.php\/tejiendo-vidas-fr\/\">FRAN\u00c7AIS<\/a><\/p>\n<p>[\/et_pb_text][\/et_pb_column][\/et_pb_row][et_pb_row _builder_version=&#8221;4.27.0&#8243; _module_preset=&#8221;default&#8221; custom_margin=&#8221;|auto|-5px|auto||&#8221; global_colors_info=&#8221;{}&#8221;][et_pb_column type=&#8221;4_4&#8243; _builder_version=&#8221;4.27.0&#8243; _module_preset=&#8221;default&#8221; global_colors_info=&#8221;{}&#8221;][et_pb_text admin_label=&#8221;Title&#8221; _builder_version=&#8221;4.27.0&#8243; _module_preset=&#8221;default&#8221; header_font_size=&#8221;54px&#8221; custom_margin=&#8221;||8px||false|false&#8221; global_colors_info=&#8221;{}&#8221;]<\/p>\n<h1 style=\"text-align: left;\"><strong>Tejiendo Vidas (FR)<\/strong><\/h1>\n<p>[\/et_pb_text][et_pb_text admin_label=&#8221;Title&#8221; _builder_version=&#8221;4.27.4&#8243; _module_preset=&#8221;default&#8221; header_3_font_size=&#8221;24px&#8221; header_3_line_height=&#8221;0.8em&#8221; global_colors_info=&#8221;{}&#8221;]<\/p>\n<h3>Pays: <strong>Espagne \/ Colombie<\/strong><\/h3>\n<h3>Participants: <strong>Victimes exil\u00e9es du conflit colombien<\/strong><\/h3>\n<h3><a href=\"https:\/\/www.fotosynthesiscommunity.org\/tejiendo-vidas\/\" target=\"_blank\" rel=\"noopener\">Site internet<\/a><\/h3>\n<p>[\/et_pb_text][\/et_pb_column][\/et_pb_row][et_pb_row _builder_version=&#8221;4.27.0&#8243; _module_preset=&#8221;default&#8221; width=&#8221;100%&#8221; max_width=&#8221;1700px&#8221; custom_padding=&#8221;2px||1px|||&#8221; global_colors_info=&#8221;{}&#8221;][et_pb_column type=&#8221;4_4&#8243; _builder_version=&#8221;4.27.0&#8243; _module_preset=&#8221;default&#8221; global_colors_info=&#8221;{}&#8221;][et_pb_slider _builder_version=&#8221;4.27.0&#8243; _module_preset=&#8221;default&#8221; custom_margin=&#8221;||18px|||&#8221; custom_padding=&#8221;||579px|||&#8221; global_colors_info=&#8221;{}&#8221;][et_pb_slide _builder_version=&#8221;4.27.0&#8243; _module_preset=&#8221;default&#8221; background_color=&#8221;#969696&#8243; background_enable_color=&#8221;on&#8221; background_image=&#8221;https:\/\/imagingpeace.org\/wp-content\/uploads\/2024\/08\/Florece.jpg&#8221; background_enable_image=&#8221;on&#8221; background_position=&#8221;top_center&#8221; width=&#8221;100%&#8221; width_tablet=&#8221;100%&#8221; width_phone=&#8221;0%&#8221; width_last_edited=&#8221;on|phone&#8221; max_width_tablet=&#8221;&#8221; max_width_phone=&#8221;100%&#8221; max_width_last_edited=&#8221;on|phone&#8221; global_colors_info=&#8221;{}&#8221; sticky_transition=&#8221;on&#8221;][\/et_pb_slide][\/et_pb_slider][\/et_pb_column][\/et_pb_row][et_pb_row _builder_version=&#8221;4.27.0&#8243; _module_preset=&#8221;default&#8221; custom_margin=&#8221;-3px|auto||auto||&#8221; custom_padding=&#8221;1px||5px|||&#8221; global_colors_info=&#8221;{}&#8221;][et_pb_column type=&#8221;4_4&#8243; _builder_version=&#8221;4.27.0&#8243; _module_preset=&#8221;default&#8221; global_colors_info=&#8221;{}&#8221;][et_pb_text _builder_version=&#8221;4.27.0&#8243; _module_preset=&#8221;default&#8221; text_font=&#8221;Actor|&#8211;et_global_body_font_weight|||||||&#8221; text_line_height=&#8221;1.8em&#8221; header_5_font=&#8221;Antic Slab|&#8211;et_global_heading_font_weight|||||||&#8221; header_5_font_size=&#8221;15px&#8221; custom_margin=&#8221;2px||||false|false&#8221; custom_padding=&#8221;2px|0px||58px||&#8221; global_colors_info=&#8221;{}&#8221;]<\/p>\n<h5 style=\"text-align: right;\"><strong>\u2018Fleurir\u2019<\/strong><br \/><em>Un de ces jours gris, je suis sortie marcher, un jour o\u00f9 je me sentais triste et m\u00e9lancolique, o\u00f9 je pensais \u00e0 tous mes proches. En marchant dans une rue d\u00e9serte, j\u2019ai trouv\u00e9 une fleur. Au d\u00e9but, j\u2019ai cru que quelqu\u2019un l\u2019avait plac\u00e9e l\u00e0, parce qu\u2019elle \u00e9tait seule au milieu de nulle part. En m\u2019approchant, j\u2019ai vu que sa branche avait r\u00e9ussi \u00e0 traverser une barri\u00e8re par un \u00e9troit trou, se frayant un chemin et fleurissant de l\u2019autre c\u00f4t\u00e9 .<\/em><\/h5>\n<h5 style=\"text-align: right;\">Cette belle fleur m\u2019a donn\u00e9 une grande le\u00e7on de vie : voir comment, malgr\u00e9 les difficult\u00e9s, elle avait r\u00e9ussi \u00e0 progresser, contre toute attente, avec t\u00e9nacit\u00e9. Traversant diff\u00e9rents obstacles, luttant avec pers\u00e9v\u00e9rance, patience, force et r\u00e9silience, elle a atteint son objectif.<\/h5>\n<h5 style=\"text-align: right;\">Ce jour-l\u00e0, cette fleur m\u2019a appris que nous pouvons rester enferm\u00e9s et prisonniers de nos peurs, de nos difficult\u00e9s et de nos probl\u00e8mes, ou bien nous pouvons \u00eatre un peu comme elle, lutter pour sortir et montrer au monde nos plus belles couleurs, apportant un peu de joie et d\u2019espoir.<\/h5>\n<h5 style=\"text-align: right;\"><strong>\u00a9 Claudia \/ Tejiendo Vidas \/ Fotosynthesis, Espagne et Colombie\u00a0<\/strong><\/h5>\n<p>[\/et_pb_text][\/et_pb_column][\/et_pb_row][et_pb_row _builder_version=&#8221;4.27.0&#8243; _module_preset=&#8221;default&#8221; custom_padding=&#8221;24px||6px|||&#8221; global_colors_info=&#8221;{}&#8221;][et_pb_column type=&#8221;4_4&#8243; _builder_version=&#8221;4.27.0&#8243; _module_preset=&#8221;default&#8221; global_colors_info=&#8221;{}&#8221;][et_pb_text _builder_version=&#8221;4.27.0&#8243; _module_preset=&#8221;default&#8221; text_font=&#8221;&#8211;et_global_body_font|300|||||||&#8221; text_font_size=&#8221;22px&#8221; text_line_height=&#8221;1.2em&#8221; width=&#8221;100%&#8221; custom_padding=&#8221;|0px||||&#8221; global_colors_info=&#8221;{}&#8221;]<\/p>\n<p>Environ 5 millions de personnes ont quitt\u00e9 la Colombie au cours des cinq derni\u00e8res d\u00e9cennies. En plus de faire face aux impacts \u00e9motionnels du conflit, ces Colombiens doivent affronter les d\u00e9fis de la migration. Dans le cadre d\u2019un ensemble de mesures de consolidation de la paix destin\u00e9es \u00e0 soutenir la r\u00e9paration des victimes du conflit colombien, le consulat de Colombie \u00e0 Barcelone proposait des ateliers de soutien psychosocial aux Colombiens nouvellement arriv\u00e9s ou r\u00e9sidant de longue date en Espagne, avec le soutien <a href=\"https:\/\/www.unidadvictimas.gov.co\/\">de l\u2019Unit\u00e9 pour l\u2019Attention et la R\u00e9paration Int\u00e9grale aux Victimes du Minist\u00e8re des Affaires \u00c9trang\u00e8res de Colombie<\/a>. Lorsque la pand\u00e9mie de COVID-19 est arriv\u00e9e, il y avait des inqui\u00e9tudes que le confinement n\u2019aggrave l\u2019isolement de ces demandeurs d\u2019asile colombiens, les rendant \u00e9motionnellement vuln\u00e9rables, plus expos\u00e9s \u00e0 l\u2019exclusion et au d\u00e9veloppement de probl\u00e8mes de sant\u00e9 mentale.<\/p>\n<p><span><a href=\"https:\/\/www.fotosynthesiscommunity.org\/tejiendo-vidas\/\">Tejiendo Vidas<\/a> (\u201c<em>Tisser des vies<\/em><\/span>\u201c) a \u00e9t\u00e9 cr\u00e9\u00e9 pour r\u00e9pondre \u00e0 cet isolement par <span><a href=\"http:\/\/www.fotosynthesiscommunity.org\/es\">Fotosynthesis, <\/a><\/span>une entreprise sociale sp\u00e9cialis\u00e9e en photographie participative et narration \u00e9thique avec des ann\u00e9es d&#8217;exp\u00e9rience sur le th\u00e8me de la Colombie et de la construction de la paix. Travaillant en ligne et combinant des ateliers de photographie participative avec des exercices de m\u00e9ditation, de respiration et de mouvement corporel, le projet a d\u00e9velopp\u00e9 une approche de photographie th\u00e9rapeutique \u00e0 distance pour soutenir 15 participants de la diaspora colombienne sur une p\u00e9riode de cinq mois.<\/p>\n<p>[\/et_pb_text][et_pb_image src=&#8221;https:\/\/imagingpeace.org\/wp-content\/uploads\/2024\/08\/Tejiendo-Vidas_Juan-Fransisco-Vargas-2.jpg&#8221; title_text=&#8221;Tejiendo-Vidas_Juan-Fransisco-Vargas-2&#8243; _builder_version=&#8221;4.27.0&#8243; _module_preset=&#8221;default&#8221; global_colors_info=&#8221;{}&#8221;][\/et_pb_image][\/et_pb_column][\/et_pb_row][et_pb_row _builder_version=&#8221;4.27.0&#8243; _module_preset=&#8221;default&#8221; custom_padding=&#8221;1px|||||&#8221; global_colors_info=&#8221;{}&#8221;][et_pb_column type=&#8221;4_4&#8243; _builder_version=&#8221;4.27.0&#8243; _module_preset=&#8221;default&#8221; global_colors_info=&#8221;{}&#8221;][et_pb_text _builder_version=&#8221;4.27.4&#8243; _module_preset=&#8221;default&#8221; text_font=&#8221;Actor|&#8211;et_global_body_font_weight|||||||&#8221; text_line_height=&#8221;1.8em&#8221; header_5_font=&#8221;Antic Slab|&#8211;et_global_heading_font_weight|||||||&#8221; header_5_font_size=&#8221;15px&#8221; custom_margin=&#8221;2px||||false|false&#8221; custom_padding=&#8221;|0px||0px||&#8221; global_colors_info=&#8221;{}&#8221;]<\/p>\n<h5 class=\"p1\" style=\"text-align: right;\">Je suis artiste visuel et aussi victime du conflit arm\u00e9 en Colombie. Mon p\u00e8re est mort lors de la tentative d\u2019assassinat contre Pablo Escobar en 1989, quand j\u2019avais 11 ans. Mes fr\u00e8res \u00e9taient jeunes, et cela a marqu\u00e9 ma vie. Cela m\u2019a donn\u00e9 la force d\u2019avancer. Ma m\u00e8re s\u2019est retrouv\u00e9e seule avec quatre enfants, et sa force nous a transmis le courage de continuer. Enfant, je ne comprenais pas pourquoi cela \u00e9tait arriv\u00e9, mais avec le temps, j\u2019ai compris les complexit\u00e9s de cet \u00e9v\u00e9nement violent. J\u2019ai compris que mon p\u00e8re \u00e9tait mort \u00e0 cause du conflit arm\u00e9, mais moi, je ne vivais pas pr\u00e8s du conflit, parce qu\u2019\u00e0 Bogot\u00e1, qui est comme une bulle, les villes ne sont pas touch\u00e9es directement. Mais cela m\u2019a affect\u00e9. J\u2019ai alors compris le conflit. Le r\u00f4le de ma m\u00e8re, cette r\u00e9silience, a chang\u00e9 ma vie et celle de mes fr\u00e8res. C\u2019est quelque chose que je partage dans des histoires de survie<em>.<\/em><\/h5>\n<h5 class=\"p1\" style=\"text-align: right;\"><em>.<\/em><br \/><strong>\u00a9 Juan Francisco Vargas G\u00f3mez \/ Tejiendo Vidas \/ Fotosynthesis, Colombie<\/strong><\/h5>\n<p>[\/et_pb_text][\/et_pb_column][\/et_pb_row][et_pb_row column_structure=&#8221;3_5,2_5&#8243; _builder_version=&#8221;4.27.0&#8243; _module_preset=&#8221;default&#8221; global_colors_info=&#8221;{}&#8221;][et_pb_column type=&#8221;3_5&#8243; _builder_version=&#8221;4.27.0&#8243; _module_preset=&#8221;default&#8221; global_colors_info=&#8221;{}&#8221;][et_pb_image src=&#8221;https:\/\/imagingpeace.org\/wp-content\/uploads\/2024\/08\/Alfredo-teatro-principio-769&#215;1024.jpg&#8221; title_text=&#8221;Alfredo-teatro-principio&#8221; _builder_version=&#8221;4.27.0&#8243; _module_preset=&#8221;default&#8221; global_colors_info=&#8221;{}&#8221;][\/et_pb_image][\/et_pb_column][et_pb_column type=&#8221;2_5&#8243; _builder_version=&#8221;4.27.0&#8243; _module_preset=&#8221;default&#8221; global_colors_info=&#8221;{}&#8221;][et_pb_text _builder_version=&#8221;4.27.0&#8243; _module_preset=&#8221;default&#8221; text_font=&#8221;&#8211;et_global_body_font|300|||||||&#8221; text_font_size=&#8221;22px&#8221; text_line_height=&#8221;1.2em&#8221; global_colors_info=&#8221;{}&#8221;]<\/p>\n<p>Les ateliers ont \u00e9t\u00e9 con\u00e7us et anim\u00e9s par Ingrid Guyon, photographe et facilitatrice de Fotosynthesis, <span>e <a href=\"https:\/\/isabella-marin.mystrikingly.com\/\">Isabella Mar\u00edn<\/a>, <\/span>psychologue colombienne r\u00e9sidant \u00e0 Barcelone. L\u2019objectif des ateliers \u00e9tait de cr\u00e9er un espace pour la nutrition \u00e9motionnelle et relationnelle, de promouvoir la cr\u00e9ativit\u00e9 et l\u2019estime de soi, et d\u2019offrir des outils pour la gestion des \u00e9motions dans des situations difficiles. La m\u00e9thodologie f\u00e9ministe de <span><a href=\"https:\/\/www.mujerdiaspora.com\/home\"><em>Mujer Di\u00e1spora<\/em><\/a>, <\/span>dirig\u00e9e par des femmes colombiennes de la diaspora, a servi de base \u00e0 <em><span>Tejiendo Vidas<\/span><\/em><span>. <\/span>Cette m\u00e9thodologie favorise l\u2019\u00e9coute active des t\u00e9moignages individuels dans un espace collectif s\u00fbr et accueillant, qui est ensuite transform\u00e9 en art pour encourager la r\u00e9paration symbolique. Ainsi, les ateliers ont encourag\u00e9 l\u2019\u00e9coute active, les participants travaillant collectivement \u00e0 la cr\u00e9ation de projets photographiques personnels qu\u2019ils partageaient entre eux lors des ateliers en ligne, par e-mail et via Whatsapp.<\/p>\n<p>[\/et_pb_text][et_pb_text _builder_version=&#8221;4.27.0&#8243; _module_preset=&#8221;default&#8221; text_font=&#8221;Actor|&#8211;et_global_body_font_weight|||||||&#8221; text_line_height=&#8221;1.8em&#8221; header_5_font=&#8221;Antic Slab|&#8211;et_global_heading_font_weight|||||||&#8221; header_5_font_size=&#8221;15px&#8221; custom_margin=&#8221;2px||||false|false&#8221; custom_padding=&#8221;|0px||0px||&#8221; global_colors_info=&#8221;{}&#8221;]<\/p>\n<h5 style=\"text-align: left;\"><strong>\u2018Pi\u00e8ce de th\u00e9\u00e2tre&#8217;, \u00e9valuation au d\u00e9but du projet sur le ressenti du participant.<\/strong><br \/>Au d\u00e9but du projet, je me suis senti comme si j\u2019allais entrer dans l\u2019auditorium (l\u2019espace de l\u2019atelier) pour voir ce qui allait se passer, pour comprendre de quoi parlait la \u00ab pi\u00e8ce de th\u00e9\u00e2tre \u00bb. J\u2019avais peu de s\u00e9curit\u00e9 et aucune confiance, mais j\u2019ai \u00e9t\u00e9 surpris parce que le gouvernement colombien fonctionne diff\u00e9remment \u00e0 l\u2019int\u00e9rieur et \u00e0 l\u2019ext\u00e9rieur de la Colombie. Je pensais que les ateliers seraient froids, distants, contr\u00f4l\u00e9s, mais j\u2019ai \u00e9t\u00e9 surpris par la chaleur humaine et l\u2019\u00e9nergie d\u00e9tendue du groupe.<br \/><strong>\u00a9 Bajo la Piel (acronyme pour garder son anonymat) \/ Tejiendo Vidas \/ Fotosynthesis, Espagne<\/strong><\/h5>\n<p>[\/et_pb_text][\/et_pb_column][\/et_pb_row][et_pb_row _builder_version=&#8221;4.27.0&#8243; _module_preset=&#8221;default&#8221; global_colors_info=&#8221;{}&#8221;][et_pb_column type=&#8221;4_4&#8243; _builder_version=&#8221;4.27.0&#8243; _module_preset=&#8221;default&#8221; global_colors_info=&#8221;{}&#8221;][et_pb_text _builder_version=&#8221;4.27.0&#8243; _module_preset=&#8221;default&#8221; text_font=&#8221;&#8211;et_global_body_font|300|||||||&#8221; text_font_size=&#8221;22px&#8221; text_line_height=&#8221;1.2em&#8221; width=&#8221;100%&#8221; custom_padding=&#8221;|0px||||&#8221; global_colors_info=&#8221;{}&#8221;]<\/p>\n<p><span lang=\"ES-TRAD\">Au d\u00e9but, travailler en ligne \u00e9tait un d\u00e9fi pour les participants et les facilitateurs, mais ils ont trouv\u00e9 diverses mani\u00e8res d\u2019\u00e9tablir la confiance et la solidarit\u00e9. Les ateliers ont rapidement pris leur rythme alors que les conversations devenaient fluides et que des amiti\u00e9s profondes se formaient. L\u2019attention \u00e9tait centr\u00e9e sur le d\u00e9veloppement de la r\u00e9silience pour gu\u00e9rir. Les participants ont combin\u00e9 d\u2019anciennes photographies de la Colombie avec de nouvelles images de leur vie en Espagne pour partager des exp\u00e9riences douloureuses et imaginer un futur plus optimiste. Chaque participant d\u00e9cidait de ce qu\u2019il voulait montrer et raconter. En plus de reportages photographiques, l\u2019un d\u2019eux a cr\u00e9\u00e9 une vid\u00e9o, un autre un po\u00e8me, et ils ont re\u00e7u un soutien personnalis\u00e9 pour cr\u00e9er leurs histoires dans le format de leur choix. Un processus de consentement inform\u00e9 \u00e9tait adapt\u00e9 aux besoins individuels d\u2019anonymat. Le projet a culmin\u00e9 avec le lancement d\u2019une exposition en ligne et d\u2019un site web comprenant des r\u00e9cits photographiques et des t\u00e9moignages de tous les participants, ainsi que des enregistrements audio.<o:p><\/o:p><\/span><\/p>\n<p>[\/et_pb_text][\/et_pb_column][\/et_pb_row][et_pb_row _builder_version=&#8221;4.27.0&#8243; _module_preset=&#8221;default&#8221; custom_padding=&#8221;4px|||||&#8221; global_colors_info=&#8221;{}&#8221;][et_pb_column type=&#8221;4_4&#8243; _builder_version=&#8221;4.27.0&#8243; _module_preset=&#8221;default&#8221; global_colors_info=&#8221;{}&#8221;][et_pb_image src=&#8221;https:\/\/imagingpeace.org\/wp-content\/uploads\/2024\/08\/Evaluation-hands.jpg&#8221; title_text=&#8221;Evaluation-hands&#8221; _builder_version=&#8221;4.27.0&#8243; _module_preset=&#8221;default&#8221; global_colors_info=&#8221;{}&#8221;][\/et_pb_image][et_pb_text _builder_version=&#8221;4.27.0&#8243; _module_preset=&#8221;default&#8221; text_font=&#8221;Actor|&#8211;et_global_body_font_weight|||||||&#8221; text_line_height=&#8221;1.8em&#8221; header_5_font=&#8221;Antic Slab|&#8211;et_global_heading_font_weight|||||||&#8221; header_5_font_size=&#8221;15px&#8221; custom_margin=&#8221;2px||||false|false&#8221; custom_padding=&#8221;|1px||||&#8221; global_colors_info=&#8221;{}&#8221;]<\/p>\n<h5 class=\"p1\" style=\"text-align: left;\"><strong>Mains d\u2019\u00e9valuation<\/strong><\/h5>\n<h5 class=\"p1\" style=\"text-align: left;\"><strong><\/strong><br \/>\u00c0 la fin du projet, les facilitatrices ont utilis\u00e9 la visualisation, la m\u00e9ditation et le dessin pour r\u00e9fl\u00e9chir au projet. Ces mains repr\u00e9sentent la fin du projet. Les mots incluent : confiance, bonheur, positivisme, calme, famille, connexion, amour, empathie, gratitude et unit\u00e9<em>.<\/em><\/h5>\n<h5 class=\"p1\" style=\"text-align: left;\"><strong>\u00a9 Tejiendo Vidas \/ Fotosynthesis, Espagne et Colombia\u00a0<\/strong><\/h5>\n<p>&nbsp;<\/p>\n<p>[\/et_pb_text][\/et_pb_column][\/et_pb_row][et_pb_row column_structure=&#8221;1_5,3_5,1_5&#8243; _builder_version=&#8221;4.27.0&#8243; _module_preset=&#8221;default&#8221; background_color=&#8221;#EBEFE6&#8243; custom_margin=&#8221;33px|auto|61px|auto||&#8221; custom_padding=&#8221;91px|||||&#8221; global_colors_info=&#8221;{}&#8221;][et_pb_column type=&#8221;1_5&#8243; _builder_version=&#8221;4.27.0&#8243; _module_preset=&#8221;default&#8221; global_colors_info=&#8221;{}&#8221;][\/et_pb_column][et_pb_column type=&#8221;3_5&#8243; _builder_version=&#8221;4.27.0&#8243; _module_preset=&#8221;default&#8221; global_colors_info=&#8221;{}&#8221;][et_pb_testimonial author=&#8221;Claudia&#8221; job_title=&#8221;Participante de Teijendo Vidas &#8221; font_icon=&#8221;&#xf10e;||fa||900&#8243; use_icon_font_size=&#8221;on&#8221; _builder_version=&#8221;4.27.0&#8243; _module_preset=&#8221;default&#8221; body_font_size=&#8221;31px&#8221; body_line_height=&#8221;1.2em&#8221; author_font_size=&#8221;24px&#8221; author_line_height=&#8221;1.2em&#8221; custom_padding=&#8221;|0px||4px||&#8221; border_width_all=&#8221;0px&#8221; global_colors_info=&#8221;{}&#8221;]<\/p>\n<p style=\"text-align: center;\"><em>\u2018<strong>Parfois, nous oublions de partager et d\u2019interagir avec d\u2019autres personnes qui ont les m\u00eames pr\u00e9occupations et vivent les m\u00eames situations que nous. Nous oublions de nous concentrer sur ce que nous avons en commun<\/strong>&#8216;.<\/em><\/p>\n<p>[\/et_pb_testimonial][\/et_pb_column][et_pb_column type=&#8221;1_5&#8243; _builder_version=&#8221;4.27.0&#8243; _module_preset=&#8221;default&#8221; global_colors_info=&#8221;{}&#8221;][\/et_pb_column][\/et_pb_row][et_pb_row column_structure=&#8221;1_4,1_2,1_4&#8243; _builder_version=&#8221;4.27.0&#8243; _module_preset=&#8221;default&#8221; width=&#8221;94%&#8221; max_width=&#8221;1476px&#8221; custom_padding=&#8221;5px|||||&#8221; global_colors_info=&#8221;{}&#8221;][et_pb_column type=&#8221;1_4&#8243; _builder_version=&#8221;4.27.0&#8243; _module_preset=&#8221;default&#8221; global_colors_info=&#8221;{}&#8221;][\/et_pb_column][et_pb_column type=&#8221;1_2&#8243; _builder_version=&#8221;4.27.0&#8243; _module_preset=&#8221;default&#8221; global_colors_info=&#8221;{}&#8221;][et_pb_image src=&#8221;https:\/\/imagingpeace.org\/wp-content\/uploads\/2024\/08\/Tejiendo-vidas-3-766&#215;1024.jpg&#8221; title_text=&#8221;Tejiendo-vidas-3&#8243; align=&#8221;center&#8221; _builder_version=&#8221;4.27.0&#8243; _module_preset=&#8221;default&#8221; global_colors_info=&#8221;{}&#8221;][\/et_pb_image][\/et_pb_column][et_pb_column type=&#8221;1_4&#8243; _builder_version=&#8221;4.27.0&#8243; _module_preset=&#8221;default&#8221; global_colors_info=&#8221;{}&#8221;][\/et_pb_column][\/et_pb_row][et_pb_row column_structure=&#8221;1_4,1_2,1_4&#8243; _builder_version=&#8221;4.27.0&#8243; _module_preset=&#8221;default&#8221; width=&#8221;94%&#8221; max_width=&#8221;1476px&#8221; custom_padding=&#8221;5px|||||&#8221; global_colors_info=&#8221;{}&#8221;][et_pb_column type=&#8221;1_4&#8243; _builder_version=&#8221;4.27.0&#8243; _module_preset=&#8221;default&#8221; global_colors_info=&#8221;{}&#8221;][\/et_pb_column][et_pb_column type=&#8221;1_2&#8243; _builder_version=&#8221;4.27.0&#8243; _module_preset=&#8221;default&#8221; global_colors_info=&#8221;{}&#8221;][et_pb_text _builder_version=&#8221;4.27.0&#8243; _module_preset=&#8221;default&#8221; text_font=&#8221;Actor|&#8211;et_global_body_font_weight|||||||&#8221; text_line_height=&#8221;1.8em&#8221; header_5_font=&#8221;Antic Slab|&#8211;et_global_heading_font_weight|||||||&#8221; header_5_font_size=&#8221;15px&#8221; custom_margin=&#8221;2px||||false|false&#8221; custom_padding=&#8221;|26px||58px||&#8221; global_colors_info=&#8221;{}&#8221;]<\/p>\n<h5><strong>\u2018Mon tatouage\u2019<\/strong><br \/>Le lion repr\u00e9sente la force, le courage et le fait de ne pas me laisser freiner malgr\u00e9 les adversit\u00e9s. La fl\u00e8che symbolise ma volont\u00e9 de continuer, m\u00eame si je ne sais pas o\u00f9 elle m\u00e8nera. Elle se termine par un symbole d\u2019infini. Je veux continuer avec cette force, cette envie de lutter et d\u2019avancer, mais avec bravoure. Je suis la plus jeune, mais la plus forte. Il y a des moments o\u00f9 j\u2019oublie que je suis forte, mais cela nous arrive \u00e0 tous. C\u2019est totalement humain, et il faut l\u2019accepter. Ne vous punissez pas. Nous sommes des \u00eatres humains, pas des machines ; nous avons des \u00e9motions, nous avons un c\u0153ur, et nous devons trouver l\u2019\u00e9quilibre, comme le pendule de mon tatouage. Malgr\u00e9 tout ce qui nous est arriv\u00e9, nous avons la force de continuer \u00e0 nous battre pour ce que nous voulons.<\/h5>\n<h5><strong>\u00a9 Nancy \/ Tejiendo Vidas \/ Fotosynthesis, Espagne\u00a0<\/strong><\/h5>\n<p>[\/et_pb_text][\/et_pb_column][et_pb_column type=&#8221;1_4&#8243; _builder_version=&#8221;4.27.0&#8243; _module_preset=&#8221;default&#8221; global_colors_info=&#8221;{}&#8221;][\/et_pb_column][\/et_pb_row][et_pb_row _builder_version=&#8221;4.27.4&#8243; _module_preset=&#8221;default&#8221; global_colors_info=&#8221;{}&#8221;][et_pb_column type=&#8221;4_4&#8243; _builder_version=&#8221;4.27.4&#8243; _module_preset=&#8221;default&#8221; global_colors_info=&#8221;{}&#8221;][et_pb_menu menu_id=&#8221;10&#8243; menu_style=&#8221;centered&#8221; active_link_color=&#8221;#E09900&#8243; _builder_version=&#8221;4.27.0&#8243; _module_preset=&#8221;default&#8221; menu_font=&#8221;|||on|||||&#8221; menu_text_color=&#8221;#000000&#8243; global_colors_info=&#8221;{}&#8221; menu_font_size__hover_enabled=&#8221;off|desktop&#8221;][\/et_pb_menu][\/et_pb_column][\/et_pb_row][\/et_pb_section]<\/p>\n","protected":false},"excerpt":{"rendered":"<p>PROJECTS | ENGLISH\u00a0 |\u00a0 ESPA\u00d1OL\u00a0 |\u00a0 FRAN\u00c7AISTejiendo Vidas (FR)Pays: Espagne \/ Colombie Participants: Victimes exil\u00e9es du conflit colombien Site internet\u2018Fleurir\u2019Un de ces jours gris, je suis sortie marcher, un jour o\u00f9 je me sentais triste et m\u00e9lancolique, o\u00f9 je pensais \u00e0 tous mes proches. En marchant dans une rue d\u00e9serte, j\u2019ai trouv\u00e9 une fleur. Au [&hellip;]<\/p>\n","protected":false},"author":1,"featured_media":0,"parent":0,"menu_order":0,"comment_status":"closed","ping_status":"closed","template":"","meta":{"_et_pb_use_builder":"on","_et_pb_old_content":"<!-- wp:divi\/placeholder \/-->","_et_gb_content_width":"","footnotes":""},"class_list":["post-1333","page","type-page","status-publish","hentry"],"acf":[],"_links":{"self":[{"href":"https:\/\/imagingpeace.org\/index.php\/wp-json\/wp\/v2\/pages\/1333","targetHints":{"allow":["GET"]}}],"collection":[{"href":"https:\/\/imagingpeace.org\/index.php\/wp-json\/wp\/v2\/pages"}],"about":[{"href":"https:\/\/imagingpeace.org\/index.php\/wp-json\/wp\/v2\/types\/page"}],"author":[{"embeddable":true,"href":"https:\/\/imagingpeace.org\/index.php\/wp-json\/wp\/v2\/users\/1"}],"replies":[{"embeddable":true,"href":"https:\/\/imagingpeace.org\/index.php\/wp-json\/wp\/v2\/comments?post=1333"}],"version-history":[{"count":4,"href":"https:\/\/imagingpeace.org\/index.php\/wp-json\/wp\/v2\/pages\/1333\/revisions"}],"predecessor-version":[{"id":1952,"href":"https:\/\/imagingpeace.org\/index.php\/wp-json\/wp\/v2\/pages\/1333\/revisions\/1952"}],"wp:attachment":[{"href":"https:\/\/imagingpeace.org\/index.php\/wp-json\/wp\/v2\/media?parent=1333"}],"curies":[{"name":"wp","href":"https:\/\/api.w.org\/{rel}","templated":true}]}}