{"id":1332,"date":"2024-12-17T12:20:25","date_gmt":"2024-12-17T12:20:25","guid":{"rendered":"https:\/\/imagingpeace.org\/?page_id=1332"},"modified":"2025-07-10T12:59:56","modified_gmt":"2025-07-10T11:59:56","slug":"tejiendo-vidas-es","status":"publish","type":"page","link":"https:\/\/imagingpeace.org\/index.php\/tejiendo-vidas-es\/","title":{"rendered":"Tejiendo Vidas ES"},"content":{"rendered":"<p>[et_pb_section fb_built=&#8221;1&#8243; _builder_version=&#8221;4.27.0&#8243; _module_preset=&#8221;default&#8221; locked=&#8221;off&#8221; global_colors_info=&#8221;{}&#8221;][et_pb_row _builder_version=&#8221;4.27.4&#8243; _module_preset=&#8221;default&#8221; custom_padding=&#8221;18px||0px|||&#8221; locked=&#8221;off&#8221; global_colors_info=&#8221;{}&#8221;][et_pb_column type=&#8221;4_4&#8243; _builder_version=&#8221;4.27.4&#8243; _module_preset=&#8221;default&#8221; global_colors_info=&#8221;{}&#8221;][et_pb_text _builder_version=&#8221;4.27.4&#8243; _module_preset=&#8221;default&#8221; global_colors_info=&#8221;{}&#8221;]<\/p>\n<p><a href=\"https:\/\/imagingpeace.org\/index.php\/peace-photography-projects\/\">PROJECTS<\/a> | <a href=\"https:\/\/imagingpeace.org\/index.php\/tejiendo-vidas\/\">ENGLISH<\/a>\u00a0 |\u00a0 <a href=\"https:\/\/imagingpeace.org\/index.php\/tejiendo-vidas-es\/\" title=\"Esp\">ESPA\u00d1OL<\/a>\u00a0 |\u00a0 <a href=\"https:\/\/imagingpeace.org\/index.php\/tejiendo-vidas-fr\/\">FRAN\u00c7AIS<\/a><\/p>\n<p>[\/et_pb_text][\/et_pb_column][\/et_pb_row][et_pb_row _builder_version=&#8221;4.27.0&#8243; _module_preset=&#8221;default&#8221; custom_margin=&#8221;|auto|-5px|auto||&#8221; global_colors_info=&#8221;{}&#8221;][et_pb_column type=&#8221;4_4&#8243; _builder_version=&#8221;4.27.0&#8243; _module_preset=&#8221;default&#8221; global_colors_info=&#8221;{}&#8221;][et_pb_text admin_label=&#8221;Title&#8221; _builder_version=&#8221;4.27.0&#8243; _module_preset=&#8221;default&#8221; header_font_size=&#8221;54px&#8221; custom_margin=&#8221;||8px||false|false&#8221; global_colors_info=&#8221;{}&#8221;]<\/p>\n<h1 style=\"text-align: left;\"><strong>Tejiendo Vidas (ES)<\/strong><\/h1>\n<p>[\/et_pb_text][et_pb_text admin_label=&#8221;Title&#8221; _builder_version=&#8221;4.27.4&#8243; _module_preset=&#8221;default&#8221; header_3_font_size=&#8221;24px&#8221; header_3_line_height=&#8221;0.8em&#8221; hover_enabled=&#8221;0&#8243; global_colors_info=&#8221;{}&#8221; sticky_enabled=&#8221;0&#8243;]<\/p>\n<h3>Pa\u00edses:<strong> Espa\u00f1a y Colombia <\/strong><\/h3>\n<h3>Participantes: <strong><\/strong><strong>V\u00edctimas exiliadas del conflicto colombiano<\/strong><\/h3>\n<h3><a href=\"https:\/\/www.fotosynthesiscommunity.org\/es\/tejiendo-vidas\/\" target=\"_blank\" rel=\"noopener\">P\u00e1gina web<\/a><\/h3>\n<p>[\/et_pb_text][\/et_pb_column][\/et_pb_row][et_pb_row _builder_version=&#8221;4.27.0&#8243; _module_preset=&#8221;default&#8221; width=&#8221;100%&#8221; max_width=&#8221;1700px&#8221; custom_padding=&#8221;2px||1px|||&#8221; global_colors_info=&#8221;{}&#8221;][et_pb_column type=&#8221;4_4&#8243; _builder_version=&#8221;4.27.0&#8243; _module_preset=&#8221;default&#8221; global_colors_info=&#8221;{}&#8221;][et_pb_slider _builder_version=&#8221;4.27.0&#8243; _module_preset=&#8221;default&#8221; custom_margin=&#8221;||18px|||&#8221; custom_padding=&#8221;||579px|||&#8221; global_colors_info=&#8221;{}&#8221;][et_pb_slide _builder_version=&#8221;4.27.0&#8243; _module_preset=&#8221;default&#8221; background_color=&#8221;#969696&#8243; background_enable_color=&#8221;on&#8221; background_image=&#8221;https:\/\/imagingpeace.org\/wp-content\/uploads\/2024\/08\/Florece.jpg&#8221; background_enable_image=&#8221;on&#8221; background_position=&#8221;top_center&#8221; width=&#8221;100%&#8221; width_tablet=&#8221;100%&#8221; width_phone=&#8221;0%&#8221; width_last_edited=&#8221;on|phone&#8221; max_width_tablet=&#8221;&#8221; max_width_phone=&#8221;100%&#8221; max_width_last_edited=&#8221;on|phone&#8221; global_colors_info=&#8221;{}&#8221; sticky_transition=&#8221;on&#8221;][\/et_pb_slide][\/et_pb_slider][\/et_pb_column][\/et_pb_row][et_pb_row _builder_version=&#8221;4.27.0&#8243; _module_preset=&#8221;default&#8221; custom_margin=&#8221;-3px|auto||auto||&#8221; custom_padding=&#8221;1px||5px|||&#8221; global_colors_info=&#8221;{}&#8221;][et_pb_column type=&#8221;4_4&#8243; _builder_version=&#8221;4.27.0&#8243; _module_preset=&#8221;default&#8221; global_colors_info=&#8221;{}&#8221;][et_pb_text _builder_version=&#8221;4.27.0&#8243; _module_preset=&#8221;default&#8221; text_font=&#8221;Actor|&#8211;et_global_body_font_weight|||||||&#8221; text_line_height=&#8221;1.8em&#8221; header_5_font=&#8221;Antic Slab|&#8211;et_global_heading_font_weight|||||||&#8221; header_5_font_size=&#8221;15px&#8221; custom_margin=&#8221;2px||||false|false&#8221; custom_padding=&#8221;2px|0px||58px||&#8221; global_colors_info=&#8221;{}&#8221;]<\/p>\n<h5 style=\"text-align: right;\"><strong>\u2018Florecimiento\u2019<\/strong><br \/>Uno de esos d\u00edas grises sal\u00ed a caminar, un d\u00eda en el que te sientes triste y melanc\u00f3lico, en el que te acuerdas de todos tus seres queridos. Caminando por una calle desierta, me encontr\u00e9 con una flor\u2026 Al principio pens\u00e9 que alguien la hab\u00eda colocado all\u00ed, porque estaba sola en medio de la nada. Luego, al acercarme, pude ver que,sorprendentemente, su rama hab\u00eda logrado cruzar una valla pasando por un estrecho agujero, abri\u00e9ndose paso y floreciendo al otro lado. En ese momento, esa hermosa flor me dio una gran lecci\u00f3n de vida: ver c\u00f3mo, a pesar de su dificultad, ella pudo abrirse <span>camino contra todo pron\u00f3stico con tenacidad, atravesando diferentes obst\u00e1culos, luchando con perseverancia, paciencia, fuerza y \u200b\u200bresiliencia, hasta alcanzar su objetivo. <\/span>Ese d\u00eda esa flor me ense\u00f1\u00f3 que podemos quedarnos encerrados y atrapados por nuestros miedos, dificultades y problemas, o podemos ser un poco como ella, luchar para salir y mostrar al mundo nuestros mejores colores, transmitiendo un poco de alegr\u00eda y esperanza.<\/h5>\n<h5 style=\"text-align: right;\">.<br \/><strong>\u00a9 Claudia \/ Tejiendo Vidas \/ Fotosynthesis, Espa\u00f1a y Colombia\u00a0<\/strong><\/h5>\n<p>[\/et_pb_text][\/et_pb_column][\/et_pb_row][et_pb_row _builder_version=&#8221;4.27.0&#8243; _module_preset=&#8221;default&#8221; custom_padding=&#8221;24px||6px|||&#8221; global_colors_info=&#8221;{}&#8221;][et_pb_column type=&#8221;4_4&#8243; _builder_version=&#8221;4.27.0&#8243; _module_preset=&#8221;default&#8221; global_colors_info=&#8221;{}&#8221;][et_pb_text _builder_version=&#8221;4.27.4&#8243; _module_preset=&#8221;default&#8221; text_font=&#8221;&#8211;et_global_body_font|300|||||||&#8221; text_font_size=&#8221;22px&#8221; text_line_height=&#8221;1.2em&#8221; width=&#8221;100%&#8221; custom_padding=&#8221;|0px||||&#8221; global_colors_info=&#8221;{}&#8221;]<\/p>\n<h4>Aproximadamente 5 millones de personas han abandonado Colombia en las \u00faltimas cinco d\u00e9cadas. Adem\u00e1s de afrontar los impactos emocionales del conflicto, estos colombianos deben hacer frente a <span>los desaf\u00edos de la migraci\u00f3n. El consulado de Colombia en Barcelona proporcionaba talleres de apoyo psicosocial para colombianos reci\u00e9n llegados y de larga estancia en Espa\u00f1a, con el auspicio de la <a href=\"https:\/\/www.unidadvictimas.gov.co\/\" target=\"_blank\" rel=\"noopener\">Unidad para la Atenci\u00f3n y Reparaci\u00f3n Integral a las V\u00edctimas del Ministerio de Asuntos Exteriores de Colombia<\/a> como parte de un paquete de medidas de consolidaci\u00f3n de la paz dise\u00f1adas para apoyar la reparaci\u00f3n de las v\u00edctimas del conflicto colombiano. Cuando lleg\u00f3 la pandemia de COVID-19, exist\u00eda la preocupaci\u00f3n de que el confinamiento aumentar\u00eda el aislamiento de estos solicitantes de asilo colombianos, dej\u00e1ndolos emocionalmente vulnerables, en mayor riesgo de exclusi\u00f3n y de desarrollar problemas de salud mental.<\/span><\/h4>\n<h4><span><a href=\"https:\/\/www.fotosynthesiscommunity.org\/tejiendo-vidas\/es\" target=\"_blank\" rel=\"noopener\"><em>Tejiendo Vidas<\/em><\/a> fue creado <\/span><span>para abordar este aislamiento <\/span><span>por <a href=\"https:\/\/www.fotosynthesiscommunity.org\/es\" target=\"_blank\" rel=\"noopener\">Fotosynthesis<\/a>, una empresa social especializada en fotograf\u00eda participativa y narraci\u00f3n \u00e9tica, con a\u00f1os de experiencia en el tema de Colombia y la construcci\u00f3n de la paz. Trabajando en l\u00ednea y combinando talleres de fotograf\u00eda participativa con ejercicios de meditaci\u00f3n, respiraci\u00f3n y movimiento corporal, el proyecto desarroll\u00f3 una forma de fotograf\u00eda terap\u00e9utica remota para apoyar a 15 participantes de la di\u00e1spora colombiana en el transcurso de cinco meses.<\/span><\/h4>\n<p>[\/et_pb_text][et_pb_image src=&#8221;https:\/\/imagingpeace.org\/wp-content\/uploads\/2024\/08\/Tejiendo-Vidas_Juan-Fransisco-Vargas-2.jpg&#8221; title_text=&#8221;Tejiendo-Vidas_Juan-Fransisco-Vargas-2&#8243; _builder_version=&#8221;4.27.0&#8243; _module_preset=&#8221;default&#8221; global_colors_info=&#8221;{}&#8221;][\/et_pb_image][\/et_pb_column][\/et_pb_row][et_pb_row _builder_version=&#8221;4.27.0&#8243; _module_preset=&#8221;default&#8221; custom_padding=&#8221;1px|||||&#8221; global_colors_info=&#8221;{}&#8221;][et_pb_column type=&#8221;4_4&#8243; _builder_version=&#8221;4.27.0&#8243; _module_preset=&#8221;default&#8221; global_colors_info=&#8221;{}&#8221;][et_pb_text _builder_version=&#8221;4.27.0&#8243; _module_preset=&#8221;default&#8221; text_font=&#8221;Actor|&#8211;et_global_body_font_weight|||||||&#8221; text_line_height=&#8221;1.8em&#8221; header_5_font=&#8221;Antic Slab|&#8211;et_global_heading_font_weight|||||||&#8221; header_5_font_size=&#8221;15px&#8221; custom_margin=&#8221;2px||||false|false&#8221; custom_padding=&#8221;|0px||0px||&#8221; global_colors_info=&#8221;{}&#8221;]<\/p>\n<h5 class=\"p1\" style=\"text-align: right;\">Soy <span>artista visual y tambi\u00e9n v\u00edctima del conflicto armado en Colombia. Mi padre muri\u00f3 en el intento de asesinato de Pablo Escobar en 1989, cuando yo ten\u00eda 11 a\u00f1os. Mis hermanos eran peque\u00f1os y eso marc\u00f3 mi vida. Me ha dado fuerzas para seguir adelante; mi madre se qued\u00f3 sola con cuatro hijos y su fuerza nos dio fuerzas para seguir adelante. Cuando era ni\u00f1o, no entend\u00eda por qu\u00e9 sucedi\u00f3, pero con el paso de los a\u00f1os comprend\u00ed las complejidades del evento violento. Entend\u00ed que mi padre hab\u00eda muerto por el conflicto armado, pero yo no estuve cerca del conflicto porque en Bogot\u00e1, que es como una burbuja, en las ciudades no nos toca el conflicto. Pero s\u00ed me afect\u00f3. Entonces entend\u00ed el conflicto. El papel de mi madre, esa resiliencia, cambi\u00f3 mi vida y la de mis hermanos, y es algo que comparto en historias de supervivencia. <\/span><\/h5>\n<h5 class=\"p1\" style=\"text-align: right;\"><em>.<\/em> <br \/><strong>\u00a9 Juan Francisco Vargas G\u00f3mez \/ Tejiendo Vidas \/ Fotosynthesis, Colombia<\/strong><\/h5>\n<p>[\/et_pb_text][\/et_pb_column][\/et_pb_row][et_pb_row column_structure=&#8221;3_5,2_5&#8243; _builder_version=&#8221;4.27.0&#8243; _module_preset=&#8221;default&#8221; global_colors_info=&#8221;{}&#8221;][et_pb_column type=&#8221;3_5&#8243; _builder_version=&#8221;4.27.0&#8243; _module_preset=&#8221;default&#8221; global_colors_info=&#8221;{}&#8221;][et_pb_image src=&#8221;https:\/\/imagingpeace.org\/wp-content\/uploads\/2024\/08\/Alfredo-teatro-principio-769&#215;1024.jpg&#8221; title_text=&#8221;Alfredo-teatro-principio&#8221; _builder_version=&#8221;4.27.0&#8243; _module_preset=&#8221;default&#8221; global_colors_info=&#8221;{}&#8221;][\/et_pb_image][\/et_pb_column][et_pb_column type=&#8221;2_5&#8243; _builder_version=&#8221;4.27.0&#8243; _module_preset=&#8221;default&#8221; global_colors_info=&#8221;{}&#8221;][et_pb_text _builder_version=&#8221;4.27.0&#8243; _module_preset=&#8221;default&#8221; text_font=&#8221;Actor|&#8211;et_global_body_font_weight|||||||&#8221; text_line_height=&#8221;1.8em&#8221; header_5_font=&#8221;Antic Slab|&#8211;et_global_heading_font_weight|||||||&#8221; header_5_font_size=&#8221;15px&#8221; custom_margin=&#8221;2px||||false|false&#8221; custom_padding=&#8221;|0px||0px||&#8221; global_colors_info=&#8221;{}&#8221;]<\/p>\n<h5 style=\"text-align: left;\"><strong>\u2018Obra de teatro&#8217;, evaluaci\u00f3n al inicio del proyecto sobre c\u00f3mo se sinti\u00f3 el participante.<\/strong><\/h5>\n<h5 style=\"text-align: left;\"><strong><\/strong><br \/><em>Al inicio del proyecto, sent\u00ed que iba a entrar al auditorio (el espacio del taller) para ver qu\u00e9 iba a pasar, para ver de qu\u00e9 se trataba la obra. Ten\u00eda poca seguridad y ninguna confianza, pero me sorprendi\u00f3 porque el gobierno colombiano funciona de manera diferente dentro y fuera de Colombia. Pens\u00e9 que los talleres ser\u00edan fr\u00edos, distantes, controlados, pero me sorprendi\u00f3 la calidez humana y la energ\u00eda relajada del grupo.<\/em><br \/><strong>\u00a9 Bajo la Piel (acr\u00f3nimo para mantener la anonimidad) \/ Tejiendo Vidas \/ Fotosynthesis, Espa\u00f1a<\/strong><\/h5>\n<p>[\/et_pb_text][et_pb_text _builder_version=&#8221;4.27.4&#8243; _module_preset=&#8221;default&#8221; text_font=&#8221;&#8211;et_global_body_font|300|||||||&#8221; text_font_size=&#8221;22px&#8221; text_line_height=&#8221;1.2em&#8221; global_colors_info=&#8221;{}&#8221;]<\/p>\n<h4><span>Los talleres fueron dise\u00f1ados y dirigidos por <a href=\"http:\/\/www.ingridguyon.com\" target=\"_blank\" rel=\"noopener\">Ingrid Guyon<\/a>, fot\u00f3grafa y facilitadora de <em>Fotosynthesis<\/em>, e <a href=\"https:\/\/isabella-marin.mystrikingly.com\/\">Isabella Mar\u00edn<\/a>, psic\u00f3loga colombiana que reside en Barcelona. El objetivo de los talleres era crear un espacio para la nutrici\u00f3n emocional-relacional, promover la creatividad y la autoestima, y ofrecer herramientas para el manejo de las emociones en situaciones dif\u00edciles. La metodolog\u00eda feminista de <a href=\"https:\/\/www.mujerdiaspora.com\/home\"><em>Mujer Di\u00e1spora<\/em><\/a>, liderada por mujeres colombianas de la di\u00e1spora, fue la base de <em>Tejiendo Vidas<\/em>. Esta metodolog\u00eda promueve la escucha activa de los testimonios individuales en un espacio colectivo seguro y acogedor, que luego se transforma en arte para fomentar la reparaci\u00f3n simb\u00f3lica. As\u00ed, los talleres fomentaron la escucha activa, ya que los participantes trabajaron colectivamente en la creaci\u00f3n de proyectos fotogr\u00e1ficos personales y los compartieron entre s\u00ed en los talleres en l\u00ednea, por correo electr\u00f3nico y a trav\u00e9s de Whatsapp.<\/span><\/h4>\n<p>[\/et_pb_text][\/et_pb_column][\/et_pb_row][et_pb_row _builder_version=&#8221;4.27.0&#8243; _module_preset=&#8221;default&#8221; global_colors_info=&#8221;{}&#8221;][et_pb_column type=&#8221;4_4&#8243; _builder_version=&#8221;4.27.0&#8243; _module_preset=&#8221;default&#8221; global_colors_info=&#8221;{}&#8221;][et_pb_text _builder_version=&#8221;4.27.0&#8243; _module_preset=&#8221;default&#8221; text_font=&#8221;&#8211;et_global_body_font|300|||||||&#8221; text_font_size=&#8221;22px&#8221; text_line_height=&#8221;1.2em&#8221; width=&#8221;100%&#8221; custom_padding=&#8221;|0px||||&#8221; global_colors_info=&#8221;{}&#8221;]<\/p>\n<h4><span>Al principio, trabajar en l\u00ednea fue un desaf\u00edo para los participantes y los facilitadores, pero encontraron varias formas de crear confianza y solidaridad, y los talleres se desarrollaron regularmente a medida que las conversaciones flu\u00edan y se formaban amistades profundas. La atenci\u00f3n se centr\u00f3 en desarrollar resiliencia para sanar, y los participantes combinaron sus antiguas fotograf\u00edas de Colombia con nuevas fotograf\u00edas de sus vidas en Espa\u00f1a para compartir experiencias dolorosas y crear una sensaci\u00f3n de un futuro m\u00e1s esperanzador. Cada participante estableci\u00f3 lo que quer\u00eda mostrar y contar. Adem\u00e1s de fotorreportajes, uno hizo un video y otro un poema, y recibieron apoyo personalizado para crear sus historias en el formato que desearan. Un proceso de consentimiento informado personalizado satisfac\u00eda las necesidades de anonimato individuales. El resultado final del proyecto fue el lanzamiento de una exposici\u00f3n en l\u00ednea y un sitio web que inclu\u00eda historias fotogr\u00e1ficas y testimonios de todos los participantes, as\u00ed como grabaciones de audio.<\/span><\/h4>\n<p>[\/et_pb_text][\/et_pb_column][\/et_pb_row][et_pb_row _builder_version=&#8221;4.27.0&#8243; _module_preset=&#8221;default&#8221; custom_padding=&#8221;4px|||||&#8221; global_colors_info=&#8221;{}&#8221;][et_pb_column type=&#8221;4_4&#8243; _builder_version=&#8221;4.27.0&#8243; _module_preset=&#8221;default&#8221; global_colors_info=&#8221;{}&#8221;][et_pb_image src=&#8221;https:\/\/imagingpeace.org\/wp-content\/uploads\/2024\/08\/Evaluation-hands.jpg&#8221; title_text=&#8221;Evaluation-hands&#8221; _builder_version=&#8221;4.27.0&#8243; _module_preset=&#8221;default&#8221; global_colors_info=&#8221;{}&#8221;][\/et_pb_image][et_pb_text _builder_version=&#8221;4.27.4&#8243; _module_preset=&#8221;default&#8221; text_font=&#8221;Actor|&#8211;et_global_body_font_weight|||||||&#8221; text_line_height=&#8221;1.8em&#8221; header_5_font=&#8221;Antic Slab|&#8211;et_global_heading_font_weight|||||||&#8221; header_5_font_size=&#8221;15px&#8221; custom_margin=&#8221;2px||||false|false&#8221; custom_padding=&#8221;|1px||||&#8221; global_colors_info=&#8221;{}&#8221;]<\/p>\n<h5 class=\"p1\" style=\"text-align: left;\"><strong>Manos de evaluaci\u00f3n<\/strong><\/h5>\n<h5 class=\"p1\" style=\"text-align: left;\"><strong><\/strong>Al final del proyecto, utilizamos visualizaci\u00f3n, meditaci\u00f3n y dibujo para reflexionar sobre el proyecto. Estas manos representan el final del proyecto. Las palabras incluyen: confianza, felicidad, positivismo, calma, familia, conexi\u00f3n, amor, empat\u00eda, gratitud <span>y unidad.<\/span><\/h5>\n<h5 class=\"p1\" style=\"text-align: left;\">.<\/h5>\n<h5 class=\"p1\" style=\"text-align: left;\"><strong>\u00a9 Tejiendo Vidas \/ Fotosynthesis, Espa\u00f1a y Colombia\u00a0<\/strong><\/h5>\n<p>&nbsp;<\/p>\n<p>[\/et_pb_text][\/et_pb_column][\/et_pb_row][et_pb_row column_structure=&#8221;1_5,3_5,1_5&#8243; _builder_version=&#8221;4.27.0&#8243; _module_preset=&#8221;default&#8221; background_color=&#8221;#EBEFE6&#8243; custom_margin=&#8221;33px|auto|61px|auto||&#8221; custom_padding=&#8221;91px|||||&#8221; global_colors_info=&#8221;{}&#8221;][et_pb_column type=&#8221;1_5&#8243; _builder_version=&#8221;4.27.0&#8243; _module_preset=&#8221;default&#8221; global_colors_info=&#8221;{}&#8221;][\/et_pb_column][et_pb_column type=&#8221;3_5&#8243; _builder_version=&#8221;4.27.0&#8243; _module_preset=&#8221;default&#8221; global_colors_info=&#8221;{}&#8221;][et_pb_testimonial author=&#8221;Claudia&#8221; job_title=&#8221;Participante de Teijendo Vidas &#8221; font_icon=&#8221;&#xf10e;||fa||900&#8243; use_icon_font_size=&#8221;on&#8221; _builder_version=&#8221;4.27.4&#8243; _module_preset=&#8221;default&#8221; body_font_size=&#8221;31px&#8221; body_line_height=&#8221;1.2em&#8221; author_font_size=&#8221;24px&#8221; author_line_height=&#8221;1.2em&#8221; custom_padding=&#8221;|0px||4px||&#8221; border_width_all=&#8221;0px&#8221; global_colors_info=&#8221;{}&#8221;]<\/p>\n<p style=\"text-align: center;\"><em>\u2018A veces nos olvidamos de compartir e interactuar con otras personas que tambi\u00e9n tienen muchas inquietudes y est\u00e1n en las mismas circunstancias; nos olvidamos de centrarnos en lo que tenemos en com\u00fan&#8217;.<\/em><\/p>\n<p>[\/et_pb_testimonial][\/et_pb_column][et_pb_column type=&#8221;1_5&#8243; _builder_version=&#8221;4.27.0&#8243; _module_preset=&#8221;default&#8221; global_colors_info=&#8221;{}&#8221;][\/et_pb_column][\/et_pb_row][et_pb_row column_structure=&#8221;1_4,1_2,1_4&#8243; _builder_version=&#8221;4.27.0&#8243; _module_preset=&#8221;default&#8221; width=&#8221;94%&#8221; max_width=&#8221;1476px&#8221; custom_padding=&#8221;5px|||||&#8221; global_colors_info=&#8221;{}&#8221;][et_pb_column type=&#8221;1_4&#8243; _builder_version=&#8221;4.27.0&#8243; _module_preset=&#8221;default&#8221; global_colors_info=&#8221;{}&#8221;][\/et_pb_column][et_pb_column type=&#8221;1_2&#8243; _builder_version=&#8221;4.27.0&#8243; _module_preset=&#8221;default&#8221; global_colors_info=&#8221;{}&#8221;][et_pb_image src=&#8221;https:\/\/imagingpeace.org\/wp-content\/uploads\/2024\/08\/Tejiendo-vidas-3-766&#215;1024.jpg&#8221; title_text=&#8221;Tejiendo-vidas-3&#8243; align=&#8221;center&#8221; _builder_version=&#8221;4.27.0&#8243; _module_preset=&#8221;default&#8221; global_colors_info=&#8221;{}&#8221;][\/et_pb_image][\/et_pb_column][et_pb_column type=&#8221;1_4&#8243; _builder_version=&#8221;4.27.0&#8243; _module_preset=&#8221;default&#8221; global_colors_info=&#8221;{}&#8221;][\/et_pb_column][\/et_pb_row][et_pb_row column_structure=&#8221;1_4,1_2,1_4&#8243; _builder_version=&#8221;4.27.0&#8243; _module_preset=&#8221;default&#8221; width=&#8221;94%&#8221; max_width=&#8221;1476px&#8221; custom_padding=&#8221;5px|||||&#8221; global_colors_info=&#8221;{}&#8221;][et_pb_column type=&#8221;1_4&#8243; _builder_version=&#8221;4.27.0&#8243; _module_preset=&#8221;default&#8221; global_colors_info=&#8221;{}&#8221;][\/et_pb_column][et_pb_column type=&#8221;1_2&#8243; _builder_version=&#8221;4.27.0&#8243; _module_preset=&#8221;default&#8221; global_colors_info=&#8221;{}&#8221;][et_pb_text _builder_version=&#8221;4.27.4&#8243; _module_preset=&#8221;default&#8221; text_font=&#8221;Actor|&#8211;et_global_body_font_weight|||||||&#8221; text_line_height=&#8221;1.8em&#8221; header_5_font=&#8221;Antic Slab|&#8211;et_global_heading_font_weight|||||||&#8221; header_5_font_size=&#8221;15px&#8221; custom_margin=&#8221;2px||||false|false&#8221; custom_padding=&#8221;|26px||58px||&#8221; global_colors_info=&#8221;{}&#8221;]<\/p>\n<h5><strong>\u2018Mi tatuaje\u2019<\/strong><br \/>El le\u00f3n es como la fuerza, ser valiente y no dejarme frenar por nada a pesar de las adversidades. La flecha es la que quiero seguir, no s\u00e9 d\u00f3nde termina, tiene un infinito. Quiero seguir con esa fuerza, con esas ganas de luchar y seguir adelante, pero con valent\u00eda. Soy la m\u00e1s peque\u00f1a, pero la m\u00e1s fuerte. Hay momentos en los que olvido que soy fuerte, pero nos pasa a todos; eso es totalmente humano y hay que aceptarlo. No te castigues. Somos seres humanos, no somos m\u00e1quinas, tenemos emociones, tenemos coraz\u00f3n y tenemos que encontrar el equilibrio, como ese p\u00e9ndulo del tatuaje. A pesar de todo lo que nos ha pasado, tenemos la fuerza para seguir luchando por algo que queremos.<\/h5>\n<h5><strong>\u00a9 Nancy \/ Tejiendo Vidas \/ Fotosynthesis, Espa\u00f1a <\/strong><\/h5>\n<p>[\/et_pb_text][\/et_pb_column][et_pb_column type=&#8221;1_4&#8243; _builder_version=&#8221;4.27.0&#8243; _module_preset=&#8221;default&#8221; global_colors_info=&#8221;{}&#8221;][\/et_pb_column][\/et_pb_row][et_pb_row _builder_version=&#8221;4.27.4&#8243; _module_preset=&#8221;default&#8221; global_colors_info=&#8221;{}&#8221;][et_pb_column type=&#8221;4_4&#8243; _builder_version=&#8221;4.27.4&#8243; _module_preset=&#8221;default&#8221; global_colors_info=&#8221;{}&#8221;][et_pb_menu menu_id=&#8221;10&#8243; menu_style=&#8221;centered&#8221; active_link_color=&#8221;#E09900&#8243; _builder_version=&#8221;4.27.0&#8243; _module_preset=&#8221;default&#8221; menu_font=&#8221;|||on|||||&#8221; menu_text_color=&#8221;#000000&#8243; global_colors_info=&#8221;{}&#8221; menu_font_size__hover_enabled=&#8221;off|desktop&#8221;][\/et_pb_menu][\/et_pb_column][\/et_pb_row][\/et_pb_section]<\/p>\n","protected":false},"excerpt":{"rendered":"<p>PROJECTS | ENGLISH\u00a0 |\u00a0 ESPA\u00d1OL\u00a0 |\u00a0 FRAN\u00c7AISTejiendo Vidas (ES)Pa\u00edses: Espa\u00f1a y Colombia Participantes: V\u00edctimas exiliadas del conflicto colombiano P\u00e1gina web\u2018Florecimiento\u2019Uno de esos d\u00edas grises sal\u00ed a caminar, un d\u00eda en el que te sientes triste y melanc\u00f3lico, en el que te acuerdas de todos tus seres queridos. Caminando por una calle desierta, me encontr\u00e9 con [&hellip;]<\/p>\n","protected":false},"author":1,"featured_media":0,"parent":0,"menu_order":0,"comment_status":"closed","ping_status":"closed","template":"","meta":{"_et_pb_use_builder":"on","_et_pb_old_content":"<!-- wp:divi\/placeholder \/-->","_et_gb_content_width":"","footnotes":""},"class_list":["post-1332","page","type-page","status-publish","hentry"],"acf":[],"_links":{"self":[{"href":"https:\/\/imagingpeace.org\/index.php\/wp-json\/wp\/v2\/pages\/1332","targetHints":{"allow":["GET"]}}],"collection":[{"href":"https:\/\/imagingpeace.org\/index.php\/wp-json\/wp\/v2\/pages"}],"about":[{"href":"https:\/\/imagingpeace.org\/index.php\/wp-json\/wp\/v2\/types\/page"}],"author":[{"embeddable":true,"href":"https:\/\/imagingpeace.org\/index.php\/wp-json\/wp\/v2\/users\/1"}],"replies":[{"embeddable":true,"href":"https:\/\/imagingpeace.org\/index.php\/wp-json\/wp\/v2\/comments?post=1332"}],"version-history":[{"count":9,"href":"https:\/\/imagingpeace.org\/index.php\/wp-json\/wp\/v2\/pages\/1332\/revisions"}],"predecessor-version":[{"id":2222,"href":"https:\/\/imagingpeace.org\/index.php\/wp-json\/wp\/v2\/pages\/1332\/revisions\/2222"}],"wp:attachment":[{"href":"https:\/\/imagingpeace.org\/index.php\/wp-json\/wp\/v2\/media?parent=1332"}],"curies":[{"name":"wp","href":"https:\/\/api.w.org\/{rel}","templated":true}]}}