{"id":1330,"date":"2024-12-17T12:20:10","date_gmt":"2024-12-17T12:20:10","guid":{"rendered":"https:\/\/imagingpeace.org\/?page_id=1330"},"modified":"2025-01-16T22:59:18","modified_gmt":"2025-01-16T22:59:18","slug":"tafos-es","status":"publish","type":"page","link":"https:\/\/imagingpeace.org\/index.php\/tafos-es\/","title":{"rendered":"TAFOS ES"},"content":{"rendered":"<p>[et_pb_section fb_built=&#8221;1&#8243; _builder_version=&#8221;4.27.0&#8243; _module_preset=&#8221;default&#8221; custom_padding=&#8221;||7px|||&#8221; locked=&#8221;off&#8221; global_colors_info=&#8221;{}&#8221;][et_pb_row _builder_version=&#8221;4.27.0&#8243; _module_preset=&#8221;default&#8221; custom_margin=&#8221;|auto|-5px|auto||&#8221; global_colors_info=&#8221;{}&#8221;][et_pb_column type=&#8221;4_4&#8243; _builder_version=&#8221;4.27.0&#8243; _module_preset=&#8221;default&#8221; global_colors_info=&#8221;{}&#8221;][et_pb_text _builder_version=&#8221;4.27.4&#8243; _module_preset=&#8221;default&#8221; hover_enabled=&#8221;0&#8243; locked=&#8221;off&#8221; global_colors_info=&#8221;{}&#8221; sticky_enabled=&#8221;0&#8243;]<\/p>\n<p><a href=\"https:\/\/imagingpeace.org\/index.php\/peace-photography-projects\/\">PROJECTS<\/a> |<a href=\"https:\/\/imagingpeace.org\/index.php\/tafos\/\"> ENGLISH<\/a>\u00a0 |\u00a0 <a href=\"https:\/\/imagingpeace.org\/index.php\/tafos-es\/\" title=\"Esp\">ESPA\u00d1OL<\/a>\u00a0 |\u00a0 <a href=\"https:\/\/imagingpeace.org\/index.php\/tafos-fr\/\">FRAN\u00c7AIS<\/a><\/p>\n<p>[\/et_pb_text][et_pb_text admin_label=&#8221;Title&#8221; _builder_version=&#8221;4.27.0&#8243; _module_preset=&#8221;default&#8221; header_font_size=&#8221;54px&#8221; custom_margin=&#8221;||8px||false|false&#8221; global_colors_info=&#8221;{}&#8221;]<\/p>\n<h1 style=\"text-align: left;\"><strong>TAFOS (ES)<\/strong><\/h1>\n<p>[\/et_pb_text][et_pb_text admin_label=&#8221;Title&#8221; _builder_version=&#8221;4.27.4&#8243; _module_preset=&#8221;default&#8221; header_3_font_size=&#8221;24px&#8221; header_3_line_height=&#8221;0.8em&#8221; global_colors_info=&#8221;{}&#8221;]<\/p>\n<h3>Pa\u00eds: <strong>Per\u00fa<\/strong><\/h3>\n<h3>Participantes:<strong> Fot\u00f3grafos comunitarios<\/strong><\/h3>\n<h3><a href=\"https:\/\/www.instagram.com\/tafospucp\/\" target=\"_blank\" rel=\"noopener\">P\u00e1gina\u00a0web<\/a><\/h3>\n<p>[\/et_pb_text][\/et_pb_column][\/et_pb_row][et_pb_row _builder_version=&#8221;4.27.0&#8243; _module_preset=&#8221;default&#8221; width=&#8221;100%&#8221; max_width=&#8221;1700px&#8221; custom_padding=&#8221;2px||1px|||&#8221; global_colors_info=&#8221;{}&#8221;][et_pb_column type=&#8221;4_4&#8243; _builder_version=&#8221;4.27.0&#8243; _module_preset=&#8221;default&#8221; global_colors_info=&#8221;{}&#8221;][et_pb_slider _builder_version=&#8221;4.27.0&#8243; _module_preset=&#8221;default&#8221; custom_margin=&#8221;||18px|||&#8221; custom_padding=&#8221;||698px|||&#8221; global_colors_info=&#8221;{}&#8221;][et_pb_slide _builder_version=&#8221;4.27.0&#8243; _module_preset=&#8221;default&#8221; background_color=&#8221;#969696&#8243; background_enable_color=&#8221;on&#8221; background_image=&#8221;https:\/\/imagingpeace.org\/wp-content\/uploads\/2024\/08\/YN253-21.jpg&#8221; background_enable_image=&#8221;on&#8221; background_position=&#8221;top_center&#8221; width=&#8221;100%&#8221; width_tablet=&#8221;100%&#8221; width_phone=&#8221;0%&#8221; width_last_edited=&#8221;on|phone&#8221; max_width_tablet=&#8221;&#8221; max_width_phone=&#8221;100%&#8221; max_width_last_edited=&#8221;on|phone&#8221; global_colors_info=&#8221;{}&#8221; sticky_transition=&#8221;on&#8221;][\/et_pb_slide][\/et_pb_slider][\/et_pb_column][\/et_pb_row][et_pb_row _builder_version=&#8221;4.27.0&#8243; _module_preset=&#8221;default&#8221; custom_margin=&#8221;-3px|auto||auto||&#8221; custom_padding=&#8221;1px||5px|||&#8221; global_colors_info=&#8221;{}&#8221;][et_pb_column type=&#8221;4_4&#8243; _builder_version=&#8221;4.27.0&#8243; _module_preset=&#8221;default&#8221; global_colors_info=&#8221;{}&#8221;][et_pb_text _builder_version=&#8221;4.27.4&#8243; _module_preset=&#8221;default&#8221; text_font=&#8221;Actor|&#8211;et_global_body_font_weight|||||||&#8221; text_line_height=&#8221;1.8em&#8221; header_5_font=&#8221;Antic Slab|&#8211;et_global_heading_font_weight|||||||&#8221; header_5_font_size=&#8221;15px&#8221; custom_margin=&#8221;2px||||false|false&#8221; custom_padding=&#8221;2px|0px||58px||&#8221; global_colors_info=&#8221;{}&#8221;]<\/p>\n<h5 style=\"text-align: right;\">Los hombres preparan las cuerdas para conseguir un grosor consistente para la construcci\u00f3n del puente Q&#8217;eswachaka.<br \/><strong>\u00a9 Nieves Callasi, Taller Yanaoca\/ TAFOS<\/strong><\/h5>\n<p>[\/et_pb_text][\/et_pb_column][\/et_pb_row][et_pb_row _builder_version=&#8221;4.27.0&#8243; _module_preset=&#8221;default&#8221; custom_padding=&#8221;24px||6px|||&#8221; global_colors_info=&#8221;{}&#8221;][et_pb_column type=&#8221;4_4&#8243; _builder_version=&#8221;4.27.0&#8243; _module_preset=&#8221;default&#8221; global_colors_info=&#8221;{}&#8221;][et_pb_text _builder_version=&#8221;4.27.0&#8243; _module_preset=&#8221;default&#8221; text_font=&#8221;&#8211;et_global_body_font|300|||||||&#8221; text_font_size=&#8221;22px&#8221; text_line_height=&#8221;1.2em&#8221; width=&#8221;100%&#8221; custom_padding=&#8221;|0px||||&#8221; global_colors_info=&#8221;{}&#8221;]<\/p>\n<p><em><a href=\"https:\/\/www.instagram.com\/p\/DEfnNEpP9sW\/\">Talleres de Fotograf\u00eda Social (TAFOS<\/a>)<\/em> fue un proyecto pionero de fotograf\u00eda comunitaria que se desarroll\u00f3 entre 1986 y 1998. Sus a\u00f1os de mayor actividad coincidieron con el conflicto interno del Per\u00fa. Trabajando en conjunto con sindicatos, grupos de j\u00f3venes, cooperativas agr\u00edcolas y muchos otros grupos comunitarios, TAFOS apoy\u00f3 talleres para m\u00e1s de 270 fot\u00f3grafos comunitarios de 30 comunidades de todo el pa\u00eds. Estos fot\u00f3grafos utilizaron la c\u00e1mara como herramienta para apoyar la resistencia no violenta y la organizaci\u00f3n comunitaria en medio del conflicto.\u00a0<\/p>\n<p>Durante los a\u00f1os del conflicto peruano, el grupo guerrillero mao\u00edsta Sendero Luminoso y su rival, el grupo marxista-leninista Movimiento Revolucionario T\u00fapac Amaru (MRTA), libraron una feroz insurgencia revolucionaria contra el Estado peruano mientras el pa\u00eds sufr\u00eda un grave colapso econ\u00f3mico que vio a muchos sumidos en la pobreza. Dado que ambos bandos emplearon t\u00e1cticas terroristas brutales, gran parte de los combates tuvo lugar en las regiones andinas, afectando dr\u00e1sticamente las vidas de las comunidades ind\u00edgenas rurales que sufrieron desproporcionadamente los abusos, asesinatos y desapariciones. Muchos peruanos comunes y corrientes se encontraron atrapados en el fuego cruzado a medida que aumentaba la violencia. Los civiles trabajaron juntos para defenderse, protegerse y organizarse contra la violencia, la inseguridad y las privaciones econ\u00f3micas. Un movimiento popular pr\u00f3spero cre\u00f3 redes de apoyo desde abajo y salvavidas para muchos. Fue en este contexto que surgi\u00f3 <em>TAFOS.<\/em><\/p>\n<p>[\/et_pb_text][et_pb_image src=&#8221;https:\/\/imagingpeace.org\/wp-content\/uploads\/2024\/08\/AY236-22-1024&#215;683.jpg&#8221; title_text=&#8221;AY236-22&#8243; align=&#8221;center&#8221; _builder_version=&#8221;4.27.0&#8243; _module_preset=&#8221;default&#8221; global_colors_info=&#8221;{}&#8221;][\/et_pb_image][\/et_pb_column][\/et_pb_row][et_pb_row _builder_version=&#8221;4.27.0&#8243; _module_preset=&#8221;default&#8221; custom_padding=&#8221;1px|||||&#8221; global_colors_info=&#8221;{}&#8221;][et_pb_column type=&#8221;4_4&#8243; _builder_version=&#8221;4.27.0&#8243; _module_preset=&#8221;default&#8221; global_colors_info=&#8221;{}&#8221;][et_pb_text _builder_version=&#8221;4.27.4&#8243; _module_preset=&#8221;default&#8221; text_font=&#8221;Actor|&#8211;et_global_body_font_weight|||||||&#8221; text_line_height=&#8221;1.8em&#8221; header_5_font=&#8221;Antic Slab|&#8211;et_global_heading_font_weight|||||||&#8221; header_5_font_size=&#8221;15px&#8221; custom_margin=&#8221;2px||||false|false&#8221; custom_padding=&#8221;|29px||0px||&#8221; global_colors_info=&#8221;{}&#8221;]<\/p>\n<h5 style=\"text-align: right;\">Hombres y mujeres jugando.<br \/><strong>\u00a9 Sebastian Turpo, Taller Ayaviri \/ TAFOS<\/strong><\/h5>\n<p>[\/et_pb_text][\/et_pb_column][\/et_pb_row][et_pb_row column_structure=&#8221;1_2,1_2&#8243; _builder_version=&#8221;4.27.0&#8243; _module_preset=&#8221;default&#8221; global_colors_info=&#8221;{}&#8221;][et_pb_column type=&#8221;1_2&#8243; _builder_version=&#8221;4.27.0&#8243; _module_preset=&#8221;default&#8221; global_colors_info=&#8221;{}&#8221;][et_pb_text _builder_version=&#8221;4.27.0&#8243; _module_preset=&#8221;default&#8221; text_font=&#8221;&#8211;et_global_body_font|300|||||||&#8221; text_font_size=&#8221;22px&#8221; text_line_height=&#8221;1.2em&#8221; global_colors_info=&#8221;{}&#8221;]<\/p>\n<p>El primer taller de<em> TAFOS<\/em> surgi\u00f3 porque un l\u00edder local, Gregorio Condori, le pregunt\u00f3 a un fot\u00f3grafo alem\u00e1n y a su esposa, Thomas y Helga M\u00fcller, que hab\u00edan estado trabajando en su comunidad de Ocongate, cerca de Cusco, si pod\u00eda pedir prestada una c\u00e1mara para grabar pruebas contra un juez que exig\u00eda un soborno. Posteriormente, Condori y M\u00fcller sugirieron al Comit\u00e9 de Derechos Humanos de Ocongate realizar talleres de fotograf\u00eda para que m\u00e1s de sus miembros pudieran actuar como fot\u00f3grafos comunitarios. Siguieron muchos otros talleres a medida que m\u00e1s grupos comunitarios se acercaron a TAFOS con ganas de aprender fotograf\u00eda: colectivos campesinos en las regiones andinas como Ayacucho; sindicatos mineros en Jun\u00edn; grupos de j\u00f3venes y mujeres, estudiantes y otras organizaciones comunitarias en los barrios marginales de las principales ciudades del Per\u00fa y comunidades afroperuanas en la costa.<\/p>\n<p>Los fot\u00f3grafos de <em>TAFOS<\/em> eran miembros activos de organizaciones de base comprometidas con el aprendizaje de la fotograf\u00eda como herramienta para comunicarse con los dem\u00e1s. Documentaron las condiciones de trabajo, la agitaci\u00f3n pol\u00edtica, la movilizaci\u00f3n de base y la vida comunitaria cotidiana durante un per\u00edodo turbulento de la historia peruana, utilizando la fotograf\u00eda para reforzar la resistencia y la resiliencia de la comunidad frente a la violencia y el conflicto. <em>TAFOS <\/em>proporcion\u00f3 capacitaci\u00f3n fotogr\u00e1fica b\u00e1sica, equipos, carretes, servicios de revelado e impresi\u00f3n a los grupos comunitarios que dirigir\u00edan y liderar\u00edan sus actividades fotogr\u00e1ficas. Los talleres comenzaron a disminuir a partir de 1993 cuando el cambiante panorama pol\u00edtico redujo la demanda. Un archivo de m\u00e1s de 150.000 im\u00e1genes TAFOS se encuentra en la Pontificia Universidad Cat\u00f3lica del Per\u00fa en Lima, donde contin\u00faa siendo utilizado por investigadores y estudiantes.<\/p>\n<p>[\/et_pb_text][\/et_pb_column][et_pb_column type=&#8221;1_2&#8243; _builder_version=&#8221;4.27.0&#8243; _module_preset=&#8221;default&#8221; global_colors_info=&#8221;{}&#8221;][et_pb_text _builder_version=&#8221;4.27.0&#8243; _module_preset=&#8221;default&#8221; custom_margin=&#8221;39px||||false|false&#8221; custom_padding=&#8221;||0px|||&#8221; global_colors_info=&#8221;{}&#8221;]<\/p>\n<p><img loading=\"lazy\" decoding=\"async\" src=\"https:\/\/imagingpeace.org\/wp-content\/uploads\/2024\/08\/MO317-14A-copia-683x1024.jpg\" width=\"683\" height=\"1024\" alt=\"\" class=\"wp-image-673 alignnone size-large\" \/><\/p>\n<p>[\/et_pb_text][\/et_pb_column][\/et_pb_row][et_pb_row _builder_version=&#8221;4.27.0&#8243; _module_preset=&#8221;default&#8221; custom_padding=&#8221;4px||0px|||&#8221; global_colors_info=&#8221;{}&#8221;][et_pb_column type=&#8221;4_4&#8243; _builder_version=&#8221;4.27.0&#8243; _module_preset=&#8221;default&#8221; global_colors_info=&#8221;{}&#8221;][et_pb_text _builder_version=&#8221;4.27.4&#8243; _module_preset=&#8221;default&#8221; text_font=&#8221;Actor|&#8211;et_global_body_font_weight|||||||&#8221; text_line_height=&#8221;1.8em&#8221; header_5_font=&#8221;Antic Slab|&#8211;et_global_heading_font_weight|||||||&#8221; header_5_font_size=&#8221;15px&#8221; custom_margin=&#8221;2px||||false|false&#8221; custom_padding=&#8221;|23px||||&#8221; global_colors_info=&#8221;{}&#8221;]<\/p>\n<h5 class=\"p1\" style=\"text-align: right;\">Protestade mineros con fotograf\u00edas.<br \/><strong>\u00a9 Felix Asto, Taller Morococho \/ TAFOS<\/strong><\/h5>\n<p>[\/et_pb_text][et_pb_image src=&#8221;https:\/\/imagingpeace.org\/wp-content\/uploads\/2024\/08\/CU11-23A-copia-scaled.jpg&#8221; title_text=&#8221;CU11-23A copia&#8221; align=&#8221;center&#8221; _builder_version=&#8221;4.27.0&#8243; _module_preset=&#8221;default&#8221; custom_margin=&#8221;20px|||||&#8221; global_colors_info=&#8221;{}&#8221;][\/et_pb_image][et_pb_text _builder_version=&#8221;4.27.4&#8243; _module_preset=&#8221;default&#8221; custom_padding=&#8221;0px|||||&#8221; global_colors_info=&#8221;{}&#8221;]<\/p>\n<h5 class=\"p1\" style=\"text-align: right;\"><strong>\u00a9 Desconocido \/ TAFOS<\/strong><\/h5>\n<p>[\/et_pb_text][\/et_pb_column][\/et_pb_row][et_pb_row column_structure=&#8221;1_5,3_5,1_5&#8243; _builder_version=&#8221;4.27.0&#8243; _module_preset=&#8221;default&#8221; background_color=&#8221;#EBEFE6&#8243; custom_margin=&#8221;33px|auto|61px|auto||&#8221; custom_padding=&#8221;91px|||||&#8221; global_colors_info=&#8221;{}&#8221;][et_pb_column type=&#8221;1_5&#8243; _builder_version=&#8221;4.27.0&#8243; _module_preset=&#8221;default&#8221; global_colors_info=&#8221;{}&#8221;][\/et_pb_column][et_pb_column type=&#8221;3_5&#8243; _builder_version=&#8221;4.27.0&#8243; _module_preset=&#8221;default&#8221; global_colors_info=&#8221;{}&#8221;][et_pb_testimonial author=&#8221;TAFOS&#8221; job_title=&#8221;Declaraci\u00f3n 1991&#8243; font_icon=&#8221;&#xf10e;||fa||900&#8243; use_icon_font_size=&#8221;on&#8221; _builder_version=&#8221;4.27.4&#8243; _module_preset=&#8221;default&#8221; body_font_size=&#8221;31px&#8221; body_line_height=&#8221;1.2em&#8221; author_font_size=&#8221;24px&#8221; author_line_height=&#8221;1.2em&#8221; custom_padding=&#8221;|0px||4px||&#8221; border_width_all=&#8221;0px&#8221; global_colors_info=&#8221;{}&#8221;]<\/p>\n<p style=\"text-align: center;\"><em>&#8216;Una de las formas de crear un nuevo orden social en un pa\u00eds fragmentado es que la gente reconstruya su imagen, su rostro, sus palabras\u2026 Fue de este drama y de la necesidad de recuperar su propia imagen que surgi\u00f3 el proyecto TAFOS\u2026 Esta fotograf\u00eda de contexto no es un fin sino un medio: de identificaci\u00f3n local, sectorial y nacional, un medio para denunciar por un lado y un arma de confrontaci\u00f3n ideol\u00f3gica y de recuperaci\u00f3n del derecho a la identidad y a la diferencia por el otro&#8217;.<\/em><\/p>\n<p>[\/et_pb_testimonial][\/et_pb_column][et_pb_column type=&#8221;1_5&#8243; _builder_version=&#8221;4.27.0&#8243; _module_preset=&#8221;default&#8221; global_colors_info=&#8221;{}&#8221;][\/et_pb_column][\/et_pb_row][\/et_pb_section][et_pb_section fb_built=&#8221;1&#8243; _builder_version=&#8221;4.27.0&#8243; _module_preset=&#8221;default&#8221; global_colors_info=&#8221;{}&#8221;][et_pb_row _builder_version=&#8221;4.27.0&#8243; _module_preset=&#8221;default&#8221; custom_margin=&#8221;-30px|auto||auto||&#8221; global_colors_info=&#8221;{}&#8221;][et_pb_column type=&#8221;4_4&#8243; _builder_version=&#8221;4.27.0&#8243; _module_preset=&#8221;default&#8221; global_colors_info=&#8221;{}&#8221;][et_pb_image src=&#8221;https:\/\/imagingpeace.org\/wp-content\/uploads\/2024\/08\/MS80-03-copia-scaled.jpg&#8221; title_text=&#8221;MS80-03 copia&#8221; _builder_version=&#8221;4.27.0&#8243; _module_preset=&#8221;default&#8221; custom_margin=&#8221;||17px|||&#8221; global_colors_info=&#8221;{}&#8221;][\/et_pb_image][et_pb_text _builder_version=&#8221;4.27.4&#8243; _module_preset=&#8221;default&#8221; text_font=&#8221;Actor|&#8211;et_global_body_font_weight|||||||&#8221; text_line_height=&#8221;1.8em&#8221; header_5_font=&#8221;Antic Slab|&#8211;et_global_heading_font_weight|||||||&#8221; header_5_font_size=&#8221;15px&#8221; custom_margin=&#8221;2px||||false|false&#8221; custom_padding=&#8221;|23px||||&#8221; global_colors_info=&#8221;{}&#8221;]<\/p>\n<h5 style=\"text-align: right;\">Bia (mi perra labradora) a la orilla del mar, Playa Pulpos.<\/h5>\n<h5 style=\"text-align: right;\">.<br \/><strong>\u00a9 Luis Garcia, Talleres de m\u00fasicos \/ TAFOS<\/strong><\/h5>\n<p>[\/et_pb_text][\/et_pb_column][\/et_pb_row][\/et_pb_section][et_pb_section fb_built=&#8221;1&#8243; fullwidth=&#8221;on&#8221; _builder_version=&#8221;4.27.0&#8243; _module_preset=&#8221;default&#8221; global_colors_info=&#8221;{}&#8221;][et_pb_fullwidth_image src=&#8221;https:\/\/imagingpeace.org\/wp-content\/uploads\/2024\/08\/YN222-43A-copia-scaled.jpg&#8221; title_text=&#8221;YN222-43A copia&#8221; _builder_version=&#8221;4.27.0&#8243; _module_preset=&#8221;default&#8221; global_colors_info=&#8221;{}&#8221;][\/et_pb_fullwidth_image][\/et_pb_section][et_pb_section fb_built=&#8221;1&#8243; _builder_version=&#8221;4.27.0&#8243; _module_preset=&#8221;default&#8221; global_colors_info=&#8221;{}&#8221;][et_pb_row _builder_version=&#8221;4.27.0&#8243; _module_preset=&#8221;default&#8221; global_colors_info=&#8221;{}&#8221;][et_pb_column type=&#8221;4_4&#8243; _builder_version=&#8221;4.27.0&#8243; _module_preset=&#8221;default&#8221; global_colors_info=&#8221;{}&#8221;][et_pb_text _builder_version=&#8221;4.27.4&#8243; _module_preset=&#8221;default&#8221; text_font=&#8221;Actor|&#8211;et_global_body_font_weight|||||||&#8221; text_line_height=&#8221;1.8em&#8221; header_5_font=&#8221;Antic Slab|&#8211;et_global_heading_font_weight|||||||&#8221; header_5_font_size=&#8221;15px&#8221; custom_margin=&#8221;-30px||||false|false&#8221; custom_padding=&#8221;|29px||0px||&#8221; global_colors_info=&#8221;{}&#8221;]<\/p>\n<h5 style=\"text-align: right;\">Mirando al peri\u00f3dico de TAFOS.<br \/><strong>\u00a9 Nicacio Chiara, Taller Yanaoca \/ TAFOS<\/strong><\/h5>\n<p>[\/et_pb_text][\/et_pb_column][\/et_pb_row][\/et_pb_section][et_pb_section fb_built=&#8221;1&#8243; fullwidth=&#8221;on&#8221; _builder_version=&#8221;4.27.0&#8243; _module_preset=&#8221;default&#8221; global_colors_info=&#8221;{}&#8221;][et_pb_fullwidth_image src=&#8221;https:\/\/imagingpeace.org\/wp-content\/uploads\/2024\/08\/OC30-15-copia-scaled.jpg&#8221; title_text=&#8221;OC30-15 copia&#8221; _builder_version=&#8221;4.27.0&#8243; _module_preset=&#8221;default&#8221; global_colors_info=&#8221;{}&#8221;][\/et_pb_fullwidth_image][\/et_pb_section][et_pb_section fb_built=&#8221;1&#8243; _builder_version=&#8221;4.27.0&#8243; _module_preset=&#8221;default&#8221; custom_padding=&#8221;||6px|||&#8221; global_colors_info=&#8221;{}&#8221;][et_pb_row _builder_version=&#8221;4.27.0&#8243; _module_preset=&#8221;default&#8221; min_height=&#8221;160px&#8221; custom_margin=&#8221;-38px|auto|-33px|auto||&#8221; custom_padding=&#8221;1px||3px|||&#8221; global_colors_info=&#8221;{}&#8221;][et_pb_column type=&#8221;4_4&#8243; _builder_version=&#8221;4.27.0&#8243; _module_preset=&#8221;default&#8221; global_colors_info=&#8221;{}&#8221;][et_pb_text _builder_version=&#8221;4.27.4&#8243; _module_preset=&#8221;default&#8221; text_font=&#8221;Actor|&#8211;et_global_body_font_weight|||||||&#8221; text_line_height=&#8221;1.8em&#8221; header_5_font=&#8221;Antic Slab|&#8211;et_global_heading_font_weight|||||||&#8221; header_5_font_size=&#8221;15px&#8221; custom_margin=&#8221;2px||||false|false&#8221; custom_padding=&#8221;|23px||||&#8221; global_colors_info=&#8221;{}&#8221;]<\/p>\n<h5 class=\"p1\" style=\"text-align: right;\">Las fotograf\u00edas tomadas por los miembros de TAFOS circularon activamente dentro de las comunidades que las produjeron, cumpliendo diversos roles sociales. En esta imagen vemos a un miembro de la comunidad preparando un panel que exhibe fotograf\u00edas.<\/h5>\n<h5 class=\"p1\" style=\"text-align: right;\"><strong>\u00a9 Serapio Verduzco, Taller Ocongate\/TAFOS<\/strong><\/h5>\n<p>[\/et_pb_text][et_pb_menu menu_id=&#8221;10&#8243; menu_style=&#8221;centered&#8221; active_link_color=&#8221;#E09900&#8243; _builder_version=&#8221;4.27.0&#8243; _module_preset=&#8221;default&#8221; menu_font=&#8221;|||on|||||&#8221; menu_text_color=&#8221;#000000&#8243; global_colors_info=&#8221;{}&#8221; menu_font_size__hover_enabled=&#8221;off|desktop&#8221;][\/et_pb_menu][et_pb_text _builder_version=&#8221;4.27.4&#8243; _module_preset=&#8221;default&#8221; global_colors_info=&#8221;{}&#8221;][\/et_pb_text][\/et_pb_column][\/et_pb_row][et_pb_row _builder_version=&#8221;4.27.4&#8243; _module_preset=&#8221;default&#8221; global_colors_info=&#8221;{}&#8221;][et_pb_column type=&#8221;4_4&#8243; _builder_version=&#8221;4.27.4&#8243; _module_preset=&#8221;default&#8221; global_colors_info=&#8221;{}&#8221;][\/et_pb_column][\/et_pb_row][et_pb_row _builder_version=&#8221;4.27.0&#8243; _module_preset=&#8221;default&#8221; min_height=&#8221;160px&#8221; custom_margin=&#8221;-38px|auto|-33px|auto||&#8221; custom_padding=&#8221;1px||3px|||&#8221; global_colors_info=&#8221;{}&#8221;][et_pb_column type=&#8221;4_4&#8243; _builder_version=&#8221;4.27.0&#8243; _module_preset=&#8221;default&#8221; global_colors_info=&#8221;{}&#8221;][et_pb_text _builder_version=&#8221;4.27.4&#8243; _module_preset=&#8221;default&#8221; text_font=&#8221;Actor|&#8211;et_global_body_font_weight|||||||&#8221; text_line_height=&#8221;1.8em&#8221; header_5_font=&#8221;Antic Slab|&#8211;et_global_heading_font_weight|||||||&#8221; header_5_font_size=&#8221;15px&#8221; custom_margin=&#8221;2px||||false|false&#8221; custom_padding=&#8221;|23px||||&#8221; global_colors_info=&#8221;{}&#8221;][\/et_pb_text][et_pb_text _builder_version=&#8221;4.27.4&#8243; _module_preset=&#8221;default&#8221; global_colors_info=&#8221;{}&#8221;][\/et_pb_text][\/et_pb_column][\/et_pb_row][\/et_pb_section]<\/p>\n","protected":false},"excerpt":{"rendered":"<p>PROJECTS | ENGLISH\u00a0 |\u00a0 ESPA\u00d1OL\u00a0 |\u00a0 FRAN\u00c7AISTAFOS (ES)Pa\u00eds: Per\u00fa Participantes: Fot\u00f3grafos comunitarios P\u00e1gina\u00a0webLos hombres preparan las cuerdas para conseguir un grosor consistente para la construcci\u00f3n del puente Q&#8217;eswachaka.\u00a9 Nieves Callasi, Taller Yanaoca\/ TAFOSTalleres de Fotograf\u00eda Social (TAFOS) fue un proyecto pionero de fotograf\u00eda comunitaria que se desarroll\u00f3 entre 1986 y 1998. Sus a\u00f1os de mayor [&hellip;]<\/p>\n","protected":false},"author":1,"featured_media":0,"parent":0,"menu_order":0,"comment_status":"closed","ping_status":"closed","template":"","meta":{"_et_pb_use_builder":"on","_et_pb_old_content":"<!-- wp:divi\/placeholder \/-->","_et_gb_content_width":"","footnotes":""},"class_list":["post-1330","page","type-page","status-publish","hentry"],"acf":[],"_links":{"self":[{"href":"https:\/\/imagingpeace.org\/index.php\/wp-json\/wp\/v2\/pages\/1330","targetHints":{"allow":["GET"]}}],"collection":[{"href":"https:\/\/imagingpeace.org\/index.php\/wp-json\/wp\/v2\/pages"}],"about":[{"href":"https:\/\/imagingpeace.org\/index.php\/wp-json\/wp\/v2\/types\/page"}],"author":[{"embeddable":true,"href":"https:\/\/imagingpeace.org\/index.php\/wp-json\/wp\/v2\/users\/1"}],"replies":[{"embeddable":true,"href":"https:\/\/imagingpeace.org\/index.php\/wp-json\/wp\/v2\/comments?post=1330"}],"version-history":[{"count":9,"href":"https:\/\/imagingpeace.org\/index.php\/wp-json\/wp\/v2\/pages\/1330\/revisions"}],"predecessor-version":[{"id":1709,"href":"https:\/\/imagingpeace.org\/index.php\/wp-json\/wp\/v2\/pages\/1330\/revisions\/1709"}],"wp:attachment":[{"href":"https:\/\/imagingpeace.org\/index.php\/wp-json\/wp\/v2\/media?parent=1330"}],"curies":[{"name":"wp","href":"https:\/\/api.w.org\/{rel}","templated":true}]}}