{"id":1329,"date":"2024-12-17T12:20:00","date_gmt":"2024-12-17T12:20:00","guid":{"rendered":"https:\/\/imagingpeace.org\/?page_id=1329"},"modified":"2025-01-18T12:52:26","modified_gmt":"2025-01-18T12:52:26","slug":"still-doing-life-fr","status":"publish","type":"page","link":"https:\/\/imagingpeace.org\/index.php\/still-doing-life-fr\/","title":{"rendered":"Still Doing Life FR"},"content":{"rendered":"<p>[et_pb_section fb_built=&#8221;1&#8243; _builder_version=&#8221;4.27.0&#8243; _module_preset=&#8221;default&#8221; locked=&#8221;off&#8221; global_colors_info=&#8221;{}&#8221;][et_pb_row _builder_version=&#8221;4.27.4&#8243; _module_preset=&#8221;default&#8221; custom_padding=&#8221;18px||0px|||&#8221; locked=&#8221;off&#8221; global_colors_info=&#8221;{}&#8221;][et_pb_column type=&#8221;4_4&#8243; _builder_version=&#8221;4.27.4&#8243; _module_preset=&#8221;default&#8221; global_colors_info=&#8221;{}&#8221;][et_pb_text _builder_version=&#8221;4.27.4&#8243; _module_preset=&#8221;default&#8221; global_colors_info=&#8221;{}&#8221;]<\/p>\n<p><a href=\"https:\/\/imagingpeace.org\/index.php\/peace-photography-projects\/\">PROJECTS<\/a> | <a href=\"https:\/\/imagingpeace.org\/index.php\/still-doing-life\/\">ENGLISH<\/a>\u00a0 |\u00a0 <a href=\"https:\/\/imagingpeace.org\/index.php\/still-doing-life-es\/\" title=\"Esp\">ESPA\u00d1OL<\/a>\u00a0 |\u00a0 <a href=\"https:\/\/imagingpeace.org\/index.php\/still-doing-life-fr\/\">FRAN\u00c7AIS<\/a><\/p>\n<p>[\/et_pb_text][\/et_pb_column][\/et_pb_row][et_pb_row _builder_version=&#8221;4.27.0&#8243; _module_preset=&#8221;default&#8221; global_colors_info=&#8221;{}&#8221;][et_pb_column type=&#8221;4_4&#8243; _builder_version=&#8221;4.27.0&#8243; _module_preset=&#8221;default&#8221; global_colors_info=&#8221;{}&#8221;][et_pb_text admin_label=&#8221;Title&#8221; _builder_version=&#8221;4.27.0&#8243; _module_preset=&#8221;default&#8221; header_font_size=&#8221;54px&#8221; custom_margin=&#8221;||8px||false|false&#8221; global_colors_info=&#8221;{}&#8221;]<\/p>\n<h1 style=\"text-align: left;\"><strong>Still Doing Life (FR)<\/strong><\/h1>\n<p>[\/et_pb_text][et_pb_text admin_label=&#8221;Title&#8221; _builder_version=&#8221;4.27.4&#8243; _module_preset=&#8221;default&#8221; header_3_font_size=&#8221;24px&#8221; header_3_line_height=&#8221;0.8em&#8221; hover_enabled=&#8221;0&#8243; global_colors_info=&#8221;{}&#8221; sticky_enabled=&#8221;0&#8243;]<\/p>\n<h3>Pays:<strong> \u00c9tats-Unis<\/strong><\/h3>\n<h3>Participants: <strong><\/strong><strong>Hommes et femmes condamn\u00e9s \u00e0 perp\u00e9tuit\u00e9<\/strong><\/h3>\n<p>[\/et_pb_text][\/et_pb_column][\/et_pb_row][et_pb_row _builder_version=&#8221;4.27.0&#8243; _module_preset=&#8221;default&#8221; width=&#8221;100%&#8221; max_width=&#8221;1700px&#8221; custom_padding=&#8221;2px||1px|||&#8221; global_colors_info=&#8221;{}&#8221;][et_pb_column type=&#8221;4_4&#8243; _builder_version=&#8221;4.27.0&#8243; _module_preset=&#8221;default&#8221; global_colors_info=&#8221;{}&#8221;][et_pb_slider _builder_version=&#8221;4.27.0&#8243; _module_preset=&#8221;default&#8221; custom_margin=&#8221;||18px|||&#8221; custom_padding=&#8221;||579px|||&#8221; global_colors_info=&#8221;{}&#8221;][et_pb_slide _builder_version=&#8221;4.27.0&#8243; _module_preset=&#8221;default&#8221; background_color=&#8221;#969696&#8243; background_enable_color=&#8221;on&#8221; background_image=&#8221;https:\/\/imagingpeace.org\/wp-content\/uploads\/2024\/08\/Cyd-BergerX2BW.jpg&#8221; background_enable_image=&#8221;on&#8221; width=&#8221;100%&#8221; width_tablet=&#8221;100%&#8221; width_phone=&#8221;0%&#8221; width_last_edited=&#8221;on|phone&#8221; max_width_tablet=&#8221;&#8221; max_width_phone=&#8221;100%&#8221; max_width_last_edited=&#8221;on|phone&#8221; global_colors_info=&#8221;{}&#8221; sticky_transition=&#8221;on&#8221;][\/et_pb_slide][\/et_pb_slider][\/et_pb_column][\/et_pb_row][et_pb_row _builder_version=&#8221;4.27.0&#8243; _module_preset=&#8221;default&#8221; custom_margin=&#8221;-3px|auto||auto||&#8221; custom_padding=&#8221;1px||5px|||&#8221; global_colors_info=&#8221;{}&#8221;][et_pb_column type=&#8221;4_4&#8243; _builder_version=&#8221;4.27.0&#8243; _module_preset=&#8221;default&#8221; global_colors_info=&#8221;{}&#8221;][et_pb_text _builder_version=&#8221;4.27.0&#8243; _module_preset=&#8221;default&#8221; text_font=&#8221;Actor|&#8211;et_global_body_font_weight|||||||&#8221; text_line_height=&#8221;1.8em&#8221; header_5_font=&#8221;Antic Slab|&#8211;et_global_heading_font_weight|||||||&#8221; header_5_font_size=&#8221;15px&#8221; custom_margin=&#8221;2px||||false|false&#8221; custom_padding=&#8221;2px|0px||58px||&#8221; global_colors_info=&#8221;{}&#8221;]<\/p>\n<h5 style=\"text-align: right;\"><strong>Cyd Berger<\/strong><br \/>\u2018<em>Il n\u2019existe pas de description unique d\u2019un d\u00e9tenu parce que nous sommes des personnes\u2026 \u201cD\u00e9tenu\u201d est un mot que nous donne le syst\u00e8me carc\u00e9ral, mais ce n\u2019est pas ce que nous sommes<\/em>.\u2019<br \/><strong>Photographies prises avec 25 ans <em>d\u2019intervalle <\/em>\u00a9 Howard Zehr<\/strong><\/h5>\n<p>[\/et_pb_text][\/et_pb_column][\/et_pb_row][et_pb_row _builder_version=&#8221;4.27.0&#8243; _module_preset=&#8221;default&#8221; custom_padding=&#8221;24px||6px|||&#8221; global_colors_info=&#8221;{}&#8221;][et_pb_column type=&#8221;4_4&#8243; _builder_version=&#8221;4.27.0&#8243; _module_preset=&#8221;default&#8221; global_colors_info=&#8221;{}&#8221;][et_pb_text _builder_version=&#8221;4.27.0&#8243; _module_preset=&#8221;default&#8221; text_font=&#8221;&#8211;et_global_body_font|300|||||||&#8221; text_font_size=&#8221;22px&#8221; text_line_height=&#8221;1.2em&#8221; width=&#8221;100%&#8221; custom_padding=&#8221;|0px||||&#8221; global_colors_info=&#8221;{}&#8221;]<\/p>\n<p>Howard Zehr, professeur de justice restaurative au Centre pour la justice et la construction de la paix de l\u2019universit\u00e9 m\u00e9nonite de l\u2019Est aux \u00c9tats-Unis, a consacr\u00e9 sa carri\u00e8re au concept et \u00e0 la pratique de la justice restaurative, tout en travaillant comme photographe. Il est un d\u00e9fenseur convaincu de l\u2019importance des arts dans le travail de justice restaurative.<\/p>\n<p>La justice restaurative repose sur l\u2019id\u00e9e que, puisqu\u2019un d\u00e9lit cause des blessures, la justice doit gu\u00e9rir les personnes touch\u00e9es par ce d\u00e9lit, ceux qui l\u2019ont commis, ainsi que les communaut\u00e9s dans leur ensemble. Ce concept est une approche relationnelle et holistique de la justice qui met l\u2019accent sur les relations, la responsabilit\u00e9 et la reddition de comptes, souvent n\u00e9glig\u00e9es dans les syst\u00e8mes juridiques centr\u00e9s sur les droits. Elle priorise le dialogue et les interactions entre les parties touch\u00e9es par une injustice pour d\u00e9cider des mesures \u00e0 prendre pour r\u00e9parer le crime. Comme la justice est au c\u0153ur des formes positives de paix, le travail de Zehr vise \u00e0 d\u00e9velopper une compr\u00e9hension plus nuanc\u00e9e de la justice dans le domaine de la consolidation de la paix.<\/p>\n<p>[\/et_pb_text][\/et_pb_column][\/et_pb_row][et_pb_row column_structure=&#8221;1_5,3_5,1_5&#8243; _builder_version=&#8221;4.27.0&#8243; _module_preset=&#8221;default&#8221; background_color=&#8221;#EBEFE6&#8243; custom_margin=&#8221;46px|auto|61px|auto||&#8221; custom_padding=&#8221;91px|||||&#8221; global_colors_info=&#8221;{}&#8221;][et_pb_column type=&#8221;1_5&#8243; _builder_version=&#8221;4.27.0&#8243; _module_preset=&#8221;default&#8221; global_colors_info=&#8221;{}&#8221;][\/et_pb_column][et_pb_column type=&#8221;3_5&#8243; _builder_version=&#8221;4.27.0&#8243; _module_preset=&#8221;default&#8221; global_colors_info=&#8221;{}&#8221;][et_pb_testimonial author=&#8221;Cyd Berger&#8221; font_icon=&#8221;&#xf10e;||fa||900&#8243; use_icon_font_size=&#8221;on&#8221; _builder_version=&#8221;4.27.0&#8243; _module_preset=&#8221;default&#8221; body_font_size=&#8221;31px&#8221; body_line_height=&#8221;1.2em&#8221; author_font_size=&#8221;24px&#8221; author_line_height=&#8221;1.2em&#8221; custom_padding=&#8221;|0px||4px||&#8221; border_width_all=&#8221;0px&#8221; global_colors_info=&#8221;{}&#8221;]<\/p>\n<p style=\"text-align: center;\"><em>\u2018Ne laisse pas ce que tu as fait, ton crime, d\u00e9finir qui tu es. Si tu laisses cela te d\u00e9finir, c\u2019est fini. Tu ne verras jamais le potentiel que tu as pour devenir quelqu\u2019un d\u2019autre qu\u2019un d\u00e9tenu&#8217;.<\/em><\/p>\n<p>[\/et_pb_testimonial][\/et_pb_column][et_pb_column type=&#8221;1_5&#8243; _builder_version=&#8221;4.27.0&#8243; _module_preset=&#8221;default&#8221; global_colors_info=&#8221;{}&#8221;][\/et_pb_column][\/et_pb_row][et_pb_row _builder_version=&#8221;4.27.0&#8243; _module_preset=&#8221;default&#8221; custom_padding=&#8221;24px||6px|||&#8221; global_colors_info=&#8221;{}&#8221;][et_pb_column type=&#8221;4_4&#8243; _builder_version=&#8221;4.27.0&#8243; _module_preset=&#8221;default&#8221; global_colors_info=&#8221;{}&#8221;][et_pb_text _builder_version=&#8221;4.27.0&#8243; _module_preset=&#8221;default&#8221; text_font=&#8221;&#8211;et_global_body_font|300|||||||&#8221; text_font_size=&#8221;22px&#8221; text_line_height=&#8221;1.2em&#8221; width=&#8221;100%&#8221; custom_padding=&#8221;|0px||||&#8221; global_colors_info=&#8221;{}&#8221;]<\/p>\n<p>Dans plusieurs de ses projets photographiques, Zehr adopte une approche visuelle qu\u2019il appelle le portrait respectueux. Avec cet angle, il cherche \u00e0 subvertir volontairement les st\u00e9r\u00e9otypes concernant les victimes comme les auteurs de crimes. Il s\u2019efforce de cr\u00e9er des portraits non st\u00e9r\u00e9otyp\u00e9s, \u00e9vitant les signaux visuels qui pourraient provoquer des pr\u00e9jug\u00e9s. Les sujets sont photographi\u00e9s sur un fond neutre, avec un cadrage serr\u00e9, comme il aimerait lui-m\u00eame \u00eatre photographi\u00e9. Son dernier livre, <em>Still Doing Life<\/em> (co\u00e9crit avec Barb Toews), rassemble des portraits et des interviews de 22 femmes et hommes condamn\u00e9s \u00e0 perp\u00e9tuit\u00e9 sans possibilit\u00e9 de lib\u00e9ration conditionnelle en Pennsylvanie, pris \u00e0 deux moments diff\u00e9rents de leur incarc\u00e9ration, \u00e0 25 ans d\u2019intervalle, au d\u00e9but des ann\u00e9es 1990 et en 2017. Dans ces portraits longitudinaux, les sujets racontent comment ils ont surv\u00e9cu en prison, comment ils ont donn\u00e9 un sens \u00e0 leur vie, ce qui est rest\u00e9 identique et ce qui a chang\u00e9 au cours de leurs ann\u00e9es d\u2019incarc\u00e9ration.<\/p>\n<p>Zehr rencontre les personnes pour des interviews approfondies avant de leur tirer le portrait \u00e0 la fin de la s\u00e9ance, une fois qu\u2019une relation de confiance est \u00e9tablie. Avec ce livre, il vise \u00e0 encourager le dialogue et \u00e0 r\u00e9humaniser ceux qui ont commis des crimes et purgent une peine \u00e0 perp\u00e9tuit\u00e9. Zehr a \u00e9galement travaill\u00e9 sur d\u2019autres projets de livres comme <em>Transcending<\/em> et <em>What Will Happen to Me?<\/em>, en utilisant la m\u00eame approche de portrait respectueux avec des victimes de crimes et des enfants ayant un parent en prison. Ses portraits de victimes de crimes et de personnes condamn\u00e9es \u00e0 perp\u00e9tuit\u00e9 sont utilis\u00e9s dans des ateliers pour inciter \u00e0 r\u00e9fl\u00e9chir sur nos pr\u00e9suppos\u00e9s et pr\u00e9jug\u00e9s et pour initier un dialogue sur nos id\u00e9es pr\u00e9con\u00e7ues concernant les victimes et les auteurs de crimes.<\/p>\n<p>[\/et_pb_text][\/et_pb_column][\/et_pb_row][et_pb_row _builder_version=&#8221;4.27.4&#8243; _module_preset=&#8221;default&#8221;][et_pb_column _builder_version=&#8221;4.27.4&#8243; _module_preset=&#8221;default&#8221; type=&#8221;4_4&#8243;][et_pb_menu menu_id=&#8221;10&#8243; menu_style=&#8221;centered&#8221; active_link_color=&#8221;#E09900&#8243; _builder_version=&#8221;4.27.0&#8243; _module_preset=&#8221;default&#8221; menu_font=&#8221;|||on|||||&#8221; menu_text_color=&#8221;#000000&#8243; global_colors_info=&#8221;{}&#8221; menu_font_size__hover_enabled=&#8221;off|desktop&#8221; theme_builder_area=&#8221;post_content&#8221;][\/et_pb_menu][\/et_pb_column][\/et_pb_row][\/et_pb_section]<\/p>\n","protected":false},"excerpt":{"rendered":"<p>PROJECTS | ENGLISH\u00a0 |\u00a0 ESPA\u00d1OL\u00a0 |\u00a0 FRAN\u00c7AISStill Doing Life (FR)Pays: \u00c9tats-Unis Participants: Hommes et femmes condamn\u00e9s \u00e0 perp\u00e9tuit\u00e9Cyd Berger\u2018Il n\u2019existe pas de description unique d\u2019un d\u00e9tenu parce que nous sommes des personnes\u2026 \u201cD\u00e9tenu\u201d est un mot que nous donne le syst\u00e8me carc\u00e9ral, mais ce n\u2019est pas ce que nous sommes.\u2019Photographies prises avec 25 ans d\u2019intervalle [&hellip;]<\/p>\n","protected":false},"author":1,"featured_media":0,"parent":0,"menu_order":0,"comment_status":"closed","ping_status":"closed","template":"","meta":{"_et_pb_use_builder":"on","_et_pb_old_content":"<!-- wp:divi\/placeholder \/-->","_et_gb_content_width":"","footnotes":""},"class_list":["post-1329","page","type-page","status-publish","hentry"],"acf":[],"_links":{"self":[{"href":"https:\/\/imagingpeace.org\/index.php\/wp-json\/wp\/v2\/pages\/1329","targetHints":{"allow":["GET"]}}],"collection":[{"href":"https:\/\/imagingpeace.org\/index.php\/wp-json\/wp\/v2\/pages"}],"about":[{"href":"https:\/\/imagingpeace.org\/index.php\/wp-json\/wp\/v2\/types\/page"}],"author":[{"embeddable":true,"href":"https:\/\/imagingpeace.org\/index.php\/wp-json\/wp\/v2\/users\/1"}],"replies":[{"embeddable":true,"href":"https:\/\/imagingpeace.org\/index.php\/wp-json\/wp\/v2\/comments?post=1329"}],"version-history":[{"count":3,"href":"https:\/\/imagingpeace.org\/index.php\/wp-json\/wp\/v2\/pages\/1329\/revisions"}],"predecessor-version":[{"id":1827,"href":"https:\/\/imagingpeace.org\/index.php\/wp-json\/wp\/v2\/pages\/1329\/revisions\/1827"}],"wp:attachment":[{"href":"https:\/\/imagingpeace.org\/index.php\/wp-json\/wp\/v2\/media?parent=1329"}],"curies":[{"name":"wp","href":"https:\/\/api.w.org\/{rel}","templated":true}]}}