{"id":1324,"date":"2024-12-17T12:19:05","date_gmt":"2024-12-17T12:19:05","guid":{"rendered":"https:\/\/imagingpeace.org\/?page_id=1324"},"modified":"2025-01-18T14:16:37","modified_gmt":"2025-01-18T14:16:37","slug":"side-by-side-es","status":"publish","type":"page","link":"https:\/\/imagingpeace.org\/index.php\/side-by-side-es\/","title":{"rendered":"Side by Side ES"},"content":{"rendered":"<p>[et_pb_section fb_built=&#8221;1&#8243; _builder_version=&#8221;4.27.0&#8243; _module_preset=&#8221;default&#8221; custom_padding=&#8221;||7px|||&#8221; locked=&#8221;off&#8221; global_colors_info=&#8221;{}&#8221;][et_pb_row _builder_version=&#8221;4.27.0&#8243; _module_preset=&#8221;default&#8221; global_colors_info=&#8221;{}&#8221;][et_pb_column type=&#8221;4_4&#8243; _builder_version=&#8221;4.27.0&#8243; _module_preset=&#8221;default&#8221; global_colors_info=&#8221;{}&#8221;][et_pb_text _builder_version=&#8221;4.27.4&#8243; _module_preset=&#8221;default&#8221; locked=&#8221;off&#8221; global_colors_info=&#8221;{}&#8221;]<\/p>\n<p><a href=\"https:\/\/imagingpeace.org\/index.php\/peace-photography-projects\/\">PROJECTS<\/a> | <a href=\"https:\/\/imagingpeace.org\/index.php\/side-by-side\">ENGLISH\u00a0<\/a> |\u00a0 <a href=\"https:\/\/imagingpeace.org\/index.php\/side-by-side-es\">ESPA\u00d1OL <\/a>|\u00a0 <a href=\"https:\/\/imagingpeace.org\/index.php\/side-by-side-fr\">FRAN\u00c7AIS<\/a><\/p>\n<p>[\/et_pb_text][et_pb_text admin_label=&#8221;Title&#8221; _builder_version=&#8221;4.27.0&#8243; _module_preset=&#8221;default&#8221; header_font_size=&#8221;54px&#8221; custom_margin=&#8221;||8px||false|false&#8221; global_colors_info=&#8221;{}&#8221;]<\/p>\n<h1 style=\"text-align: left;\"><strong>Side by Side (ES)<\/strong><\/h1>\n<p>[\/et_pb_text][et_pb_text admin_label=&#8221;Title&#8221; _builder_version=&#8221;4.27.4&#8243; _module_preset=&#8221;default&#8221; header_3_font_size=&#8221;24px&#8221; header_3_line_height=&#8221;0.8em&#8221; global_colors_info=&#8221;{}&#8221;]<\/p>\n<h3>Pa\u00eds: <strong>Israel y Palestina<\/strong><\/h3>\n<h3>Participantes:<strong> J\u00f3venes israel\u00edes y palestinos<\/strong><\/h3>\n<h3><a href=\"https:\/\/photovoice.org\/sidebyside\/\" target=\"_blank\" rel=\"noopener\">P\u00e1gina web<\/a><\/h3>\n<p>[\/et_pb_text][\/et_pb_column][\/et_pb_row][et_pb_row _builder_version=&#8221;4.27.0&#8243; _module_preset=&#8221;default&#8221; width=&#8221;100%&#8221; max_width=&#8221;1700px&#8221; custom_padding=&#8221;2px||1px|||&#8221; global_colors_info=&#8221;{}&#8221;][et_pb_column type=&#8221;4_4&#8243; _builder_version=&#8221;4.27.0&#8243; _module_preset=&#8221;default&#8221; global_colors_info=&#8221;{}&#8221;][et_pb_slider _builder_version=&#8221;4.27.0&#8243; _module_preset=&#8221;default&#8221; custom_margin=&#8221;||18px|||&#8221; custom_padding=&#8221;||827px|||&#8221; global_colors_info=&#8221;{}&#8221;][et_pb_slide _builder_version=&#8221;4.27.0&#8243; _module_preset=&#8221;default&#8221; background_color=&#8221;#969696&#8243; background_enable_color=&#8221;on&#8221; background_image=&#8221;https:\/\/imagingpeace.org\/wp-content\/uploads\/2024\/08\/Side-by-Side-book-cover.jpg&#8221; background_enable_image=&#8221;on&#8221; width=&#8221;100%&#8221; width_tablet=&#8221;100%&#8221; width_phone=&#8221;0%&#8221; width_last_edited=&#8221;on|phone&#8221; max_width_tablet=&#8221;&#8221; max_width_phone=&#8221;100%&#8221; max_width_last_edited=&#8221;on|phone&#8221; global_colors_info=&#8221;{}&#8221; sticky_transition=&#8221;on&#8221;][\/et_pb_slide][\/et_pb_slider][\/et_pb_column][\/et_pb_row][et_pb_row _builder_version=&#8221;4.27.0&#8243; _module_preset=&#8221;default&#8221; custom_margin=&#8221;-3px|auto||auto||&#8221; custom_padding=&#8221;1px||5px|||&#8221; global_colors_info=&#8221;{}&#8221;][et_pb_column type=&#8221;4_4&#8243; _builder_version=&#8221;4.27.0&#8243; _module_preset=&#8221;default&#8221; global_colors_info=&#8221;{}&#8221;][et_pb_text _builder_version=&#8221;4.27.0&#8243; _module_preset=&#8221;default&#8221; text_font=&#8221;Actor|&#8211;et_global_body_font_weight|||||||&#8221; text_line_height=&#8221;1.8em&#8221; header_5_font=&#8221;Antic Slab|&#8211;et_global_heading_font_weight|||||||&#8221; header_5_font_size=&#8221;15px&#8221; custom_margin=&#8221;2px||||false|false&#8221; custom_padding=&#8221;2px|0px||0px||&#8221; global_colors_info=&#8221;{}&#8221;]<\/p>\n<h5 style=\"text-align: right;\">Esta fotograf\u00eda fue tomada en la calle Al Wade en la ciudad vieja de Jerusal\u00e9n, donde podemos ver a musulmanes y jud\u00edos en la misma calle, aunque no caminando juntos.<\/h5>\n<h5 style=\"text-align: right;\">Portada del folleto fotogr\u00e1fico Side by Side, publicado por PhotoVoice, 2007.<\/h5>\n<h5 style=\"text-align: right;\"><strong>\u00a9 Areej Mustafa Abu Sarah \/ Side by Side \/ Parents\u2019 Circle \/ PhotoVoice<\/strong><\/h5>\n<p>[\/et_pb_text][\/et_pb_column][\/et_pb_row][et_pb_row _builder_version=&#8221;4.27.0&#8243; _module_preset=&#8221;default&#8221; custom_padding=&#8221;24px||6px|||&#8221; global_colors_info=&#8221;{}&#8221;][et_pb_column type=&#8221;4_4&#8243; _builder_version=&#8221;4.27.0&#8243; _module_preset=&#8221;default&#8221; global_colors_info=&#8221;{}&#8221;][et_pb_text _builder_version=&#8221;4.27.4&#8243; _module_preset=&#8221;default&#8221; text_font=&#8221;&#8211;et_global_body_font|300|||||||&#8221; text_font_size=&#8221;22px&#8221; text_line_height=&#8221;1.2em&#8221; width=&#8221;100%&#8221; custom_padding=&#8221;|0px||||&#8221; global_colors_info=&#8221;{}&#8221;]<\/p>\n<p><em><a href=\"https:\/\/photovoice.org\/sidebyside\/\">Side by Side<\/a> <\/em>(De lado a lado) fue un proyecto de di\u00e1logo fotogr\u00e1fico de ocho meses de duraci\u00f3n que reuni\u00f3 a seis adolescentes palestinos y seis israel\u00edes de todo Israel y Cisjordania en 2007. Todos los j\u00f3venes eran miembros de la organizaci\u00f3n de base palestino-israel\u00ed, el <em><a href=\"https:\/\/www.theparentscircle.org\/en\/homepage-en\/\">Parent\u2019s Circle The Families Forum<\/a><\/em>, una red de familias en duelo dedicadas a la no violencia y el di\u00e1logo. El Foro de Familias, formado por varios cientos de familias, mitad palestinas y mitad israel\u00edes, opera bajo el principio de que un proceso de reconciliaci\u00f3n es un requisito previo para lograr una paz sostenida en la regi\u00f3n.<\/p>\n<p>Los miembros del Foro de Familias (Families Forum) llevan a cabo sesiones de di\u00e1logo, dan conferencias y participan en proyectos que apoyan el di\u00e1logo y la reconciliaci\u00f3n a trav\u00e9s de actividades como campamentos de verano para j\u00f3venes, un programa de radio, grupos de Facebook y, anteriormente, una l\u00ednea telef\u00f3nica que permiti\u00f3 a israel\u00edes y palestinos hablar gratis y establecer conexiones. Su programa de mayor alcance, \u201c<a href=\"https:\/\/www.theparentscircle.org\/en\/pcff-activities_eng\/dialogue_meetings_eng\/\" target=\"_blank\" rel=\"noopener\">Encuentros de Di\u00e1logo<\/a>\u201d, permite a los grupos escuchar la narrativa personal y el mensaje de reconciliaci\u00f3n de un palestino y un israel\u00ed con el objetivo de aumentar la voluntad de la audiencia de abrazar el di\u00e1logo como una alternativa a la violencia y comprender mejor las necesidades y perspectivas del &#8220;otro lado&#8221;.<\/p>\n<p><a href=\"https:\/\/photovoice.org\/\">PhotoVoice,<\/a> la organizaci\u00f3n ben\u00e9fica de fotograf\u00eda participativa con sede en el Reino Unido, y Families Forum pasaron 18 meses planificando <em>Side by Side<\/em>, ya que era la primera vez que cualquiera de las organizaciones desarrollaba un proyecto de di\u00e1logo basado en fotograf\u00eda. Los j\u00f3venes participantes no s\u00f3lo hablaban diferentes idiomas y viv\u00edan en diferentes culturas, sino tambi\u00e9n dentro de comunidades cuyas narrativas est\u00e1n profunda e hist\u00f3ricamente arraigadas en la oposici\u00f3n y la diferencia. Aprendiendo fotograf\u00eda juntos, el proyecto ten\u00eda como objetivo que los j\u00f3venes obtuvieran una visi\u00f3n de las vidas de los dem\u00e1s, compartieran sus perspectivas y desarrollaran comprensi\u00f3n y un sentido de comunidad.<\/p>\n<p>Entre enero y julio de 2007, los j\u00f3venes se reunieron cuatro veces y participaron en talleres de fotograf\u00eda y di\u00e1logo celebrados en Cisjordania, alrededor de Jerusal\u00e9n y junto al mar al sur de Tel Aviv. Entre un taller y otro, los j\u00f3venes tuvieron acceso a ordenadores y c\u00e1maras digitales y recibieron la visita de facilitadores locales que les proporcionaron orientaci\u00f3n y apoyo adicionales. Los participantes publicaron su trabajo en un sitio web interactivo dise\u00f1ado para el proyecto y pudieron ver y comentar el trabajo de los dem\u00e1s. Poco a poco, los j\u00f3venes empezaron a compartir entre ellos y, con el tiempo, empezaron a abrirse, a generar confianza y a divertirse juntos.<\/p>\n<p>El proyecto enfrent\u00f3 muchos desaf\u00edos, incluida la guerra de 2006 en el L\u00edbano, enfrentamientos violentos en Cisjordania y cierres peri\u00f3dicos de puestos de control. Sin embargo, los estudiantes fueron determinados para representar una visi\u00f3n alternativa del conflicto. Sus im\u00e1genes crearon un di\u00e1logo importante entre adolescentes atrapados en ambos lados y se convirtieron en un canal a trav\u00e9s del cual pod\u00edan expresar sus p\u00e9rdidas, frustraciones y diferencias a lo largo del tiempo, ganando comprensi\u00f3n, puntos en com\u00fan y amistad. Su trabajo se exhibi\u00f3 tanto en Jerusal\u00e9n Oriental como Occidental, as\u00ed como en Londres. Fue publicado en un folleto que promueve la conciencia sobre las nociones de di\u00e1logo y cooperaci\u00f3n.<\/p>\n<p>[\/et_pb_text][\/et_pb_column][\/et_pb_row][et_pb_row column_structure=&#8221;1_5,3_5,1_5&#8243; _builder_version=&#8221;4.27.0&#8243; _module_preset=&#8221;default&#8221; background_color=&#8221;#EBEFE6&#8243; custom_margin=&#8221;46px|auto|61px|auto||&#8221; custom_padding=&#8221;91px|||||&#8221; global_colors_info=&#8221;{}&#8221;][et_pb_column type=&#8221;1_5&#8243; _builder_version=&#8221;4.27.0&#8243; _module_preset=&#8221;default&#8221; global_colors_info=&#8221;{}&#8221;][\/et_pb_column][et_pb_column type=&#8221;3_5&#8243; _builder_version=&#8221;4.27.0&#8243; _module_preset=&#8221;default&#8221; global_colors_info=&#8221;{}&#8221;][et_pb_testimonial author=&#8221; Participante de Side by Side&#8221; font_icon=&#8221;&#xf10e;||fa||900&#8243; use_icon_font_size=&#8221;on&#8221; _builder_version=&#8221;4.27.0&#8243; _module_preset=&#8221;default&#8221; body_font_size=&#8221;31px&#8221; body_line_height=&#8221;1.2em&#8221; author_font_size=&#8221;24px&#8221; author_line_height=&#8221;1.2em&#8221; custom_padding=&#8221;|0px||4px||&#8221; border_width_all=&#8221;0px&#8221; global_colors_info=&#8221;{}&#8221;]<\/p>\n<p style=\"text-align: center;\"><em>\u2018Todos podemos ver las fotos de los dem\u00e1s para conocer la vida real del otro lado, no s\u00f3lo lo que vemos en la televisi\u00f3n&#8217;.<\/em><\/p>\n<p>[\/et_pb_testimonial][\/et_pb_column][et_pb_column type=&#8221;1_5&#8243; _builder_version=&#8221;4.27.0&#8243; _module_preset=&#8221;default&#8221; global_colors_info=&#8221;{}&#8221;][\/et_pb_column][\/et_pb_row][et_pb_row _builder_version=&#8221;4.27.4&#8243; _module_preset=&#8221;default&#8221; global_colors_info=&#8221;{}&#8221;][et_pb_column type=&#8221;4_4&#8243; _builder_version=&#8221;4.27.4&#8243; _module_preset=&#8221;default&#8221; global_colors_info=&#8221;{}&#8221;][et_pb_menu menu_id=&#8221;10&#8243; menu_style=&#8221;centered&#8221; active_link_color=&#8221;#E09900&#8243; _builder_version=&#8221;4.27.0&#8243; _module_preset=&#8221;default&#8221; menu_font=&#8221;|||on|||||&#8221; menu_text_color=&#8221;#000000&#8243; global_colors_info=&#8221;{}&#8221; menu_font_size__hover_enabled=&#8221;off|desktop&#8221;][\/et_pb_menu][\/et_pb_column][\/et_pb_row][et_pb_row _builder_version=&#8221;4.27.4&#8243; _module_preset=&#8221;default&#8221; global_colors_info=&#8221;{}&#8221;][et_pb_column type=&#8221;4_4&#8243; _builder_version=&#8221;4.27.4&#8243; _module_preset=&#8221;default&#8221; global_colors_info=&#8221;{}&#8221;][\/et_pb_column][\/et_pb_row][\/et_pb_section]<\/p>\n","protected":false},"excerpt":{"rendered":"<p>PROJECTS | ENGLISH\u00a0 |\u00a0 ESPA\u00d1OL |\u00a0 FRAN\u00c7AISSide by Side (ES)Pa\u00eds: Israel y Palestina Participantes: J\u00f3venes israel\u00edes y palestinos P\u00e1gina webEsta fotograf\u00eda fue tomada en la calle Al Wade en la ciudad vieja de Jerusal\u00e9n, donde podemos ver a musulmanes y jud\u00edos en la misma calle, aunque no caminando juntos. Portada del folleto fotogr\u00e1fico Side by [&hellip;]<\/p>\n","protected":false},"author":1,"featured_media":0,"parent":0,"menu_order":0,"comment_status":"closed","ping_status":"closed","template":"","meta":{"_et_pb_use_builder":"on","_et_pb_old_content":"<!-- wp:divi\/placeholder \/-->","_et_gb_content_width":"","footnotes":""},"class_list":["post-1324","page","type-page","status-publish","hentry"],"acf":[],"_links":{"self":[{"href":"https:\/\/imagingpeace.org\/index.php\/wp-json\/wp\/v2\/pages\/1324","targetHints":{"allow":["GET"]}}],"collection":[{"href":"https:\/\/imagingpeace.org\/index.php\/wp-json\/wp\/v2\/pages"}],"about":[{"href":"https:\/\/imagingpeace.org\/index.php\/wp-json\/wp\/v2\/types\/page"}],"author":[{"embeddable":true,"href":"https:\/\/imagingpeace.org\/index.php\/wp-json\/wp\/v2\/users\/1"}],"replies":[{"embeddable":true,"href":"https:\/\/imagingpeace.org\/index.php\/wp-json\/wp\/v2\/comments?post=1324"}],"version-history":[{"count":5,"href":"https:\/\/imagingpeace.org\/index.php\/wp-json\/wp\/v2\/pages\/1324\/revisions"}],"predecessor-version":[{"id":1882,"href":"https:\/\/imagingpeace.org\/index.php\/wp-json\/wp\/v2\/pages\/1324\/revisions\/1882"}],"wp:attachment":[{"href":"https:\/\/imagingpeace.org\/index.php\/wp-json\/wp\/v2\/media?parent=1324"}],"curies":[{"name":"wp","href":"https:\/\/api.w.org\/{rel}","templated":true}]}}