{"id":1322,"date":"2024-12-17T12:18:36","date_gmt":"2024-12-17T12:18:36","guid":{"rendered":"https:\/\/imagingpeace.org\/?page_id=1322"},"modified":"2025-01-18T12:34:38","modified_gmt":"2025-01-18T12:34:38","slug":"shooting-cameras-for-peace-es","status":"publish","type":"page","link":"https:\/\/imagingpeace.org\/index.php\/shooting-cameras-for-peace-es\/","title":{"rendered":"Shooting Cameras for Peace ES"},"content":{"rendered":"<p>[et_pb_section fb_built=&#8221;1&#8243; _builder_version=&#8221;4.27.0&#8243; _module_preset=&#8221;default&#8221; locked=&#8221;off&#8221; global_colors_info=&#8221;{}&#8221;][et_pb_row _builder_version=&#8221;4.27.4&#8243; _module_preset=&#8221;default&#8221; custom_padding=&#8221;18px||0px|||&#8221; locked=&#8221;off&#8221; global_colors_info=&#8221;{}&#8221;][et_pb_column type=&#8221;4_4&#8243; _builder_version=&#8221;4.27.4&#8243; _module_preset=&#8221;default&#8221; global_colors_info=&#8221;{}&#8221;][et_pb_text _builder_version=&#8221;4.27.4&#8243; _module_preset=&#8221;default&#8221; global_colors_info=&#8221;{}&#8221;]<\/p>\n<p><a href=\"https:\/\/imagingpeace.org\/index.php\/peace-photography-projects\/\">PROJECTS<\/a> | <a href=\"https:\/\/imagingpeace.org\/index.php\/shooting-cameras-for-peace\/\">ENGLISH<\/a>\u00a0 |\u00a0 <a href=\"https:\/\/imagingpeace.org\/index.php\/shooting-cameras-for-peace-es\/\" title=\"Esp\">ESPA\u00d1OL<\/a>\u00a0 |\u00a0 <a href=\"https:\/\/imagingpeace.org\/index.php\/shooting-cameras-for-peace-fr\/\">FRAN\u00c7AIS<\/a><\/p>\n<p>[\/et_pb_text][\/et_pb_column][\/et_pb_row][et_pb_row _builder_version=&#8221;4.27.0&#8243; _module_preset=&#8221;default&#8221; global_colors_info=&#8221;{}&#8221;][et_pb_column type=&#8221;4_4&#8243; _builder_version=&#8221;4.27.0&#8243; _module_preset=&#8221;default&#8221; global_colors_info=&#8221;{}&#8221;][et_pb_text admin_label=&#8221;Title&#8221; _builder_version=&#8221;4.27.0&#8243; _module_preset=&#8221;default&#8221; header_font_size=&#8221;54px&#8221; custom_margin=&#8221;||8px||false|false&#8221; global_colors_info=&#8221;{}&#8221;]<\/p>\n<h1 style=\"text-align: left;\"><strong>Shooting Cameras for Peace (ES)<\/strong><\/h1>\n<p>[\/et_pb_text][et_pb_text admin_label=&#8221;Title&#8221; _builder_version=&#8221;4.27.4&#8243; _module_preset=&#8221;default&#8221; header_3_font_size=&#8221;24px&#8221; header_3_line_height=&#8221;0.8em&#8221; hover_enabled=&#8221;0&#8243; global_colors_info=&#8221;{}&#8221; sticky_enabled=&#8221;0&#8243;]<\/p>\n<h3>Pa\u00eds: <strong>Colombia<\/strong><\/h3>\n<h3>Participantes: <strong>Juventud de El Progreso, Bogot<span>\u00e1<\/span><\/strong><\/h3>\n<h3><a href=\"https:\/\/www.alexfattal.net\/shooting-cameras-for-peace-book\" target=\"_blank\" rel=\"noopener\">P\u00e1gina web<\/a><\/h3>\n<p>[\/et_pb_text][\/et_pb_column][\/et_pb_row][et_pb_row _builder_version=&#8221;4.27.0&#8243; _module_preset=&#8221;default&#8221; width=&#8221;100%&#8221; max_width=&#8221;1700px&#8221; custom_padding=&#8221;2px||1px|||&#8221; global_colors_info=&#8221;{}&#8221;][et_pb_column type=&#8221;4_4&#8243; _builder_version=&#8221;4.27.0&#8243; _module_preset=&#8221;default&#8221; global_colors_info=&#8221;{}&#8221;][et_pb_slider _builder_version=&#8221;4.27.0&#8243; _module_preset=&#8221;default&#8221; custom_margin=&#8221;||18px|||&#8221; custom_padding=&#8221;||579px|||&#8221; global_colors_info=&#8221;{}&#8221;][et_pb_slide _builder_version=&#8221;4.27.0&#8243; _module_preset=&#8221;default&#8221; background_color=&#8221;#969696&#8243; background_enable_color=&#8221;on&#8221; background_image=&#8221;https:\/\/imagingpeace.org\/wp-content\/uploads\/2024\/08\/the-kiss.jpg&#8221; background_enable_image=&#8221;on&#8221; width=&#8221;100%&#8221; width_tablet=&#8221;100%&#8221; width_phone=&#8221;0%&#8221; width_last_edited=&#8221;on|phone&#8221; max_width_tablet=&#8221;&#8221; max_width_phone=&#8221;100%&#8221; max_width_last_edited=&#8221;on|phone&#8221; global_colors_info=&#8221;{}&#8221; sticky_transition=&#8221;on&#8221;][\/et_pb_slide][\/et_pb_slider][\/et_pb_column][\/et_pb_row][et_pb_row _builder_version=&#8221;4.27.0&#8243; _module_preset=&#8221;default&#8221; custom_margin=&#8221;-3px|auto||auto||&#8221; custom_padding=&#8221;1px||5px|||&#8221; global_colors_info=&#8221;{}&#8221;][et_pb_column type=&#8221;4_4&#8243; _builder_version=&#8221;4.27.0&#8243; _module_preset=&#8221;default&#8221; global_colors_info=&#8221;{}&#8221;][et_pb_text _builder_version=&#8221;4.27.0&#8243; _module_preset=&#8221;default&#8221; text_font=&#8221;Actor|&#8211;et_global_body_font_weight|||||||&#8221; text_line_height=&#8221;1.8em&#8221; header_5_font=&#8221;Antic Slab|&#8211;et_global_heading_font_weight|||||||&#8221; header_5_font_size=&#8221;15px&#8221; custom_margin=&#8221;2px||||false|false&#8221; custom_padding=&#8221;2px|0px||58px||&#8221; global_colors_info=&#8221;{}&#8221;]<\/p>\n<h5 class=\"p1\" style=\"text-align: right;\"><em>Aqu\u00ed mis padres estaban peleando porque mi pap\u00e1 ten\u00eda dinero y no le dijo a mi mam\u00e1 y se lo gast\u00f3. Ya no est\u00e1n peleando.<\/em><\/h5>\n<h5 class=\"p1\" style=\"text-align: right;\">.<br \/><strong>\u00a9 Wilson David, diez a\u00f1os \/ Shooting Cameras for Peace<\/strong><\/h5>\n<p>[\/et_pb_text][\/et_pb_column][\/et_pb_row][et_pb_row _builder_version=&#8221;4.27.0&#8243; _module_preset=&#8221;default&#8221; custom_padding=&#8221;24px||6px|||&#8221; global_colors_info=&#8221;{}&#8221;][et_pb_column type=&#8221;4_4&#8243; _builder_version=&#8221;4.27.0&#8243; _module_preset=&#8221;default&#8221; global_colors_info=&#8221;{}&#8221;][et_pb_text _builder_version=&#8221;4.27.0&#8243; _module_preset=&#8221;default&#8221; text_font=&#8221;&#8211;et_global_body_font|300|||||||&#8221; text_font_size=&#8221;22px&#8221; text_line_height=&#8221;1.2em&#8221; width=&#8221;100%&#8221; custom_padding=&#8221;|0px|0px|||&#8221; global_colors_info=&#8221;{}&#8221;]<\/p>\n<p>\u00a0<a href=\"https:\/\/www.alexfattal.net\/shooting-cameras-for-peace-book\"><em>Shooting Cameras For Peace<\/em><\/a> o <em>Disparando C\u00e1maras para la Paz (DCP)<\/em> es un proyecto que ense\u00f1\u00f3 fotograf\u00eda a j\u00f3venes en El Progreso, un barrio en las afueras de Bogot\u00e1 que alberga a muchas familias desplazadas por la violencia en el campo o que llegaron a la ciudad como migrantes econ\u00f3micos. DCP fue iniciado en 2002 por Alex Fattal, quien lleg\u00f3 por primera vez a El Progreso como becario Fulbright con el apoyo de Nelson P\u00e1jaro Mercado, un l\u00edder comunitario que dirig\u00eda una escuela informal en El Progreso. Posteriormente, se estableci\u00f3 como una ONG nacional con un equipo colombiano que se disolvi\u00f3 en 2008, pero revivi\u00f3 durante tres a\u00f1os m\u00e1s como una organizaci\u00f3n comunitaria llamada Disparando C\u00e1maras Cazuc\u00e1 (DCC).<\/p>\n<p>[\/et_pb_text][\/et_pb_column][\/et_pb_row][et_pb_row _builder_version=&#8221;4.27.0&#8243; _module_preset=&#8221;default&#8221; custom_padding=&#8221;24px||6px|||&#8221; global_colors_info=&#8221;{}&#8221;][et_pb_column type=&#8221;4_4&#8243; _builder_version=&#8221;4.27.0&#8243; _module_preset=&#8221;default&#8221; global_colors_info=&#8221;{}&#8221;][et_pb_text _builder_version=&#8221;4.27.0&#8243; _module_preset=&#8221;default&#8221; text_font=&#8221;&#8211;et_global_body_font|300|||||||&#8221; text_font_size=&#8221;22px&#8221; text_line_height=&#8221;1.2em&#8221; width=&#8221;100%&#8221; custom_padding=&#8221;|0px||||&#8221; global_colors_info=&#8221;{}&#8221;]<\/p>\n<p>Con un cuarto oscuro y un sal\u00f3n de clases en El Progreso, <em>DCP<\/em> realiz\u00f3 talleres de fotograf\u00eda regulares para j\u00f3venes y, a lo largo de los a\u00f1os, desarroll\u00f3 un plan de estudios que utilizaba ejercicios sencillos para ense\u00f1ar el concepto de fotosensibilidad, pasando de c\u00e1maras estenopeicas hechas con viejos tarros de mermelada, latas y cajas a fotograf\u00edas con pel\u00edculas de 35 mm. Los ni\u00f1os hicieron fotogramas, c\u00e1maras estenopeicas, autorretratos, escribieron fotonarrativas (historias inspiradas en sus fotograf\u00edas) y documentaron ampliamente sus vidas en casa, en el juego, con sus familias y en su vecindario. A medida que los ni\u00f1os avanzaban en el programa, ayudaban a ense\u00f1ar a nuevos ni\u00f1os y el equipo de<em> DCP<\/em> trabajaba en colaboraci\u00f3n con enlaces comunitarios que a menudo eran las madres de los participantes. Su trabajo gener\u00f3 una amplia cobertura medi\u00e1tica y se exhibi\u00f3 a nivel nacional e internacional, incluso en el Edificio de la Asamblea General de Naciones Unidas en Nueva York.<\/p>\n<p>[\/et_pb_text][et_pb_image src=&#8221;https:\/\/imagingpeace.org\/wp-content\/uploads\/2024\/08\/Barrios_Colombia-1-1024&#215;637.jpg&#8221; title_text=&#8221;Barrios_Colombia&#8221; align=&#8221;center&#8221; _builder_version=&#8221;4.27.0&#8243; _module_preset=&#8221;default&#8221; width=&#8221;101%&#8221; global_colors_info=&#8221;{}&#8221;][\/et_pb_image][et_pb_text _builder_version=&#8221;4.27.4&#8243; _module_preset=&#8221;default&#8221; text_font=&#8221;Actor|&#8211;et_global_body_font_weight|||||||&#8221; text_line_height=&#8221;1.8em&#8221; header_5_font=&#8221;Antic Slab|&#8211;et_global_heading_font_weight|||||||&#8221; header_5_font_size=&#8221;15px&#8221; custom_margin=&#8221;2px||||false|false&#8221; custom_padding=&#8221;|20px||58px||&#8221; global_colors_info=&#8221;{}&#8221;]<\/p>\n<h5 style=\"text-align: right;\">Una postal producida como parte de la intervenci\u00f3n de arte p\u00fablico en el Progreso en 2008. <strong>\u00a9<\/strong> <strong>Fotograf\u00eda y dise\u00f1o: Shinpei Takeda \/ the AjA Project<\/strong><\/h5>\n<p>[\/et_pb_text][\/et_pb_column][\/et_pb_row][et_pb_row _builder_version=&#8221;4.27.0&#8243; _module_preset=&#8221;default&#8221; global_colors_info=&#8221;{}&#8221;][et_pb_column type=&#8221;4_4&#8243; _builder_version=&#8221;4.27.0&#8243; _module_preset=&#8221;default&#8221; global_colors_info=&#8221;{}&#8221;][et_pb_text _builder_version=&#8221;4.27.0&#8243; _module_preset=&#8221;default&#8221; text_font=&#8221;&#8211;et_global_body_font|300|||||||&#8221; text_font_size=&#8221;22px&#8221; text_line_height=&#8221;1.2em&#8221; width=&#8221;100%&#8221; custom_padding=&#8221;|0px||||&#8221; global_colors_info=&#8221;{}&#8221;]<\/p>\n<p>Los estudiantes del <em>DCP<\/em> proced\u00edan de casi todas las regiones de Colombia y de m\u00faltiples grupos \u00e9tnicos y raciales. El barrio de viviendas construidas informalmente estaba rodeado por un lago f\u00e9tido y abandonado por el Estado y ten\u00eda acceso limitado al agua, la educaci\u00f3n y los servicios de salud. Las familias viv\u00edan vidas precarias. Actores armados operaban en El Progreso, entre ellos paramilitares, narcoparamilitares, guerrillas y pandillas locales que ejerc\u00edan control social mediante amenazas y vigilancia y buscaban reclutar, a veces por la fuerza, a j\u00f3venes descontentos. Durante 18 meses, <em>DCP<\/em> fue financiado por la organizaci\u00f3n holandesa War Child como parte de su programaci\u00f3n para evitar problemas a los j\u00f3venes en riesgo de reclutamiento, ofreci\u00e9ndoles actividades para ocupar su tiempo libre. Para la d\u00e9cada de 2010, como los paramilitares locales intensificaron su represi\u00f3n de las iniciativas lideradas por la comunidad, DCC se vio obligada a reubicarse despu\u00e9s de que algunos de los j\u00f3venes m\u00e1s activistas comenzaran a recibir amenazas.<\/p>\n<p>[\/et_pb_text][et_pb_image src=&#8221;https:\/\/imagingpeace.org\/wp-content\/uploads\/2024\/08\/Barrios_Colombia2-1-1024&#215;684.jpg&#8221; title_text=&#8221;Barrios_Colombia2&#8243; align=&#8221;center&#8221; _builder_version=&#8221;4.27.0&#8243; _module_preset=&#8221;default&#8221; custom_margin=&#8221;135px||133px|||&#8221; global_colors_info=&#8221;{}&#8221;][\/et_pb_image][et_pb_image src=&#8221;https:\/\/imagingpeace.org\/wp-content\/uploads\/2024\/08\/3InBed-1024&#215;678.jpg&#8221; title_text=&#8221;3InBed&#8221; align=&#8221;center&#8221; _builder_version=&#8221;4.27.0&#8243; _module_preset=&#8221;default&#8221; custom_margin=&#8221;||11px|||&#8221; global_colors_info=&#8221;{}&#8221;][\/et_pb_image][et_pb_text _builder_version=&#8221;4.27.0&#8243; _module_preset=&#8221;default&#8221; text_font=&#8221;Actor|&#8211;et_global_body_font_weight|||||||&#8221; text_line_height=&#8221;1.8em&#8221; header_5_font=&#8221;Antic Slab|&#8211;et_global_heading_font_weight|||||||&#8221; header_5_font_size=&#8221;15px&#8221; custom_margin=&#8221;2px||15px||false|false&#8221; custom_padding=&#8221;|20px||58px||&#8221; global_colors_info=&#8221;{}&#8221;]<\/p>\n<h5 style=\"text-align: right;\"><strong>\u00a0 \u00a0 \u00a0 \u00a0 \u00a0 \u00a0 \u00a0 \u00a0 \u00a0 \u00a0 \u00a0 \u00a0 \u00a0 \u00a0 \u00a0 \u00a0 \u00a0 \u00a0 \u00a0 \u00a0 \u00a0 \u00a0 \u00a0 \u00a0 \u00a0 \u00a0 \u00a0 \u00a0 \u00a0 \u00a0 \u00a0 \u00a0 \u00a0 \u00a0 \u00a0 \u00a0 \u00a0 \u00a0 \u00a0 \u00a0 \u00a0 \u00a0 \u00a0 \u00a0 \u00a0 \u00a0 \u00a0 \u00a0 \u00a0\u00a9 Arabelli, 2006 \/ <\/strong><strong>Shooting Cameras for Peace<\/strong><\/h5>\n<p>[\/et_pb_text][et_pb_text _builder_version=&#8221;4.27.0&#8243; _module_preset=&#8221;default&#8221; text_font=&#8221;&#8211;et_global_body_font|300|||||||&#8221; text_font_size=&#8221;22px&#8221; text_line_height=&#8221;1.2em&#8221; global_colors_info=&#8221;{}&#8221;]<\/p>\n<p>Fattal se\u00f1ala que el <em>DCP<\/em> no pudo hacer nada para abordar directamente los problemas estructurales de la violencia y la pobreza en El Progreso, pero foment\u00f3 la autorreflexi\u00f3n y la conciencia cr\u00edtica, permitiendo a los estudiantes un modo de apostar por la ciudadan\u00eda y, al hacerlo, contribuy\u00f3 a la construcci\u00f3n de la paz a trav\u00e9s de un lento trabajo cultural que cre\u00f3 las condiciones para el cambio. La fotograf\u00eda se convirti\u00f3 en una poderosa intervenci\u00f3n cultural para los j\u00f3venes que, en lugar de vivir con miedo de ser observados y monitoreados, se hicieron cargo de la c\u00e1mara para documentar su vida cotidiana y la de sus seres queridos como una forma de resistencia y juego.<\/p>\n<p>Para una extensa reflexi\u00f3n sobre el proyecto y una amplia muestra de los trabajos de los alumnos, v\u00e9ase: Alexander L. Fattal, <a href=\"https:\/\/www.alexfattal.net\/shooting-cameras-for-peace-book\"><em>Shooting Cameras for Peace: Youth, Photography and the Colombian Armed Conflict \/ Disparando C\u00e1maras para la Paz: Juventud, Fotograf\u00eda y el Conflicto Armado Colombiano<\/em><\/a> (Peabody Museum Press, 2020).<\/p>\n<p>[\/et_pb_text][\/et_pb_column][\/et_pb_row][et_pb_row column_structure=&#8221;1_5,3_5,1_5&#8243; _builder_version=&#8221;4.27.0&#8243; _module_preset=&#8221;default&#8221; background_color=&#8221;#EBEFE6&#8243; custom_margin=&#8221;46px|auto|61px|auto||&#8221; custom_padding=&#8221;91px|||||&#8221; global_colors_info=&#8221;{}&#8221;][et_pb_column type=&#8221;1_5&#8243; _builder_version=&#8221;4.27.0&#8243; _module_preset=&#8221;default&#8221; global_colors_info=&#8221;{}&#8221;][\/et_pb_column][et_pb_column type=&#8221;3_5&#8243; _builder_version=&#8221;4.27.0&#8243; _module_preset=&#8221;default&#8221; global_colors_info=&#8221;{}&#8221;][et_pb_testimonial author=&#8221;Participante de DCP&#8221; job_title=&#8221;Entrevistado por Alba Lucy Guerrero&#8221; font_icon=&#8221;&#xf10e;||fa||900&#8243; use_icon_font_size=&#8221;on&#8221; _builder_version=&#8221;4.27.0&#8243; _module_preset=&#8221;default&#8221; body_font_size=&#8221;31px&#8221; body_line_height=&#8221;1.2em&#8221; author_font_size=&#8221;24px&#8221; author_line_height=&#8221;1.2em&#8221; custom_padding=&#8221;|0px||4px||&#8221; border_width_all=&#8221;0px&#8221; global_colors_info=&#8221;{}&#8221;]<\/p>\n<p><em>&#8216;Yo era muy distante, muy t\u00edmida&#8230; He aprendido muchas cosas, a desenvolverme, a respetar a los profesores, y estoy aprendiendo a ser profesora, a ser ayudante de profesora.\u00a0 Maduras un poco, s\u00ed, te empiezan a gustar cosas nuevas, a aprender m\u00e1s, no s\u00f3lo de fotograf\u00eda, sino de otras cosas, a compartir y a hacer amigos.&#8217;<\/em><\/p>\n<p>[\/et_pb_testimonial][\/et_pb_column][et_pb_column type=&#8221;1_5&#8243; _builder_version=&#8221;4.27.0&#8243; _module_preset=&#8221;default&#8221; global_colors_info=&#8221;{}&#8221;][\/et_pb_column][\/et_pb_row][et_pb_row _builder_version=&#8221;4.27.0&#8243; _module_preset=&#8221;default&#8221; global_colors_info=&#8221;{}&#8221;][et_pb_column type=&#8221;4_4&#8243; _builder_version=&#8221;4.27.0&#8243; _module_preset=&#8221;default&#8221; global_colors_info=&#8221;{}&#8221;][et_pb_image src=&#8221;https:\/\/imagingpeace.org\/wp-content\/uploads\/2024\/08\/hands-mirror-1.jpg&#8221; title_text=&#8221;hands-mirror&#8221; align=&#8221;center&#8221; _builder_version=&#8221;4.27.0&#8243; _module_preset=&#8221;default&#8221; global_colors_info=&#8221;{}&#8221;][\/et_pb_image][et_pb_text _builder_version=&#8221;4.27.0&#8243; _module_preset=&#8221;default&#8221; text_font=&#8221;Actor|&#8211;et_global_body_font_weight|||||||&#8221; text_line_height=&#8221;1.8em&#8221; header_5_font=&#8221;Antic Slab|&#8211;et_global_heading_font_weight|||||||&#8221; header_5_font_size=&#8221;15px&#8221; custom_margin=&#8221;2px||||false|false&#8221; custom_padding=&#8221;|20px||58px||&#8221; global_colors_info=&#8221;{}&#8221;]<\/p>\n<h5 style=\"text-align: right;\"><\/h5>\n<h5 style=\"text-align: right;\"><strong>\u00a9 Desconocido, 2004<\/strong><\/h5>\n<p>[\/et_pb_text][\/et_pb_column][\/et_pb_row][et_pb_row _builder_version=&#8221;4.27.4&#8243; _module_preset=&#8221;default&#8221;][et_pb_column _builder_version=&#8221;4.27.4&#8243; _module_preset=&#8221;default&#8221; type=&#8221;4_4&#8243;][et_pb_menu menu_id=&#8221;10&#8243; menu_style=&#8221;centered&#8221; active_link_color=&#8221;#E09900&#8243; _builder_version=&#8221;4.27.0&#8243; _module_preset=&#8221;default&#8221; menu_font=&#8221;|||on|||||&#8221; menu_text_color=&#8221;#000000&#8243; global_colors_info=&#8221;{}&#8221; menu_font_size__hover_enabled=&#8221;off|desktop&#8221; theme_builder_area=&#8221;post_content&#8221;][\/et_pb_menu][\/et_pb_column][\/et_pb_row][\/et_pb_section]<\/p>\n","protected":false},"excerpt":{"rendered":"<p>PROJECTS | ENGLISH\u00a0 |\u00a0 ESPA\u00d1OL\u00a0 |\u00a0 FRAN\u00c7AISShooting Cameras for Peace (ES)Pa\u00eds: Colombia Participantes: Juventud de El Progreso, Bogot\u00e1 P\u00e1gina webAqu\u00ed mis padres estaban peleando porque mi pap\u00e1 ten\u00eda dinero y no le dijo a mi mam\u00e1 y se lo gast\u00f3. Ya no est\u00e1n peleando. .\u00a9 Wilson David, diez a\u00f1os \/ Shooting Cameras for Peace\u00a0Shooting Cameras [&hellip;]<\/p>\n","protected":false},"author":1,"featured_media":0,"parent":0,"menu_order":0,"comment_status":"closed","ping_status":"closed","template":"","meta":{"_et_pb_use_builder":"on","_et_pb_old_content":"<!-- wp:divi\/placeholder \/-->","_et_gb_content_width":"","footnotes":""},"class_list":["post-1322","page","type-page","status-publish","hentry"],"acf":[],"_links":{"self":[{"href":"https:\/\/imagingpeace.org\/index.php\/wp-json\/wp\/v2\/pages\/1322","targetHints":{"allow":["GET"]}}],"collection":[{"href":"https:\/\/imagingpeace.org\/index.php\/wp-json\/wp\/v2\/pages"}],"about":[{"href":"https:\/\/imagingpeace.org\/index.php\/wp-json\/wp\/v2\/types\/page"}],"author":[{"embeddable":true,"href":"https:\/\/imagingpeace.org\/index.php\/wp-json\/wp\/v2\/users\/1"}],"replies":[{"embeddable":true,"href":"https:\/\/imagingpeace.org\/index.php\/wp-json\/wp\/v2\/comments?post=1322"}],"version-history":[{"count":4,"href":"https:\/\/imagingpeace.org\/index.php\/wp-json\/wp\/v2\/pages\/1322\/revisions"}],"predecessor-version":[{"id":1821,"href":"https:\/\/imagingpeace.org\/index.php\/wp-json\/wp\/v2\/pages\/1322\/revisions\/1821"}],"wp:attachment":[{"href":"https:\/\/imagingpeace.org\/index.php\/wp-json\/wp\/v2\/media?parent=1322"}],"curies":[{"name":"wp","href":"https:\/\/api.w.org\/{rel}","templated":true}]}}