{"id":1319,"date":"2024-12-17T12:17:14","date_gmt":"2024-12-17T12:17:14","guid":{"rendered":"https:\/\/imagingpeace.org\/?page_id=1319"},"modified":"2025-01-17T21:14:02","modified_gmt":"2025-01-17T21:14:02","slug":"possible-landscapes-fr","status":"publish","type":"page","link":"https:\/\/imagingpeace.org\/index.php\/possible-landscapes-fr\/","title":{"rendered":"Possible Landscapes FR"},"content":{"rendered":"<p>[et_pb_section fb_built=&#8221;1&#8243; _builder_version=&#8221;4.27.0&#8243; _module_preset=&#8221;default&#8221; locked=&#8221;off&#8221; global_colors_info=&#8221;{}&#8221;][et_pb_row _builder_version=&#8221;4.27.4&#8243; _module_preset=&#8221;default&#8221; custom_padding=&#8221;18px||0px|||&#8221; locked=&#8221;off&#8221; global_colors_info=&#8221;{}&#8221;][et_pb_column type=&#8221;4_4&#8243; _builder_version=&#8221;4.27.4&#8243; _module_preset=&#8221;default&#8221; global_colors_info=&#8221;{}&#8221;][et_pb_text _builder_version=&#8221;4.27.4&#8243; _module_preset=&#8221;default&#8221; global_colors_info=&#8221;{}&#8221;]<\/p>\n<p><a href=\"https:\/\/imagingpeace.org\/index.php\/peace-photography-projects\/\">PROJECTS<\/a> | <a href=\"https:\/\/imagingpeace.org\/index.php\/possible-landscapes\/\">ENGLISH<\/a>\u00a0 |\u00a0 <a href=\"https:\/\/imagingpeace.org\/index.php\/possible-landscapes-es\/\" title=\"Esp\">ESPA\u00d1OL<\/a>\u00a0 |\u00a0 <a href=\"https:\/\/imagingpeace.org\/index.php\/possible-landscapes-fr\/\">FRAN\u00c7AIS<\/a><\/p>\n<p>[\/et_pb_text][\/et_pb_column][\/et_pb_row][et_pb_row _builder_version=&#8221;4.27.0&#8243; _module_preset=&#8221;default&#8221; global_colors_info=&#8221;{}&#8221;][et_pb_column type=&#8221;4_4&#8243; _builder_version=&#8221;4.27.0&#8243; _module_preset=&#8221;default&#8221; global_colors_info=&#8221;{}&#8221;][et_pb_text admin_label=&#8221;Title&#8221; _builder_version=&#8221;4.27.0&#8243; _module_preset=&#8221;default&#8221; header_font_size=&#8221;54px&#8221; custom_margin=&#8221;||8px||false|false&#8221; global_colors_info=&#8221;{}&#8221;]<\/p>\n<h1 style=\"text-align: left;\"><strong>Possible Landscapes (FR)<\/strong><\/h1>\n<p>[\/et_pb_text][et_pb_text admin_label=&#8221;Title&#8221; _builder_version=&#8221;4.27.4&#8243; _module_preset=&#8221;default&#8221; header_3_font_size=&#8221;24px&#8221; header_3_line_height=&#8221;0.8em&#8221; custom_margin=&#8221;||25px||false|false&#8221; hover_enabled=&#8221;0&#8243; global_colors_info=&#8221;{}&#8221; sticky_enabled=&#8221;0&#8243;]<\/p>\n<h3>Pays:<strong> Chypre<\/strong><\/h3>\n<h3>Participants:<strong> Monica Alc\u00e1zar-Duarte, Home 4 Cooperation et des contributeurs d&#8217;Instagram<\/strong><\/h3>\n<h3><a href=\"https:\/\/www.instagram.com\/possiblelandscapes\/\" target=\"_blank\" rel=\"noopener\">Site internet<\/a><\/h3>\n<p>[\/et_pb_text][\/et_pb_column][\/et_pb_row][et_pb_row _builder_version=&#8221;4.27.0&#8243; _module_preset=&#8221;default&#8221; width=&#8221;100%&#8221; max_width=&#8221;1700px&#8221; custom_padding=&#8221;2px||1px|||&#8221; global_colors_info=&#8221;{}&#8221;][et_pb_column type=&#8221;4_4&#8243; _builder_version=&#8221;4.27.0&#8243; _module_preset=&#8221;default&#8221; global_colors_info=&#8221;{}&#8221;][et_pb_slider _builder_version=&#8221;4.27.0&#8243; _module_preset=&#8221;default&#8221; custom_margin=&#8221;||2px|||&#8221; custom_padding=&#8221;||309px|||&#8221; global_colors_info=&#8221;{}&#8221;][et_pb_slide _builder_version=&#8221;4.27.0&#8243; _module_preset=&#8221;default&#8221; background_color=&#8221;#969696&#8243; background_enable_color=&#8221;on&#8221; background_image=&#8221;https:\/\/imagingpeace.org\/wp-content\/uploads\/2024\/08\/PossibleLandscapes_Triptych.jpg&#8221; background_enable_image=&#8221;on&#8221; width=&#8221;100%&#8221; width_tablet=&#8221;100%&#8221; width_phone=&#8221;0%&#8221; width_last_edited=&#8221;on|phone&#8221; max_width_tablet=&#8221;&#8221; max_width_phone=&#8221;100%&#8221; max_width_last_edited=&#8221;on|phone&#8221; global_colors_info=&#8221;{}&#8221; sticky_transition=&#8221;on&#8221;][\/et_pb_slide][\/et_pb_slider][\/et_pb_column][\/et_pb_row][et_pb_row _builder_version=&#8221;4.27.0&#8243; _module_preset=&#8221;default&#8221; custom_margin=&#8221;-3px|auto|53px|auto||&#8221; custom_padding=&#8221;1px||5px|||&#8221; global_colors_info=&#8221;{}&#8221;][et_pb_column type=&#8221;4_4&#8243; _builder_version=&#8221;4.27.0&#8243; _module_preset=&#8221;default&#8221; global_colors_info=&#8221;{}&#8221;][et_pb_text _builder_version=&#8221;4.27.4&#8243; _module_preset=&#8221;default&#8221; text_font=&#8221;Actor|&#8211;et_global_body_font_weight|||||||&#8221; text_line_height=&#8221;1.8em&#8221; header_5_font=&#8221;Antic Slab|&#8211;et_global_heading_font_weight|||||||&#8221; header_5_font_size=&#8221;15px&#8221; custom_margin=&#8221;2px||||false|false&#8221; custom_padding=&#8221;2px|0px||58px||&#8221; global_colors_info=&#8221;{}&#8221;]<\/p>\n<h5 class=\"p1\" style=\"text-align: right;\"><strong>\u00a9<\/strong> (de gauche a droite) <strong>@libertine @transporter @melissahekkers<\/strong><\/h5>\n<p>[\/et_pb_text][\/et_pb_column][\/et_pb_row][et_pb_row column_structure=&#8221;1_2,1_2&#8243; _builder_version=&#8221;4.27.0&#8243; _module_preset=&#8221;default&#8221; custom_padding=&#8221;24px||6px|||&#8221; global_colors_info=&#8221;{}&#8221;][et_pb_column type=&#8221;1_2&#8243; _builder_version=&#8221;4.27.0&#8243; _module_preset=&#8221;default&#8221; global_colors_info=&#8221;{}&#8221;][et_pb_text _builder_version=&#8221;4.27.4&#8243; _module_preset=&#8221;default&#8221; text_font=&#8221;&#8211;et_global_body_font|300|||||||&#8221; text_font_size=&#8221;22px&#8221; text_line_height=&#8221;1.2em&#8221; width=&#8221;100%&#8221; custom_padding=&#8221;|0px||||&#8221; global_colors_info=&#8221;{}&#8221;]<\/p>\n<p>Con\u00e7u par l\u2019artiste visuelle mexicano-britannique M\u00f3nica Alc\u00e1zar-Duarte, <a href=\"https:\/\/www.instagram.com\/possiblelandscapes\/\"><em>Possible Landscapes<\/em><\/a> (\u00ab Paysages possibles \u00bb) \u00e9tait un projet participatif de construction de paix utilisant Instagram, qui invitait les Chypriotes \u00e0 envoyer leurs photographies pour cr\u00e9er un horizon partag\u00e9 de l\u2019\u00eele. Le conflit actuel entre Chypriotes grecs et Chypriotes turcs est entr\u00e9 dans sa phase actuelle en 1974, lorsque la Turquie a envahi la partie nord de l\u2019\u00eele apr\u00e8s un coup d\u2019\u00c9tat visant \u00e0 une union avec la Gr\u00e8ce, ce qui a conduit \u00e0 une partition de facto entre le nord turc et le sud grec. Malgr\u00e9 les r\u00e9solutions de l\u2019ONU appelant les deux communaut\u00e9s \u00e0 n\u00e9gocier un accord global, les discussions sur la r\u00e9unification ont \u00e9t\u00e9 r\u00e9p\u00e9titivement bloqu\u00e9es, et l\u2019\u00eele reste divis\u00e9e par une zone tampon de l\u2019ONU qui traverse la capitale Nicosie, faisant de celle-ci la derni\u00e8re capitale divis\u00e9e d\u2019Europe. Le trafic \u00e0 travers la zone de s\u00e9curit\u00e9 \u00e9tait tr\u00e8s limit\u00e9 jusqu\u2019en 2003, lorsque des points de passage ont \u00e9t\u00e9 ouverts, mais pour de nombreux insulaires, la question reste un sujet tr\u00e8s sensible et \u00e9motionnel.<\/p>\n<p><em>Possible Landscapes<\/em> est n\u00e9 d\u2019une r\u00e9sidence artistique sur l\u2019\u00eele o\u00f9 Alc\u00e1zar-Duarte jouait avec l\u2019id\u00e9e de cr\u00e9er des images combinant la terre partag\u00e9e et le ciel des parties nord et sud de Chypre. Si les images incluaient un horizon et \u00e9taient plac\u00e9es c\u00f4te \u00e0 c\u00f4te, elles formaient un paysage ininterrompu o\u00f9 les fronti\u00e8res devenaient imperceptibles, ne laissant qu\u2019une c\u00e9l\u00e9bration de l\u2019\u00eele dans son ensemble. <a href=\"https:\/\/www.home4cooperation.info\/\" target=\"_blank\" rel=\"noopener\"><em>Home 4 Cooperation<\/em><\/a>, une organisation de construction de la paix situ\u00e9e dans la zone tampon de Nicosie, utilise les arts et la culture pour rassembler les gens. En collaboration avec <em>Home 4 Cooperation<\/em> pour diffuser le message, le projet a \u00e9volu\u00e9 pour devenir une invitation ouverte \u00e0 la communaut\u00e9 chypriote afin qu\u2019elle contribue avec ses propres photographies via Instagram.<\/p>\n<p>[\/et_pb_text][\/et_pb_column][et_pb_column type=&#8221;1_2&#8243; _builder_version=&#8221;4.27.0&#8243; _module_preset=&#8221;default&#8221; global_colors_info=&#8221;{}&#8221;][et_pb_image src=&#8221;https:\/\/imagingpeace.org\/wp-content\/uploads\/2024\/08\/Possible-Landscape-Instagram-feed.jpg&#8221; title_text=&#8221;Possible-Landscape-Instagram-feed&#8221; align=&#8221;right&#8221; _builder_version=&#8221;4.27.0&#8243; _module_preset=&#8221;default&#8221; width=&#8221;101%&#8221; global_colors_info=&#8221;{}&#8221;][\/et_pb_image][\/et_pb_column][\/et_pb_row][et_pb_row _builder_version=&#8221;4.27.0&#8243; _module_preset=&#8221;default&#8221; custom_padding=&#8221;4px|||||&#8221; global_colors_info=&#8221;{}&#8221;][et_pb_column type=&#8221;4_4&#8243; _builder_version=&#8221;4.27.0&#8243; _module_preset=&#8221;default&#8221; global_colors_info=&#8221;{}&#8221;][et_pb_text _builder_version=&#8221;4.27.0&#8243; _module_preset=&#8221;default&#8221; text_font=&#8221;Actor|&#8211;et_global_body_font_weight|||||||&#8221; text_line_height=&#8221;1.8em&#8221; header_5_font=&#8221;Antic Slab|&#8211;et_global_heading_font_weight|||||||&#8221; header_5_font_size=&#8221;15px&#8221; custom_margin=&#8221;2px||||false|false&#8221; custom_padding=&#8221;2px|0px||58px||&#8221; global_colors_info=&#8221;{}&#8221;]<\/p>\n<h5 style=\"text-align: right;\">Possible Landscapes Instagram feed<br \/><strong>@ Possible Landscapes, Cyprus<\/strong><\/h5>\n<p>[\/et_pb_text][et_pb_text _builder_version=&#8221;4.27.0&#8243; _module_preset=&#8221;default&#8221; text_font=&#8221;&#8211;et_global_body_font|300|||||||&#8221; text_font_size=&#8221;22px&#8221; text_line_height=&#8221;1.2em&#8221; width=&#8221;100%&#8221; custom_margin=&#8221;45px||||false|false&#8221; custom_padding=&#8221;|0px||||&#8221; global_colors_info=&#8221;{}&#8221;]<\/p>\n<p>Le compte Instagram <a href=\"https:\/\/www.instagram.com\/possiblelandscapes\/\"><em>Possible Landscapes<\/em><\/a> \u00e9tait anim\u00e9 par une cha\u00eene de collaborateurs publiant des photos, chacun invitant une autre personne \u00e0 participer. Tout le monde pouvait contribuer en publiant ses images avec le hashtag #<em>possiblelandscapes<\/em>. Le projet a pris vie de mani\u00e8re autonome avec des contributions venant de toute l\u2019\u00eele. Pr\u00e9vu pour durer un mois, il s\u2019est finalement \u00e9tendu sur deux ans avec plus de 1 300 images soumises, cr\u00e9ant des rencontres en ligne entre des personnes qui, autrement, n\u2019auraient pas \u00e9t\u00e9 en contact. Certains participants n\u2019\u00e9taient pas conscients des objectifs de paix du projet et, \u00e0 un moment donn\u00e9, le projet s\u2019est heurt\u00e9 \u00e0 la commercialisation de la plateforme Instagram lorsque des agences de tourisme ont commenc\u00e9 \u00e0 utiliser le hashtag, remplissant le fil d\u2019images touristiques soigneusement s\u00e9lectionn\u00e9es, ce qui a inqui\u00e9t\u00e9 les contributeurs originaux.<\/p>\n<p><em>Possible Landscapes<\/em> \u00e9tait un projet exp\u00e9rimental visant \u00e0 cr\u00e9er une communaut\u00e9 artistique en ligne significative. Instagram s\u2019est r\u00e9v\u00e9l\u00e9 \u00eatre un moyen efficace de toucher un large public. Le projet n\u2019a n\u00e9cessit\u00e9 aucun financement, et le mod\u00e8le a \u00e9t\u00e9 reproduit en Bosnie-Herz\u00e9govine en partenariat avec le <a href=\"https:\/\/p-crc.org\/\">Centre de Recherche Post-Conflit<\/a>. Alc\u00e1zar-Duarte reste prudente quant \u00e0 l\u2019impact du projet sur la construction de la paix. Elle estime que le composant en ligne doit \u00eatre compl\u00e9t\u00e9 par des \u00e9l\u00e9ments physiques, comme des expositions et des publications utilisant les archives pour cr\u00e9er des rencontres dans la vie r\u00e9elle. Cependant, malgr\u00e9 ses limites, <em>Possible Landscapes<\/em> a fait quelque chose d\u2019important en cr\u00e9ant un espace o\u00f9 les Chypriotes pouvaient voir leur pays comme un tout partag\u00e9.<\/p>\n<p>[\/et_pb_text][\/et_pb_column][\/et_pb_row][et_pb_row column_structure=&#8221;1_5,3_5,1_5&#8243; _builder_version=&#8221;4.27.0&#8243; _module_preset=&#8221;default&#8221; background_color=&#8221;#EBEFE6&#8243; custom_margin=&#8221;46px|auto|61px|auto||&#8221; custom_padding=&#8221;91px|||||&#8221; global_colors_info=&#8221;{}&#8221;][et_pb_column type=&#8221;1_5&#8243; _builder_version=&#8221;4.27.0&#8243; _module_preset=&#8221;default&#8221; global_colors_info=&#8221;{}&#8221;][\/et_pb_column][et_pb_column type=&#8221;3_5&#8243; _builder_version=&#8221;4.27.0&#8243; _module_preset=&#8221;default&#8221; global_colors_info=&#8221;{}&#8221;][et_pb_testimonial author=&#8221;Monica Alc\u00e1zar-Duarte&#8221; job_title=&#8221;Artiste visuelle &#8221; font_icon=&#8221;&#xf10e;||fa||900&#8243; use_icon_font_size=&#8221;on&#8221; _builder_version=&#8221;4.27.0&#8243; _module_preset=&#8221;default&#8221; body_font_size=&#8221;31px&#8221; body_line_height=&#8221;1.2em&#8221; author_font_size=&#8221;24px&#8221; author_line_height=&#8221;1.2em&#8221; custom_padding=&#8221;|0px||4px||&#8221; border_width_all=&#8221;0px&#8221; global_colors_info=&#8221;{}&#8221;]<\/p>\n<p style=\"text-align: center;\"><em>\u2018Possible Landscapes a fourni une structure claire et simple autour de la cr\u00e9ation de paysages sans coupures \u00e0 travers un horizon sans fronti\u00e8res. Il y a une simplicit\u00e9 dans la m\u00e9taphore visuelle, mais les mani\u00e8res dont elle se d\u00e9veloppe sont plus complexes.\u2019<\/em><\/p>\n<p>[\/et_pb_testimonial][\/et_pb_column][et_pb_column type=&#8221;1_5&#8243; _builder_version=&#8221;4.27.0&#8243; _module_preset=&#8221;default&#8221; global_colors_info=&#8221;{}&#8221;][\/et_pb_column][\/et_pb_row][et_pb_row _builder_version=&#8221;4.27.4&#8243; _module_preset=&#8221;default&#8221; global_colors_info=&#8221;{}&#8221;][et_pb_column type=&#8221;4_4&#8243; _builder_version=&#8221;4.27.4&#8243; _module_preset=&#8221;default&#8221; global_colors_info=&#8221;{}&#8221;][et_pb_menu menu_id=&#8221;10&#8243; menu_style=&#8221;centered&#8221; active_link_color=&#8221;#E09900&#8243; _builder_version=&#8221;4.27.0&#8243; _module_preset=&#8221;default&#8221; menu_font=&#8221;|||on|||||&#8221; menu_text_color=&#8221;#000000&#8243; global_colors_info=&#8221;{}&#8221; menu_font_size__hover_enabled=&#8221;off|desktop&#8221;][\/et_pb_menu][\/et_pb_column][\/et_pb_row][\/et_pb_section]<\/p>\n","protected":false},"excerpt":{"rendered":"<p>PROJECTS | ENGLISH\u00a0 |\u00a0 ESPA\u00d1OL\u00a0 |\u00a0 FRAN\u00c7AISPossible Landscapes (FR)Pays: Chypre Participants: Monica Alc\u00e1zar-Duarte, Home 4 Cooperation et des contributeurs d&#8217;Instagram Site internet\u00a9 (de gauche a droite) @libertine @transporter @melissahekkersCon\u00e7u par l\u2019artiste visuelle mexicano-britannique M\u00f3nica Alc\u00e1zar-Duarte, Possible Landscapes (\u00ab Paysages possibles \u00bb) \u00e9tait un projet participatif de construction de paix utilisant Instagram, qui invitait les Chypriotes [&hellip;]<\/p>\n","protected":false},"author":1,"featured_media":0,"parent":0,"menu_order":0,"comment_status":"closed","ping_status":"closed","template":"","meta":{"_et_pb_use_builder":"on","_et_pb_old_content":"<!-- wp:divi\/placeholder \/-->","_et_gb_content_width":"","footnotes":""},"class_list":["post-1319","page","type-page","status-publish","hentry"],"acf":[],"_links":{"self":[{"href":"https:\/\/imagingpeace.org\/index.php\/wp-json\/wp\/v2\/pages\/1319","targetHints":{"allow":["GET"]}}],"collection":[{"href":"https:\/\/imagingpeace.org\/index.php\/wp-json\/wp\/v2\/pages"}],"about":[{"href":"https:\/\/imagingpeace.org\/index.php\/wp-json\/wp\/v2\/types\/page"}],"author":[{"embeddable":true,"href":"https:\/\/imagingpeace.org\/index.php\/wp-json\/wp\/v2\/users\/1"}],"replies":[{"embeddable":true,"href":"https:\/\/imagingpeace.org\/index.php\/wp-json\/wp\/v2\/comments?post=1319"}],"version-history":[{"count":4,"href":"https:\/\/imagingpeace.org\/index.php\/wp-json\/wp\/v2\/pages\/1319\/revisions"}],"predecessor-version":[{"id":1793,"href":"https:\/\/imagingpeace.org\/index.php\/wp-json\/wp\/v2\/pages\/1319\/revisions\/1793"}],"wp:attachment":[{"href":"https:\/\/imagingpeace.org\/index.php\/wp-json\/wp\/v2\/media?parent=1319"}],"curies":[{"name":"wp","href":"https:\/\/api.w.org\/{rel}","templated":true}]}}