{"id":1318,"date":"2024-12-17T12:16:55","date_gmt":"2024-12-17T12:16:55","guid":{"rendered":"https:\/\/imagingpeace.org\/?page_id=1318"},"modified":"2025-01-17T21:13:03","modified_gmt":"2025-01-17T21:13:03","slug":"possible-landscapes-es","status":"publish","type":"page","link":"https:\/\/imagingpeace.org\/index.php\/possible-landscapes-es\/","title":{"rendered":"Possible Landscapes ES"},"content":{"rendered":"<p>[et_pb_section fb_built=&#8221;1&#8243; _builder_version=&#8221;4.27.0&#8243; _module_preset=&#8221;default&#8221; locked=&#8221;off&#8221; global_colors_info=&#8221;{}&#8221;][et_pb_row _builder_version=&#8221;4.27.4&#8243; _module_preset=&#8221;default&#8221; custom_padding=&#8221;18px||0px|||&#8221; locked=&#8221;off&#8221; global_colors_info=&#8221;{}&#8221;][et_pb_column type=&#8221;4_4&#8243; _builder_version=&#8221;4.27.4&#8243; _module_preset=&#8221;default&#8221; global_colors_info=&#8221;{}&#8221;][et_pb_text _builder_version=&#8221;4.27.4&#8243; _module_preset=&#8221;default&#8221; global_colors_info=&#8221;{}&#8221;]<\/p>\n<p><a href=\"https:\/\/imagingpeace.org\/index.php\/peace-photography-projects\/\">PROJECTS<\/a> | <a href=\"https:\/\/imagingpeace.org\/index.php\/possible-landscapes\/\">ENGLISH<\/a>\u00a0 |\u00a0 <a href=\"https:\/\/imagingpeace.org\/index.php\/possible-landscapes-es\/\" title=\"Esp\">ESPA\u00d1OL<\/a>\u00a0 |\u00a0 <a href=\"https:\/\/imagingpeace.org\/index.php\/possible-landscapes-fr\/\">FRAN\u00c7AIS<\/a><\/p>\n<p>[\/et_pb_text][\/et_pb_column][\/et_pb_row][et_pb_row _builder_version=&#8221;4.27.0&#8243; _module_preset=&#8221;default&#8221; global_colors_info=&#8221;{}&#8221;][et_pb_column type=&#8221;4_4&#8243; _builder_version=&#8221;4.27.0&#8243; _module_preset=&#8221;default&#8221; global_colors_info=&#8221;{}&#8221;][et_pb_text admin_label=&#8221;Title&#8221; _builder_version=&#8221;4.27.0&#8243; _module_preset=&#8221;default&#8221; header_font_size=&#8221;54px&#8221; custom_margin=&#8221;||8px||false|false&#8221; global_colors_info=&#8221;{}&#8221;]<\/p>\n<h1 style=\"text-align: left;\"><strong>Possible Landscapes (ES)<\/strong><\/h1>\n<p>[\/et_pb_text][et_pb_text admin_label=&#8221;Title&#8221; _builder_version=&#8221;4.27.4&#8243; _module_preset=&#8221;default&#8221; header_3_font_size=&#8221;24px&#8221; header_3_line_height=&#8221;0.8em&#8221; custom_margin=&#8221;||25px||false|false&#8221; global_colors_info=&#8221;{}&#8221;]<\/p>\n<h3>Pa\u00eds:<strong> Chipre<\/strong><\/h3>\n<h3>Participantes:<strong> M\u00f3nica Alc\u00e1zar-Duarte, Home 4 Cooperation y <\/strong><strong>contribuidores <\/strong><strong>de Instagram<\/strong><\/h3>\n<h3><a href=\"https:\/\/www.stephenwilsonphotography.com\/projectsintro\" target=\"_blank\" rel=\"noopener\">P\u00e1gina web<\/a><\/h3>\n<p>[\/et_pb_text][\/et_pb_column][\/et_pb_row][et_pb_row _builder_version=&#8221;4.27.0&#8243; _module_preset=&#8221;default&#8221; width=&#8221;100%&#8221; max_width=&#8221;1700px&#8221; custom_padding=&#8221;2px||1px|||&#8221; global_colors_info=&#8221;{}&#8221;][et_pb_column type=&#8221;4_4&#8243; _builder_version=&#8221;4.27.0&#8243; _module_preset=&#8221;default&#8221; global_colors_info=&#8221;{}&#8221;][et_pb_slider _builder_version=&#8221;4.27.0&#8243; _module_preset=&#8221;default&#8221; custom_margin=&#8221;||2px|||&#8221; custom_padding=&#8221;||309px|||&#8221; global_colors_info=&#8221;{}&#8221;][et_pb_slide _builder_version=&#8221;4.27.0&#8243; _module_preset=&#8221;default&#8221; background_color=&#8221;#969696&#8243; background_enable_color=&#8221;on&#8221; background_image=&#8221;https:\/\/imagingpeace.org\/wp-content\/uploads\/2024\/08\/PossibleLandscapes_Triptych.jpg&#8221; background_enable_image=&#8221;on&#8221; width=&#8221;100%&#8221; width_tablet=&#8221;100%&#8221; width_phone=&#8221;0%&#8221; width_last_edited=&#8221;on|phone&#8221; max_width_tablet=&#8221;&#8221; max_width_phone=&#8221;100%&#8221; max_width_last_edited=&#8221;on|phone&#8221; global_colors_info=&#8221;{}&#8221; sticky_transition=&#8221;on&#8221;][\/et_pb_slide][\/et_pb_slider][\/et_pb_column][\/et_pb_row][et_pb_row _builder_version=&#8221;4.27.0&#8243; _module_preset=&#8221;default&#8221; custom_margin=&#8221;-3px|auto|53px|auto||&#8221; custom_padding=&#8221;1px||5px|||&#8221; global_colors_info=&#8221;{}&#8221;][et_pb_column type=&#8221;4_4&#8243; _builder_version=&#8221;4.27.0&#8243; _module_preset=&#8221;default&#8221; global_colors_info=&#8221;{}&#8221;][et_pb_text _builder_version=&#8221;4.27.4&#8243; _module_preset=&#8221;default&#8221; text_font=&#8221;Actor|&#8211;et_global_body_font_weight|||||||&#8221; text_line_height=&#8221;1.8em&#8221; header_5_font=&#8221;Antic Slab|&#8211;et_global_heading_font_weight|||||||&#8221; header_5_font_size=&#8221;15px&#8221; custom_margin=&#8221;2px||||false|false&#8221; custom_padding=&#8221;2px|0px||58px||&#8221; global_colors_info=&#8221;{}&#8221;]<\/p>\n<h5 class=\"p1\" style=\"text-align: right;\"><strong>\u00a9<\/strong> (Izquierda a derecha) <strong>@libertine @transporter @melissahekkers<\/strong><\/h5>\n<p>[\/et_pb_text][\/et_pb_column][\/et_pb_row][et_pb_row column_structure=&#8221;1_2,1_2&#8243; _builder_version=&#8221;4.27.0&#8243; _module_preset=&#8221;default&#8221; custom_padding=&#8221;24px||6px|||&#8221; global_colors_info=&#8221;{}&#8221;][et_pb_column type=&#8221;1_2&#8243; _builder_version=&#8221;4.27.0&#8243; _module_preset=&#8221;default&#8221; global_colors_info=&#8221;{}&#8221;][et_pb_text _builder_version=&#8221;4.27.0&#8243; _module_preset=&#8221;default&#8221; text_font=&#8221;&#8211;et_global_body_font|300|||||||&#8221; text_font_size=&#8221;22px&#8221; text_line_height=&#8221;1.2em&#8221; width=&#8221;100%&#8221; custom_padding=&#8221;|0px||||&#8221; global_colors_info=&#8221;{}&#8221;]<\/p>\n<p>Concebido por la artista visual mexicano-brit\u00e1nica M\u00f3nica Alc\u00e1zar-Duarte, <em><a href=\"https:\/\/www.instagram.com\/possiblelandscapes\/\">Possible Landscapes<\/a><\/em> (Posibles Paisajes) fue un proyecto participativo de construcci\u00f3n de paz utilizando Instagram, que invitaba a los chipriotas a enviar sus fotograf\u00edas para crear un horizonte compartido de la isla. La actual disputa entre grecochipriotas y turcochipriotas entr\u00f3 en su fase actual en 1974, cuando Turqu\u00eda invadi\u00f3 tras un golpe de estado destinado a una uni\u00f3n con Grecia y ocup\u00f3 el tercio norte de la isla, lo que dio lugar a la partici\u00f3n de facto entre el norte turcochipriota y el grecochipriota sur. A pesar de las resoluciones de la ONU que llaman a las dos comunidades a negociar un acuerdo integral, las conversaciones de reunificaci\u00f3n se han estancado repetidamente y la isla contin\u00faa separada por una zona de amortiguaci\u00f3n de la ONU que atraviesa la capital Nicosia, convirti\u00e9ndola en la \u00faltima capital dividida en Europa. El tr\u00e1fico a trav\u00e9s de la zona de seguridad fue muy limitado hasta 2003, cuando se abrieron los cruces, pero para muchos isle\u00f1os la cuesti\u00f3n sigue siendo un tema muy delicado y emotivo.<\/p>\n<p><em>Possible Landscapes s<\/em>urgi\u00f3 de una residencia de artista en la isla donde Alc\u00e1zar-Duarte jugaba con la idea de crear im\u00e1genes que combinaran la tierra compartida y el cielo del norte y el sur de Chipre. Si las im\u00e1genes ten\u00edan alg\u00fan tipo de horizonte y se colocaban una al lado de la otra, creaban un paisaje ininterrumpido en el que las fronteras se volv\u00edan imperceptibles y lo que quedaba era una celebraci\u00f3n de la isla en su conjunto. <a href=\"https:\/\/www.home4cooperation.info\/\">Home 4 Cooperation<\/a> es una organizaci\u00f3n de construcci\u00f3n de paz ubicada dentro de la zona de seguridad de Nicosia que utiliza las artes y la cultura para unir a las personas. En colaboraci\u00f3n con Home 4 Cooperation para difundir el mensaje, el proyecto evolucion\u00f3 hasta convertirse en una invitaci\u00f3n abierta a la comunidad chipriota para que contribuyera con sus propias fotograf\u00edas a trav\u00e9s de Instagram.<\/p>\n<p>[\/et_pb_text][\/et_pb_column][et_pb_column type=&#8221;1_2&#8243; _builder_version=&#8221;4.27.0&#8243; _module_preset=&#8221;default&#8221; global_colors_info=&#8221;{}&#8221;][et_pb_image src=&#8221;https:\/\/imagingpeace.org\/wp-content\/uploads\/2024\/08\/Possible-Landscape-Instagram-feed.jpg&#8221; title_text=&#8221;Possible-Landscape-Instagram-feed&#8221; align=&#8221;right&#8221; _builder_version=&#8221;4.27.0&#8243; _module_preset=&#8221;default&#8221; width=&#8221;101%&#8221; global_colors_info=&#8221;{}&#8221;][\/et_pb_image][\/et_pb_column][\/et_pb_row][et_pb_row _builder_version=&#8221;4.27.0&#8243; _module_preset=&#8221;default&#8221; custom_padding=&#8221;4px|||||&#8221; global_colors_info=&#8221;{}&#8221;][et_pb_column type=&#8221;4_4&#8243; _builder_version=&#8221;4.27.0&#8243; _module_preset=&#8221;default&#8221; global_colors_info=&#8221;{}&#8221;][et_pb_text _builder_version=&#8221;4.27.0&#8243; _module_preset=&#8221;default&#8221; text_font=&#8221;Actor|&#8211;et_global_body_font_weight|||||||&#8221; text_line_height=&#8221;1.8em&#8221; header_5_font=&#8221;Antic Slab|&#8211;et_global_heading_font_weight|||||||&#8221; header_5_font_size=&#8221;15px&#8221; custom_margin=&#8221;2px||||false|false&#8221; custom_padding=&#8221;2px|0px||58px||&#8221; global_colors_info=&#8221;{}&#8221;]<\/p>\n<h5 style=\"text-align: right;\">Possible Landscapes Instagram feed<br \/><strong>@ Possible Landscapes, Cyprus<\/strong><\/h5>\n<p>[\/et_pb_text][et_pb_text _builder_version=&#8221;4.27.4&#8243; _module_preset=&#8221;default&#8221; text_font=&#8221;&#8211;et_global_body_font|300|||||||&#8221; text_font_size=&#8221;22px&#8221; text_line_height=&#8221;1.2em&#8221; width=&#8221;100%&#8221; custom_margin=&#8221;45px||||false|false&#8221; custom_padding=&#8221;|0px||||&#8221; hover_enabled=&#8221;0&#8243; global_colors_info=&#8221;{}&#8221; sticky_enabled=&#8221;0&#8243;]<\/p>\n<p>La cuenta de <a href=\"https:\/\/www.instagram.com\/possiblelandscapes\/\"><em>Possible Landscapes<\/em><\/a>\u00a0fue alojada por una cadena de colaboradores que publicaron fotograf\u00edas, cada uno extendiendo la invitaci\u00f3n a otro. Cualquiera podr\u00eda contribuir al feed publicando sus im\u00e1genes usando #possiblelandscapes. El proyecto cobr\u00f3 vida propia con contribuyentes a la conversaci\u00f3n visual de toda la isla. Esperaban que durara un mes, pero continu\u00f3 durante dos a\u00f1os con m\u00e1s de 1.300 im\u00e1genes enviadas, creando encuentros en l\u00ednea entre personas que de otro modo no habr\u00edan estado en contacto entre s\u00ed. Algunos participaron sin darse cuenta de sus objetivos de paz y, en un momento, el proyecto choc\u00f3 contra la comercializaci\u00f3n de la plataforma Instagram cuando las agencias de turismo recogieron el hashtag y el feed se llen\u00f3 de im\u00e1genes tur\u00edsticas perfectamente seleccionadas, para gran preocupaci\u00f3n de los contribuyentes originales.<\/p>\n<p><em>Possible Landscapes<\/em> fue un proyecto experimental que buscaba crear una comunidad art\u00edstica en l\u00ednea significativa. Instagram demuestra ser una forma eficaz de llegar a mucha gente. El proyecto no requiri\u00f3 financiaci\u00f3n y el modelo se reprodujo en Bosnia y Herzegovina en asociaci\u00f3n con el <a href=\"https:\/\/p-crc.org\/\" target=\"_blank\" rel=\"noopener\">Centro de Investigaci\u00f3n Post Conflicto<\/a>. Alc\u00e1zar-Duarte se muestra cauteloso sobre su impacto en la construcci\u00f3n de la paz. Considera que el componente en l\u00ednea debe complementarse con componentes f\u00edsicos, como exposiciones y una publicaci\u00f3n que utilice el archivo para crear encuentros en la vida real. Sin embargo, a pesar de sus limitaciones, Possible Landscapes hizo algo importante al crear un espacio donde los chipriotas pudieran ver su pa\u00eds como compartido.<\/p>\n<p>[\/et_pb_text][\/et_pb_column][\/et_pb_row][et_pb_row column_structure=&#8221;1_5,3_5,1_5&#8243; _builder_version=&#8221;4.27.0&#8243; _module_preset=&#8221;default&#8221; background_color=&#8221;#EBEFE6&#8243; custom_margin=&#8221;46px|auto|61px|auto||&#8221; custom_padding=&#8221;91px|||||&#8221; global_colors_info=&#8221;{}&#8221;][et_pb_column type=&#8221;1_5&#8243; _builder_version=&#8221;4.27.0&#8243; _module_preset=&#8221;default&#8221; global_colors_info=&#8221;{}&#8221;][\/et_pb_column][et_pb_column type=&#8221;3_5&#8243; _builder_version=&#8221;4.27.0&#8243; _module_preset=&#8221;default&#8221; global_colors_info=&#8221;{}&#8221;][et_pb_testimonial author=&#8221;Monica Alc\u00e1zar-Duarte&#8221; job_title=&#8221;Artista visual&#8221; font_icon=&#8221;&#xf10e;||fa||900&#8243; use_icon_font_size=&#8221;on&#8221; _builder_version=&#8221;4.27.0&#8243; _module_preset=&#8221;default&#8221; body_font_size=&#8221;31px&#8221; body_line_height=&#8221;1.2em&#8221; author_font_size=&#8221;24px&#8221; author_line_height=&#8221;1.2em&#8221; custom_padding=&#8221;|0px||4px||&#8221; border_width_all=&#8221;0px&#8221; global_colors_info=&#8221;{}&#8221;]<\/p>\n<p style=\"text-align: center;\"><em>\u2018Possible Landscapes proporcion\u00f3 una estructura clara y simple en torno a la creaci\u00f3n de paisajes sin fisuras a trav\u00e9s de un horizonte sin fronteras. Hay una simplicidad en la met\u00e1fora visual, pero las formas en que se desarrolla son m\u00e1s complejas\u2019.<\/em><\/p>\n<p>[\/et_pb_testimonial][\/et_pb_column][et_pb_column type=&#8221;1_5&#8243; _builder_version=&#8221;4.27.0&#8243; _module_preset=&#8221;default&#8221; global_colors_info=&#8221;{}&#8221;][\/et_pb_column][\/et_pb_row][et_pb_row _builder_version=&#8221;4.27.4&#8243; _module_preset=&#8221;default&#8221; global_colors_info=&#8221;{}&#8221;][et_pb_column type=&#8221;4_4&#8243; _builder_version=&#8221;4.27.4&#8243; _module_preset=&#8221;default&#8221; global_colors_info=&#8221;{}&#8221;][et_pb_menu menu_id=&#8221;10&#8243; menu_style=&#8221;centered&#8221; active_link_color=&#8221;#E09900&#8243; _builder_version=&#8221;4.27.0&#8243; _module_preset=&#8221;default&#8221; menu_font=&#8221;|||on|||||&#8221; menu_text_color=&#8221;#000000&#8243; global_colors_info=&#8221;{}&#8221; menu_font_size__hover_enabled=&#8221;off|desktop&#8221;][\/et_pb_menu][\/et_pb_column][\/et_pb_row][\/et_pb_section]<\/p>\n","protected":false},"excerpt":{"rendered":"<p>PROJECTS | ENGLISH\u00a0 |\u00a0 ESPA\u00d1OL\u00a0 |\u00a0 FRAN\u00c7AISPossible Landscapes (ES)Pa\u00eds: Chipre Participantes: M\u00f3nica Alc\u00e1zar-Duarte, Home 4 Cooperation y contribuidores de Instagram P\u00e1gina web\u00a9 (Izquierda a derecha) @libertine @transporter @melissahekkersConcebido por la artista visual mexicano-brit\u00e1nica M\u00f3nica Alc\u00e1zar-Duarte, Possible Landscapes (Posibles Paisajes) fue un proyecto participativo de construcci\u00f3n de paz utilizando Instagram, que invitaba a los chipriotas a [&hellip;]<\/p>\n","protected":false},"author":1,"featured_media":0,"parent":0,"menu_order":0,"comment_status":"closed","ping_status":"closed","template":"","meta":{"_et_pb_use_builder":"on","_et_pb_old_content":"<!-- wp:divi\/placeholder \/-->","_et_gb_content_width":"","footnotes":""},"class_list":["post-1318","page","type-page","status-publish","hentry"],"acf":[],"_links":{"self":[{"href":"https:\/\/imagingpeace.org\/index.php\/wp-json\/wp\/v2\/pages\/1318","targetHints":{"allow":["GET"]}}],"collection":[{"href":"https:\/\/imagingpeace.org\/index.php\/wp-json\/wp\/v2\/pages"}],"about":[{"href":"https:\/\/imagingpeace.org\/index.php\/wp-json\/wp\/v2\/types\/page"}],"author":[{"embeddable":true,"href":"https:\/\/imagingpeace.org\/index.php\/wp-json\/wp\/v2\/users\/1"}],"replies":[{"embeddable":true,"href":"https:\/\/imagingpeace.org\/index.php\/wp-json\/wp\/v2\/comments?post=1318"}],"version-history":[{"count":5,"href":"https:\/\/imagingpeace.org\/index.php\/wp-json\/wp\/v2\/pages\/1318\/revisions"}],"predecessor-version":[{"id":1792,"href":"https:\/\/imagingpeace.org\/index.php\/wp-json\/wp\/v2\/pages\/1318\/revisions\/1792"}],"wp:attachment":[{"href":"https:\/\/imagingpeace.org\/index.php\/wp-json\/wp\/v2\/media?parent=1318"}],"curies":[{"name":"wp","href":"https:\/\/api.w.org\/{rel}","templated":true}]}}