{"id":1314,"date":"2024-12-17T12:16:01","date_gmt":"2024-12-17T12:16:01","guid":{"rendered":"https:\/\/imagingpeace.org\/?page_id=1314"},"modified":"2025-01-18T14:14:12","modified_gmt":"2025-01-18T14:14:12","slug":"papua-tells-stories-es","status":"publish","type":"page","link":"https:\/\/imagingpeace.org\/index.php\/papua-tells-stories-es\/","title":{"rendered":"Papua Tells Stories ES"},"content":{"rendered":"<p>[et_pb_section fb_built=&#8221;1&#8243; _builder_version=&#8221;4.27.0&#8243; _module_preset=&#8221;default&#8221; locked=&#8221;off&#8221; global_colors_info=&#8221;{}&#8221;][et_pb_row _builder_version=&#8221;4.27.0&#8243; _module_preset=&#8221;default&#8221; custom_margin=&#8221;|auto|-5px|auto||&#8221; global_colors_info=&#8221;{}&#8221;][et_pb_column type=&#8221;4_4&#8243; _builder_version=&#8221;4.27.0&#8243; _module_preset=&#8221;default&#8221; global_colors_info=&#8221;{}&#8221;][et_pb_text _builder_version=&#8221;4.27.4&#8243; _module_preset=&#8221;default&#8221; locked=&#8221;off&#8221; global_colors_info=&#8221;{}&#8221;]<\/p>\n<p><a href=\"https:\/\/imagingpeace.org\/index.php\/peace-photography-projects\/\">PROJECTS<\/a> | <a href=\"https:\/\/imagingpeace.org\/index.php\/papua-tells-stories\">ENGLISH\u00a0<\/a> |\u00a0 <a href=\"https:\/\/imagingpeace.org\/index.php\/papua-tells-stories-es\/\">ESPA\u00d1OL <\/a>|\u00a0 <a href=\"https:\/\/imagingpeace.org\/index.php\/papua-tells-stories-fr\/\">FRAN\u00c7AIS<\/a><\/p>\n<p>[\/et_pb_text][et_pb_text admin_label=&#8221;Title&#8221; _builder_version=&#8221;4.27.0&#8243; _module_preset=&#8221;default&#8221; header_font_size=&#8221;54px&#8221; custom_margin=&#8221;||8px||false|false&#8221; global_colors_info=&#8221;{}&#8221;]<\/p>\n<h1 style=\"text-align: left;\"><strong>Papua Tells Stories (ES)<\/strong><\/h1>\n<p>[\/et_pb_text][et_pb_text admin_label=&#8221;Title&#8221; _builder_version=&#8221;4.27.4&#8243; _module_preset=&#8221;default&#8221; header_3_font_size=&#8221;24px&#8221; header_3_line_height=&#8221;0.8em&#8221; global_colors_info=&#8221;{}&#8221;]<\/p>\n<h3><\/h3>\n<h3>Pa\u00eds:<strong> <span>Indonesia<\/span><\/strong><\/h3>\n<h3>Participantes:<strong> Ind\u00edgenas y no ind\u00edgenas j\u00f3venes de Pap\u00faa<\/strong><\/h3>\n<h3><a href=\"https:\/\/elsam.or.id\/storage\/files\/3\/FILE%20CETAK_PAPUA%20BERCERITA_compressed%20(1).pdf\" target=\"_blank\" rel=\"noopener\">P\u00e1gina web<\/a><\/h3>\n<p><strong><\/strong><\/p>\n<p>[\/et_pb_text][\/et_pb_column][\/et_pb_row][et_pb_row _builder_version=&#8221;4.27.0&#8243; _module_preset=&#8221;default&#8221; width=&#8221;100%&#8221; max_width=&#8221;1700px&#8221; custom_padding=&#8221;2px||1px|||&#8221; global_colors_info=&#8221;{}&#8221;][et_pb_column type=&#8221;4_4&#8243; _builder_version=&#8221;4.27.0&#8243; _module_preset=&#8221;default&#8221; global_colors_info=&#8221;{}&#8221;][et_pb_slider _builder_version=&#8221;4.27.0&#8243; _module_preset=&#8221;default&#8221; custom_margin=&#8221;||18px|||&#8221; custom_padding=&#8221;||757px|||&#8221; global_colors_info=&#8221;{}&#8221;][et_pb_slide _builder_version=&#8221;4.27.0&#8243; _module_preset=&#8221;default&#8221; background_color=&#8221;#969696&#8243; background_enable_color=&#8221;on&#8221; background_image=&#8221;https:\/\/imagingpeace.org\/wp-content\/uploads\/2024\/08\/7.-IMG_9204.jpg&#8221; background_enable_image=&#8221;on&#8221; background_position=&#8221;top_center&#8221; width=&#8221;100%&#8221; width_tablet=&#8221;100%&#8221; width_phone=&#8221;0%&#8221; width_last_edited=&#8221;on|phone&#8221; max_width_tablet=&#8221;&#8221; max_width_phone=&#8221;100%&#8221; max_width_last_edited=&#8221;on|phone&#8221; global_colors_info=&#8221;{}&#8221; sticky_transition=&#8221;on&#8221;][\/et_pb_slide][\/et_pb_slider][\/et_pb_column][\/et_pb_row][et_pb_row _builder_version=&#8221;4.27.0&#8243; _module_preset=&#8221;default&#8221; custom_margin=&#8221;-3px|auto||auto||&#8221; custom_padding=&#8221;1px||5px|||&#8221; global_colors_info=&#8221;{}&#8221;][et_pb_column type=&#8221;4_4&#8243; _builder_version=&#8221;4.27.0&#8243; _module_preset=&#8221;default&#8221; global_colors_info=&#8221;{}&#8221;][et_pb_text _builder_version=&#8221;4.27.0&#8243; _module_preset=&#8221;default&#8221; text_font=&#8221;Actor|&#8211;et_global_body_font_weight|||||||&#8221; text_line_height=&#8221;1.8em&#8221; header_5_font=&#8221;Antic Slab|&#8211;et_global_heading_font_weight|||||||&#8221; header_5_font_size=&#8221;15px&#8221; custom_margin=&#8221;2px||||false|false&#8221; custom_padding=&#8221;2px|0px||7px||&#8221; global_colors_info=&#8221;{}&#8221;]<\/p>\n<h5 style=\"text-align: right;\"><strong>Bapa Oktovianus Bay (66) en Ombrob Village, uno de los \u00faltimos hablantes de la lengua namblong.<\/strong><br \/>Durante generaciones, la tribu Namblong utiliz\u00f3 el idioma Namblong para la comunicaci\u00f3n diaria. Ahora se enfrentan a la posibilidad de perder esta lengua. Rara vez se utiliza por diversas razones, incluido el nuevo sistema educativo que exige que todos los estudiantes utilicen el idioma indonesio. Varias personas est\u00e1n trabajando para proteger el idioma ense\u00f1\u00e1ndolo a las generaciones m\u00e1s j\u00f3venes. La preservaci\u00f3n del bosque juega un papel importante para mantener vivo el idioma porque tradicionalmente el pueblo Namblong vive al lado de la naturaleza. Todo en el bosque tiene un nombre en el idioma namblong y el bosque es un medio a trav\u00e9s del cual se ense\u00f1a el idioma. Pero hoy en d\u00eda hay mucha tala ilegal bajo la premisa del desarrollo, lo que amenaza a\u00fan m\u00e1s la lengua.<\/h5>\n<h5 style=\"text-align: right;\"><strong>\u00a9 Vebry Hembring \/ Papua Tells Stories, <\/strong><strong>Pap\u00faa Occidental<\/strong><\/h5>\n<p>[\/et_pb_text][\/et_pb_column][\/et_pb_row][et_pb_row _builder_version=&#8221;4.27.0&#8243; _module_preset=&#8221;default&#8221; custom_padding=&#8221;24px||6px|||&#8221; global_colors_info=&#8221;{}&#8221;][et_pb_column type=&#8221;4_4&#8243; _builder_version=&#8221;4.27.0&#8243; _module_preset=&#8221;default&#8221; global_colors_info=&#8221;{}&#8221;][et_pb_text _builder_version=&#8221;4.27.0&#8243; _module_preset=&#8221;default&#8221; text_font=&#8221;&#8211;et_global_body_font|300|||||||&#8221; text_font_size=&#8221;22px&#8221; text_line_height=&#8221;1.2em&#8221; width=&#8221;100%&#8221; custom_padding=&#8221;|0px||||&#8221; global_colors_info=&#8221;{}&#8221;]<\/p>\n<p>El actual conflicto de Pap\u00faa Occidental tiene sus ra\u00edces en la historia pol\u00edtica de la integraci\u00f3n de Pap\u00faa Occidental en Indonesia, la marginaci\u00f3n econ\u00f3mica de los pap\u00faes en una tierra rica en recursos, la destrucci\u00f3n medioambiental y los desplazamientos provocados por la extracci\u00f3n de recursos y las violaciones de los derechos humanos cometidas por las fuerzas de seguridad indonesias contra los pap\u00faes.<\/p>\n<p>En los \u00faltimos a\u00f1os, esta guerra de guerrillas separatista de baja intensidad librada por el Movimiento Pap\u00faa Libre ha visto una escalada de tensiones y conflictos. Llam\u00f3 la atenci\u00f3n en 2019 despu\u00e9s de las violentas respuestas a las protestas contra el racismo que interrumpieron la solidaridad inicial construida entre pap\u00faes y no pap\u00faes al comienzo del movimiento Papuan Lives Matter. Esta intensificaci\u00f3n tambi\u00e9n ha visto conflictos intergrupales entre grupos de inmigrantes ind\u00edgenas y no ind\u00edgenas dentro de Pap\u00faa, lo que subraya la necesidad de mejorar el di\u00e1logo y las relaciones entre grupos.<\/p>\n<p>[\/et_pb_text][et_pb_image src=&#8221;https:\/\/imagingpeace.org\/wp-content\/uploads\/2024\/08\/1.-IMG_0200.jpg&#8221; title_text=&#8221;1.-IMG_0200&#8243; _builder_version=&#8221;4.27.0&#8243; _module_preset=&#8221;default&#8221; global_colors_info=&#8221;{}&#8221;][\/et_pb_image][\/et_pb_column][\/et_pb_row][et_pb_row _builder_version=&#8221;4.27.0&#8243; _module_preset=&#8221;default&#8221; custom_padding=&#8221;1px|||||&#8221; global_colors_info=&#8221;{}&#8221;][et_pb_column type=&#8221;4_4&#8243; _builder_version=&#8221;4.27.0&#8243; _module_preset=&#8221;default&#8221; global_colors_info=&#8221;{}&#8221;][et_pb_text _builder_version=&#8221;4.27.4&#8243; _module_preset=&#8221;default&#8221; text_font=&#8221;Actor|&#8211;et_global_body_font_weight|||||||&#8221; text_line_height=&#8221;1.8em&#8221; header_5_font=&#8221;Antic Slab|&#8211;et_global_heading_font_weight|||||||&#8221; header_5_font_size=&#8221;15px&#8221; custom_margin=&#8221;2px||||false|false&#8221; custom_padding=&#8221;|0px||0px||&#8221; global_colors_info=&#8221;{}&#8221;]<\/p>\n<h5 class=\"p1\" style=\"text-align: right;\">Bosque talado con el pretexto de construir una torre el\u00e9ctrica, que hasta el d\u00eda de hoy no se ha construido.<\/h5>\n<h5 class=\"p1\" style=\"text-align: right;\"><strong>\u00a9 Vebry Hembring \/ Papua Tells Stories, Pap\u00faa Occidental<\/strong><\/h5>\n<p>[\/et_pb_text][\/et_pb_column][\/et_pb_row][et_pb_row column_structure=&#8221;2_5,3_5&#8243; _builder_version=&#8221;4.27.0&#8243; _module_preset=&#8221;default&#8221; global_colors_info=&#8221;{}&#8221;][et_pb_column type=&#8221;2_5&#8243; _builder_version=&#8221;4.27.0&#8243; _module_preset=&#8221;default&#8221; global_colors_info=&#8221;{}&#8221;][et_pb_image src=&#8221;https:\/\/imagingpeace.org\/wp-content\/uploads\/2024\/08\/Rural_Children.jpg&#8221; title_text=&#8221;Rural_Children&#8221; _builder_version=&#8221;4.27.0&#8243; _module_preset=&#8221;default&#8221; global_colors_info=&#8221;{}&#8221;][\/et_pb_image][et_pb_text _builder_version=&#8221;4.27.4&#8243; _module_preset=&#8221;default&#8221; text_font=&#8221;Actor|&#8211;et_global_body_font_weight|||||||&#8221; text_line_height=&#8221;1.8em&#8221; header_5_font=&#8221;Antic Slab|&#8211;et_global_heading_font_weight|||||||&#8221; header_5_font_size=&#8221;15px&#8221; custom_margin=&#8221;2px||||false|false&#8221; custom_padding=&#8221;|0px||0px||&#8221; global_colors_info=&#8221;{}&#8221;]<\/p>\n<h5 style=\"text-align: left;\">Anton Tuu y tres amigos en el rinc\u00f3n de lectura de la casa parroquial de San Bonifacio-Ubrub. Adem\u00e1s de leer libros, aprenden a escribir letras y frases a trav\u00e9s de YouTube.<\/h5>\n<h5 style=\"text-align: left;\"><strong>\u00a9 <\/strong><strong>Christina Soge de su historia sobre la eliminaci\u00f3n de residuos en la ciudad de Jayapura \/ <\/strong><strong>Papua Tells Stories, Pap\u00faa Occidental.<\/strong><\/h5>\n<p>[\/et_pb_text][\/et_pb_column][et_pb_column type=&#8221;3_5&#8243; _builder_version=&#8221;4.27.0&#8243; _module_preset=&#8221;default&#8221; global_colors_info=&#8221;{}&#8221;][et_pb_text _builder_version=&#8221;4.27.0&#8243; _module_preset=&#8221;default&#8221; text_font=&#8221;&#8211;et_global_body_font|300|||||||&#8221; text_font_size=&#8221;22px&#8221; text_line_height=&#8221;1.2em&#8221; global_colors_info=&#8221;{}&#8221;]<\/p>\n<p>El proyecto <em>Papua Bercerita (&#8216;Papua Cuenta Historias&#8217;<\/em>) fue iniciado por el Instituto de Investigaci\u00f3n y Promoci\u00f3n de Pol\u00edticas (ELSAM) y Brigadas Internacionales de Paz en marzo de 2022, reuniendo a 15 j\u00f3venes pap\u00faes de diferentes ind\u00edgenas y no ind\u00edgenas de or\u00edgenes religiosos, \u00e9tnicos y culturales para compartir perspectivas, discutir temas relacionados con las realidades sociales en Pap\u00faa y construir solidaridad entre grupos. Los socios del proyecto eligieron espec\u00edficamente la fotograf\u00eda como medio que permit\u00eda a los participantes reflexionar sobre sus experiencias personales como pap\u00faes, al tiempo que abr\u00eda un espacio para el di\u00e1logo entre ellos. La fotograf\u00eda es f\u00e1cil de usar y permite la discusi\u00f3n de situaciones complejas, ya que interact\u00faa con las experiencias subjetivas de los participantes en su relaci\u00f3n con din\u00e1micas sociales y pol\u00edticas m\u00e1s amplias. Espec\u00edficamente, quer\u00edan utilizar la fotograf\u00eda como medio para hablar sobre los estereotipos y los prejuicios, ya que las representaciones hist\u00f3ricas de la gente de Pap\u00faa Occidental por parte de forasteros han alimentado estereotipos existentes que da\u00f1an las ya tensas relaciones interculturales en Pap\u00faa Occidental.<\/p>\n<p>[\/et_pb_text][\/et_pb_column][\/et_pb_row][et_pb_row column_structure=&#8221;1_2,1_2&#8243; _builder_version=&#8221;4.27.0&#8243; _module_preset=&#8221;default&#8221; custom_padding=&#8221;9px|||||&#8221; global_colors_info=&#8221;{}&#8221;][et_pb_column type=&#8221;1_2&#8243; _builder_version=&#8221;4.27.0&#8243; _module_preset=&#8221;default&#8221; global_colors_info=&#8221;{}&#8221;][et_pb_text _builder_version=&#8221;4.27.0&#8243; _module_preset=&#8221;default&#8221; text_font=&#8221;&#8211;et_global_body_font|300|||||||&#8221; text_font_size=&#8221;22px&#8221; text_line_height=&#8221;1.2em&#8221; width=&#8221;100%&#8221; custom_margin=&#8221;-5px||||false|false&#8221; custom_padding=&#8221;|0px||||&#8221; global_colors_info=&#8221;{}&#8221;]<\/p>\n<p>A lo largo de 10 meses, el grupo desarroll\u00f3 sus habilidades en narraci\u00f3n y fotograf\u00eda para compartir sus puntos de vista sobre cuestiones sociales y culturales en Pap\u00faa Occidental. El proyecto se estructur\u00f3 en tres series de talleres de cinco d\u00edas en los que los participantes experimentaron con c\u00e1maras Polaroid, aprendieron sobre fotograf\u00eda con c\u00e1maras SLR y habilidades para contar historias, realizaron salidas fotogr\u00e1ficas y debatieron sobre representaci\u00f3n y estereotipos. Desarrollaron sus propios proyectos fotogr\u00e1ficos sobre las historias de Pap\u00faa que quer\u00edan contar. Entre talleres, los participantes tomaron fotograf\u00edas y trabajaron en l\u00ednea con mentores para desarrollar sus proyectos. Los temas de sus historias abarcan desde documentar problemas con la basura y los desechos en la ciudad de Jayapura hasta la p\u00e9rdida de la lengua y las culturas nativas y los problemas que enfrentan los ni\u00f1os en las aldeas rurales. Los j\u00f3venes tambi\u00e9n aprendieron sobre seguridad digital, salud mental y redes sociales durante los talleres.<\/p>\n<p>El proyecto culmin\u00f3 con una exposici\u00f3n en Yakarta que pretend\u00eda llegar al p\u00fablico indonesio, especialmente a los j\u00f3venes, y combatir los estereotipos haci\u00e9ndoles part\u00edcipes de historias pap\u00faes que no hab\u00edan visto antes. Las conversaciones con j\u00f3venes, activistas y ONG paralelas a la exposici\u00f3n crearon espacios para construir el di\u00e1logo y la solidaridad. <em>Papua Tells Stories<\/em> tambi\u00e9n public\u00f3 <a href=\"chrome-extension:\/\/efaidnbmnnnibpcajpcglclefindmkaj\/https:\/elsam.or.id\/storage\/files\/3\/FILE%20CETAK_PAPUA%20BERCERITA_compressed%20(1).pdf\">u<\/a><a href=\"chrome-extension:\/\/efaidnbmnnnibpcajpcglclefindmkaj\/https:\/\/elsam.or.id\/storage\/files\/3\/FILE%20CETAK_PAPUA%20BERCERITA_compressed%20(1).pdf\" target=\"_blank\" rel=\"noopener\">n libro de fotograf\u00edas.<\/a><\/p>\n<p>[\/et_pb_text][\/et_pb_column][et_pb_column type=&#8221;1_2&#8243; _builder_version=&#8221;4.27.0&#8243; _module_preset=&#8221;default&#8221; global_colors_info=&#8221;{}&#8221;][et_pb_image src=&#8221;https:\/\/imagingpeace.org\/wp-content\/uploads\/2024\/08\/5.-IMG_1521-scaled.jpg&#8221; title_text=&#8221;5. IMG_1521&#8243; _builder_version=&#8221;4.27.0&#8243; _module_preset=&#8221;default&#8221; global_colors_info=&#8221;{}&#8221;][\/et_pb_image][et_pb_text _builder_version=&#8221;4.27.4&#8243; _module_preset=&#8221;default&#8221; text_font=&#8221;Actor|&#8211;et_global_body_font_weight|||||||&#8221; text_line_height=&#8221;1.8em&#8221; header_5_font=&#8221;Antic Slab|&#8211;et_global_heading_font_weight|||||||&#8221; header_5_font_size=&#8221;15px&#8221; custom_margin=&#8221;2px||||false|false&#8221; custom_padding=&#8221;|0px||0px||&#8221; global_colors_info=&#8221;{}&#8221;]<\/p>\n<h5 style=\"text-align: right;\">Un \u00e1rbol de calendario. El pueblo Namblong cree que el color rojo de las hojas del \u00e1rbol indica la llegada del verano.<\/h5>\n<h5 style=\"text-align: right;\"><strong>\u00a9 Vebry Hembring \/ Papua Tells Stories, Pap\u00faa Occidental<\/strong><\/h5>\n<p>[\/et_pb_text][\/et_pb_column][\/et_pb_row][et_pb_row column_structure=&#8221;1_5,3_5,1_5&#8243; _builder_version=&#8221;4.27.0&#8243; _module_preset=&#8221;default&#8221; background_color=&#8221;#EBEFE6&#8243; custom_margin=&#8221;33px|auto|61px|auto||&#8221; custom_padding=&#8221;91px|||||&#8221; global_colors_info=&#8221;{}&#8221;][et_pb_column type=&#8221;1_5&#8243; _builder_version=&#8221;4.27.0&#8243; _module_preset=&#8221;default&#8221; global_colors_info=&#8221;{}&#8221;][\/et_pb_column][et_pb_column type=&#8221;3_5&#8243; _builder_version=&#8221;4.27.0&#8243; _module_preset=&#8221;default&#8221; global_colors_info=&#8221;{}&#8221;][et_pb_testimonial author=&#8221;Introducci\u00f3n al libro &#8216;Papua Tells Stories&#8217; &#8221; font_icon=&#8221;&#xf10e;||fa||900&#8243; use_icon_font_size=&#8221;on&#8221; _builder_version=&#8221;4.27.4&#8243; _module_preset=&#8221;default&#8221; body_font_size=&#8221;31px&#8221; body_line_height=&#8221;1.2em&#8221; author_font_size=&#8221;24px&#8221; author_line_height=&#8221;1.2em&#8221; custom_padding=&#8221;|0px||4px||&#8221; border_width_all=&#8221;0px&#8221; global_colors_info=&#8221;{}&#8221;]<\/p>\n<p style=\"text-align: center;\"><em>&#8216;Durante las sesiones de capacitaci\u00f3n y las excursiones, la atenci\u00f3n se centr\u00f3 en la representaci\u00f3n de las comunidades: \u00bfqui\u00e9n habla y c\u00f3mo se enmarca su historia en un contexto m\u00e1s amplio? De esta manera, la fotograf\u00eda tiene un poder transformador. Puede alterar las jerarqu\u00edas dominantes existentes al compartir un punto de vista que hist\u00f3ricamente ha estado subrepresentado. Al explorar estos temas, los participantes desarrollaron historias que quieren contar sobre Pap\u00faa\u2019.<\/em><\/p>\n<p>[\/et_pb_testimonial][\/et_pb_column][et_pb_column type=&#8221;1_5&#8243; _builder_version=&#8221;4.27.0&#8243; _module_preset=&#8221;default&#8221; global_colors_info=&#8221;{}&#8221;][\/et_pb_column][\/et_pb_row][et_pb_row column_structure=&#8221;1_5,3_5,1_5&#8243; _builder_version=&#8221;4.27.0&#8243; _module_preset=&#8221;default&#8221; width=&#8221;94%&#8221; max_width=&#8221;1476px&#8221; custom_padding=&#8221;5px|||||&#8221; global_colors_info=&#8221;{}&#8221;][et_pb_column type=&#8221;1_5&#8243; _builder_version=&#8221;4.27.0&#8243; _module_preset=&#8221;default&#8221; global_colors_info=&#8221;{}&#8221;][\/et_pb_column][et_pb_column type=&#8221;3_5&#8243; _builder_version=&#8221;4.27.0&#8243; _module_preset=&#8221;default&#8221; global_colors_info=&#8221;{}&#8221;][et_pb_image src=&#8221;https:\/\/imagingpeace.org\/wp-content\/uploads\/2024\/08\/9.-IMG_0022.jpg&#8221; title_text=&#8221;9.-IMG_0022&#8243; align=&#8221;center&#8221; _builder_version=&#8221;4.27.0&#8243; _module_preset=&#8221;default&#8221; custom_margin=&#8221;||-8px|||&#8221; global_colors_info=&#8221;{}&#8221;][\/et_pb_image][\/et_pb_column][et_pb_column type=&#8221;1_5&#8243; _builder_version=&#8221;4.27.0&#8243; _module_preset=&#8221;default&#8221; global_colors_info=&#8221;{}&#8221;][\/et_pb_column][\/et_pb_row][et_pb_row column_structure=&#8221;1_4,1_2,1_4&#8243; _builder_version=&#8221;4.27.0&#8243; _module_preset=&#8221;default&#8221; width=&#8221;94%&#8221; max_width=&#8221;1476px&#8221; custom_padding=&#8221;5px|||||&#8221; global_colors_info=&#8221;{}&#8221;][et_pb_column type=&#8221;1_4&#8243; _builder_version=&#8221;4.27.0&#8243; _module_preset=&#8221;default&#8221; global_colors_info=&#8221;{}&#8221;][\/et_pb_column][et_pb_column type=&#8221;1_2&#8243; _builder_version=&#8221;4.27.0&#8243; _module_preset=&#8221;default&#8221; global_colors_info=&#8221;{}&#8221;][et_pb_text _builder_version=&#8221;4.27.4&#8243; _module_preset=&#8221;default&#8221; text_font=&#8221;Actor|&#8211;et_global_body_font_weight|||||||&#8221; text_line_height=&#8221;1.8em&#8221; header_5_font=&#8221;Antic Slab|&#8211;et_global_heading_font_weight|||||||&#8221; header_5_font_size=&#8221;15px&#8221; custom_margin=&#8221;2px||||false|false&#8221; custom_padding=&#8221;|26px||58px||&#8221; global_colors_info=&#8221;{}&#8221;]<\/p>\n<h5>Caminando entre montones de basura, un trabajador presta atenci\u00f3n a los residuos org\u00e1nicos que ser\u00e1n clasificados y vendidos a personas que cr\u00edan ganado.<\/h5>\n<h5><strong>\u00a9 Christina Soge from their story on waste disposal in Jayapura City \/ Papua Tells Stories, <\/strong><strong>Pap\u00faa Occidental<\/strong><\/h5>\n<p>[\/et_pb_text][\/et_pb_column][et_pb_column type=&#8221;1_4&#8243; _builder_version=&#8221;4.27.0&#8243; _module_preset=&#8221;default&#8221; global_colors_info=&#8221;{}&#8221;][\/et_pb_column][\/et_pb_row][et_pb_row _builder_version=&#8221;4.27.0&#8243; _module_preset=&#8221;default&#8221; custom_padding=&#8221;9px|||||&#8221; global_colors_info=&#8221;{}&#8221;][et_pb_column type=&#8221;4_4&#8243; _builder_version=&#8221;4.27.0&#8243; _module_preset=&#8221;default&#8221; global_colors_info=&#8221;{}&#8221;][et_pb_text _builder_version=&#8221;4.27.4&#8243; _module_preset=&#8221;default&#8221; text_font=&#8221;&#8211;et_global_body_font|300|||||||&#8221; text_font_size=&#8221;22px&#8221; text_line_height=&#8221;1.2em&#8221; width=&#8221;100%&#8221; custom_padding=&#8221;|0px||||&#8221; global_colors_info=&#8221;{}&#8221;][\/et_pb_text][\/et_pb_column][\/et_pb_row][et_pb_row _builder_version=&#8221;4.27.4&#8243; _module_preset=&#8221;default&#8221; global_colors_info=&#8221;{}&#8221;][et_pb_column type=&#8221;4_4&#8243; _builder_version=&#8221;4.27.4&#8243; _module_preset=&#8221;default&#8221; global_colors_info=&#8221;{}&#8221;][et_pb_menu menu_id=&#8221;10&#8243; menu_style=&#8221;centered&#8221; active_link_color=&#8221;#E09900&#8243; _builder_version=&#8221;4.27.0&#8243; _module_preset=&#8221;default&#8221; menu_font=&#8221;|||on|||||&#8221; menu_text_color=&#8221;#000000&#8243; global_colors_info=&#8221;{}&#8221; menu_font_size__hover_enabled=&#8221;off|desktop&#8221;][\/et_pb_menu][\/et_pb_column][\/et_pb_row][\/et_pb_section]<\/p>\n","protected":false},"excerpt":{"rendered":"<p>PROJECTS | ENGLISH\u00a0 |\u00a0 ESPA\u00d1OL |\u00a0 FRAN\u00c7AISPapua Tells Stories (ES) Pa\u00eds: Indonesia Participantes: Ind\u00edgenas y no ind\u00edgenas j\u00f3venes de Pap\u00faa P\u00e1gina web Bapa Oktovianus Bay (66) en Ombrob Village, uno de los \u00faltimos hablantes de la lengua namblong.Durante generaciones, la tribu Namblong utiliz\u00f3 el idioma Namblong para la comunicaci\u00f3n diaria. Ahora se enfrentan a la [&hellip;]<\/p>\n","protected":false},"author":1,"featured_media":0,"parent":0,"menu_order":0,"comment_status":"closed","ping_status":"closed","template":"","meta":{"_et_pb_use_builder":"on","_et_pb_old_content":"<!-- wp:divi\/placeholder \/-->","_et_gb_content_width":"","footnotes":""},"class_list":["post-1314","page","type-page","status-publish","hentry"],"acf":[],"_links":{"self":[{"href":"https:\/\/imagingpeace.org\/index.php\/wp-json\/wp\/v2\/pages\/1314","targetHints":{"allow":["GET"]}}],"collection":[{"href":"https:\/\/imagingpeace.org\/index.php\/wp-json\/wp\/v2\/pages"}],"about":[{"href":"https:\/\/imagingpeace.org\/index.php\/wp-json\/wp\/v2\/types\/page"}],"author":[{"embeddable":true,"href":"https:\/\/imagingpeace.org\/index.php\/wp-json\/wp\/v2\/users\/1"}],"replies":[{"embeddable":true,"href":"https:\/\/imagingpeace.org\/index.php\/wp-json\/wp\/v2\/comments?post=1314"}],"version-history":[{"count":8,"href":"https:\/\/imagingpeace.org\/index.php\/wp-json\/wp\/v2\/pages\/1314\/revisions"}],"predecessor-version":[{"id":1878,"href":"https:\/\/imagingpeace.org\/index.php\/wp-json\/wp\/v2\/pages\/1314\/revisions\/1878"}],"wp:attachment":[{"href":"https:\/\/imagingpeace.org\/index.php\/wp-json\/wp\/v2\/media?parent=1314"}],"curies":[{"name":"wp","href":"https:\/\/api.w.org\/{rel}","templated":true}]}}