{"id":1313,"date":"2024-12-17T12:15:52","date_gmt":"2024-12-17T12:15:52","guid":{"rendered":"https:\/\/imagingpeace.org\/?page_id=1313"},"modified":"2025-01-18T12:30:00","modified_gmt":"2025-01-18T12:30:00","slug":"open-shutters-fr","status":"publish","type":"page","link":"https:\/\/imagingpeace.org\/index.php\/open-shutters-fr\/","title":{"rendered":"Open Shutters FR"},"content":{"rendered":"<p>[et_pb_section fb_built=&#8221;1&#8243; _builder_version=&#8221;4.27.0&#8243; _module_preset=&#8221;default&#8221; locked=&#8221;off&#8221; global_colors_info=&#8221;{}&#8221;][et_pb_row _builder_version=&#8221;4.27.4&#8243; _module_preset=&#8221;default&#8221; custom_padding=&#8221;18px||0px|||&#8221; locked=&#8221;off&#8221; global_colors_info=&#8221;{}&#8221;][et_pb_column type=&#8221;4_4&#8243; _builder_version=&#8221;4.27.4&#8243; _module_preset=&#8221;default&#8221; global_colors_info=&#8221;{}&#8221;][et_pb_text _builder_version=&#8221;4.27.4&#8243; _module_preset=&#8221;default&#8221; global_colors_info=&#8221;{}&#8221;]<\/p>\n<p><a href=\"https:\/\/imagingpeace.org\/index.php\/peace-photography-projects\/\">PROJECTS<\/a> | <a href=\"https:\/\/imagingpeace.org\/index.php\/open-shutters\/\">ENGLISH<\/a>\u00a0 |\u00a0 <a href=\"https:\/\/imagingpeace.org\/index.php\/open-shutters-es\/\" title=\"Esp\">ESPA\u00d1OL<\/a>\u00a0 |\u00a0 <a href=\"https:\/\/imagingpeace.org\/index.php\/open-shutters-fr\/\">FRAN\u00c7AIS<\/a><\/p>\n<p>[\/et_pb_text][\/et_pb_column][\/et_pb_row][et_pb_row _builder_version=&#8221;4.27.0&#8243; _module_preset=&#8221;default&#8221; global_colors_info=&#8221;{}&#8221;][et_pb_column type=&#8221;4_4&#8243; _builder_version=&#8221;4.27.0&#8243; _module_preset=&#8221;default&#8221; global_colors_info=&#8221;{}&#8221;][et_pb_text admin_label=&#8221;Title&#8221; _builder_version=&#8221;4.27.0&#8243; _module_preset=&#8221;default&#8221; header_font_size=&#8221;54px&#8221; custom_margin=&#8221;||8px||false|false&#8221; global_colors_info=&#8221;{}&#8221;]<\/p>\n<h1 style=\"text-align: left;\"><strong>Open Shutters Iraq <\/strong><\/h1>\n<p>[\/et_pb_text][et_pb_text admin_label=&#8221;Title&#8221; _builder_version=&#8221;4.27.0&#8243; _module_preset=&#8221;default&#8221; header_3_font_size=&#8221;24px&#8221; header_3_line_height=&#8221;0.8em&#8221; global_colors_info=&#8221;{}&#8221;]<\/p>\n<h3>Pays:<strong> Irak et Syrie<\/strong><\/h3>\n<h3>Participantes:<strong> Femmes irakiennes<\/strong><\/h3>\n<h3><a href=\"https:\/\/www.liverpool.ac.uk\/media\/livacuk\/irish-studies\/research\/invitationtoobserve\/Open,Shutters,Iraq.pdf\" target=\"_blank\" rel=\"noopener\">Site internet<\/a><\/h3>\n<p>[\/et_pb_text][\/et_pb_column][\/et_pb_row][et_pb_row _builder_version=&#8221;4.27.0&#8243; _module_preset=&#8221;default&#8221; width=&#8221;100%&#8221; max_width=&#8221;1700px&#8221; custom_padding=&#8221;2px||1px|||&#8221; global_colors_info=&#8221;{}&#8221;][et_pb_column type=&#8221;4_4&#8243; _builder_version=&#8221;4.27.0&#8243; _module_preset=&#8221;default&#8221; global_colors_info=&#8221;{}&#8221;][et_pb_slider _builder_version=&#8221;4.27.0&#8243; _module_preset=&#8221;default&#8221; custom_margin=&#8221;||18px|||&#8221; custom_padding=&#8221;||759px|||&#8221; global_colors_info=&#8221;{}&#8221;][et_pb_slide _builder_version=&#8221;4.27.0&#8243; _module_preset=&#8221;default&#8221; background_color=&#8221;#969696&#8243; background_enable_color=&#8221;on&#8221; background_image=&#8221;https:\/\/imagingpeace.org\/wp-content\/uploads\/2024\/08\/Open_Shutters_1.jpg&#8221; background_enable_image=&#8221;on&#8221; width=&#8221;100%&#8221; width_tablet=&#8221;100%&#8221; width_phone=&#8221;0%&#8221; width_last_edited=&#8221;on|phone&#8221; max_width_tablet=&#8221;&#8221; max_width_phone=&#8221;100%&#8221; max_width_last_edited=&#8221;on|phone&#8221; global_colors_info=&#8221;{}&#8221; sticky_transition=&#8221;on&#8221;][\/et_pb_slide][\/et_pb_slider][\/et_pb_column][\/et_pb_row][et_pb_row _builder_version=&#8221;4.27.0&#8243; _module_preset=&#8221;default&#8221; custom_margin=&#8221;-3px|auto||auto||&#8221; custom_padding=&#8221;1px||5px|||&#8221; global_colors_info=&#8221;{}&#8221;][et_pb_column type=&#8221;4_4&#8243; _builder_version=&#8221;4.27.0&#8243; _module_preset=&#8221;default&#8221; global_colors_info=&#8221;{}&#8221;][et_pb_text _builder_version=&#8221;4.27.0&#8243; _module_preset=&#8221;default&#8221; text_font=&#8221;Actor|&#8211;et_global_body_font_weight|||||||&#8221; text_line_height=&#8221;1.8em&#8221; header_5_font=&#8221;Antic Slab|&#8211;et_global_heading_font_weight|||||||&#8221; header_5_font_size=&#8221;15px&#8221; custom_margin=&#8221;2px||||false|false&#8221; custom_padding=&#8221;2px|0px||58px||&#8221; global_colors_info=&#8221;{}&#8221;]<\/p>\n<h5 class=\"p1\" style=\"text-align: right;\"><strong>\u2018<\/strong><strong>Maternit\u00e9&#8217;<\/strong>\u00a0<br \/>Je cuisine sur le r\u00e9chaud \u00e0 essence ; l\u2019\u00e9lectricit\u00e9 et le gaz sont devenus des visiteurs pr\u00e9cieux qui nous honorent rarement de leur pr\u00e9sence. J\u2019aide mes enfants avec leurs \u00e9tudes, je fais la lessive et je surveille la cuisson des repas. Il peut falloir jusqu\u2019\u00e0 quatre heures pour qu\u2019un plat soit pr\u00eat. Le lendemain, en rentrant du travail, je passe une heure \u00e0 r\u00e9chauffer les repas. Tout ce travail signifie que je peux voir toute ma famille assise ensemble pour manger, comme nous le faisions avant. Chez moi, \u00e0 Mossoul.<br \/><strong>\u00a9 Antoinette, Mosul \/ Open Shutters Iraq<\/strong><\/h5>\n<p>[\/et_pb_text][\/et_pb_column][\/et_pb_row][et_pb_row _builder_version=&#8221;4.27.0&#8243; _module_preset=&#8221;default&#8221; custom_padding=&#8221;24px||6px|||&#8221; global_colors_info=&#8221;{}&#8221;][et_pb_column type=&#8221;4_4&#8243; _builder_version=&#8221;4.27.0&#8243; _module_preset=&#8221;default&#8221; global_colors_info=&#8221;{}&#8221;][et_pb_text _builder_version=&#8221;4.27.0&#8243; _module_preset=&#8221;default&#8221; text_font=&#8221;&#8211;et_global_body_font|300|||||||&#8221; text_font_size=&#8221;22px&#8221; text_line_height=&#8221;1.2em&#8221; width=&#8221;100%&#8221; custom_padding=&#8221;|0px||||&#8221; global_colors_info=&#8221;{}&#8221;]<\/p>\n<p>Apr\u00e8s le renversement de Saddam Hussein en 2003, l\u2019Irak s\u2019est retrouv\u00e9 sans gouvernement efficace ni infrastructure civile, et sa population est devenue de plus en plus vuln\u00e9rable \u00e0 la violence arbitraire de ceux qui exploitaient le chaos. En 2006, il devenait de plus en plus impossible pour les journalistes de travailler dans le pays, et l\u2019histoire de ce qui arrivait aux gens ordinaires n\u2019\u00e9tait pas entendue.<\/p>\n<p>Dirig\u00e9 par la photographe Eugenie Dolberg<em><a href=\"https:\/\/www.liverpool.ac.uk\/media\/livacuk\/irish-studies\/research\/invitationtoobserve\/Open,Shutters,Iraq.pdf\">, Open Shutters Iraq<\/a><\/em> \u00e9tait un projet de photographie participative qui a r\u00e9uni un groupe de femmes irakiennes pour raconter leurs histoires. Travaillant avec des responsables de projet en Irak et en Syrie, Dolberg a r\u00e9uni un groupe de femmes aux origines sociales, religieuses et politiques diverses provenant de cinq villes irakiennes : Bagdad, Bassorah, Falloujah, Kirkouk et Mossoul. Irada al Jobbouri, une professeure d\u2019universit\u00e9 ayant quitt\u00e9 son emploi pour devenir directrice du projet irakien, a mis des mois \u00e0 rassembler ce groupe de femmes gr\u00e2ce au bouche-\u00e0-oreille, \u00e0 des recommandations d\u2019amis et \u00e0 des discussions approfondies avec chacune d\u2019elles pour comprendre leur motivation, organiser la logistique et \u00e9valuer les risques li\u00e9s \u00e0 leur participation.<\/p>\n<p>[\/et_pb_text][\/et_pb_column][\/et_pb_row][et_pb_row _builder_version=&#8221;4.27.0&#8243; _module_preset=&#8221;default&#8221; width=&#8221;94%&#8221; max_width=&#8221;1476px&#8221; custom_padding=&#8221;5px|||||&#8221; global_colors_info=&#8221;{}&#8221;][et_pb_column type=&#8221;4_4&#8243; _builder_version=&#8221;4.27.0&#8243; _module_preset=&#8221;default&#8221; global_colors_info=&#8221;{}&#8221;][et_pb_image src=&#8221;https:\/\/imagingpeace.org\/wp-content\/uploads\/2024\/08\/Open_Shutters_2.jpg&#8221; title_text=&#8221;Open_Shutters_2&#8243; align=&#8221;center&#8221; _builder_version=&#8221;4.27.0&#8243; _module_preset=&#8221;default&#8221; global_colors_info=&#8221;{}&#8221;][\/et_pb_image][\/et_pb_column][\/et_pb_row][et_pb_row _builder_version=&#8221;4.27.0&#8243; _module_preset=&#8221;default&#8221; custom_padding=&#8221;1px|||||&#8221; global_colors_info=&#8221;{}&#8221;][et_pb_column type=&#8221;4_4&#8243; _builder_version=&#8221;4.27.0&#8243; _module_preset=&#8221;default&#8221; global_colors_info=&#8221;{}&#8221;][et_pb_text _builder_version=&#8221;4.27.0&#8243; _module_preset=&#8221;default&#8221; text_font=&#8221;Actor|&#8211;et_global_body_font_weight|||||||&#8221; text_line_height=&#8221;1.8em&#8221; header_5_font=&#8221;Antic Slab|&#8211;et_global_heading_font_weight|||||||&#8221; header_5_font_size=&#8221;15px&#8221; custom_margin=&#8221;2px||||false|false&#8221; custom_padding=&#8221;|0px||58px||&#8221; global_colors_info=&#8221;{}&#8221;]<\/p>\n<h5 class=\"p1\" style=\"text-align: right;\">Si quelqu\u2019un n\u2019est pas chez lui \u00e0 17 heures et qu\u2019il est injoignable par t\u00e9l\u00e9phone, toute la famille est paralys\u00e9e par la peur et imagine son corps cribl\u00e9 de balles et jet\u00e9 \u00e0 la poubelle. Le seul moment o\u00f9 nous pouvons de nouveau respirer et nous d\u00e9tendre, c\u2019est lorsque nous sommes tous r\u00e9unis sous le m\u00eame toit. Et si nous avons la chance d\u2019avoir une heure d\u2019\u00e9lectricit\u00e9, nous nous rassemblons tous devant la t\u00e9l\u00e9vision.<\/h5>\n<h5 class=\"p1\" style=\"text-align: right;\"><strong>\u00a9 Sarab, Baghdad \/ Open Shutters Iraq<\/strong><\/h5>\n<p>[\/et_pb_text][\/et_pb_column][\/et_pb_row][et_pb_row _builder_version=&#8221;4.27.0&#8243; _module_preset=&#8221;default&#8221; global_colors_info=&#8221;{}&#8221;][et_pb_column type=&#8221;4_4&#8243; _builder_version=&#8221;4.27.0&#8243; _module_preset=&#8221;default&#8221; global_colors_info=&#8221;{}&#8221;][et_pb_text _builder_version=&#8221;4.27.0&#8243; _module_preset=&#8221;default&#8221; text_font=&#8221;&#8211;et_global_body_font|300|||||||&#8221; text_font_size=&#8221;22px&#8221; text_line_height=&#8221;1.2em&#8221; global_colors_info=&#8221;{}&#8221;]<\/p>\n<p>En raison des dangers de travailler en Irak, les femmes se sont r\u00e9unies \u00e0 Damas, en Syrie, pour apprendre la photographie et partager leurs exp\u00e9riences. Dolberg souligne que les femmes avaient besoin d\u2019un espace, de confiance et d\u2019outils cr\u00e9atifs pour r\u00e9fl\u00e9chir et parler de leurs exp\u00e9riences avant de commencer \u00e0 raconter leurs propres histoires photographiques. Pendant quatre semaines, les femmes ont travaill\u00e9 et v\u00e9cu ensemble dans une maison traditionnelle, construisant des \u00ab cartes de vie \u00bb constitu\u00e9es de grands graphiques remplis de photos de famille, de po\u00e9sie griffonn\u00e9e et de citations, des noms d\u2019\u00e9motions, d\u00e9taillant tous les hauts et les bas de leurs vies. Chaque jour, elles ont appris et pratiqu\u00e9 diff\u00e9rentes techniques photographiques. Elles ont arpent\u00e9 les rues de Damas, prenant des photos et r\u00e9visant les images captur\u00e9es chaque jour. Lorsqu\u2019elles sont retourn\u00e9es en Irak, toutes avaient choisi un th\u00e8me pour r\u00e9aliser une histoire photographique.<\/p>\n<p>[\/et_pb_text][\/et_pb_column][\/et_pb_row][et_pb_row column_structure=&#8221;1_5,3_5,1_5&#8243; _builder_version=&#8221;4.27.0&#8243; _module_preset=&#8221;default&#8221; background_color=&#8221;#EBEFE6&#8243; custom_margin=&#8221;46px|auto|61px|auto||&#8221; custom_padding=&#8221;91px|||||&#8221; global_colors_info=&#8221;{}&#8221;][et_pb_column type=&#8221;1_5&#8243; _builder_version=&#8221;4.27.0&#8243; _module_preset=&#8221;default&#8221; global_colors_info=&#8221;{}&#8221;][\/et_pb_column][et_pb_column type=&#8221;3_5&#8243; _builder_version=&#8221;4.27.0&#8243; _module_preset=&#8221;default&#8221; global_colors_info=&#8221;{}&#8221;][et_pb_testimonial author=&#8221;Irada al Jobbouri&#8221; company_name=&#8221;Directrice du projet, Open Shutters Iraq&#8221; font_icon=&#8221;&#xf10e;||fa||900&#8243; use_icon_font_size=&#8221;on&#8221; _builder_version=&#8221;4.27.0&#8243; _module_preset=&#8221;default&#8221; body_font_size=&#8221;31px&#8221; body_line_height=&#8221;1.2em&#8221; author_font_size=&#8221;24px&#8221; author_line_height=&#8221;1.2em&#8221; custom_padding=&#8221;|0px||4px||&#8221; border_width_all=&#8221;0px&#8221; global_colors_info=&#8221;{}&#8221;]<\/p>\n<p style=\"text-align: center;\"><em>&#8216;Ce n\u2019est pas un projet, c\u2019est un r\u00eave. Un r\u00eave que je voulais vivre pour ma fille. Ainsi, elle pourra grandir et comprendre ce qui se passe vraiment aujourd\u2019hui&#8217;.<\/em><\/p>\n<p>[\/et_pb_testimonial][\/et_pb_column][et_pb_column type=&#8221;1_5&#8243; _builder_version=&#8221;4.27.0&#8243; _module_preset=&#8221;default&#8221; global_colors_info=&#8221;{}&#8221;][\/et_pb_column][\/et_pb_row][et_pb_row _builder_version=&#8221;4.27.0&#8243; _module_preset=&#8221;default&#8221; custom_padding=&#8221;1px|||||&#8221; global_colors_info=&#8221;{}&#8221;][et_pb_column type=&#8221;4_4&#8243; _builder_version=&#8221;4.27.0&#8243; _module_preset=&#8221;default&#8221; global_colors_info=&#8221;{}&#8221;][et_pb_text _builder_version=&#8221;4.27.0&#8243; _module_preset=&#8221;default&#8221; text_font=&#8221;&#8211;et_global_body_font|300|||||||&#8221; text_font_size=&#8221;22px&#8221; text_line_height=&#8221;1.2em&#8221; global_colors_info=&#8221;{}&#8221;]<\/p>\n<p>Apr\u00e8s six semaines, les femmes sont revenues \u00e0 Damas avec leurs images pour les \u00e9diter et \u00e9crire leurs histoires et biographies lors de cinq jours d\u2019ateliers. Leur travail racontait des histoires profond\u00e9ment personnelles de guerre, de perte, d\u2019occupation, mais aussi de courage, de force, de survie et de r\u00e9silience. Chaque femme a d\u00e9cid\u00e9 de partager ses images sous pseudonyme. Leur travail a \u00e9t\u00e9 publi\u00e9 dans un livre, <em>Open Shutters Iraq<\/em>, qui contient neuf essais photographiques. Ce livre est d\u00e9di\u00e9 \u00e0 la m\u00e9moire de deux des femmes, Sajida Um Mohammed, d\u00e9c\u00e9d\u00e9e d\u2019un cancer apr\u00e8s avoir v\u00e9cu dans une zone fortement touch\u00e9e par l\u2019uranium appauvri, et Sarwa, assassin\u00e9e \u00e0 Mossoul par un groupe arm\u00e9 attaquant des femmes vocales. Un film sur le projet, <em>Our Feelings Took the Pictures<\/em>, r\u00e9alis\u00e9 par Maysoon Pachachi, a \u00e9galement \u00e9t\u00e9 produit, mais sa distribution a \u00e9t\u00e9 limit\u00e9e en raison des risques de violences sectaires.<\/p>\n<p>[\/et_pb_text][\/et_pb_column][\/et_pb_row][et_pb_row _builder_version=&#8221;4.27.4&#8243; _module_preset=&#8221;default&#8221;][et_pb_column _builder_version=&#8221;4.27.4&#8243; _module_preset=&#8221;default&#8221; type=&#8221;4_4&#8243;][et_pb_menu menu_id=&#8221;10&#8243; menu_style=&#8221;centered&#8221; active_link_color=&#8221;#E09900&#8243; _builder_version=&#8221;4.27.0&#8243; _module_preset=&#8221;default&#8221; menu_font=&#8221;|||on|||||&#8221; menu_text_color=&#8221;#000000&#8243; global_colors_info=&#8221;{}&#8221; menu_font_size__hover_enabled=&#8221;off|desktop&#8221; theme_builder_area=&#8221;post_content&#8221;][\/et_pb_menu][\/et_pb_column][\/et_pb_row][\/et_pb_section]<\/p>\n","protected":false},"excerpt":{"rendered":"<p>PROJECTS | ENGLISH\u00a0 |\u00a0 ESPA\u00d1OL\u00a0 |\u00a0 FRAN\u00c7AISOpen Shutters Iraq Pays: Irak et Syrie Participantes: Femmes irakiennes Site internet\u2018Maternit\u00e9&#8217;\u00a0Je cuisine sur le r\u00e9chaud \u00e0 essence ; l\u2019\u00e9lectricit\u00e9 et le gaz sont devenus des visiteurs pr\u00e9cieux qui nous honorent rarement de leur pr\u00e9sence. J\u2019aide mes enfants avec leurs \u00e9tudes, je fais la lessive et je surveille la [&hellip;]<\/p>\n","protected":false},"author":1,"featured_media":0,"parent":0,"menu_order":0,"comment_status":"closed","ping_status":"closed","template":"","meta":{"_et_pb_use_builder":"on","_et_pb_old_content":"<!-- wp:divi\/placeholder \/-->","_et_gb_content_width":"","footnotes":""},"class_list":["post-1313","page","type-page","status-publish","hentry"],"acf":[],"_links":{"self":[{"href":"https:\/\/imagingpeace.org\/index.php\/wp-json\/wp\/v2\/pages\/1313","targetHints":{"allow":["GET"]}}],"collection":[{"href":"https:\/\/imagingpeace.org\/index.php\/wp-json\/wp\/v2\/pages"}],"about":[{"href":"https:\/\/imagingpeace.org\/index.php\/wp-json\/wp\/v2\/types\/page"}],"author":[{"embeddable":true,"href":"https:\/\/imagingpeace.org\/index.php\/wp-json\/wp\/v2\/users\/1"}],"replies":[{"embeddable":true,"href":"https:\/\/imagingpeace.org\/index.php\/wp-json\/wp\/v2\/comments?post=1313"}],"version-history":[{"count":3,"href":"https:\/\/imagingpeace.org\/index.php\/wp-json\/wp\/v2\/pages\/1313\/revisions"}],"predecessor-version":[{"id":1817,"href":"https:\/\/imagingpeace.org\/index.php\/wp-json\/wp\/v2\/pages\/1313\/revisions\/1817"}],"wp:attachment":[{"href":"https:\/\/imagingpeace.org\/index.php\/wp-json\/wp\/v2\/media?parent=1313"}],"curies":[{"name":"wp","href":"https:\/\/api.w.org\/{rel}","templated":true}]}}