{"id":1305,"date":"2024-12-17T12:14:02","date_gmt":"2024-12-17T12:14:02","guid":{"rendered":"https:\/\/imagingpeace.org\/?page_id=1305"},"modified":"2025-01-18T14:03:35","modified_gmt":"2025-01-18T14:03:35","slug":"interfaith-photovoice-fr","status":"publish","type":"page","link":"https:\/\/imagingpeace.org\/index.php\/interfaith-photovoice-fr\/","title":{"rendered":"Interfaith Photovoice FR"},"content":{"rendered":"<p>[et_pb_section fb_built=&#8221;1&#8243; _builder_version=&#8221;4.27.0&#8243; _module_preset=&#8221;default&#8221; locked=&#8221;off&#8221; global_colors_info=&#8221;{}&#8221;][et_pb_row _builder_version=&#8221;4.27.4&#8243; _module_preset=&#8221;default&#8221; custom_padding=&#8221;18px||0px|||&#8221; locked=&#8221;off&#8221; global_colors_info=&#8221;{}&#8221;][et_pb_column type=&#8221;4_4&#8243; _builder_version=&#8221;4.27.4&#8243; _module_preset=&#8221;default&#8221; global_colors_info=&#8221;{}&#8221;][et_pb_text _builder_version=&#8221;4.27.4&#8243; _module_preset=&#8221;default&#8221; global_colors_info=&#8221;{}&#8221;]<\/p>\n<p><a href=\"https:\/\/imagingpeace.org\/index.php\/peace-photography-projects\/\">PROJECTS<\/a> | <a href=\"https:\/\/imagingpeace.org\/index.php\/interfaith-photovoice\/\">ENGLISH<\/a>\u00a0 |\u00a0 <a href=\"https:\/\/imagingpeace.org\/index.php\/interfaith-photovoice-es\/\" title=\"Esp\">ESPA\u00d1OL<\/a>\u00a0 |\u00a0 <a href=\"https:\/\/imagingpeace.org\/index.php\/interfaith-photovoice-fr\/\">FRAN\u00c7AIS<\/a><\/p>\n<p>[\/et_pb_text][\/et_pb_column][\/et_pb_row][et_pb_row _builder_version=&#8221;4.27.0&#8243; _module_preset=&#8221;default&#8221; global_colors_info=&#8221;{}&#8221;][et_pb_column type=&#8221;4_4&#8243; _builder_version=&#8221;4.27.0&#8243; _module_preset=&#8221;default&#8221; global_colors_info=&#8221;{}&#8221;][et_pb_text admin_label=&#8221;Title&#8221; _builder_version=&#8221;4.27.0&#8243; _module_preset=&#8221;default&#8221; header_font_size=&#8221;54px&#8221; custom_margin=&#8221;||8px||false|false&#8221; global_colors_info=&#8221;{}&#8221;]<\/p>\n<h1 style=\"text-align: left;\"><strong>Interfaith Photovoice (FR)<\/strong><\/h1>\n<p>[\/et_pb_text][et_pb_text admin_label=&#8221;Title&#8221; _builder_version=&#8221;4.27.4&#8243; _module_preset=&#8221;default&#8221; header_3_font_size=&#8221;27px&#8221; header_3_line_height=&#8221;1em&#8221; global_colors_info=&#8221;{}&#8221;]<\/p>\n<h3><strong>Interfaith Photovoice facilitators working with local faith partners and participants in the United States and internationally<\/strong><\/h3>\n<h3><a href=\"https:\/\/www.interfaithphotovoice.org\/\" target=\"_blank\" rel=\"noopener\">Site internet<\/a><\/h3>\n<p>[\/et_pb_text][\/et_pb_column][\/et_pb_row][et_pb_row _builder_version=&#8221;4.27.0&#8243; _module_preset=&#8221;default&#8221; width=&#8221;100%&#8221; max_width=&#8221;1700px&#8221; custom_padding=&#8221;2px||1px|||&#8221; global_colors_info=&#8221;{}&#8221;][et_pb_column type=&#8221;4_4&#8243; _builder_version=&#8221;4.27.0&#8243; _module_preset=&#8221;default&#8221; global_colors_info=&#8221;{}&#8221;][et_pb_slider _builder_version=&#8221;4.27.0&#8243; _module_preset=&#8221;default&#8221; custom_margin=&#8221;||18px|||&#8221; custom_padding=&#8221;||579px|||&#8221; global_colors_info=&#8221;{}&#8221;][et_pb_slide _builder_version=&#8221;4.27.0&#8243; _module_preset=&#8221;default&#8221; background_color=&#8221;#969696&#8243; background_enable_color=&#8221;on&#8221; background_image=&#8221;https:\/\/imagingpeace.org\/wp-content\/uploads\/2024\/08\/Interfaith-Photovoice-Richmond-2018-300dpi.jpg&#8221; background_enable_image=&#8221;on&#8221; width=&#8221;100%&#8221; width_tablet=&#8221;100%&#8221; width_phone=&#8221;0%&#8221; width_last_edited=&#8221;on|phone&#8221; max_width_tablet=&#8221;&#8221; max_width_phone=&#8221;100%&#8221; max_width_last_edited=&#8221;on|phone&#8221; global_colors_info=&#8221;{}&#8221; sticky_transition=&#8221;on&#8221;][\/et_pb_slide][\/et_pb_slider][\/et_pb_column][\/et_pb_row][et_pb_row _builder_version=&#8221;4.27.0&#8243; _module_preset=&#8221;default&#8221; custom_padding=&#8221;1px|||||&#8221; global_colors_info=&#8221;{}&#8221;][et_pb_column type=&#8221;4_4&#8243; _builder_version=&#8221;4.27.0&#8243; _module_preset=&#8221;default&#8221; global_colors_info=&#8221;{}&#8221;][et_pb_text _builder_version=&#8221;4.27.4&#8243; _module_preset=&#8221;default&#8221; text_font=&#8221;Actor|&#8211;et_global_body_font_weight|||||||&#8221; text_line_height=&#8221;1.8em&#8221; header_5_font=&#8221;Antic Slab|&#8211;et_global_heading_font_weight|||||||&#8221; header_5_font_size=&#8221;15px&#8221; header_5_line_height=&#8221;0.6em&#8221; custom_margin=&#8221;2px||||false|false&#8221; custom_padding=&#8221;|0px||58px||&#8221; global_colors_info=&#8221;{}&#8221;]<\/p>\n<h5 style=\"text-align: right;\"><strong>\u00a9 Atellier de Interfaith Photovoice<\/strong><\/h5>\n<p>[\/et_pb_text][\/et_pb_column][\/et_pb_row][et_pb_row _builder_version=&#8221;4.27.0&#8243; _module_preset=&#8221;default&#8221; custom_padding=&#8221;24px||6px|||&#8221; global_colors_info=&#8221;{}&#8221;][et_pb_column type=&#8221;4_4&#8243; _builder_version=&#8221;4.27.0&#8243; _module_preset=&#8221;default&#8221; global_colors_info=&#8221;{}&#8221;][et_pb_text _builder_version=&#8221;4.27.0&#8243; _module_preset=&#8221;default&#8221; text_font=&#8221;&#8211;et_global_body_font|300|||||||&#8221; text_font_size=&#8221;22px&#8221; text_line_height=&#8221;1.2em&#8221; width=&#8221;100%&#8221; custom_padding=&#8221;|0px||||&#8221; global_colors_info=&#8221;{}&#8221;]<\/p>\n<p>Fond\u00e9 en 2017 par le Dr Roman R. Williams, PhD, dans le contexte d\u2019une polarisation politique croissante et d\u2019un sentiment antimusulman aux \u00c9tats-Unis, <a href=\"https:\/\/www.interfaithphotovoice.org\/\"><em>Interfaith Photovoice<\/em><\/a> assemble des personnes de diff\u00e9rentes religions et croyances pour d\u00e9velopper la compr\u00e9hension et l\u2019empathie \u00e0 travers des conversations sur des photographies qu\u2019elles ont prises. Bien que la m\u00e9thode <em>Interfaith Photovoice<\/em> soit adapt\u00e9e \u00e0 chaque groupe, un projet typique rassemble un groupe de participants de diverses confessions pour plusieurs sessions o\u00f9 ils discutent des photographies qu\u2019ils ont produites en r\u00e9ponse \u00e0 une s\u00e9rie de questions :<\/p>\n<ol>\n<li>Comment vos croyances, pratiques et valeurs religieuses se manifestent-elles dans la vie quotidienne ?<\/li>\n<li>Quels d\u00e9fis rencontrez-vous dans votre communaut\u00e9 \u00e0 cause de vos croyances, pratiques et valeurs ?<\/li>\n<li>Que souhaiteriez-vous changer dans votre communaut\u00e9 pour en faire un meilleur endroit pour les personnes de toutes religions ?<\/li>\n<\/ol>\n<p>Assis autour de tables en petits groupes de quatre \u00e0 huit personnes, les participants partagent \u00e0 tour de r\u00f4le leurs images et racontent les histoires qui les accompagnent. Ils \u00e9coutent, posent des questions et observent les photographies des autres. La s\u00e9quence des questions encourage les participants \u00e0 identifier des points communs et des exp\u00e9riences, des besoins et des pr\u00e9occupations partag\u00e9s. Un point de d\u00e9part cl\u00e9 est de d\u00e9couvrir la vie, les pratiques quotidiennes et les valeurs des autres et de trouver des pr\u00e9occupations et aspirations communes. Cela renforce les relations et la confiance avant d\u2019aborder des questions plus d\u00e9licates et critiques, tout en cherchant \u00e0 forger une vision commune du changement possible. Lors des derni\u00e8res r\u00e9unions, les participants s\u00e9lectionnent une collection de photographies qui peut \u00eatre utilis\u00e9e pour une exposition afin de partager l\u2019exp\u00e9rience collective et les enseignements du groupe avec leur communaut\u00e9 au sens large.<\/p>\n<p><em>Interfaith Photovoice<\/em> a men\u00e9 des projets en partenariat avec des acteurs religieux locaux aux \u00c9tats-Unis et dans d&#8217;autres pays. Les sessions cr\u00e9ent des espaces s\u00fbrs et relativement neutres o\u00f9 les participants peuvent voir \u00e0 travers les yeux des autres et apprendre sur un pied d\u2019\u00e9galit\u00e9 les pratiques, d\u00e9fis et espoirs quotidiens des autres. Cette d\u00e9marche g\u00e9n\u00e8re des connaissances, des points de connexion et favorise l\u2019empathie et la solidarit\u00e9.<\/p>\n<p>La m\u00e9thode s\u2019enracine dans la th\u00e9orie du contact, qui propose que les pr\u00e9jug\u00e9s et les conflits entre diff\u00e9rents groupes peuvent \u00eatre r\u00e9duits si leurs membres interagissent. Les photographies servent \u00e0 cr\u00e9er des rencontres, \u00e0 combler des lacunes et \u00e0 construire des ponts entre des personnes qui ne se croiseraient normalement pas dans leur vie quotidienne. Les images deviennent des outils permettant aux participants d\u2019\u00e9tablir les param\u00e8tres de ce qu\u2019ils souhaitent partager et discuter avec les autres.<\/p>\n<p>&nbsp;<\/p>\n<p>[\/et_pb_text][\/et_pb_column][\/et_pb_row][et_pb_row _builder_version=&#8221;4.27.0&#8243; _module_preset=&#8221;default&#8221; global_colors_info=&#8221;{}&#8221;][et_pb_column type=&#8221;4_4&#8243; _builder_version=&#8221;4.27.0&#8243; _module_preset=&#8221;default&#8221; global_colors_info=&#8221;{}&#8221;][et_pb_image src=&#8221;https:\/\/imagingpeace.org\/wp-content\/uploads\/2024\/08\/Interfaith-Photovoice-Grand-Rapids-2018-300dpi.jpg&#8221; title_text=&#8221;Interfaith-Photovoice-Grand-Rapids-2018-300dpi&#8221; _builder_version=&#8221;4.27.0&#8243; _module_preset=&#8221;default&#8221; custom_margin=&#8221;||19px|||&#8221; global_colors_info=&#8221;{}&#8221;][\/et_pb_image][et_pb_text _builder_version=&#8221;4.27.4&#8243; _module_preset=&#8221;default&#8221; text_font=&#8221;Actor|&#8211;et_global_body_font_weight|||||||&#8221; text_line_height=&#8221;1.8em&#8221; header_5_font=&#8221;Antic Slab|&#8211;et_global_heading_font_weight|||||||&#8221; header_5_font_size=&#8221;15px&#8221; header_5_line_height=&#8221;0.6em&#8221; custom_margin=&#8221;2px||||false|false&#8221; custom_padding=&#8221;|0px||58px||&#8221; global_colors_info=&#8221;{}&#8221;]<\/p>\n<h5 style=\"text-align: right;\"><strong>\u00a9 Ateliers Interfaith Photovoice<\/strong><\/h5>\n<p>[\/et_pb_text][\/et_pb_column][\/et_pb_row][et_pb_row column_structure=&#8221;1_5,3_5,1_5&#8243; _builder_version=&#8221;4.27.0&#8243; _module_preset=&#8221;default&#8221; background_color=&#8221;#EBEFE6&#8243; custom_margin=&#8221;0px|auto|50px|auto||&#8221; custom_padding=&#8221;91px|||||&#8221; global_colors_info=&#8221;{}&#8221;][et_pb_column type=&#8221;1_5&#8243; _builder_version=&#8221;4.27.0&#8243; _module_preset=&#8221;default&#8221; global_colors_info=&#8221;{}&#8221;][\/et_pb_column][et_pb_column type=&#8221;3_5&#8243; _builder_version=&#8221;4.27.0&#8243; _module_preset=&#8221;default&#8221; global_colors_info=&#8221;{}&#8221;][et_pb_testimonial author=&#8221;Dr. Roman Williams&#8221; job_title=&#8221;Interfaith Photovoice&#8221; font_icon=&#8221;&#xf10e;||fa||900&#8243; use_icon_font_size=&#8221;on&#8221; _builder_version=&#8221;4.27.0&#8243; _module_preset=&#8221;default&#8221; body_font_size=&#8221;31px&#8221; body_line_height=&#8221;1.2em&#8221; author_font_size=&#8221;24px&#8221; author_line_height=&#8221;1.2em&#8221; custom_padding=&#8221;|0px||4px||&#8221; border_width_all=&#8221;0px&#8221; global_colors_info=&#8221;{}&#8221;]<\/p>\n<p>\u2018<em>Les photographies partag\u00e9es \u00e0 travers les diff\u00e9rences interreligieuses peuvent perturber les connaissances conventionnelles et exp\u00e9rientielles\u2026 Voir et entendre parler des photographies d\u2019une autre personne invite les participants \u00e0 s\u2019\u00e9loigner de leur quotidien pour voir le monde sous une nouvelle perspective<\/em>\u2019.<\/p>\n<p>[\/et_pb_testimonial][\/et_pb_column][et_pb_column type=&#8221;1_5&#8243; _builder_version=&#8221;4.27.0&#8243; _module_preset=&#8221;default&#8221; global_colors_info=&#8221;{}&#8221;][\/et_pb_column][\/et_pb_row][et_pb_row _builder_version=&#8221;4.27.4&#8243; _module_preset=&#8221;default&#8221; global_colors_info=&#8221;{}&#8221;][et_pb_column type=&#8221;4_4&#8243; _builder_version=&#8221;4.27.4&#8243; _module_preset=&#8221;default&#8221; global_colors_info=&#8221;{}&#8221;][et_pb_menu menu_id=&#8221;10&#8243; menu_style=&#8221;centered&#8221; active_link_color=&#8221;#E09900&#8243; _builder_version=&#8221;4.27.0&#8243; _module_preset=&#8221;default&#8221; menu_font=&#8221;|||on|||||&#8221; menu_text_color=&#8221;#000000&#8243; global_colors_info=&#8221;{}&#8221; menu_font_size__hover_enabled=&#8221;off|desktop&#8221;][\/et_pb_menu][\/et_pb_column][\/et_pb_row][\/et_pb_section]<\/p>\n","protected":false},"excerpt":{"rendered":"<p>PROJECTS | ENGLISH\u00a0 |\u00a0 ESPA\u00d1OL\u00a0 |\u00a0 FRAN\u00c7AISInterfaith Photovoice (FR)Interfaith Photovoice facilitators working with local faith partners and participants in the United States and internationally Site internet\u00a9 Atellier de Interfaith PhotovoiceFond\u00e9 en 2017 par le Dr Roman R. Williams, PhD, dans le contexte d\u2019une polarisation politique croissante et d\u2019un sentiment antimusulman aux \u00c9tats-Unis, Interfaith Photovoice assemble [&hellip;]<\/p>\n","protected":false},"author":1,"featured_media":0,"parent":0,"menu_order":0,"comment_status":"closed","ping_status":"closed","template":"","meta":{"_et_pb_use_builder":"on","_et_pb_old_content":"<!-- wp:divi\/placeholder \/-->","_et_gb_content_width":"","footnotes":""},"class_list":["post-1305","page","type-page","status-publish","hentry"],"acf":[],"_links":{"self":[{"href":"https:\/\/imagingpeace.org\/index.php\/wp-json\/wp\/v2\/pages\/1305","targetHints":{"allow":["GET"]}}],"collection":[{"href":"https:\/\/imagingpeace.org\/index.php\/wp-json\/wp\/v2\/pages"}],"about":[{"href":"https:\/\/imagingpeace.org\/index.php\/wp-json\/wp\/v2\/types\/page"}],"author":[{"embeddable":true,"href":"https:\/\/imagingpeace.org\/index.php\/wp-json\/wp\/v2\/users\/1"}],"replies":[{"embeddable":true,"href":"https:\/\/imagingpeace.org\/index.php\/wp-json\/wp\/v2\/comments?post=1305"}],"version-history":[{"count":4,"href":"https:\/\/imagingpeace.org\/index.php\/wp-json\/wp\/v2\/pages\/1305\/revisions"}],"predecessor-version":[{"id":1868,"href":"https:\/\/imagingpeace.org\/index.php\/wp-json\/wp\/v2\/pages\/1305\/revisions\/1868"}],"wp:attachment":[{"href":"https:\/\/imagingpeace.org\/index.php\/wp-json\/wp\/v2\/media?parent=1305"}],"curies":[{"name":"wp","href":"https:\/\/api.w.org\/{rel}","templated":true}]}}