{"id":1304,"date":"2024-12-17T12:13:51","date_gmt":"2024-12-17T12:13:51","guid":{"rendered":"https:\/\/imagingpeace.org\/?page_id=1304"},"modified":"2025-01-18T12:55:54","modified_gmt":"2025-01-18T12:55:54","slug":"interfaith-photovoice-es","status":"publish","type":"page","link":"https:\/\/imagingpeace.org\/index.php\/interfaith-photovoice-es\/","title":{"rendered":"Interfaith Photovoice ES"},"content":{"rendered":"<p>[et_pb_section fb_built=&#8221;1&#8243; _builder_version=&#8221;4.27.0&#8243; _module_preset=&#8221;default&#8221; locked=&#8221;off&#8221; global_colors_info=&#8221;{}&#8221;][et_pb_row _builder_version=&#8221;4.27.4&#8243; _module_preset=&#8221;default&#8221; custom_padding=&#8221;18px||0px|||&#8221; locked=&#8221;off&#8221; global_colors_info=&#8221;{}&#8221;][et_pb_column type=&#8221;4_4&#8243; _builder_version=&#8221;4.27.4&#8243; _module_preset=&#8221;default&#8221; global_colors_info=&#8221;{}&#8221;][et_pb_text _builder_version=&#8221;4.27.4&#8243; _module_preset=&#8221;default&#8221; global_colors_info=&#8221;{}&#8221;]<\/p>\n<p><a href=\"https:\/\/imagingpeace.org\/index.php\/peace-photography-projects\/\">PROJECTS<\/a> | <a href=\"https:\/\/imagingpeace.org\/index.php\/interfaith-photovoice\/\">ENGLISH<\/a>\u00a0 |\u00a0 <a href=\"https:\/\/imagingpeace.org\/index.php\/interfaith-photovoice-es\/\" title=\"Esp\">ESPA\u00d1OL<\/a>\u00a0 |\u00a0 <a href=\"https:\/\/imagingpeace.org\/index.php\/interfaith-photovoice-fr\/\">FRAN\u00c7AIS<\/a><\/p>\n<p>[\/et_pb_text][\/et_pb_column][\/et_pb_row][et_pb_row _builder_version=&#8221;4.27.0&#8243; _module_preset=&#8221;default&#8221; global_colors_info=&#8221;{}&#8221;][et_pb_column type=&#8221;4_4&#8243; _builder_version=&#8221;4.27.0&#8243; _module_preset=&#8221;default&#8221; global_colors_info=&#8221;{}&#8221;][et_pb_text admin_label=&#8221;Title&#8221; _builder_version=&#8221;4.27.0&#8243; _module_preset=&#8221;default&#8221; header_font_size=&#8221;54px&#8221; custom_margin=&#8221;||8px||false|false&#8221; global_colors_info=&#8221;{}&#8221;]<\/p>\n<h1 style=\"text-align: left;\"><strong>Interfaith Photovoice (ES)<\/strong><\/h1>\n<p>[\/et_pb_text][et_pb_text admin_label=&#8221;Title&#8221; _builder_version=&#8221;4.27.4&#8243; _module_preset=&#8221;default&#8221; header_3_font_size=&#8221;27px&#8221; header_3_line_height=&#8221;1em&#8221; hover_enabled=&#8221;0&#8243; global_colors_info=&#8221;{}&#8221; sticky_enabled=&#8221;0&#8243;]<\/p>\n<h3><strong>Facilitadores de Interfaith Photovoice que trabajan con socios religiosos locales y participantes en los Estados Unidos e internacionalmente<\/strong><\/h3>\n<h3><a href=\"https:\/\/www.interfaithphotovoice.org\/\" target=\"_blank\" rel=\"noopener\">P\u00e1gina web<\/a><\/h3>\n<p>&nbsp;<\/p>\n<p>[\/et_pb_text][\/et_pb_column][\/et_pb_row][et_pb_row _builder_version=&#8221;4.27.0&#8243; _module_preset=&#8221;default&#8221; width=&#8221;100%&#8221; max_width=&#8221;1700px&#8221; custom_padding=&#8221;2px||1px|||&#8221; global_colors_info=&#8221;{}&#8221;][et_pb_column type=&#8221;4_4&#8243; _builder_version=&#8221;4.27.0&#8243; _module_preset=&#8221;default&#8221; global_colors_info=&#8221;{}&#8221;][et_pb_slider _builder_version=&#8221;4.27.0&#8243; _module_preset=&#8221;default&#8221; custom_margin=&#8221;||18px|||&#8221; custom_padding=&#8221;||579px|||&#8221; global_colors_info=&#8221;{}&#8221;][et_pb_slide _builder_version=&#8221;4.27.0&#8243; _module_preset=&#8221;default&#8221; background_color=&#8221;#969696&#8243; background_enable_color=&#8221;on&#8221; background_image=&#8221;https:\/\/imagingpeace.org\/wp-content\/uploads\/2024\/08\/Interfaith-Photovoice-Richmond-2018-300dpi.jpg&#8221; background_enable_image=&#8221;on&#8221; width=&#8221;100%&#8221; width_tablet=&#8221;100%&#8221; width_phone=&#8221;0%&#8221; width_last_edited=&#8221;on|phone&#8221; max_width_tablet=&#8221;&#8221; max_width_phone=&#8221;100%&#8221; max_width_last_edited=&#8221;on|phone&#8221; global_colors_info=&#8221;{}&#8221; sticky_transition=&#8221;on&#8221;][\/et_pb_slide][\/et_pb_slider][\/et_pb_column][\/et_pb_row][et_pb_row _builder_version=&#8221;4.27.0&#8243; _module_preset=&#8221;default&#8221; custom_padding=&#8221;1px|||||&#8221; global_colors_info=&#8221;{}&#8221;][et_pb_column type=&#8221;4_4&#8243; _builder_version=&#8221;4.27.0&#8243; _module_preset=&#8221;default&#8221; global_colors_info=&#8221;{}&#8221;][et_pb_text _builder_version=&#8221;4.27.4&#8243; _module_preset=&#8221;default&#8221; text_font=&#8221;Actor|&#8211;et_global_body_font_weight|||||||&#8221; text_line_height=&#8221;1.8em&#8221; header_5_font=&#8221;Antic Slab|&#8211;et_global_heading_font_weight|||||||&#8221; header_5_font_size=&#8221;15px&#8221; header_5_line_height=&#8221;0.6em&#8221; custom_margin=&#8221;2px||||false|false&#8221; custom_padding=&#8221;|0px||58px||&#8221; global_colors_info=&#8221;{}&#8221;]<\/p>\n<h5 style=\"text-align: right;\"><strong>\u00a0Talleres \u00a9 Interfaith Photovoice\u00a0<\/strong><\/h5>\n<p>[\/et_pb_text][\/et_pb_column][\/et_pb_row][et_pb_row _builder_version=&#8221;4.27.0&#8243; _module_preset=&#8221;default&#8221; custom_padding=&#8221;24px||6px|||&#8221; global_colors_info=&#8221;{}&#8221;][et_pb_column type=&#8221;4_4&#8243; _builder_version=&#8221;4.27.0&#8243; _module_preset=&#8221;default&#8221; global_colors_info=&#8221;{}&#8221;][et_pb_text _builder_version=&#8221;4.27.4&#8243; _module_preset=&#8221;default&#8221; text_font=&#8221;&#8211;et_global_body_font|300|||||||&#8221; text_font_size=&#8221;22px&#8221; text_line_height=&#8221;1.2em&#8221; width=&#8221;100%&#8221; custom_padding=&#8221;|0px||||&#8221; global_colors_info=&#8221;{}&#8221;]<\/p>\n<p>Formada en 2017 por <span style=\"font-size: 22px; font-family: var(--et_global_body_font),serif;\">Dr<\/span><span style=\"font-size: 22px; font-weight: bold; font-family: var(--et_global_body_font),serif;\">. <\/span><span style=\"font-size: 22px; font-family: var(--et_global_body_font),serif;\">Roman R. Williams, PhD, en el contexto de una creciente polarizaci\u00f3n pol\u00edtica y sentimiento antimusulm\u00e1n en los EE.UU., <\/span><em style=\"font-size: 22px; font-family: var(--et_global_body_font),serif;\"><strong><a href=\"https:\/\/interfaithphotovoice.org\/\" target=\"_blank\" rel=\"noopener\">Interfaith Photovoice <\/a><\/strong><\/em><span style=\"font-size: 22px; font-family: var(--et_global_body_font),serif;\">re\u00fane a personas de diferentes religiones y creencias para desarrollar comprensi\u00f3n y empat\u00eda a trav\u00e9s de conversaciones sobre fotograf\u00edas que han tomado. Si bien el m\u00e9todo <\/span><em style=\"font-size: 22px; font-family: var(--et_global_body_font),serif;\">Interfaith Photovoice <\/em><span style=\"font-size: 22px; font-family: var(--et_global_body_font),serif;\">se adapta a cada grupo, en un proyecto t\u00edpico un grupo de participantes de diferentes religiones se re\u00fane durante varias sesiones para discutir fotograf\u00edas que han producido en respuesta a una serie de indicaciones.<\/span><\/p>\n<ol>\n<li>\u00bfC\u00f3mo se ven sus creencias, pr\u00e1cticas y valores religiosos en la vida cotidiana?<\/li>\n<li>\u00bfQu\u00e9 desaf\u00edos enfrenta en su comunidad debido a sus creencias, pr\u00e1cticas y valores?<\/li>\n<li>\u00bfQu\u00e9 le gustar\u00eda cambiar en su comunidad para convertirla en un lugar mejor para personas de todas las religiones?<\/li>\n<\/ol>\n<p>Sentados en mesas en peque\u00f1os grupos de cuatro a ocho personas, los participantes se turnan para compartir sus im\u00e1genes y contar las historias detr\u00e1s de ellas. Escuchan, preguntan y observan las im\u00e1genes de los dem\u00e1s. La secuencia de las indicaciones fotogr\u00e1ficas anima a los participantes a identificar puntos en com\u00fan y experiencias, necesidades e inquietudes compartidas. Un punto de partida clave es conocer la vida, las pr\u00e1cticas cotidianas y los valores de los dem\u00e1s y encontrar puntos en com\u00fan, preocupaciones y aspiraciones mutuas, que fomenten las relaciones y la confianza antes de debatir cuestiones m\u00e1s delicadas y cr\u00edticas e intentar forjar un sentido compartido de c\u00f3mo podr\u00eda ser el cambio. En sus reuniones finales, los participantes seleccionan una colecci\u00f3n de fotograf\u00edas que pueden usarse en una exposici\u00f3n para compartir la experiencia colectiva y los conocimientos del grupo con su comunidad en general.<\/p>\n<p>Interfaith Photovoice ha llevado a cabo proyectos en conjunto con socios religiosos locales en los EE. UU. e internacionalmente. Las sesiones crean espacios seguros y relativamente neutrales en los que las personas ven a trav\u00e9s de los ojos de los dem\u00e1s y aprenden en igualdad de condiciones sobre las pr\u00e1cticas, los desaf\u00edos y las esperanzas diarias de los dem\u00e1s, construyendo conocimientos y puntos de conexi\u00f3n que generan empat\u00eda y solidaridad. El m\u00e9todo tiene sus ra\u00edces en la teor\u00eda del contacto, que plantea la hip\u00f3tesis de que los prejuicios y los conflictos entre diferentes grupos pueden reducirse si los miembros de los grupos interact\u00faan entre s\u00ed. Las fotograf\u00edas trabajan para crear encuentros, llenar espacios en blanco y construir puentes entre personas que normalmente no se encontrar\u00edan en su vida diaria. Las im\u00e1genes act\u00faan como accesorios para el participante, permiti\u00e9ndole establecer los par\u00e1metros de lo que quiere hablar y compartir con los dem\u00e1s.<\/p>\n<p>[\/et_pb_text][\/et_pb_column][\/et_pb_row][et_pb_row _builder_version=&#8221;4.27.0&#8243; _module_preset=&#8221;default&#8221; global_colors_info=&#8221;{}&#8221;][et_pb_column type=&#8221;4_4&#8243; _builder_version=&#8221;4.27.0&#8243; _module_preset=&#8221;default&#8221; global_colors_info=&#8221;{}&#8221;][et_pb_image src=&#8221;https:\/\/imagingpeace.org\/wp-content\/uploads\/2024\/08\/Interfaith-Photovoice-Grand-Rapids-2018-300dpi.jpg&#8221; title_text=&#8221;Interfaith-Photovoice-Grand-Rapids-2018-300dpi&#8221; _builder_version=&#8221;4.27.0&#8243; _module_preset=&#8221;default&#8221; custom_margin=&#8221;||19px|||&#8221; global_colors_info=&#8221;{}&#8221;][\/et_pb_image][et_pb_text _builder_version=&#8221;4.27.4&#8243; _module_preset=&#8221;default&#8221; text_font=&#8221;Actor|&#8211;et_global_body_font_weight|||||||&#8221; text_line_height=&#8221;1.8em&#8221; header_5_font=&#8221;Antic Slab|&#8211;et_global_heading_font_weight|||||||&#8221; header_5_font_size=&#8221;15px&#8221; header_5_line_height=&#8221;0.6em&#8221; custom_margin=&#8221;2px||||false|false&#8221; custom_padding=&#8221;|0px||58px||&#8221; global_colors_info=&#8221;{}&#8221;]<\/p>\n<h5 style=\"text-align: right;\"><strong>Talerres \u00a9 Interfaith Photovoice\u00a0<\/strong><\/h5>\n<p>[\/et_pb_text][\/et_pb_column][\/et_pb_row][et_pb_row column_structure=&#8221;1_5,3_5,1_5&#8243; _builder_version=&#8221;4.27.0&#8243; _module_preset=&#8221;default&#8221; background_color=&#8221;#EBEFE6&#8243; custom_margin=&#8221;0px|auto|50px|auto||&#8221; custom_padding=&#8221;91px|||||&#8221; global_colors_info=&#8221;{}&#8221;][et_pb_column type=&#8221;1_5&#8243; _builder_version=&#8221;4.27.0&#8243; _module_preset=&#8221;default&#8221; global_colors_info=&#8221;{}&#8221;][\/et_pb_column][et_pb_column type=&#8221;3_5&#8243; _builder_version=&#8221;4.27.0&#8243; _module_preset=&#8221;default&#8221; global_colors_info=&#8221;{}&#8221;][et_pb_testimonial author=&#8221;Dr. Roman Williams&#8221; job_title=&#8221;Interfaith Photovoice&#8221; font_icon=&#8221;&#xf10e;||fa||900&#8243; use_icon_font_size=&#8221;on&#8221; _builder_version=&#8221;4.27.0&#8243; _module_preset=&#8221;default&#8221; body_font_size=&#8221;31px&#8221; body_line_height=&#8221;1.2em&#8221; author_font_size=&#8221;24px&#8221; author_line_height=&#8221;1.2em&#8221; custom_padding=&#8221;|0px||4px||&#8221; border_width_all=&#8221;0px&#8221; global_colors_info=&#8221;{}&#8221;]<\/p>\n<p>&#8216;<em>Las fotograf\u00edas compartidas a trav\u00e9s de diferencias interreligiosas pueden perturbar el conocimiento convencional y experiencial&#8230; Ver y escuchar acerca de las fotograf\u00edas de otra persona invita a los participantes a alejarse de sus vidas cotidianas y ver el mundo desde una nueva perspectiva&#8217;<\/em>.<\/p>\n<p>[\/et_pb_testimonial][\/et_pb_column][et_pb_column type=&#8221;1_5&#8243; _builder_version=&#8221;4.27.0&#8243; _module_preset=&#8221;default&#8221; global_colors_info=&#8221;{}&#8221;][\/et_pb_column][\/et_pb_row][et_pb_row _builder_version=&#8221;4.27.4&#8243; _module_preset=&#8221;default&#8221;][et_pb_column _builder_version=&#8221;4.27.4&#8243; _module_preset=&#8221;default&#8221; type=&#8221;4_4&#8243;][et_pb_menu menu_id=&#8221;10&#8243; menu_style=&#8221;centered&#8221; active_link_color=&#8221;#E09900&#8243; _builder_version=&#8221;4.27.0&#8243; _module_preset=&#8221;default&#8221; menu_font=&#8221;|||on|||||&#8221; menu_text_color=&#8221;#000000&#8243; global_colors_info=&#8221;{}&#8221; menu_font_size__hover_enabled=&#8221;off|desktop&#8221; theme_builder_area=&#8221;post_content&#8221;][\/et_pb_menu][\/et_pb_column][\/et_pb_row][\/et_pb_section]<\/p>\n","protected":false},"excerpt":{"rendered":"<p>PROJECTS | ENGLISH\u00a0 |\u00a0 ESPA\u00d1OL\u00a0 |\u00a0 FRAN\u00c7AISInterfaith Photovoice (ES)Facilitadores de Interfaith Photovoice que trabajan con socios religiosos locales y participantes en los Estados Unidos e internacionalmente P\u00e1gina web &nbsp;\u00a0Talleres \u00a9 Interfaith Photovoice\u00a0Formada en 2017 por Dr. Roman R. Williams, PhD, en el contexto de una creciente polarizaci\u00f3n pol\u00edtica y sentimiento antimusulm\u00e1n en los EE.UU., Interfaith [&hellip;]<\/p>\n","protected":false},"author":1,"featured_media":0,"parent":0,"menu_order":0,"comment_status":"closed","ping_status":"closed","template":"","meta":{"_et_pb_use_builder":"on","_et_pb_old_content":"<!-- wp:divi\/placeholder \/-->","_et_gb_content_width":"","footnotes":""},"class_list":["post-1304","page","type-page","status-publish","hentry"],"acf":[],"_links":{"self":[{"href":"https:\/\/imagingpeace.org\/index.php\/wp-json\/wp\/v2\/pages\/1304","targetHints":{"allow":["GET"]}}],"collection":[{"href":"https:\/\/imagingpeace.org\/index.php\/wp-json\/wp\/v2\/pages"}],"about":[{"href":"https:\/\/imagingpeace.org\/index.php\/wp-json\/wp\/v2\/types\/page"}],"author":[{"embeddable":true,"href":"https:\/\/imagingpeace.org\/index.php\/wp-json\/wp\/v2\/users\/1"}],"replies":[{"embeddable":true,"href":"https:\/\/imagingpeace.org\/index.php\/wp-json\/wp\/v2\/comments?post=1304"}],"version-history":[{"count":5,"href":"https:\/\/imagingpeace.org\/index.php\/wp-json\/wp\/v2\/pages\/1304\/revisions"}],"predecessor-version":[{"id":1832,"href":"https:\/\/imagingpeace.org\/index.php\/wp-json\/wp\/v2\/pages\/1304\/revisions\/1832"}],"wp:attachment":[{"href":"https:\/\/imagingpeace.org\/index.php\/wp-json\/wp\/v2\/media?parent=1304"}],"curies":[{"name":"wp","href":"https:\/\/api.w.org\/{rel}","templated":true}]}}