{"id":1303,"date":"2024-12-17T12:11:52","date_gmt":"2024-12-17T12:11:52","guid":{"rendered":"https:\/\/imagingpeace.org\/?page_id=1303"},"modified":"2025-01-18T13:56:52","modified_gmt":"2025-01-18T13:56:52","slug":"feminist-memory-project-fr","status":"publish","type":"page","link":"https:\/\/imagingpeace.org\/index.php\/feminist-memory-project-fr\/","title":{"rendered":"Feminist Memory Project FR"},"content":{"rendered":"<p>[et_pb_section fb_built=&#8221;1&#8243; _builder_version=&#8221;4.27.0&#8243; _module_preset=&#8221;default&#8221; locked=&#8221;off&#8221; global_colors_info=&#8221;{}&#8221;][et_pb_row _builder_version=&#8221;4.27.4&#8243; _module_preset=&#8221;default&#8221; custom_padding=&#8221;18px||0px|||&#8221; locked=&#8221;off&#8221; global_colors_info=&#8221;{}&#8221;][et_pb_column type=&#8221;4_4&#8243; _builder_version=&#8221;4.27.4&#8243; _module_preset=&#8221;default&#8221; global_colors_info=&#8221;{}&#8221;][et_pb_text _builder_version=&#8221;4.27.4&#8243; _module_preset=&#8221;default&#8221; global_colors_info=&#8221;{}&#8221;]<\/p>\n<p><a href=\"https:\/\/imagingpeace.org\/index.php\/peace-photography-projects\/\">PROJECTS<\/a> | <a href=\"https:\/\/imagingpeace.org\/index.php\/feminist-memory-project\/\">ENGLISH<\/a>\u00a0 |\u00a0 <a href=\"https:\/\/imagingpeace.org\/index.php\/feminist-memory-project-es\/\" title=\"Esp\">ESPA\u00d1OL<\/a>\u00a0 |\u00a0 <a href=\"https:\/\/imagingpeace.org\/index.php\/feminist-memory-project-fr\/\">FRAN\u00c7AIS<\/a><\/p>\n<p>[\/et_pb_text][\/et_pb_column][\/et_pb_row][et_pb_row _builder_version=&#8221;4.27.0&#8243; _module_preset=&#8221;default&#8221; global_colors_info=&#8221;{}&#8221;][et_pb_column type=&#8221;4_4&#8243; _builder_version=&#8221;4.27.0&#8243; _module_preset=&#8221;default&#8221; global_colors_info=&#8221;{}&#8221;][et_pb_text admin_label=&#8221;Title&#8221; _builder_version=&#8221;4.27.0&#8243; _module_preset=&#8221;default&#8221; header_font_size=&#8221;54px&#8221; custom_margin=&#8221;||8px||false|false&#8221; global_colors_info=&#8221;{}&#8221;]<\/p>\n<h1 style=\"text-align: left;\"><strong>Feminist Memory Project (FR)<\/strong><\/h1>\n<p>[\/et_pb_text][et_pb_text admin_label=&#8221;Title&#8221; _builder_version=&#8221;4.27.4&#8243; _module_preset=&#8221;default&#8221; header_3_font_size=&#8221;24px&#8221; header_3_line_height=&#8221;0.8em&#8221; hover_enabled=&#8221;0&#8243; global_colors_info=&#8221;{}&#8221; sticky_enabled=&#8221;0&#8243;]<\/p>\n<h3>Pays:<strong> N\u00e9pal<\/strong><\/h3>\n<h3>Participants:<strong> Organisations f\u00e9ministes et de femmes du N\u00e9pal\u00a0<\/strong><\/h3>\n<h3><a href=\"https:\/\/www.nepalpicturelibrary.org\/\" target=\"_blank\" rel=\"noopener\">Site internet<\/a><\/h3>\n<p>[\/et_pb_text][\/et_pb_column][\/et_pb_row][et_pb_row _builder_version=&#8221;4.27.0&#8243; _module_preset=&#8221;default&#8221; width=&#8221;100%&#8221; max_width=&#8221;1700px&#8221; custom_padding=&#8221;2px||1px|||&#8221; global_colors_info=&#8221;{}&#8221;][et_pb_column type=&#8221;4_4&#8243; _builder_version=&#8221;4.27.0&#8243; _module_preset=&#8221;default&#8221; global_colors_info=&#8221;{}&#8221;][et_pb_slider _builder_version=&#8221;4.27.0&#8243; _module_preset=&#8221;default&#8221; custom_margin=&#8221;||-48px|||&#8221; custom_padding=&#8221;||579px|||&#8221; global_colors_info=&#8221;{}&#8221;][et_pb_slide _builder_version=&#8221;4.27.0&#8243; _module_preset=&#8221;default&#8221; background_color=&#8221;#969696&#8243; background_enable_color=&#8221;on&#8221; background_image=&#8221;https:\/\/imagingpeace.org\/wp-content\/uploads\/2024\/08\/Friends.jpg&#8221; background_enable_image=&#8221;on&#8221; width=&#8221;100%&#8221; width_tablet=&#8221;100%&#8221; width_phone=&#8221;0%&#8221; width_last_edited=&#8221;on|phone&#8221; max_width_tablet=&#8221;&#8221; max_width_phone=&#8221;100%&#8221; max_width_last_edited=&#8221;on|phone&#8221; global_colors_info=&#8221;{}&#8221; sticky_transition=&#8221;on&#8221;][\/et_pb_slide][\/et_pb_slider][\/et_pb_column][\/et_pb_row][et_pb_row _builder_version=&#8221;4.27.0&#8243; _module_preset=&#8221;default&#8221; custom_padding=&#8221;73px||6px|||&#8221; global_colors_info=&#8221;{}&#8221;][et_pb_column type=&#8221;4_4&#8243; _builder_version=&#8221;4.27.0&#8243; _module_preset=&#8221;default&#8221; global_colors_info=&#8221;{}&#8221;][et_pb_text _builder_version=&#8221;4.27.0&#8243; _module_preset=&#8221;default&#8221; text_font=&#8221;Actor|&#8211;et_global_body_font_weight|||||||&#8221; text_line_height=&#8221;1.8em&#8221; header_5_font=&#8221;Antic Slab|&#8211;et_global_heading_font_weight|||||||&#8221; header_5_font_size=&#8221;15px&#8221; min_height=&#8221;48px&#8221; custom_margin=&#8221;2px||||false|false&#8221; custom_padding=&#8221;2px|0px||58px||&#8221; global_colors_info=&#8221;{}&#8221;]<\/p>\n<h5 class=\"p1\" style=\"text-align: right;\"><\/h5>\n<h5 class=\"p1\" style=\"text-align: right;\">Katmandou, 1982<br \/>Amies lors de leur c\u00e9r\u00e9monie de remise de dipl\u00f4me de licence.<br \/><strong>\u00a9 <\/strong><strong>Collection de <\/strong><strong>Yaso Kanti Bhattachan\u00a0 \/ Nepal Picture Library<\/strong><\/h5>\n<p>[\/et_pb_text][et_pb_text _builder_version=&#8221;4.27.0&#8243; _module_preset=&#8221;default&#8221; text_font=&#8221;&#8211;et_global_body_font|300|||||||&#8221; text_font_size=&#8221;22px&#8221; text_line_height=&#8221;1.2em&#8221; width=&#8221;100%&#8221; custom_padding=&#8221;|0px||||&#8221; global_colors_info=&#8221;{}&#8221;]<\/p>\n<p><a href=\"https:\/\/www.nepalpicturelibrary.org\/\"><em>Feminist Memory Project <\/em><\/a>a \u00e9t\u00e9 con\u00e7u pour cr\u00e9er une archive photographique permanente des mouvements f\u00e9ministes et des femmes au N\u00e9pal. Ce projet est une initiative de la <em>Nepal Picture Library<\/em> (NPL), \u00e9tablie par <em><a href=\"https:\/\/www.photocircle.com.np\/\">Photocircle<\/a><\/em>, une organisation n\u00e9palaise de photographie d\u00e9di\u00e9e \u00e0 la cr\u00e9ation d&#8217;archives visuelles qui offrent des r\u00e9cits inclusifs et \u00e9largis de l\u2019histoire du N\u00e9pal.<\/p>\n<p>Le N\u00e9pal est un pays d\u2019une grande diversit\u00e9 g\u00e9ographique, ethnique et culturelle. Selon le recensement de 2011, 123 langues y sont parl\u00e9es. Cependant, le conflit interne de dix ans entre le gouvernement n\u00e9palais et le Parti communiste mao\u00efste du N\u00e9pal, qui s\u2019est officiellement termin\u00e9 avec l\u2019accord de paix globale de 2006, a mis en lumi\u00e8re les in\u00e9galit\u00e9s socio\u00e9conomiques et les divisions de longue date. Depuis lors, les tensions politiques et les luttes de pouvoir ont \u00e9clips\u00e9 les voix des victimes et engendr\u00e9 frustration et ins\u00e9curit\u00e9. Les causes profondes du conflit, telles que la pauvret\u00e9, les discriminations envers les minorit\u00e9s et la polarisation des castes, n\u2019ont pas \u00e9t\u00e9 r\u00e9solues. Ces formes de conflit, notamment la violence bas\u00e9e sur le genre et les castes, demeurent ancr\u00e9es.<\/p>\n<p>&nbsp;<\/p>\n<p>[\/et_pb_text][et_pb_image src=&#8221;https:\/\/imagingpeace.org\/wp-content\/uploads\/2024\/08\/Mangala-Devi-.jpg&#8221; title_text=&#8221;Mangala-Devi-&#8221; align=&#8221;right&#8221; _builder_version=&#8221;4.27.0&#8243; _module_preset=&#8221;default&#8221; width=&#8221;101%&#8221; global_colors_info=&#8221;{}&#8221;][\/et_pb_image][\/et_pb_column][\/et_pb_row][et_pb_row _builder_version=&#8221;4.27.0&#8243; _module_preset=&#8221;default&#8221; custom_margin=&#8221;9px|auto||auto||&#8221; custom_padding=&#8221;1px||35px|||&#8221; global_colors_info=&#8221;{}&#8221;][et_pb_column type=&#8221;4_4&#8243; _builder_version=&#8221;4.27.0&#8243; _module_preset=&#8221;default&#8221; global_colors_info=&#8221;{}&#8221;][et_pb_text _builder_version=&#8221;4.27.0&#8243; _module_preset=&#8221;default&#8221; text_font=&#8221;Actor|&#8211;et_global_body_font_weight|||||||&#8221; text_line_height=&#8221;1.8em&#8221; header_5_font=&#8221;Antic Slab|&#8211;et_global_heading_font_weight|||||||&#8221; header_5_font_size=&#8221;15px&#8221; custom_margin=&#8221;2px||-6px||false|false&#8221; custom_padding=&#8221;|0px||58px||&#8221; global_colors_info=&#8221;{}&#8221;]<\/p>\n<h5 style=\"text-align: right;\">Mangala Devi, belle-fille de Badakaji Ratna Man Singh et \u00e9pouse du militant politique rebelle Ganesh Man Singh, s\u2019est retrouv\u00e9e sous les projecteurs tr\u00e8s t\u00f4t en raison de ses circonstances. Malgr\u00e9 les \u00e9normes contraintes qu\u2019elle affrontait au sein de son foyer, elle faisait entendre sa voix dans des d\u00e9bats cl\u00e9s sur les droits des femmes \u00e0 l\u2019\u00e9ducation et au suffrage. Elle a toujours estim\u00e9 que la principale r\u00e9bellion des femmes commence \u00e0 la maison. Lorsque le r\u00e9gime Rana a \u00e9t\u00e9 renvers\u00e9 en 1951, elle \u00e9tait en position de donner au mouvement des femmes une structure organisationnelle plus large. L\u2019Association des femmes du N\u00e9pal, officiellement inaugur\u00e9e en 1951 sous sa direction, est devenue le visage public du f\u00e9minisme dominant jusqu\u2019au coup d\u2019\u00c9tat du roi Mahendra en 1960.<br \/><strong>\u00a9 <\/strong><strong>Collection de <\/strong><strong>Mangala Devi Singh \/ Nepal Picture Library \/Nepal Picture Library<\/strong><\/h5>\n<p>[\/et_pb_text][et_pb_text _builder_version=&#8221;4.27.0&#8243; _module_preset=&#8221;default&#8221; text_font=&#8221;&#8211;et_global_body_font|300|||||||&#8221; text_font_size=&#8221;22px&#8221; text_line_height=&#8221;1.2em&#8221; width=&#8221;100%&#8221; custom_margin=&#8221;45px||||false|false&#8221; custom_padding=&#8221;|0px||||&#8221; global_colors_info=&#8221;{}&#8221;]<\/p>\n<p>La <em>NPL<\/em> utilise les archives photographiques comme un moyen de capturer la diversit\u00e9 historique du N\u00e9pal pour promouvoir l&#8217;inclusion et la d\u00e9mocratie. Ses archives num\u00e9riques, compos\u00e9es de plus de 100 000 photographies et documents issus de sources publiques et priv\u00e9es, constituent un d\u00e9p\u00f4t s\u00fbr et accessible, visant \u00e0 contrer les r\u00e9cits dominants unilat\u00e9raux par des repr\u00e9sentations alternatives et vari\u00e9es de l&#8217;histoire du N\u00e9pal.<\/p>\n<p>Cr\u00e9\u00e9 en 2018, le <em>Feminist Memory Project<\/em> a pour objectif de documenter et de donner de la visibilit\u00e9 \u00e0 la mani\u00e8re dont les femmes ont particip\u00e9 et influenc\u00e9 la politique, l&#8217;\u00e9ducation et la soci\u00e9t\u00e9 dans son ensemble. L&#8217;archive contient des histoires plurielles allant de celles des premi\u00e8res figures f\u00e9ministes n\u00e9palaises aux femmes rurales ayant activement particip\u00e9 aux luttes politiques, notamment comme membres du parti mao\u00efste durant la guerre civile. Ces r\u00e9cits montrent comment les femmes n\u00e9palaises ont exprim\u00e9 leurs protestations et construit leur solidarit\u00e9 contre les violences et les politiques, traditions et cultures oppressives de l\u2019\u00c9tat.<\/p>\n<p>En r\u00e9investissant l\u2019histoire par la photographie, la NPL adopte une approche participative et bas\u00e9e sur le dialogue. La collection est constitu\u00e9e gr\u00e2ce aux contributions des citoyens et \u00e0 une conversation \u00e9volutive avec les communaut\u00e9s. Une \u00e9quipe de chercheurs de la NPL a men\u00e9 un travail de sensibilisation soutenu dans diff\u00e9rentes r\u00e9gions pour recueillir des photographies aupr\u00e8s de particuliers, de familles et d\u2019institutions, tout en int\u00e9grant l\u2019histoire orale et d&#8217;autres documents dans les cas o\u00f9 les images sont rares.<\/p>\n<p>Les collections FMP ont \u00e9t\u00e9 expos\u00e9es au N\u00e9pal et \u00e0 l\u2019international, et elles sont utilis\u00e9es dans les \u00e9coles.<\/p>\n<p>[\/et_pb_text][\/et_pb_column][\/et_pb_row][et_pb_row column_structure=&#8221;1_5,3_5,1_5&#8243; _builder_version=&#8221;4.27.0&#8243; _module_preset=&#8221;default&#8221; background_color=&#8221;#EBEFE6&#8243; custom_margin=&#8221;5px|auto|23px|auto||&#8221; custom_padding=&#8221;91px|||||&#8221; global_colors_info=&#8221;{}&#8221;][et_pb_column type=&#8221;1_5&#8243; _builder_version=&#8221;4.27.0&#8243; _module_preset=&#8221;default&#8221; global_colors_info=&#8221;{}&#8221;][\/et_pb_column][et_pb_column type=&#8221;3_5&#8243; _builder_version=&#8221;4.27.0&#8243; _module_preset=&#8221;default&#8221; global_colors_info=&#8221;{}&#8221;][et_pb_testimonial author=&#8221;\u00a0Introduction de l&#8217;exposition FMP&#8221; font_icon=&#8221;&#xf10e;||fa||900&#8243; use_icon_font_size=&#8221;on&#8221; _builder_version=&#8221;4.27.0&#8243; _module_preset=&#8221;default&#8221; body_font_size=&#8221;31px&#8221; body_line_height=&#8221;1.2em&#8221; author_font_size=&#8221;24px&#8221; author_line_height=&#8221;1.2em&#8221; custom_padding=&#8221;|0px||4px||&#8221; border_width_all=&#8221;0px&#8221; global_colors_info=&#8221;{}&#8221;]<\/p>\n<p style=\"text-align: center;\"><em>\u2018Se rendre public, c&#8217;est \u00eatre vu et comptabilis\u00e9 dans l&#8217;histoire. Le parcours des femmes n\u00e9palaises, passant des limites de la domesticit\u00e9 \u00e0 l&#8217;ouverture vers la vie publique, est un pas de l&#8217;obscurit\u00e9 vers la m\u00e9moire&#8217;.<\/em><\/p>\n<p>[\/et_pb_testimonial][\/et_pb_column][et_pb_column type=&#8221;1_5&#8243; _builder_version=&#8221;4.27.0&#8243; _module_preset=&#8221;default&#8221; global_colors_info=&#8221;{}&#8221;][\/et_pb_column][\/et_pb_row][et_pb_row column_structure=&#8221;1_2,1_2&#8243; _builder_version=&#8221;4.27.0&#8243; _module_preset=&#8221;default&#8221; width=&#8221;94%&#8221; max_width=&#8221;1476px&#8221; custom_padding=&#8221;5px|||||&#8221; global_colors_info=&#8221;{}&#8221;][et_pb_column type=&#8221;1_2&#8243; _builder_version=&#8221;4.27.0&#8243; _module_preset=&#8221;default&#8221; global_colors_info=&#8221;{}&#8221;][et_pb_image src=&#8221;https:\/\/imagingpeace.org\/wp-content\/uploads\/2024\/08\/Exhibition.jpg&#8221; title_text=&#8221;Exhibition&#8221; align=&#8221;center&#8221; _builder_version=&#8221;4.27.0&#8243; _module_preset=&#8221;default&#8221; global_colors_info=&#8221;{}&#8221;][\/et_pb_image][et_pb_text _builder_version=&#8221;4.27.0&#8243; _module_preset=&#8221;default&#8221; text_font=&#8221;Actor|&#8211;et_global_body_font_weight|||||||&#8221; text_line_height=&#8221;1.8em&#8221; header_5_font=&#8221;Antic Slab|&#8211;et_global_heading_font_weight|||||||&#8221; header_5_font_size=&#8221;15px&#8221; custom_margin=&#8221;2px||||false|false&#8221; custom_padding=&#8221;|26px||58px||&#8221; global_colors_info=&#8221;{}&#8221;]<\/p>\n<h5 class=\"p1\" style=\"text-align: left;\">Des collaboratrices du <em>Feminist Memory Project<\/em> photographi\u00e9es lors de l&#8217;exposition du projet \u00e0 Katmandou.<br \/><strong>\u00a9 Nepal Picture Library<\/strong><\/h5>\n<p>[\/et_pb_text][\/et_pb_column][et_pb_column type=&#8221;1_2&#8243; _builder_version=&#8221;4.27.0&#8243; _module_preset=&#8221;default&#8221; global_colors_info=&#8221;{}&#8221;][et_pb_image src=&#8221;https:\/\/imagingpeace.org\/wp-content\/uploads\/2024\/08\/demonstration.jpg&#8221; title_text=&#8221;demonstration&#8221; align=&#8221;center&#8221; _builder_version=&#8221;4.27.0&#8243; _module_preset=&#8221;default&#8221; global_colors_info=&#8221;{}&#8221;][\/et_pb_image][et_pb_text _builder_version=&#8221;4.27.0&#8243; _module_preset=&#8221;default&#8221; text_font=&#8221;Actor|&#8211;et_global_body_font_weight|||||||&#8221; text_line_height=&#8221;1.8em&#8221; header_5_font=&#8221;Antic Slab|&#8211;et_global_heading_font_weight|||||||&#8221; header_5_font_size=&#8221;15px&#8221; custom_margin=&#8221;2px||||false|false&#8221; custom_padding=&#8221;|26px||58px||&#8221; global_colors_info=&#8221;{}&#8221;]<\/p>\n<h5><strong>Kathmandou, 1981<\/strong><br \/>Des femmes de toutes origines se rassemblent lors d&#8217;une manifestation massive \u00e0 Katmandou pour pr\u00e9senter une lettre de protestation au gouvernement apr\u00e8s le viol et le meurtre des s\u0153urs Namita et Sunita Bhandari \u00e0 Pokhara, un \u00e9v\u00e9nement qui a secou\u00e9 le pays.<br \/><strong>\u00a9 <\/strong><strong style=\"font-size: 15px;\">Collection <\/strong><strong style=\"font-size: 15px;\">d&#8217;Hisila Yami\u00a0 \/ Nepal Picture Library<\/strong><\/h5>\n<p>[\/et_pb_text][\/et_pb_column][\/et_pb_row][et_pb_row _builder_version=&#8221;4.27.0&#8243; _module_preset=&#8221;default&#8221; custom_padding=&#8221;13px|||||&#8221; global_colors_info=&#8221;{}&#8221;][et_pb_column type=&#8221;4_4&#8243; _builder_version=&#8221;4.27.0&#8243; _module_preset=&#8221;default&#8221; global_colors_info=&#8221;{}&#8221;][et_pb_image src=&#8221;https:\/\/imagingpeace.org\/wp-content\/uploads\/2024\/08\/Health-volunteers.jpg&#8221; title_text=&#8221;Health-volunteers&#8221; align=&#8221;center&#8221; _builder_version=&#8221;4.27.0&#8243; _module_preset=&#8221;default&#8221; global_colors_info=&#8221;{}&#8221;][\/et_pb_image][et_pb_text _builder_version=&#8221;4.27.0&#8243; _module_preset=&#8221;default&#8221; text_font=&#8221;Actor|&#8211;et_global_body_font_weight|||||||&#8221; text_line_height=&#8221;1.8em&#8221; header_5_font=&#8221;Antic Slab|&#8211;et_global_heading_font_weight|||||||&#8221; header_5_font_size=&#8221;15px&#8221; custom_margin=&#8221;2px||||false|false&#8221; custom_padding=&#8221;|74px||58px||&#8221; global_colors_info=&#8221;{}&#8221;]<\/p>\n<h5 style=\"text-align: right;\">Photographies et documents des femmes volontaires en sant\u00e9 communautaire. Le programme de volontariat a \u00e9t\u00e9 lanc\u00e9 en 1988 par le Minist\u00e8re de la Sant\u00e9 et de la Population pour promouvoir la planification familiale et distribuer des contraceptifs, et par la suite pour offrir \u00e9galement des soins de sant\u00e9 maternelle et infantile. Ce service volontaire a eu un impact significatif en faisant progresser les discussions sur les droits reproductifs.<\/h5>\n<h5 style=\"text-align: right;\">.<br \/><strong>\u00a9 Collection des Volontaires en Sant\u00e9 Communautaire F\u00e9minine \/ Nepal Picture Library<\/strong><\/h5>\n<p>[\/et_pb_text][\/et_pb_column][\/et_pb_row][et_pb_row _builder_version=&#8221;4.27.4&#8243; _module_preset=&#8221;default&#8221;][et_pb_column _builder_version=&#8221;4.27.4&#8243; _module_preset=&#8221;default&#8221; type=&#8221;4_4&#8243;][et_pb_menu menu_id=&#8221;10&#8243; menu_style=&#8221;centered&#8221; active_link_color=&#8221;#E09900&#8243; _builder_version=&#8221;4.27.0&#8243; _module_preset=&#8221;default&#8221; menu_font=&#8221;|||on|||||&#8221; menu_text_color=&#8221;#000000&#8243; global_colors_info=&#8221;{}&#8221; menu_font_size__hover_enabled=&#8221;off|desktop&#8221; theme_builder_area=&#8221;post_content&#8221;][\/et_pb_menu][\/et_pb_column][\/et_pb_row][\/et_pb_section]<\/p>\n","protected":false},"excerpt":{"rendered":"<p>PROJECTS | ENGLISH\u00a0 |\u00a0 ESPA\u00d1OL\u00a0 |\u00a0 FRAN\u00c7AISFeminist Memory Project (FR)Pays: N\u00e9pal Participants: Organisations f\u00e9ministes et de femmes du N\u00e9pal\u00a0 Site internet Katmandou, 1982Amies lors de leur c\u00e9r\u00e9monie de remise de dipl\u00f4me de licence.\u00a9 Collection de Yaso Kanti Bhattachan\u00a0 \/ Nepal Picture LibraryFeminist Memory Project a \u00e9t\u00e9 con\u00e7u pour cr\u00e9er une archive photographique permanente des mouvements [&hellip;]<\/p>\n","protected":false},"author":1,"featured_media":0,"parent":0,"menu_order":0,"comment_status":"closed","ping_status":"closed","template":"","meta":{"_et_pb_use_builder":"on","_et_pb_old_content":"<!-- wp:divi\/placeholder \/-->","_et_gb_content_width":"","footnotes":""},"class_list":["post-1303","page","type-page","status-publish","hentry"],"acf":[],"_links":{"self":[{"href":"https:\/\/imagingpeace.org\/index.php\/wp-json\/wp\/v2\/pages\/1303","targetHints":{"allow":["GET"]}}],"collection":[{"href":"https:\/\/imagingpeace.org\/index.php\/wp-json\/wp\/v2\/pages"}],"about":[{"href":"https:\/\/imagingpeace.org\/index.php\/wp-json\/wp\/v2\/types\/page"}],"author":[{"embeddable":true,"href":"https:\/\/imagingpeace.org\/index.php\/wp-json\/wp\/v2\/users\/1"}],"replies":[{"embeddable":true,"href":"https:\/\/imagingpeace.org\/index.php\/wp-json\/wp\/v2\/comments?post=1303"}],"version-history":[{"count":3,"href":"https:\/\/imagingpeace.org\/index.php\/wp-json\/wp\/v2\/pages\/1303\/revisions"}],"predecessor-version":[{"id":1861,"href":"https:\/\/imagingpeace.org\/index.php\/wp-json\/wp\/v2\/pages\/1303\/revisions\/1861"}],"wp:attachment":[{"href":"https:\/\/imagingpeace.org\/index.php\/wp-json\/wp\/v2\/media?parent=1303"}],"curies":[{"name":"wp","href":"https:\/\/api.w.org\/{rel}","templated":true}]}}