{"id":1302,"date":"2024-12-17T12:11:44","date_gmt":"2024-12-17T12:11:44","guid":{"rendered":"https:\/\/imagingpeace.org\/?page_id=1302"},"modified":"2025-01-18T13:58:52","modified_gmt":"2025-01-18T13:58:52","slug":"feminist-memory-project-es","status":"publish","type":"page","link":"https:\/\/imagingpeace.org\/index.php\/feminist-memory-project-es\/","title":{"rendered":"Feminist Memory Project ES"},"content":{"rendered":"<p>[et_pb_section fb_built=&#8221;1&#8243; _builder_version=&#8221;4.27.0&#8243; _module_preset=&#8221;default&#8221; locked=&#8221;off&#8221; global_colors_info=&#8221;{}&#8221;][et_pb_row _builder_version=&#8221;4.27.4&#8243; _module_preset=&#8221;default&#8221; custom_padding=&#8221;18px||0px|||&#8221; locked=&#8221;off&#8221; global_colors_info=&#8221;{}&#8221;][et_pb_column type=&#8221;4_4&#8243; _builder_version=&#8221;4.27.4&#8243; _module_preset=&#8221;default&#8221; global_colors_info=&#8221;{}&#8221;][et_pb_text _builder_version=&#8221;4.27.4&#8243; _module_preset=&#8221;default&#8221; global_colors_info=&#8221;{}&#8221;]<\/p>\n<p><a href=\"https:\/\/imagingpeace.org\/index.php\/peace-photography-projects\/\">PROJECTS<\/a> | <a href=\"https:\/\/imagingpeace.org\/index.php\/feminist-memory-project\/\">ENGLISH<\/a>\u00a0 |\u00a0 <a href=\"https:\/\/imagingpeace.org\/index.php\/feminist-memory-project-es\/\" title=\"Esp\">ESPA\u00d1OL<\/a>\u00a0 |\u00a0 <a href=\"https:\/\/imagingpeace.org\/index.php\/feminist-memory-project-fr\/\">FRAN\u00c7AIS<\/a><\/p>\n<p>[\/et_pb_text][\/et_pb_column][\/et_pb_row][et_pb_row _builder_version=&#8221;4.27.0&#8243; _module_preset=&#8221;default&#8221; global_colors_info=&#8221;{}&#8221;][et_pb_column type=&#8221;4_4&#8243; _builder_version=&#8221;4.27.0&#8243; _module_preset=&#8221;default&#8221; global_colors_info=&#8221;{}&#8221;][et_pb_text admin_label=&#8221;Title&#8221; _builder_version=&#8221;4.27.0&#8243; _module_preset=&#8221;default&#8221; header_font_size=&#8221;54px&#8221; custom_margin=&#8221;||8px||false|false&#8221; global_colors_info=&#8221;{}&#8221;]<\/p>\n<h1 style=\"text-align: left;\"><strong>Feminist Memory Project (ES)<\/strong><\/h1>\n<p>[\/et_pb_text][et_pb_text admin_label=&#8221;Title&#8221; _builder_version=&#8221;4.27.4&#8243; _module_preset=&#8221;default&#8221; header_3_font_size=&#8221;24px&#8221; header_3_line_height=&#8221;0.8em&#8221; global_colors_info=&#8221;{}&#8221;]<\/p>\n<h3>Pa\u00eds:<strong> Nepal<\/strong><\/h3>\n<h3>Participantes: <strong><\/strong><strong>Organizaciones de mujeres y feministas de Nepal <\/strong><\/h3>\n<h3><a href=\"https:\/\/www.nepalpicturelibrary.org\/\" target=\"_blank\" rel=\"noopener\">P\u00e1gina web<\/a><\/h3>\n<p>[\/et_pb_text][\/et_pb_column][\/et_pb_row][et_pb_row _builder_version=&#8221;4.27.0&#8243; _module_preset=&#8221;default&#8221; width=&#8221;100%&#8221; max_width=&#8221;1700px&#8221; custom_padding=&#8221;2px||1px|||&#8221; global_colors_info=&#8221;{}&#8221;][et_pb_column type=&#8221;4_4&#8243; _builder_version=&#8221;4.27.0&#8243; _module_preset=&#8221;default&#8221; global_colors_info=&#8221;{}&#8221;][et_pb_slider _builder_version=&#8221;4.27.0&#8243; _module_preset=&#8221;default&#8221; custom_margin=&#8221;||-48px|||&#8221; custom_padding=&#8221;||579px|||&#8221; global_colors_info=&#8221;{}&#8221;][et_pb_slide _builder_version=&#8221;4.27.0&#8243; _module_preset=&#8221;default&#8221; background_color=&#8221;#969696&#8243; background_enable_color=&#8221;on&#8221; background_image=&#8221;https:\/\/imagingpeace.org\/wp-content\/uploads\/2024\/08\/Friends.jpg&#8221; background_enable_image=&#8221;on&#8221; width=&#8221;100%&#8221; width_tablet=&#8221;100%&#8221; width_phone=&#8221;0%&#8221; width_last_edited=&#8221;on|phone&#8221; max_width_tablet=&#8221;&#8221; max_width_phone=&#8221;100%&#8221; max_width_last_edited=&#8221;on|phone&#8221; global_colors_info=&#8221;{}&#8221; sticky_transition=&#8221;on&#8221;][\/et_pb_slide][\/et_pb_slider][\/et_pb_column][\/et_pb_row][et_pb_row _builder_version=&#8221;4.27.0&#8243; _module_preset=&#8221;default&#8221; custom_margin=&#8221;-3px|auto||auto||&#8221; custom_padding=&#8221;1px||5px|||&#8221; global_colors_info=&#8221;{}&#8221;][et_pb_column type=&#8221;4_4&#8243; _builder_version=&#8221;4.27.0&#8243; _module_preset=&#8221;default&#8221; global_colors_info=&#8221;{}&#8221;][\/et_pb_column][\/et_pb_row][et_pb_row _builder_version=&#8221;4.27.0&#8243; _module_preset=&#8221;default&#8221; custom_padding=&#8221;73px||6px|||&#8221; global_colors_info=&#8221;{}&#8221;][et_pb_column type=&#8221;4_4&#8243; _builder_version=&#8221;4.27.0&#8243; _module_preset=&#8221;default&#8221; global_colors_info=&#8221;{}&#8221;][et_pb_text _builder_version=&#8221;4.27.4&#8243; _module_preset=&#8221;default&#8221; text_font=&#8221;Actor|&#8211;et_global_body_font_weight|||||||&#8221; text_line_height=&#8221;1.8em&#8221; header_5_font=&#8221;Antic Slab|&#8211;et_global_heading_font_weight|||||||&#8221; header_5_font_size=&#8221;15px&#8221; min_height=&#8221;48px&#8221; custom_margin=&#8221;2px||||false|false&#8221; custom_padding=&#8221;2px|0px||58px||&#8221; global_colors_info=&#8221;{}&#8221;]<\/p>\n<h5 class=\"p1\" style=\"text-align: right;\">Kathmandu, 1982\/Amigas durante su ceremonia del grado de Bachelor.<\/h5>\n<h5 class=\"p1\" style=\"text-align: right;\"><strong>\u00a9 Yaso Kanti Bhattachan Collection \/ Nepal Picture Library<\/strong><\/h5>\n<p>[\/et_pb_text][et_pb_text _builder_version=&#8221;4.27.0&#8243; _module_preset=&#8221;default&#8221; text_font=&#8221;&#8211;et_global_body_font|300|||||||&#8221; text_font_size=&#8221;22px&#8221; text_line_height=&#8221;1.2em&#8221; width=&#8221;100%&#8221; custom_padding=&#8221;|0px||||&#8221; global_colors_info=&#8221;{}&#8221;]<\/p>\n<p><strong><a href=\"https:\/\/www.nepalpicturelibrary.org\/\" target=\"_blank\" rel=\"noopener\"><em>Feminist Memory Project (FMP)<\/em><\/a><\/strong> (<span><em>Proyecto Feminista de Memoria) <\/em><\/span>fue concebido como un esfuerzo por crear un archivo fotogr\u00e1fico permanente de los movimientos feministas y de mujeres en Nepal. El proyecto es una iniciativa de Nepal Picture Library (NPL), establecida por <a href=\"https:\/\/www.photocircle.com.np\/\">Photocircle<\/a>, la organizaci\u00f3n de fotograf\u00eda nepali, para crear archivos visuales que creen narrativas amplias e inclusivas de la historia de Nepal.<\/p>\n<p>Nepal es geogr\u00e1ficamente, \u00e9tnicamente y culturalmente diverso. El censo de 2011 registr\u00f3 123 idiomas hablados diferentes. El conflicto interno del pa\u00eds que dur\u00f3 10 a\u00f1os entre el gobierno nepal\u00ed y el Partido Comunista de Nepal, los mao\u00edstas, y que oficialmente termin\u00f3 con la firma del Acuerdo Integral de Paz de 2006, fue impulsado por desigualdades y divisiones socioecon\u00f3micas de larga data. En los tumultuosos a\u00f1os transcurridos desde entonces, los altos niveles de tensi\u00f3n pol\u00edtica y luchas de poder han eclipsado las voces de las v\u00edctimas del conflicto y han generado frustraci\u00f3n e inseguridad, dejando a los nepal\u00edes desencantados con la pol\u00edtica. No se han abordado las causas del conflicto, que son la pobreza, la discriminaci\u00f3n contra las minor\u00edas y la polarizaci\u00f3n de castas, y siguen prevaleciendo formas arraigadas de conflicto, incluida la violencia de g\u00e9nero y de castas.<\/p>\n<p>[\/et_pb_text][et_pb_image src=&#8221;https:\/\/imagingpeace.org\/wp-content\/uploads\/2024\/08\/Mangala-Devi-.jpg&#8221; title_text=&#8221;Mangala-Devi-&#8221; align=&#8221;right&#8221; _builder_version=&#8221;4.27.0&#8243; _module_preset=&#8221;default&#8221; width=&#8221;101%&#8221; global_colors_info=&#8221;{}&#8221;][\/et_pb_image][\/et_pb_column][\/et_pb_row][et_pb_row _builder_version=&#8221;4.27.0&#8243; _module_preset=&#8221;default&#8221; custom_margin=&#8221;9px|auto||auto||&#8221; custom_padding=&#8221;1px||35px|||&#8221; global_colors_info=&#8221;{}&#8221;][et_pb_column type=&#8221;4_4&#8243; _builder_version=&#8221;4.27.0&#8243; _module_preset=&#8221;default&#8221; global_colors_info=&#8221;{}&#8221;][et_pb_text _builder_version=&#8221;4.27.4&#8243; _module_preset=&#8221;default&#8221; text_font=&#8221;Actor|&#8211;et_global_body_font_weight|||||||&#8221; text_line_height=&#8221;1.8em&#8221; header_5_font=&#8221;Antic Slab|&#8211;et_global_heading_font_weight|||||||&#8221; header_5_font_size=&#8221;15px&#8221; custom_margin=&#8221;2px||-6px||false|false&#8221; custom_padding=&#8221;|0px||58px||&#8221; global_colors_info=&#8221;{}&#8221;]<\/p>\n<h5 style=\"text-align: right;\">Mangala Devi, nuera de Badakaji Ratna Man Singh y esposa del rebelde pol\u00edtico Ganesh Man Singh, se convirti\u00f3 en el centro de atenci\u00f3n desde muy temprano debido a sus circunstancias. A pesar de las enormes limitaciones que enfrentaba en casa, estaba haciendo sentir su presencia en debates clave sobre los derechos de las mujeres a la educaci\u00f3n y al sufragio. Ella siempre sinti\u00f3 que la principal rebeli\u00f3n de las mujeres ocurre en casa. Cuando el r\u00e9gimen de Rana fue derrocado en 1951, ella estaba en condiciones de darle al movimiento de mujeres una forma organizativa m\u00e1s amplia. La <em>Asociaci\u00f3n de Mujeres de Nepal<\/em>, inaugurada oficialmente en 1951 bajo su liderazgo, fue la cara p\u00fablica del feminismo dominante hasta el golpe del rey Mahendra en 1960.<\/h5>\n<h5 style=\"text-align: right;\"><strong>\u00a9 Mangala Devi Singh Collection \/ Nepal Picture Library<\/strong><\/h5>\n<p>[\/et_pb_text][et_pb_text _builder_version=&#8221;4.27.0&#8243; _module_preset=&#8221;default&#8221; text_font=&#8221;&#8211;et_global_body_font|300|||||||&#8221; text_font_size=&#8221;22px&#8221; text_line_height=&#8221;1.2em&#8221; width=&#8221;100%&#8221; custom_margin=&#8221;45px||||false|false&#8221; custom_padding=&#8221;|0px|0px|||&#8221; global_colors_info=&#8221;{}&#8221;]<\/p>\n<p>NPL utiliza el archivo fotogr\u00e1fico como un medio para capturar la diversidad de la historia de Nepal para fomentar la inclusi\u00f3n y la democracia en el pa\u00eds. Sus archivos fotogr\u00e1ficos digitales, que incluyen m\u00e1s de 100.000 fotograf\u00edas y documentos recopilados de diversas fuentes p\u00fablicas y privadas, act\u00faan como un dep\u00f3sito seguro y abierto para materiales que muestran representaciones alternativas y diversas de la historia de Nepal. Esta producci\u00f3n colaborativa de la historia implica un esfuerzo concertado para desenterrar las historias oscurecidas, a menudo de las comunidades m\u00e1s pobres y marginales de Nepal, para contrarrestar las narrativas nacionales singulares dominantes.<\/p>\n<p>El <em>Feminist Memory Project<\/em> fue concebido en 2018 con el objetivo de documentar y crear visibilidad en torno a las formas en que las mujeres han participado y dado forma a la pol\u00edtica, la educaci\u00f3n y la sociedad en general. El archivo contiene historias plurales que van desde las historias de l\u00edderes feministas nepal\u00edes pioneras hasta mujeres de aldea que participaron activamente en las luchas pol\u00edticas, incluso como miembros del partido mao\u00edsta durante la guerra civil. Juntas, estas historias muestran c\u00f3mo las mujeres nepal\u00edes expresan sus protestas y construyen solidaridad contra la violencia y las pol\u00edticas, tradiciones y culturas estatales represivas.<\/p>\n<p>[\/et_pb_text][\/et_pb_column][\/et_pb_row][et_pb_row column_structure=&#8221;1_5,3_5,1_5&#8243; _builder_version=&#8221;4.27.0&#8243; _module_preset=&#8221;default&#8221; background_color=&#8221;#EBEFE6&#8243; custom_margin=&#8221;5px|auto|23px|auto||&#8221; custom_padding=&#8221;91px|||||&#8221; global_colors_info=&#8221;{}&#8221;][et_pb_column type=&#8221;1_5&#8243; _builder_version=&#8221;4.27.0&#8243; _module_preset=&#8221;default&#8221; global_colors_info=&#8221;{}&#8221;][\/et_pb_column][et_pb_column type=&#8221;3_5&#8243; _builder_version=&#8221;4.27.0&#8243; _module_preset=&#8221;default&#8221; global_colors_info=&#8221;{}&#8221;][et_pb_testimonial author=&#8221;Introducci\u00f3n a la exposici\u00f3n de FMP &#8221; font_icon=&#8221;&#xf10e;||fa||900&#8243; use_icon_font_size=&#8221;on&#8221; _builder_version=&#8221;4.27.0&#8243; _module_preset=&#8221;default&#8221; body_font_size=&#8221;31px&#8221; body_line_height=&#8221;1.2em&#8221; author_font_size=&#8221;24px&#8221; author_line_height=&#8221;1.2em&#8221; custom_padding=&#8221;|0px||4px||&#8221; border_width_all=&#8221;0px&#8221; global_colors_info=&#8221;{}&#8221;]<\/p>\n<p style=\"text-align: center;\"><em>\u2018Hacerse p\u00fablico es ser visto y contabilizado en la historia. El viaje de las mujeres nepal\u00edes desde los l\u00edmites de la domesticidad hasta la apertura de la vida p\u00fablica es un paso de la oscuridad a la memoria&#8217;.<\/em><\/p>\n<p>[\/et_pb_testimonial][\/et_pb_column][et_pb_column type=&#8221;1_5&#8243; _builder_version=&#8221;4.27.0&#8243; _module_preset=&#8221;default&#8221; global_colors_info=&#8221;{}&#8221;][\/et_pb_column][\/et_pb_row][et_pb_row _builder_version=&#8221;4.27.0&#8243; _module_preset=&#8221;default&#8221; global_colors_info=&#8221;{}&#8221;][et_pb_column type=&#8221;4_4&#8243; _builder_version=&#8221;4.27.0&#8243; _module_preset=&#8221;default&#8221; global_colors_info=&#8221;{}&#8221;][et_pb_text _builder_version=&#8221;4.27.0&#8243; _module_preset=&#8221;default&#8221; text_font=&#8221;&#8211;et_global_body_font|300|||||||&#8221; text_font_size=&#8221;22px&#8221; text_line_height=&#8221;1.2em&#8221; width=&#8221;100%&#8221; custom_margin=&#8221;2px||||false|false&#8221; custom_padding=&#8221;|0px||||&#8221; global_colors_info=&#8221;{}&#8221;]<\/p>\n<p>Al recuperar la historia a trav\u00e9s de fotograf\u00edas, NPL adopta un enfoque participativo y basado en el di\u00e1logo para la construcci\u00f3n de archivos. La colecci\u00f3n se recopila a trav\u00e9s de contribuciones de los ciudadanos y consiste en una conversaci\u00f3n en evoluci\u00f3n con las comunidades de Nepal. Un equipo de investigadores de NPL llev\u00f3 a cabo un trabajo de divulgaci\u00f3n regional extenso y sostenido para escuchar y recopilar fotograf\u00edas de personas, familias e instituciones de todo el pa\u00eds para construir el archivo <em>FMP<\/em>. Para algunos grupos existe poca documentaci\u00f3n visual, por lo que sus m\u00e9todos de archivo combinan la historia oral con la recopilaci\u00f3n de otros documentos y publicaciones, as\u00ed como fotograf\u00edas. La colecci\u00f3n <em>FMP<\/em> se ha exhibido en Nepal e internacionalmente y se ha utilizado en las escuelas.<\/p>\n<p>[\/et_pb_text][\/et_pb_column][\/et_pb_row][et_pb_row column_structure=&#8221;1_2,1_2&#8243; _builder_version=&#8221;4.27.0&#8243; _module_preset=&#8221;default&#8221; width=&#8221;94%&#8221; max_width=&#8221;1476px&#8221; custom_padding=&#8221;5px|||||&#8221; global_colors_info=&#8221;{}&#8221;][et_pb_column type=&#8221;1_2&#8243; _builder_version=&#8221;4.27.0&#8243; _module_preset=&#8221;default&#8221; global_colors_info=&#8221;{}&#8221;][et_pb_image src=&#8221;https:\/\/imagingpeace.org\/wp-content\/uploads\/2024\/08\/Exhibition.jpg&#8221; title_text=&#8221;Exhibition&#8221; align=&#8221;center&#8221; _builder_version=&#8221;4.27.0&#8243; _module_preset=&#8221;default&#8221; global_colors_info=&#8221;{}&#8221;][\/et_pb_image][et_pb_text _builder_version=&#8221;4.27.4&#8243; _module_preset=&#8221;default&#8221; text_font=&#8221;Actor|&#8211;et_global_body_font_weight|||||||&#8221; text_line_height=&#8221;1.8em&#8221; header_5_font=&#8221;Antic Slab|&#8211;et_global_heading_font_weight|||||||&#8221; header_5_font_size=&#8221;15px&#8221; custom_margin=&#8221;2px||||false|false&#8221; custom_padding=&#8221;|26px||58px||&#8221; global_colors_info=&#8221;{}&#8221;]<\/p>\n<h5 class=\"p1\" style=\"text-align: left;\">Colaboradoras del <em>Feminist Memory Project<\/em> fotografiadas juntas en la exposici\u00f3n del proyecto en Katmand\u00fa.<\/h5>\n<h5 class=\"p1\" style=\"text-align: left;\"><strong>\u00a9 Nepal Picture Library<\/strong><\/h5>\n<p>[\/et_pb_text][\/et_pb_column][et_pb_column type=&#8221;1_2&#8243; _builder_version=&#8221;4.27.0&#8243; _module_preset=&#8221;default&#8221; global_colors_info=&#8221;{}&#8221;][et_pb_image src=&#8221;https:\/\/imagingpeace.org\/wp-content\/uploads\/2024\/08\/demonstration.jpg&#8221; title_text=&#8221;demonstration&#8221; align=&#8221;center&#8221; _builder_version=&#8221;4.27.0&#8243; _module_preset=&#8221;default&#8221; global_colors_info=&#8221;{}&#8221;][\/et_pb_image][et_pb_text _builder_version=&#8221;4.27.4&#8243; _module_preset=&#8221;default&#8221; text_font=&#8221;Actor|&#8211;et_global_body_font_weight|||||||&#8221; text_line_height=&#8221;1.8em&#8221; header_5_font=&#8221;Antic Slab|&#8211;et_global_heading_font_weight|||||||&#8221; header_5_font_size=&#8221;15px&#8221; custom_margin=&#8221;2px||||false|false&#8221; custom_padding=&#8221;|26px||58px||&#8221; global_colors_info=&#8221;{}&#8221;]<\/p>\n<h5><strong>Katmand\u00fa, 1981<\/strong><\/h5>\n<h5>Mujeres de todos los \u00e1mbitos de la vida se re\u00fanen en una reuni\u00f3n masiva en Katmand\u00fa para presentar una carta de protesta al gobierno tras la violaci\u00f3n y asesinato de las hermanas Namita y Sunita Bhandari en Pokhara que sacudi\u00f3 al pa\u00eds.<\/h5>\n<h5><strong>\u00a9 Hisila Yami Collection \/ Nepal Picture Library<\/strong><\/h5>\n<p>[\/et_pb_text][\/et_pb_column][\/et_pb_row][et_pb_row _builder_version=&#8221;4.27.0&#8243; _module_preset=&#8221;default&#8221; custom_padding=&#8221;13px|||||&#8221; global_colors_info=&#8221;{}&#8221;][et_pb_column type=&#8221;4_4&#8243; _builder_version=&#8221;4.27.0&#8243; _module_preset=&#8221;default&#8221; global_colors_info=&#8221;{}&#8221;][et_pb_image src=&#8221;https:\/\/imagingpeace.org\/wp-content\/uploads\/2024\/08\/Health-volunteers.jpg&#8221; title_text=&#8221;Health-volunteers&#8221; align=&#8221;center&#8221; _builder_version=&#8221;4.27.0&#8243; _module_preset=&#8221;default&#8221; global_colors_info=&#8221;{}&#8221;][\/et_pb_image][et_pb_text _builder_version=&#8221;4.27.4&#8243; _module_preset=&#8221;default&#8221; text_font=&#8221;Actor|&#8211;et_global_body_font_weight|||||||&#8221; text_line_height=&#8221;1.8em&#8221; header_5_font=&#8221;Antic Slab|&#8211;et_global_heading_font_weight|||||||&#8221; header_5_font_size=&#8221;15px&#8221; custom_margin=&#8221;2px||||false|false&#8221; custom_padding=&#8221;|74px||58px||&#8221; global_colors_info=&#8221;{}&#8221;]<\/p>\n<h5 style=\"text-align: right;\">Fotograf\u00edas y documentos de mujeres voluntarias de salud comunitaria. El programa de voluntariado fue iniciado en 1988 por el Ministerio de Salud de la Poblaci\u00f3n para promover la planificaci\u00f3n familiar y distribuir anticonceptivos, y posteriormente tambi\u00e9n brindar atenci\u00f3n de salud materno-infantil. El servicio voluntario ha tenido un impacto importante en t\u00e9rminos de avanzar en las discusiones sobre los derechos reproductivos.<\/h5>\n<h5 style=\"text-align: right;\"><strong>\u00a9 Female Community Health, Volunteers Collection \/ Nepal Picture Library<\/strong><\/h5>\n<p>[\/et_pb_text][\/et_pb_column][\/et_pb_row][et_pb_row _builder_version=&#8221;4.27.4&#8243; _module_preset=&#8221;default&#8221; global_colors_info=&#8221;{}&#8221;][et_pb_column type=&#8221;4_4&#8243; _builder_version=&#8221;4.27.4&#8243; _module_preset=&#8221;default&#8221; global_colors_info=&#8221;{}&#8221;][et_pb_menu menu_id=&#8221;10&#8243; menu_style=&#8221;centered&#8221; active_link_color=&#8221;#E09900&#8243; _builder_version=&#8221;4.27.0&#8243; _module_preset=&#8221;default&#8221; menu_font=&#8221;|||on|||||&#8221; menu_text_color=&#8221;#000000&#8243; global_colors_info=&#8221;{}&#8221; menu_font_size__hover_enabled=&#8221;off|desktop&#8221;][\/et_pb_menu][\/et_pb_column][\/et_pb_row][\/et_pb_section]<\/p>\n","protected":false},"excerpt":{"rendered":"<p>PROJECTS | ENGLISH\u00a0 |\u00a0 ESPA\u00d1OL\u00a0 |\u00a0 FRAN\u00c7AISFeminist Memory Project (ES)Pa\u00eds: Nepal Participantes: Organizaciones de mujeres y feministas de Nepal P\u00e1gina webKathmandu, 1982\/Amigas durante su ceremonia del grado de Bachelor. \u00a9 Yaso Kanti Bhattachan Collection \/ Nepal Picture LibraryFeminist Memory Project (FMP) (Proyecto Feminista de Memoria) fue concebido como un esfuerzo por crear un archivo fotogr\u00e1fico [&hellip;]<\/p>\n","protected":false},"author":1,"featured_media":0,"parent":0,"menu_order":0,"comment_status":"closed","ping_status":"closed","template":"","meta":{"_et_pb_use_builder":"on","_et_pb_old_content":"<!-- wp:divi\/placeholder \/-->","_et_gb_content_width":"","footnotes":""},"class_list":["post-1302","page","type-page","status-publish","hentry"],"acf":[],"_links":{"self":[{"href":"https:\/\/imagingpeace.org\/index.php\/wp-json\/wp\/v2\/pages\/1302","targetHints":{"allow":["GET"]}}],"collection":[{"href":"https:\/\/imagingpeace.org\/index.php\/wp-json\/wp\/v2\/pages"}],"about":[{"href":"https:\/\/imagingpeace.org\/index.php\/wp-json\/wp\/v2\/types\/page"}],"author":[{"embeddable":true,"href":"https:\/\/imagingpeace.org\/index.php\/wp-json\/wp\/v2\/users\/1"}],"replies":[{"embeddable":true,"href":"https:\/\/imagingpeace.org\/index.php\/wp-json\/wp\/v2\/comments?post=1302"}],"version-history":[{"count":7,"href":"https:\/\/imagingpeace.org\/index.php\/wp-json\/wp\/v2\/pages\/1302\/revisions"}],"predecessor-version":[{"id":1864,"href":"https:\/\/imagingpeace.org\/index.php\/wp-json\/wp\/v2\/pages\/1302\/revisions\/1864"}],"wp:attachment":[{"href":"https:\/\/imagingpeace.org\/index.php\/wp-json\/wp\/v2\/media?parent=1302"}],"curies":[{"name":"wp","href":"https:\/\/api.w.org\/{rel}","templated":true}]}}