{"id":1301,"date":"2024-12-17T12:11:33","date_gmt":"2024-12-17T12:11:33","guid":{"rendered":"https:\/\/imagingpeace.org\/?page_id=1301"},"modified":"2025-01-18T14:11:23","modified_gmt":"2025-01-18T14:11:23","slug":"exchanging-perceptions-fr","status":"publish","type":"page","link":"https:\/\/imagingpeace.org\/index.php\/exchanging-perceptions-fr\/","title":{"rendered":"Exchanging Perceptions FR"},"content":{"rendered":"<p>[et_pb_section fb_built=&#8221;1&#8243; _builder_version=&#8221;4.27.0&#8243; _module_preset=&#8221;default&#8221; locked=&#8221;off&#8221; global_colors_info=&#8221;{}&#8221;][et_pb_row _builder_version=&#8221;4.27.4&#8243; _module_preset=&#8221;default&#8221; custom_padding=&#8221;18px||0px|||&#8221; locked=&#8221;off&#8221; global_colors_info=&#8221;{}&#8221;][et_pb_column type=&#8221;4_4&#8243; _builder_version=&#8221;4.27.4&#8243; _module_preset=&#8221;default&#8221; global_colors_info=&#8221;{}&#8221;][et_pb_text _builder_version=&#8221;4.27.4&#8243; _module_preset=&#8221;default&#8221; global_colors_info=&#8221;{}&#8221;]<\/p>\n<p><a href=\"https:\/\/imagingpeace.org\/index.php\/peace-photography-projects\/\">PROJECTS<\/a> | <a href=\"https:\/\/imagingpeace.org\/index.php\/exchanging-perceptions\/\">ENGLISH<\/a>\u00a0 |\u00a0 <a href=\"https:\/\/imagingpeace.org\/index.php\/exchanging-perceptions-es\/\" title=\"Esp\">ESPA\u00d1OL<\/a>\u00a0 |\u00a0 <a href=\"https:\/\/imagingpeace.org\/index.php\/exchanging-perceptions-fr\/\">FRAN\u00c7AIS<\/a><\/p>\n<p>[\/et_pb_text][\/et_pb_column][\/et_pb_row][et_pb_row _builder_version=&#8221;4.27.0&#8243; _module_preset=&#8221;default&#8221; global_colors_info=&#8221;{}&#8221;][et_pb_column type=&#8221;4_4&#8243; _builder_version=&#8221;4.27.0&#8243; _module_preset=&#8221;default&#8221; global_colors_info=&#8221;{}&#8221;][et_pb_text admin_label=&#8221;Title&#8221; _builder_version=&#8221;4.27.0&#8243; _module_preset=&#8221;default&#8221; header_font_size=&#8221;54px&#8221; custom_margin=&#8221;||8px||false|false&#8221; global_colors_info=&#8221;{}&#8221;]<\/p>\n<h1 style=\"text-align: left;\"><strong>Exchanging Perceptions (FR)<\/strong><\/h1>\n<p>[\/et_pb_text][et_pb_text admin_label=&#8221;Title&#8221; _builder_version=&#8221;4.27.4&#8243; _module_preset=&#8221;default&#8221; header_3_font_size=&#8221;24px&#8221; header_3_line_height=&#8221;0.8em&#8221; global_colors_info=&#8221;{}&#8221;]<\/p>\n<h3>Country:<strong> Northern Ireland<\/strong><\/h3>\n<h3>Participants:<strong> Belfast residents <\/strong><\/h3>\n<h3><strong><span><a href=\"https:\/\/www.belfastinterfaceproject.org\/sites\/default\/files\/publications\/Exchanging%20Perceptions.pdf\" target=\"_blank\" rel=\"noopener\">Site internet<\/a><\/span><\/strong><\/h3>\n<p>[\/et_pb_text][\/et_pb_column][\/et_pb_row][et_pb_row _builder_version=&#8221;4.27.0&#8243; _module_preset=&#8221;default&#8221; width=&#8221;100%&#8221; max_width=&#8221;1700px&#8221; custom_padding=&#8221;2px||1px|||&#8221; global_colors_info=&#8221;{}&#8221;][et_pb_column type=&#8221;4_4&#8243; _builder_version=&#8221;4.27.0&#8243; _module_preset=&#8221;default&#8221; global_colors_info=&#8221;{}&#8221;][et_pb_slider _builder_version=&#8221;4.27.0&#8243; _module_preset=&#8221;default&#8221; custom_margin=&#8221;||7px|||&#8221; custom_padding=&#8221;||579px|||&#8221; global_colors_info=&#8221;{}&#8221;][et_pb_slide _builder_version=&#8221;4.27.0&#8243; _module_preset=&#8221;default&#8221; background_color=&#8221;#969696&#8243; background_enable_color=&#8221;on&#8221; background_image=&#8221;https:\/\/imagingpeace.org\/wp-content\/uploads\/2024\/08\/Ex_Per-11.jpg&#8221; background_enable_image=&#8221;on&#8221; width=&#8221;100%&#8221; width_tablet=&#8221;100%&#8221; width_phone=&#8221;0%&#8221; width_last_edited=&#8221;on|phone&#8221; max_width_tablet=&#8221;&#8221; max_width_phone=&#8221;100%&#8221; max_width_last_edited=&#8221;on|phone&#8221; global_colors_info=&#8221;{}&#8221; sticky_transition=&#8221;on&#8221;][\/et_pb_slide][\/et_pb_slider][\/et_pb_column][\/et_pb_row][et_pb_row _builder_version=&#8221;4.27.0&#8243; _module_preset=&#8221;default&#8221; custom_margin=&#8221;-3px|auto||auto||&#8221; custom_padding=&#8221;1px||5px|||&#8221; global_colors_info=&#8221;{}&#8221;][et_pb_column type=&#8221;4_4&#8243; _builder_version=&#8221;4.27.0&#8243; _module_preset=&#8221;default&#8221; global_colors_info=&#8221;{}&#8221;][et_pb_text _builder_version=&#8221;4.27.0&#8243; _module_preset=&#8221;default&#8221; text_font=&#8221;Actor|&#8211;et_global_body_font_weight|||||||&#8221; text_line_height=&#8221;1.8em&#8221; header_5_font=&#8221;Antic Slab|&#8211;et_global_heading_font_weight|||||||&#8221; header_5_font_size=&#8221;15px&#8221; custom_margin=&#8221;2px||||false|false&#8221; custom_padding=&#8221;2px|0px||58px||&#8221; global_colors_info=&#8221;{}&#8221;]<\/p>\n<h5 style=\"text-align: right;\"><strong>\u00a9 Stuart Lavery<\/strong><\/h5>\n<p>[\/et_pb_text][\/et_pb_column][\/et_pb_row][et_pb_row _builder_version=&#8221;4.27.0&#8243; _module_preset=&#8221;default&#8221; custom_margin=&#8221;-3px|auto||auto||&#8221; custom_padding=&#8221;1px||5px|||&#8221; global_colors_info=&#8221;{}&#8221;][et_pb_column type=&#8221;4_4&#8243; _builder_version=&#8221;4.27.0&#8243; _module_preset=&#8221;default&#8221; global_colors_info=&#8221;{}&#8221;][et_pb_text _builder_version=&#8221;4.27.4&#8243; _module_preset=&#8221;default&#8221; text_font=&#8221;&#8211;et_global_body_font|300|||||||&#8221; text_font_size=&#8221;22px&#8221; text_line_height=&#8221;1.2em&#8221; custom_margin=&#8221;31px||||false|false&#8221; global_colors_info=&#8221;{}&#8221;]<\/p>\n<p><span>Stephen Wilson est un photographe d\u2019Irlande du Nord qui anime depuis plus de 20 ans des ateliers de photographie dans les communaut\u00e9s de Belfast. En 2014, il a dirig\u00e9 <a href=\"chrome-extension:\/\/efaidnbmnnnibpcajpcglclefindmkaj\/https:\/www.belfastinterfaceproject.org\/sites\/default\/files\/publications\/Exchanging%20Perceptions.pdf\"><em>Exchanging Perceptions<\/em><\/a> <\/span>(\u00c9changer des perceptions) avec le projet<a href=\"https:\/\/www.belfastinterfaceproject.org\/inner-east-outer-west-project\" target=\"_blank\" rel=\"noopener\"><em> Inner East Outer West<\/em><\/a>, une organisation locale de consolidation de la paix g\u00e9r\u00e9e par le Belfast Interface Project. Ce dernier travaille avec des communaut\u00e9s vivant pr\u00e8s des lignes de paix qui marquent les limites entre les quartiers majoritairement catholiques et protestants.<\/p>\n<p>La premi\u00e8re ligne ou mur de paix d\u2019Irlande du Nord a \u00e9t\u00e9 construite en 1969 pour s\u00e9parer les communaut\u00e9s \u00e0 mesure que la violence augmentait pendant le conflit nord-irlandais, The Troubles. Un rapport de 2017 d\u00e9nombre 116 barri\u00e8res, soit plus qu\u2019avant la signature de l\u2019Accord du Vendredi Saint en 1998. Ces murs, anciens foyers de violence, sont des symboles puissants des divisions profondes en Irlande du Nord. Les communaut\u00e9s vivant dans ces zones d\u2019interface, qui ont \u00e9t\u00e9 touch\u00e9es de mani\u00e8re disproportionn\u00e9e par la violence et les troubles, continuent de subir de fortes privations. Bien que le gouvernement d\u2019Irlande du Nord se soit engag\u00e9 \u00e0 supprimer tous les murs de paix, les communaut\u00e9s restent sceptiques. Beaucoup d&#8217;entre elles, tout en souhaitant un avenir meilleur pour les g\u00e9n\u00e9rations futures, se sentent plus en s\u00e9curit\u00e9 avec ces murs en place.<\/p>\n<p>[\/et_pb_text][\/et_pb_column][\/et_pb_row][et_pb_row column_structure=&#8221;1_2,1_2&#8243; _builder_version=&#8221;4.27.0&#8243; _module_preset=&#8221;default&#8221; custom_padding=&#8221;24px||6px|||&#8221; global_colors_info=&#8221;{}&#8221;][et_pb_column type=&#8221;1_2&#8243; _builder_version=&#8221;4.27.0&#8243; _module_preset=&#8221;default&#8221; global_colors_info=&#8221;{}&#8221;][et_pb_image src=&#8221;https:\/\/imagingpeace.org\/wp-content\/uploads\/2024\/08\/Ex_Per2a-1024&#215;679.jpg&#8221; title_text=&#8221;Ex_Per2a&#8221; align=&#8221;right&#8221; _builder_version=&#8221;4.27.0&#8243; _module_preset=&#8221;default&#8221; width=&#8221;101%&#8221; global_colors_info=&#8221;{}&#8221;][\/et_pb_image][et_pb_image src=&#8221;https:\/\/imagingpeace.org\/wp-content\/uploads\/2024\/08\/Ex_Per2d-1024&#215;679.jpg&#8221; title_text=&#8221;Ex_Per2d&#8221; align=&#8221;right&#8221; _builder_version=&#8221;4.27.0&#8243; _module_preset=&#8221;default&#8221; width=&#8221;101%&#8221; global_colors_info=&#8221;{}&#8221;][\/et_pb_image][\/et_pb_column][et_pb_column type=&#8221;1_2&#8243; _builder_version=&#8221;4.27.0&#8243; _module_preset=&#8221;default&#8221; global_colors_info=&#8221;{}&#8221;][et_pb_image src=&#8221;https:\/\/imagingpeace.org\/wp-content\/uploads\/2024\/08\/Ex_Per2b-1024&#215;679.jpg&#8221; title_text=&#8221;Ex_Per2b&#8221; align=&#8221;right&#8221; _builder_version=&#8221;4.27.0&#8243; _module_preset=&#8221;default&#8221; width=&#8221;101%&#8221; global_colors_info=&#8221;{}&#8221;][\/et_pb_image][et_pb_image src=&#8221;https:\/\/imagingpeace.org\/wp-content\/uploads\/2024\/08\/Ex_Per2c-1024&#215;679.jpg&#8221; title_text=&#8221;Ex_Per2c&#8221; align=&#8221;right&#8221; _builder_version=&#8221;4.27.0&#8243; _module_preset=&#8221;default&#8221; width=&#8221;101%&#8221; global_colors_info=&#8221;{}&#8221;][\/et_pb_image][\/et_pb_column][\/et_pb_row][et_pb_row _builder_version=&#8221;4.27.0&#8243; _module_preset=&#8221;default&#8221; custom_padding=&#8221;1px|||||&#8221; global_colors_info=&#8221;{}&#8221;][et_pb_column type=&#8221;4_4&#8243; _builder_version=&#8221;4.27.0&#8243; _module_preset=&#8221;default&#8221; global_colors_info=&#8221;{}&#8221;][et_pb_text _builder_version=&#8221;4.27.0&#8243; _module_preset=&#8221;default&#8221; text_font=&#8221;Actor|&#8211;et_global_body_font_weight|||||||&#8221; text_line_height=&#8221;1.8em&#8221; header_5_font=&#8221;Antic Slab|&#8211;et_global_heading_font_weight|||||||&#8221; header_5_font_size=&#8221;15px&#8221; custom_margin=&#8221;2px||||false|false&#8221; custom_padding=&#8221;|0px||58px||&#8221; global_colors_info=&#8221;{}&#8221;]<\/p>\n<h5 style=\"text-align: right;\"><strong>\u00a9 Louis Milton<\/strong><\/h5>\n<p>[\/et_pb_text][\/et_pb_column][\/et_pb_row][et_pb_row _builder_version=&#8221;4.27.0&#8243; _module_preset=&#8221;default&#8221; global_colors_info=&#8221;{}&#8221;][et_pb_column type=&#8221;4_4&#8243; _builder_version=&#8221;4.27.0&#8243; _module_preset=&#8221;default&#8221; global_colors_info=&#8221;{}&#8221;][et_pb_text _builder_version=&#8221;4.27.0&#8243; _module_preset=&#8221;default&#8221; text_font=&#8221;&#8211;et_global_body_font|300|||||||&#8221; text_font_size=&#8221;22px&#8221; text_line_height=&#8221;1.2em&#8221; global_colors_info=&#8221;{}&#8221;]<\/p>\n<p>Le projet <em>Inner East Outer West<\/em> travaille avec des groupes de r\u00e9sidents, jeunes et adultes, souvent difficiles \u00e0 atteindre, pour r\u00e9duire les tensions et d\u00e9velopper des relations positives. Dans <em>Exchanging Perceptions<\/em>, 23 participants divis\u00e9s en deux groupes ont travaill\u00e9 s\u00e9par\u00e9ment dans leurs propres communaut\u00e9s pendant six ateliers, culminant dans une exposition commune.<\/p>\n<p>Les participants ont r\u00e9alis\u00e9 trois projets photographiques. Les participants ont r\u00e9alis\u00e9 trois projets photographiques. Le premier se centr\u00e9 sur les formes et les textures. Des photos ont \u00e9t\u00e9 prises lors d&#8217;une promenade de groupe dans les rues locales des deux communaut\u00e9s, permettant \u00e0 chaque communaut\u00e9 de visiter l&#8217;autre. Le deuxi\u00e8me projet s&#8217;est concentr\u00e9 sur les ombres et les reflets, et des photos ont \u00e9t\u00e9 prises lors d&#8217;une sortie de groupe dans un lieu neutre de la ville. Pour le projet final, les participants ont emport\u00e9 leurs appareils photo chez eux et ont choisi leur propre lieu et th\u00e8me. L&#8217;exposition, qui a eu lieu dans un lieu neutre, \u00e9tait une occasion festive et sociale avec la famille et les amis qui ont rendu hommage \u00e0 leurs efforts et \u00e0 leur photographie.<\/p>\n<p>[\/et_pb_text][\/et_pb_column][\/et_pb_row][et_pb_row column_structure=&#8221;1_2,1_2&#8243; _builder_version=&#8221;4.27.0&#8243; _module_preset=&#8221;default&#8221; custom_padding=&#8221;24px||6px|||&#8221; global_colors_info=&#8221;{}&#8221;][et_pb_column type=&#8221;1_2&#8243; _builder_version=&#8221;4.27.0&#8243; _module_preset=&#8221;default&#8221; global_colors_info=&#8221;{}&#8221;][et_pb_image src=&#8221;https:\/\/imagingpeace.org\/wp-content\/uploads\/2024\/08\/Ex_Per3b-1024&#215;679.jpg&#8221; title_text=&#8221;Ex_Per3b&#8221; align=&#8221;right&#8221; _builder_version=&#8221;4.27.0&#8243; _module_preset=&#8221;default&#8221; width=&#8221;101%&#8221; global_colors_info=&#8221;{}&#8221;][\/et_pb_image][et_pb_image src=&#8221;https:\/\/imagingpeace.org\/wp-content\/uploads\/2024\/08\/Ex_Per3c-1024&#215;679.jpg&#8221; title_text=&#8221;Ex_Per3c&#8221; align=&#8221;right&#8221; _builder_version=&#8221;4.27.0&#8243; _module_preset=&#8221;default&#8221; width=&#8221;101%&#8221; global_colors_info=&#8221;{}&#8221;][\/et_pb_image][\/et_pb_column][et_pb_column type=&#8221;1_2&#8243; _builder_version=&#8221;4.27.0&#8243; _module_preset=&#8221;default&#8221; global_colors_info=&#8221;{}&#8221;][et_pb_image src=&#8221;https:\/\/imagingpeace.org\/wp-content\/uploads\/2024\/08\/Ex_Per3a-1024&#215;679.jpg&#8221; title_text=&#8221;Ex_Per3a&#8221; align=&#8221;right&#8221; _builder_version=&#8221;4.27.0&#8243; _module_preset=&#8221;default&#8221; width=&#8221;101%&#8221; global_colors_info=&#8221;{}&#8221;][\/et_pb_image][et_pb_image src=&#8221;https:\/\/imagingpeace.org\/wp-content\/uploads\/2024\/08\/Ex_Per3d-1024&#215;679.jpg&#8221; title_text=&#8221;Ex_Per3d&#8221; align=&#8221;right&#8221; _builder_version=&#8221;4.27.0&#8243; _module_preset=&#8221;default&#8221; width=&#8221;101%&#8221; global_colors_info=&#8221;{}&#8221;][\/et_pb_image][\/et_pb_column][\/et_pb_row][et_pb_row _builder_version=&#8221;4.27.0&#8243; _module_preset=&#8221;default&#8221; custom_margin=&#8221;-3px|auto||auto||&#8221; custom_padding=&#8221;1px||5px|||&#8221; global_colors_info=&#8221;{}&#8221;][et_pb_column type=&#8221;4_4&#8243; _builder_version=&#8221;4.27.0&#8243; _module_preset=&#8221;default&#8221; global_colors_info=&#8221;{}&#8221;][et_pb_text _builder_version=&#8221;4.27.0&#8243; _module_preset=&#8221;default&#8221; text_font=&#8221;Actor|&#8211;et_global_body_font_weight|||||||&#8221; text_line_height=&#8221;1.8em&#8221; header_5_font=&#8221;Antic Slab|&#8211;et_global_heading_font_weight|||||||&#8221; header_5_font_size=&#8221;15px&#8221; custom_margin=&#8221;2px||||false|false&#8221; custom_padding=&#8221;2px|0px||58px||&#8221; global_colors_info=&#8221;{}&#8221;]<\/p>\n<h5 style=\"text-align: right;\"><strong>\u00a9 Sarah Louise Robertson<\/strong><\/h5>\n<p>[\/et_pb_text][\/et_pb_column][\/et_pb_row][et_pb_row _builder_version=&#8221;4.27.0&#8243; _module_preset=&#8221;default&#8221; global_colors_info=&#8221;{}&#8221;][et_pb_column type=&#8221;4_4&#8243; _builder_version=&#8221;4.27.0&#8243; _module_preset=&#8221;default&#8221; global_colors_info=&#8221;{}&#8221;][et_pb_text _builder_version=&#8221;4.27.0&#8243; _module_preset=&#8221;default&#8221; text_font=&#8221;&#8211;et_global_body_font|300|||||||&#8221; text_font_size=&#8221;22px&#8221; text_line_height=&#8221;1.2em&#8221; custom_padding=&#8221;||0px|||&#8221; global_colors_info=&#8221;{}&#8221;]<\/p>\n<p>Wilson note que les projets travaillant dans les zones d\u2019interface doivent \u00eatre personnalis\u00e9s. Diff\u00e9rents groupes identitaires peuvent se r\u00e9unir dans le cadre d\u2019ateliers continus, ou des groupes identitaires uniques peuvent travailler s\u00e9par\u00e9ment mais parall\u00e8lement les uns aux autres, en progressant vers un projet collaboratif au fil du temps ou en attendant l\u2019exposition finale pour partager leurs images ensemble, comme ce fut le cas dans <em>Exchanging Perceptions<\/em>. Wilson croit que la photographie valorise les gens. Son accessibilit\u00e9 permet aux gens de prendre rapidement des photos dont ils peuvent \u00eatre fiers, et il consid\u00e8re que son r\u00f4le est de renforcer la confiance et le respect. Les promenades photographiques donnent aux gens la permission d\u2019entrer dans les quartiers des autres et d\u2019apprendre \u00e0 les conna\u00eetre. La photographie s\u2019appuie sur les bases solides du travail d\u2019interface et de dialogue continu men\u00e9 par les partenaires locaux, et l\u2019amplifie en permettant aux gens de voir leur propre monde et celui des autres de mani\u00e8re diff\u00e9rente.<\/p>\n<p>[\/et_pb_text][\/et_pb_column][\/et_pb_row][et_pb_row column_structure=&#8221;1_5,3_5,1_5&#8243; _builder_version=&#8221;4.27.0&#8243; _module_preset=&#8221;default&#8221; background_color=&#8221;#EBEFE6&#8243; custom_margin=&#8221;46px|auto|61px|auto||&#8221; custom_padding=&#8221;91px|||||&#8221; global_colors_info=&#8221;{}&#8221;][et_pb_column type=&#8221;1_5&#8243; _builder_version=&#8221;4.27.0&#8243; _module_preset=&#8221;default&#8221; global_colors_info=&#8221;{}&#8221;][\/et_pb_column][et_pb_column type=&#8221;3_5&#8243; _builder_version=&#8221;4.27.0&#8243; _module_preset=&#8221;default&#8221; global_colors_info=&#8221;{}&#8221;][et_pb_testimonial author=&#8221;Jackie Upton&#8221; job_title=&#8221;Participante d&#8217;Exchanging Perceptions &#8221; font_icon=&#8221;&#xf10e;||fa||900&#8243; use_icon_font_size=&#8221;on&#8221; _builder_version=&#8221;4.27.0&#8243; _module_preset=&#8221;default&#8221; body_font_size=&#8221;31px&#8221; body_line_height=&#8221;1.2em&#8221; author_font_size=&#8221;24px&#8221; author_line_height=&#8221;1.2em&#8221; custom_padding=&#8221;|0px||4px||&#8221; border_width_all=&#8221;0px&#8221; global_colors_info=&#8221;{}&#8221;]<\/p>\n<p style=\"text-align: center;\"><em>\u2018Je pensais que ce projet serait int\u00e9ressant car il allait au-del\u00e0 de simplement discuter de nos similitudes et de nos diff\u00e9rences. La photographie nous donnerait tout de suite un terrain commun et ce serait amusant&#8230; Voir ma communaut\u00e9 \u00e0 travers l\u2019objectif d\u2019un appareil photo m\u2019a aid\u00e9 \u00e0 voir les choses d\u2019une mani\u00e8re diff\u00e9rente&#8217;<\/em><em>. <\/em><\/p>\n<p>[\/et_pb_testimonial][\/et_pb_column][et_pb_column type=&#8221;1_5&#8243; _builder_version=&#8221;4.27.0&#8243; _module_preset=&#8221;default&#8221; global_colors_info=&#8221;{}&#8221;][\/et_pb_column][\/et_pb_row][et_pb_row _builder_version=&#8221;4.27.4&#8243; _module_preset=&#8221;default&#8221;][et_pb_column _builder_version=&#8221;4.27.4&#8243; _module_preset=&#8221;default&#8221; type=&#8221;4_4&#8243;][et_pb_menu menu_id=&#8221;10&#8243; menu_style=&#8221;centered&#8221; active_link_color=&#8221;#E09900&#8243; _builder_version=&#8221;4.27.0&#8243; _module_preset=&#8221;default&#8221; menu_font=&#8221;|||on|||||&#8221; menu_text_color=&#8221;#000000&#8243; global_colors_info=&#8221;{}&#8221; menu_font_size__hover_enabled=&#8221;off|desktop&#8221; theme_builder_area=&#8221;post_content&#8221;][\/et_pb_menu][\/et_pb_column][\/et_pb_row][\/et_pb_section]<\/p>\n","protected":false},"excerpt":{"rendered":"<p>PROJECTS | ENGLISH\u00a0 |\u00a0 ESPA\u00d1OL\u00a0 |\u00a0 FRAN\u00c7AISExchanging Perceptions (FR)Country: Northern Ireland Participants: Belfast residents Site internet\u00a9 Stuart LaveryStephen Wilson est un photographe d\u2019Irlande du Nord qui anime depuis plus de 20 ans des ateliers de photographie dans les communaut\u00e9s de Belfast. En 2014, il a dirig\u00e9 Exchanging Perceptions (\u00c9changer des perceptions) avec le projet Inner [&hellip;]<\/p>\n","protected":false},"author":1,"featured_media":0,"parent":0,"menu_order":0,"comment_status":"closed","ping_status":"closed","template":"","meta":{"_et_pb_use_builder":"on","_et_pb_old_content":"<!-- wp:divi\/placeholder \/-->","_et_gb_content_width":"","footnotes":""},"class_list":["post-1301","page","type-page","status-publish","hentry"],"acf":[],"_links":{"self":[{"href":"https:\/\/imagingpeace.org\/index.php\/wp-json\/wp\/v2\/pages\/1301","targetHints":{"allow":["GET"]}}],"collection":[{"href":"https:\/\/imagingpeace.org\/index.php\/wp-json\/wp\/v2\/pages"}],"about":[{"href":"https:\/\/imagingpeace.org\/index.php\/wp-json\/wp\/v2\/types\/page"}],"author":[{"embeddable":true,"href":"https:\/\/imagingpeace.org\/index.php\/wp-json\/wp\/v2\/users\/1"}],"replies":[{"embeddable":true,"href":"https:\/\/imagingpeace.org\/index.php\/wp-json\/wp\/v2\/comments?post=1301"}],"version-history":[{"count":6,"href":"https:\/\/imagingpeace.org\/index.php\/wp-json\/wp\/v2\/pages\/1301\/revisions"}],"predecessor-version":[{"id":1875,"href":"https:\/\/imagingpeace.org\/index.php\/wp-json\/wp\/v2\/pages\/1301\/revisions\/1875"}],"wp:attachment":[{"href":"https:\/\/imagingpeace.org\/index.php\/wp-json\/wp\/v2\/media?parent=1301"}],"curies":[{"name":"wp","href":"https:\/\/api.w.org\/{rel}","templated":true}]}}