{"id":1292,"date":"2024-12-17T12:10:01","date_gmt":"2024-12-17T12:10:01","guid":{"rendered":"https:\/\/imagingpeace.org\/?page_id=1292"},"modified":"2025-01-18T14:57:07","modified_gmt":"2025-01-18T14:57:07","slug":"colectivo-miradas-es","status":"publish","type":"page","link":"https:\/\/imagingpeace.org\/index.php\/colectivo-miradas-es\/","title":{"rendered":"Colectivo Miradas ES"},"content":{"rendered":"<p>[et_pb_section fb_built=&#8221;1&#8243; _builder_version=&#8221;4.27.0&#8243; _module_preset=&#8221;default&#8221; custom_padding=&#8221;|0px|9px|||&#8221; locked=&#8221;off&#8221; global_colors_info=&#8221;{}&#8221;][et_pb_row _builder_version=&#8221;4.27.0&#8243; _module_preset=&#8221;default&#8221; global_colors_info=&#8221;{}&#8221;][et_pb_column type=&#8221;4_4&#8243; _builder_version=&#8221;4.27.0&#8243; _module_preset=&#8221;default&#8221; global_colors_info=&#8221;{}&#8221;][et_pb_text _builder_version=&#8221;4.27.4&#8243; _module_preset=&#8221;72c363c7-f301-4595-9cda-4a4b082cb8ac&#8221; locked=&#8221;off&#8221; global_colors_info=&#8221;{}&#8221;]<\/p>\n<p><a href=\"https:\/\/imagingpeace.org\/index.php\/peace-photography-projects\/\">PROJECTS<\/a> | <a href=\"https:\/\/imagingpeace.org\/index.php\/colectivo-miradas\">ENGLISH\u00a0<\/a> |\u00a0 <a href=\"https:\/\/imagingpeace.org\/index.php\/colectivo-miradas-es\/\">ESPA\u00d1OL<\/a>\u00a0 |\u00a0 <a href=\"https:\/\/imagingpeace.org\/index.php\/colectivo-miradas-fr\/\">FRAN\u00c7AIS<\/a><\/p>\n<p>[\/et_pb_text][et_pb_text admin_label=&#8221;Title&#8221; _builder_version=&#8221;4.27.0&#8243; _module_preset=&#8221;default&#8221; header_font_size=&#8221;54px&#8221; custom_margin=&#8221;||8px||false|false&#8221; global_colors_info=&#8221;{}&#8221;]<\/p>\n<h1 style=\"text-align: left;\"><strong>Colectivo Miradas (ES)<\/strong><\/h1>\n<p>[\/et_pb_text][et_pb_text admin_label=&#8221;Title&#8221; _builder_version=&#8221;4.27.4&#8243; _module_preset=&#8221;default&#8221; header_3_font_size=&#8221;24px&#8221; header_3_line_height=&#8221;0.8em&#8221; global_colors_info=&#8221;{}&#8221;]<\/p>\n<h3>Pa\u00eds: <strong>Colombia<\/strong><\/h3>\n<h3>Participantes: <strong><\/strong><strong>Exguerrilleros y firmantes del acuerdo de paz<\/strong><\/h3>\n<h3><a href=\"https:\/\/www.instagram.com\/colectivomiradas\/?hl=en\" target=\"_blank\" rel=\"noopener\">P\u00e1gina web<\/a><\/h3>\n<p>[\/et_pb_text][\/et_pb_column][\/et_pb_row][et_pb_row _builder_version=&#8221;4.27.0&#8243; _module_preset=&#8221;default&#8221; width=&#8221;100%&#8221; max_width=&#8221;1700px&#8221; custom_padding=&#8221;2px||1px|||&#8221; locked=&#8221;off&#8221; global_colors_info=&#8221;{}&#8221;][et_pb_column type=&#8221;4_4&#8243; _builder_version=&#8221;4.27.0&#8243; _module_preset=&#8221;default&#8221; global_colors_info=&#8221;{}&#8221;][et_pb_slider _builder_version=&#8221;4.27.0&#8243; _module_preset=&#8221;default&#8221; custom_margin=&#8221;||18px|||&#8221; custom_padding=&#8221;||579px|||&#8221; global_colors_info=&#8221;{}&#8221;][et_pb_slide _builder_version=&#8221;4.27.0&#8243; _module_preset=&#8221;default&#8221; background_color=&#8221;#969696&#8243; background_enable_color=&#8221;on&#8221; background_image=&#8221;https:\/\/imagingpeace.org\/wp-content\/uploads\/2024\/08\/07122021-5K3A9231-2.jpg&#8221; background_enable_image=&#8221;on&#8221; width=&#8221;100%&#8221; width_tablet=&#8221;100%&#8221; width_phone=&#8221;0%&#8221; width_last_edited=&#8221;on|phone&#8221; max_width_tablet=&#8221;&#8221; max_width_phone=&#8221;100%&#8221; max_width_last_edited=&#8221;on|phone&#8221; global_colors_info=&#8221;{}&#8221; sticky_transition=&#8221;on&#8221;][\/et_pb_slide][\/et_pb_slider][\/et_pb_column][\/et_pb_row][et_pb_row _builder_version=&#8221;4.27.0&#8243; _module_preset=&#8221;default&#8221; custom_margin=&#8221;-3px|auto||auto||&#8221; custom_padding=&#8221;1px||5px|||&#8221; global_colors_info=&#8221;{}&#8221;][et_pb_column type=&#8221;4_4&#8243; _builder_version=&#8221;4.27.0&#8243; _module_preset=&#8221;default&#8221; global_colors_info=&#8221;{}&#8221;][et_pb_text _builder_version=&#8221;4.27.4&#8243; _module_preset=&#8221;7837a099-2f05-4213-bb1d-f09287a9b3a8&#8243; text_font=&#8221;Abhaya Libre|&#8211;et_global_body_font_weight|||||||&#8221; text_line_height=&#8221;1.25em&#8221; header_5_font=&#8221;Antic Slab|&#8211;et_global_heading_font_weight|||||||&#8221; header_5_font_size=&#8221;15px&#8221; custom_margin=&#8221;2px||||false|false&#8221; custom_padding=&#8221;2px|0px|1px|58px||&#8221; inline_fonts=&#8221;ABeeZee,Abhaya Libre&#8221; global_colors_info=&#8221;{}&#8221;]<\/p>\n<h5 style=\"text-align: right;\">La tenencia, uso y distribuci\u00f3n de la tierra se encuentran entre las principales razones del inicio y perpetuaci\u00f3n del conflicto armado en Colombia. E<span>l problema de la tierra en Colombia es un tema complejo que requiere soluciones integrales y sostenibles. <\/span>Es necesario trabajar para construir una sociedad m\u00e1s equitativa y justa, donde se respeten los derechos de las comunidades locales y se promueva la redistribuci\u00f3n de la tierra. Tambi\u00e9n es importante a nivel global que todos tomemos conciencia y tomemos medidas para reducir la contaminaci\u00f3n, conservar los recursos naturales y combatir el cambio clim\u00e1tico para garantizar un futuro sostenible para nosotros y las generaciones futuras.<\/h5>\n<h5 style=\"text-align: right;\">Esta foto fue publicada en su Instagram el D\u00eda Nacional de la Memoria y la Solidaridad con las V\u00edctimas<span>. <\/span><\/h5>\n<h5 style=\"text-align: right;\"><strong>\u00a9 Yira V\u00e9lez \/ Colectivo Miradas, Colombia<\/strong><\/h5>\n<p>[\/et_pb_text][\/et_pb_column][\/et_pb_row][et_pb_row _builder_version=&#8221;4.27.0&#8243; _module_preset=&#8221;default&#8221; custom_margin=&#8221;26px|auto||auto||&#8221; custom_padding=&#8221;24px||6px|||&#8221; global_colors_info=&#8221;{}&#8221;][et_pb_column type=&#8221;4_4&#8243; _builder_version=&#8221;4.27.0&#8243; _module_preset=&#8221;default&#8221; global_colors_info=&#8221;{}&#8221;][et_pb_text _builder_version=&#8221;4.27.4&#8243; _module_preset=&#8221;default&#8221; text_font=&#8221;&#8211;et_global_body_font|300|||||||&#8221; text_font_size=&#8221;22px&#8221; text_line_height=&#8221;1.2em&#8221; width=&#8221;100%&#8221; custom_padding=&#8221;|0px||||&#8221; global_colors_info=&#8221;{}&#8221;]<\/p>\n<p>Formado en 2021, el <a href=\"https:\/\/www.instagram.com\/colectivomiradas\/\" target=\"_blank\" rel=\"noopener\"><em><strong>Colectivo Miradas <\/strong><\/em><\/a>est\u00e1 integrado por ex guerrilleros y fot\u00f3grafos comunitarios de todo el pa\u00eds que han encontrado en la fotograf\u00eda una herramienta de reincorporaci\u00f3n, reparaci\u00f3n y reconciliaci\u00f3n.<\/p>\n<p>Despu\u00e9s de m\u00e1s de 50 a\u00f1os de conflicto armado, Colombia est\u00e1 en proceso de implementar un hist\u00f3rico acuerdo de paz, firmado en 2016, entre el Gobierno y las Fuerzas Armadas Revolucionarias de Colombia-Ej\u00e9rcito del Pueblo (FARC). El Acuerdo de Paz estableci\u00f3 un plan para el desarme, desmovilizaci\u00f3n y reincorporaci\u00f3n colectiva de los integrantes de las FARC. El \u00e9xito del proceso de reincorporaci\u00f3n de excombatientes y guerrilleros, a quienes se denomina \u201c<span>firmantes del acuerdo de paz\u201d, es fundamental para el \u00e9xito del proceso de paz en general. Los exguerrilleros, algunos de los cuales contin\u00faan viviendo con sus familias en algunos de los 24 antiguos espacios de reincorporaci\u00f3n conocidos como ETCR repartidos por todo el pa\u00eds, enfrentan un contexto dif\u00edcil para la reincorporaci\u00f3n, que incluye aumento de la violencia, falta de cumplimiento del Acuerdo de Paz por parte de los gobierno, el desvanecimiento de la cohesi\u00f3n entre los miembros de las FARC, la estigmatizaci\u00f3n y el rechazo social.<\/span><\/p>\n<p>&nbsp;<\/p>\n<p>[\/et_pb_text][\/et_pb_column][\/et_pb_row][et_pb_row _builder_version=&#8221;4.27.0&#8243; _module_preset=&#8221;default&#8221; global_colors_info=&#8221;{}&#8221;][et_pb_column type=&#8221;4_4&#8243; _builder_version=&#8221;4.27.0&#8243; _module_preset=&#8221;default&#8221; global_colors_info=&#8221;{}&#8221;][et_pb_image src=&#8221;https:\/\/imagingpeace.org\/wp-content\/uploads\/2024\/08\/Group-picture-1.jpg&#8221; title_text=&#8221;Group-picture&#8221; align=&#8221;center&#8221; _builder_version=&#8221;4.27.0&#8243; _module_preset=&#8221;default&#8221; custom_margin=&#8221;||-13px|||&#8221; global_colors_info=&#8221;{}&#8221;][\/et_pb_image][\/et_pb_column][\/et_pb_row][et_pb_row _builder_version=&#8221;4.27.0&#8243; _module_preset=&#8221;default&#8221; custom_margin=&#8221;-6px|auto||auto||&#8221; custom_padding=&#8221;17px|||||&#8221; global_colors_info=&#8221;{}&#8221;][et_pb_column type=&#8221;4_4&#8243; _builder_version=&#8221;4.27.0&#8243; _module_preset=&#8221;default&#8221; global_colors_info=&#8221;{}&#8221;][et_pb_text _builder_version=&#8221;4.27.4&#8243; _module_preset=&#8221;7837a099-2f05-4213-bb1d-f09287a9b3a8&#8243; text_font=&#8221;Abhaya Libre|&#8211;et_global_body_font_weight|||||||&#8221; text_line_height=&#8221;1.25em&#8221; header_5_font=&#8221;Antic Slab|&#8211;et_global_heading_font_weight|||||||&#8221; header_5_font_size=&#8221;15px&#8221; custom_margin=&#8221;2px||||false|false&#8221; custom_padding=&#8221;2px|0px|1px|58px||&#8221; inline_fonts=&#8221;ABeeZee,Abhaya Libre&#8221; global_colors_info=&#8221;{}&#8221;]<\/p>\n<h5 style=\"text-align: right;\">Colectivo Miradas, segundo taller de formaci\u00f3n en fotograf\u00eda documental,<\/h5>\n<h5 style=\"text-align: right;\">Anor\u00ed 2022<\/h5>\n<h5 style=\"text-align: right;\"><strong>\u00a9 Colectivo Miradas, Colombia<\/strong><\/h5>\n<p>[\/et_pb_text][et_pb_text _builder_version=&#8221;4.27.4&#8243; _module_preset=&#8221;default&#8221; text_font=&#8221;&#8211;et_global_body_font|300|||||||&#8221; text_font_size=&#8221;22px&#8221; text_line_height=&#8221;1.2em&#8221; custom_margin=&#8221;-5px||||false|false&#8221; global_colors_info=&#8221;{}&#8221;]<\/p>\n<p>Decididos a \u201ccambiar las armas por las c\u00e1maras\u201d y formado por un n\u00facleo de 13 integrantes, el <em>Colectivo Miradas<\/em> utiliza la fotograf\u00eda para construir memoria individual y colectiva, atribuir nuevos significados y apoyar la reparaci\u00f3n de comunidades afectadas por m\u00e1s de 50 a\u00f1os de conflicto. Todos los fot\u00f3grafos, algunos de los cuales aprendieron fotograf\u00eda como miembros de la secci\u00f3n de comunicaciones de las FARC, est\u00e1n comprometidos con el proceso de paz y quieren mostrar los problemas que enfrentan las comunidades en sus zonas y celebrar sus logros. A trav\u00e9s de publicaciones en Instagram con tem\u00e1ticas mensuales y exposiciones, los integrantes del colectivo buscan visibilizar los m\u00faltiples y diversos procesos que se est\u00e1n dando en Colombia en torno a la construcci\u00f3n de la paz y la reconciliaci\u00f3n, y abrazar la paz desde m\u00faltiples perspectivas.<\/p>\n<p>[\/et_pb_text][\/et_pb_column][\/et_pb_row][et_pb_row _builder_version=&#8221;4.27.0&#8243; _module_preset=&#8221;default&#8221; custom_padding=&#8221;4px|||||&#8221; global_colors_info=&#8221;{}&#8221;][et_pb_column type=&#8221;4_4&#8243; _builder_version=&#8221;4.27.0&#8243; _module_preset=&#8221;default&#8221; global_colors_info=&#8221;{}&#8221;][et_pb_image src=&#8221;https:\/\/imagingpeace.org\/wp-content\/uploads\/2024\/08\/mujeres.jpg&#8221; title_text=&#8221;mujeres&#8221; align=&#8221;center&#8221; _builder_version=&#8221;4.27.0&#8243; _module_preset=&#8221;default&#8221; global_colors_info=&#8221;{}&#8221;][\/et_pb_image][et_pb_text _builder_version=&#8221;4.27.4&#8243; _module_preset=&#8221;7837a099-2f05-4213-bb1d-f09287a9b3a8&#8243; text_font=&#8221;Abhaya Libre|&#8211;et_global_body_font_weight|||||||&#8221; text_line_height=&#8221;1.25em&#8221; header_5_font=&#8221;Antic Slab|&#8211;et_global_heading_font_weight|||||||&#8221; header_5_font_size=&#8221;15px&#8221; custom_margin=&#8221;2px||||false|false&#8221; custom_padding=&#8221;2px|0px|1px|58px||&#8221; inline_fonts=&#8221;ABeeZee,Abhaya Libre&#8221; global_colors_info=&#8221;{}&#8221;]<\/p>\n<h5 style=\"text-align: right;\">En Quibd\u00f3, Choc\u00f3, 32 mujeres, entre firmantes y la comunidad, integran la Cooperativa de Mujeres Constructoras de Paz y Reconciliaci\u00f3n. Su proyecto productivo &#8216;La Rancha de mi Pueblo&#8217; es otra forma de empoderamiento femenino para la reincorporaci\u00f3n integral.<br \/><strong>\u00a9 @rulo.c5 \/ Colectivo Miradas, Colombia<\/strong><\/h5>\n<p>[\/et_pb_text][\/et_pb_column][\/et_pb_row][et_pb_row _builder_version=&#8221;4.27.0&#8243; _module_preset=&#8221;default&#8221; custom_padding=&#8221;13px||7px|||&#8221; global_colors_info=&#8221;{}&#8221;][et_pb_column type=&#8221;4_4&#8243; _builder_version=&#8221;4.27.0&#8243; _module_preset=&#8221;default&#8221; global_colors_info=&#8221;{}&#8221;][et_pb_text _builder_version=&#8221;4.27.0&#8243; _module_preset=&#8221;default&#8221; text_font=&#8221;&#8211;et_global_body_font|300|||||||&#8221; text_font_size=&#8221;22px&#8221; text_line_height=&#8221;1.2em&#8221; custom_padding=&#8221;||11px|||&#8221; global_colors_info=&#8221;{}&#8221;]<\/p>\n<p>En 2021 y 2022, el <em>Colectivo Miradas<\/em> realiz\u00f3 dos talleres de una semana de duraci\u00f3n, facilitados por fot\u00f3grafos profesionales y apoyados por la misi\u00f3n de la Delegaci\u00f3n de la Uni\u00f3n Europea, a trav\u00e9s del Fondo Europeo para la Paz, la Misi\u00f3n de Verificaci\u00f3n de la ONU, el PNUD y Comfama en Colombia, que reunieron a firmantes de la paz, excombatientes, sus familias, l\u00edderes comunitarios y v\u00edctimas del conflicto. Los talleres permitieron a los participantes comprender mejor las experiencias de los dem\u00e1s, reevaluar sus creencias sobre las exguerrillas y desarrollar nuevas conexiones y narrativas que cultiven una cultura colectiva de paz. Tambi\u00e9n realizaron documentales sobre la realidad y vida de los miembros de la comunidad de la zona. En los pr\u00f3ximos a\u00f1os, el <em>Colectivo Miradas<\/em> espera realizar m\u00e1s exposiciones y talleres y publicar un libro.<\/p>\n<p><span>Desde entonces, el colectivo ha empezado a viajar por diferentes rincones de Colombia con su nuevo proyecto \u2018<\/span><a href=\"https:\/\/colombia.unmissions.org\/exposici%C3%B3n-fotogr%C3%A1fica-semillas-de-paz-territorios-que-florecen-miradas-que-transforman\" target=\"_blank\" rel=\"noopener\"><strong><em>Semillas<\/em><\/strong><\/a><span><a href=\"https:\/\/colombia.unmissions.org\/exposici%C3%B3n-fotogr%C3%A1fica-semillas-de-paz-territorios-que-florecen-miradas-que-transforman\" target=\"_blank\" rel=\"noopener\"><strong><em> de Paz<\/em>\u2019<\/strong><\/a> (Seeds of Peace) <\/span><span>para impartir talleres de fotograf\u00eda y cine. Esta iniciativa no s\u00f3lo fortalece los procesos de memoria, paz y reconciliaci\u00f3n, sino que tambi\u00e9n promueve el acceso al arte y la cultura en territorios donde estos recursos son limitados. <\/span><\/p>\n<p>&nbsp;<\/p>\n<p>[\/et_pb_text][et_pb_image src=&#8221;https:\/\/imagingpeace.org\/wp-content\/uploads\/2024\/08\/Mihijo.jpg&#8221; title_text=&#8221;Mihijo&#8221; align=&#8221;center&#8221; _builder_version=&#8221;4.27.0&#8243; _module_preset=&#8221;default&#8221; global_colors_info=&#8221;{}&#8221;][\/et_pb_image][et_pb_text _builder_version=&#8221;4.27.4&#8243; _module_preset=&#8221;7837a099-2f05-4213-bb1d-f09287a9b3a8&#8243; text_font=&#8221;Abhaya Libre|&#8211;et_global_body_font_weight|||||||&#8221; text_line_height=&#8221;1.25em&#8221; header_5_font=&#8221;Antic Slab|&#8211;et_global_heading_font_weight|||||||&#8221; header_5_font_size=&#8221;15px&#8221; custom_margin=&#8221;2px||||false|false&#8221; custom_padding=&#8221;2px|0px|1px|58px||&#8221; inline_fonts=&#8221;ABeeZee,Abhaya Libre&#8221; global_colors_info=&#8221;{}&#8221;]<\/p>\n<h5 style=\"text-align: right;\">\u00c9l es mi hijo, vino con paz; en sus ojos encontr\u00e9 la esperanza de un pa\u00eds diferente y en su sonrisa el compromiso para que cada una de las acciones que realizo en mi vida diaria como signatario de la paz contribuya a construir una sociedad m\u00e1s justa, inclusiva y solidaria para \u00e9l. Quiero dejarle a mi hijo un pa\u00eds pac\u00edfico.<\/h5>\n<h5 style=\"text-align: right;\"><strong>\u00a9 Jork Ortiz \/ Colectivo Miradas, Colombia<\/strong><\/h5>\n<p>[\/et_pb_text][\/et_pb_column][\/et_pb_row][et_pb_row column_structure=&#8221;1_5,3_5,1_5&#8243; _builder_version=&#8221;4.27.0&#8243; _module_preset=&#8221;default&#8221; background_color=&#8221;#EBEFE6&#8243; custom_margin=&#8221;46px|auto|61px|auto||&#8221; custom_padding=&#8221;91px|||||&#8221; global_colors_info=&#8221;{}&#8221;][et_pb_column type=&#8221;1_5&#8243; _builder_version=&#8221;4.27.0&#8243; _module_preset=&#8221;default&#8221; global_colors_info=&#8221;{}&#8221;][\/et_pb_column][et_pb_column type=&#8221;3_5&#8243; _builder_version=&#8221;4.27.0&#8243; _module_preset=&#8221;default&#8221; global_colors_info=&#8221;{}&#8221;][et_pb_testimonial author=&#8221;Colectivo Miradas&#8221; font_icon=&#8221;&#xf10e;||fa||900&#8243; use_icon_font_size=&#8221;on&#8221; _builder_version=&#8221;4.27.4&#8243; _module_preset=&#8221;default&#8221; body_font_size=&#8221;31px&#8221; body_line_height=&#8221;1.2em&#8221; author_font_size=&#8221;24px&#8221; author_line_height=&#8221;1.2em&#8221; custom_padding=&#8221;|0px||4px||&#8221; border_width_all=&#8221;0px&#8221; global_colors_info=&#8221;{}&#8221;]<\/p>\n<p style=\"text-align: center;\">\n<p style=\"text-align: center;\"><em><span>&#8216;Somos el Colectivo Miradas y hace ocho a\u00f1os decidimos cambiar armas por c\u00e1maras, construir desde el amor y la esperanza, y reafirmar la solidaridad y lo colectivo como \u00fanico camino. La fotograf\u00eda como herramienta, puente y respuesta para todo&#8217;.<\/span><\/em><\/p>\n<p style=\"text-align: center;\">[\/et_pb_testimonial][\/et_pb_column][et_pb_column type=&#8221;1_5&#8243; _builder_version=&#8221;4.27.0&#8243; _module_preset=&#8221;default&#8221; global_colors_info=&#8221;{}&#8221;][\/et_pb_column][\/et_pb_row][\/et_pb_section][et_pb_section fb_built=&#8221;1&#8243; _builder_version=&#8221;4.27.0&#8243; _module_preset=&#8221;default&#8221; custom_padding=&#8221;0px|||||&#8221; global_colors_info=&#8221;{}&#8221;][et_pb_row _builder_version=&#8221;4.27.0&#8243; _module_preset=&#8221;default&#8221; width=&#8221;100%&#8221; max_width=&#8221;1700px&#8221; custom_padding=&#8221;2px||1px|||&#8221; global_colors_info=&#8221;{}&#8221;][et_pb_column type=&#8221;4_4&#8243; _builder_version=&#8221;4.27.0&#8243; _module_preset=&#8221;default&#8221; global_colors_info=&#8221;{}&#8221;][et_pb_slider _builder_version=&#8221;4.27.0&#8243; _module_preset=&#8221;default&#8221; custom_margin=&#8221;||18px|||&#8221; custom_padding=&#8221;||579px|||&#8221; global_colors_info=&#8221;{}&#8221;][et_pb_slide _builder_version=&#8221;4.27.0&#8243; _module_preset=&#8221;default&#8221; background_color=&#8221;#969696&#8243; background_enable_color=&#8221;on&#8221; background_image=&#8221;https:\/\/imagingpeace.org\/wp-content\/uploads\/2024\/08\/2-1.jpg&#8221; background_enable_image=&#8221;on&#8221; width=&#8221;100%&#8221; width_tablet=&#8221;100%&#8221; width_phone=&#8221;0%&#8221; width_last_edited=&#8221;on|phone&#8221; max_width_tablet=&#8221;&#8221; max_width_phone=&#8221;100%&#8221; max_width_last_edited=&#8221;on|phone&#8221; global_colors_info=&#8221;{}&#8221; sticky_transition=&#8221;on&#8221;][\/et_pb_slide][\/et_pb_slider][et_pb_text _builder_version=&#8221;4.27.4&#8243; _module_preset=&#8221;7837a099-2f05-4213-bb1d-f09287a9b3a8&#8243; text_font=&#8221;Abhaya Libre|&#8211;et_global_body_font_weight|||||||&#8221; text_line_height=&#8221;1.25em&#8221; header_5_font=&#8221;Antic Slab|&#8211;et_global_heading_font_weight|||||||&#8221; header_5_font_size=&#8221;15px&#8221; custom_margin=&#8221;2px||||false|false&#8221; custom_padding=&#8221;10px|0px|1px|58px||&#8221; inline_fonts=&#8221;ABeeZee,Abhaya Libre&#8221; global_colors_info=&#8221;{}&#8221;]<\/p>\n<h5 style=\"text-align: right;\">Complicidad: socios en la guerra y la paz.<\/h5>\n<h5 style=\"text-align: right;\">La nostalgia del pasado en un amor que perdura.<\/h5>\n<h5 style=\"text-align: right;\"><strong>\u00a9 Jennifer Mej\u00eda y Mar\u00eda S\u00e1nchez Romero \/ Colectivo Miradas, Colombia<\/strong><\/h5>\n<p>[\/et_pb_text][et_pb_slider _builder_version=&#8221;4.27.0&#8243; _module_preset=&#8221;default&#8221; custom_margin=&#8221;||18px|||&#8221; custom_padding=&#8221;||579px|||&#8221; global_colors_info=&#8221;{}&#8221;][et_pb_slide _builder_version=&#8221;4.27.0&#8243; _module_preset=&#8221;default&#8221; background_color=&#8221;#969696&#8243; background_enable_color=&#8221;on&#8221; background_image=&#8221;https:\/\/imagingpeace.org\/wp-content\/uploads\/2024\/08\/IMGL2831-scaled.jpg&#8221; background_enable_image=&#8221;on&#8221; width=&#8221;100%&#8221; width_tablet=&#8221;100%&#8221; width_phone=&#8221;0%&#8221; width_last_edited=&#8221;on|phone&#8221; max_width_tablet=&#8221;&#8221; max_width_phone=&#8221;100%&#8221; max_width_last_edited=&#8221;on|phone&#8221; global_colors_info=&#8221;{}&#8221; sticky_transition=&#8221;on&#8221;][\/et_pb_slide][\/et_pb_slider][et_pb_text _builder_version=&#8221;4.27.4&#8243; _module_preset=&#8221;7837a099-2f05-4213-bb1d-f09287a9b3a8&#8243; text_font=&#8221;Abhaya Libre|&#8211;et_global_body_font_weight|||||||&#8221; text_line_height=&#8221;1.25em&#8221; header_5_font=&#8221;Antic Slab|&#8211;et_global_heading_font_weight|||||||&#8221; header_5_font_size=&#8221;15px&#8221; custom_margin=&#8221;2px||||false|false&#8221; custom_padding=&#8221;2px|0px|1px|4px||&#8221; inline_fonts=&#8221;ABeeZee,Abhaya Libre&#8221; global_colors_info=&#8221;{}&#8221;]<\/p>\n<h5 style=\"text-align: right;\">Todo empieza a las 4:30 de la ma\u00f1ana. En ese momento llegan todos y toman su lugar en el molino: uno muele, otro atiza el horno y otro mete el guarapo en los calderos. As\u00ed producen la dulce panela org\u00e1nica. La panela es uno de los productos tradicionales de Colombia. Sol\u00eda producirse en molinos de madera. La tracci\u00f3n mec\u00e1nica para moler la ca\u00f1a de az\u00facar era realizada por mulas y, en algunos casos, por la fuerza de hombres y mujeres. Hoy en d\u00eda, la tracci\u00f3n se transfiere al molino mediante un motor de combusti\u00f3n.<\/h5>\n<h5 style=\"text-align: right;\">El fresado es una tarea colectiva que implica la coordinaci\u00f3n de quienes participan en el trabajo. La ca\u00f1a de az\u00facar ha permitido a muchas familias obtener ingresos y mantener un producto tradicional como la panela. \u00bfTe gusta la panela?<br \/><strong>\u00a9 Marcos Guevara \/ Colectivo Miradas, Colombia<\/strong><\/h5>\n<p>[\/et_pb_text][\/et_pb_column][\/et_pb_row][et_pb_row _builder_version=&#8221;4.27.4&#8243; _module_preset=&#8221;default&#8221; global_colors_info=&#8221;{}&#8221;][et_pb_column type=&#8221;4_4&#8243; _builder_version=&#8221;4.27.4&#8243; _module_preset=&#8221;default&#8221; global_colors_info=&#8221;{}&#8221;][et_pb_menu menu_id=&#8221;10&#8243; menu_style=&#8221;centered&#8221; active_link_color=&#8221;#E09900&#8243; _builder_version=&#8221;4.27.0&#8243; _module_preset=&#8221;default&#8221; menu_font=&#8221;|||on|||||&#8221; menu_text_color=&#8221;#000000&#8243; global_colors_info=&#8221;{}&#8221; menu_font_size__hover_enabled=&#8221;off|desktop&#8221;][\/et_pb_menu][\/et_pb_column][\/et_pb_row][\/et_pb_section]<\/p>\n","protected":false},"excerpt":{"rendered":"<p>PROJECTS | ENGLISH\u00a0 |\u00a0 ESPA\u00d1OL\u00a0 |\u00a0 FRAN\u00c7AISColectivo Miradas (ES)Pa\u00eds: Colombia Participantes: Exguerrilleros y firmantes del acuerdo de paz P\u00e1gina webLa tenencia, uso y distribuci\u00f3n de la tierra se encuentran entre las principales razones del inicio y perpetuaci\u00f3n del conflicto armado en Colombia. El problema de la tierra en Colombia es un tema complejo que requiere [&hellip;]<\/p>\n","protected":false},"author":1,"featured_media":0,"parent":0,"menu_order":0,"comment_status":"closed","ping_status":"closed","template":"","meta":{"_et_pb_use_builder":"on","_et_pb_old_content":"","_et_gb_content_width":"","footnotes":""},"class_list":["post-1292","page","type-page","status-publish","hentry"],"acf":[],"_links":{"self":[{"href":"https:\/\/imagingpeace.org\/index.php\/wp-json\/wp\/v2\/pages\/1292","targetHints":{"allow":["GET"]}}],"collection":[{"href":"https:\/\/imagingpeace.org\/index.php\/wp-json\/wp\/v2\/pages"}],"about":[{"href":"https:\/\/imagingpeace.org\/index.php\/wp-json\/wp\/v2\/types\/page"}],"author":[{"embeddable":true,"href":"https:\/\/imagingpeace.org\/index.php\/wp-json\/wp\/v2\/users\/1"}],"replies":[{"embeddable":true,"href":"https:\/\/imagingpeace.org\/index.php\/wp-json\/wp\/v2\/comments?post=1292"}],"version-history":[{"count":6,"href":"https:\/\/imagingpeace.org\/index.php\/wp-json\/wp\/v2\/pages\/1292\/revisions"}],"predecessor-version":[{"id":1891,"href":"https:\/\/imagingpeace.org\/index.php\/wp-json\/wp\/v2\/pages\/1292\/revisions\/1891"}],"wp:attachment":[{"href":"https:\/\/imagingpeace.org\/index.php\/wp-json\/wp\/v2\/media?parent=1292"}],"curies":[{"name":"wp","href":"https:\/\/api.w.org\/{rel}","templated":true}]}}