{"id":1281,"date":"2024-12-17T12:08:30","date_gmt":"2024-12-17T12:08:30","guid":{"rendered":"https:\/\/imagingpeace.org\/?page_id=1281"},"modified":"2025-02-27T16:36:38","modified_gmt":"2025-02-27T16:36:38","slug":"a-peace-of-my-mind-fr","status":"publish","type":"page","link":"https:\/\/imagingpeace.org\/index.php\/a-peace-of-my-mind-fr\/","title":{"rendered":"A Peace of My Mind FR"},"content":{"rendered":"<p>[et_pb_section fb_built=&#8221;1&#8243; _builder_version=&#8221;4.27.0&#8243; _module_preset=&#8221;default&#8221; locked=&#8221;off&#8221; global_colors_info=&#8221;{}&#8221;][et_pb_row _builder_version=&#8221;4.27.4&#8243; _module_preset=&#8221;default&#8221; custom_padding=&#8221;18px||0px|||&#8221; locked=&#8221;off&#8221; global_colors_info=&#8221;{}&#8221;][et_pb_column type=&#8221;4_4&#8243; _builder_version=&#8221;4.27.4&#8243; _module_preset=&#8221;default&#8221; global_colors_info=&#8221;{}&#8221;][et_pb_text _builder_version=&#8221;4.27.4&#8243; _module_preset=&#8221;default&#8221; global_colors_info=&#8221;{}&#8221;]<\/p>\n<p><a href=\"https:\/\/imagingpeace.org\/index.php\/peace-photography-projects\/\">PROJECTS<\/a> | <a href=\"https:\/\/imagingpeace.org\/index.php\/a-peace-of-my-mind\/\">ENGLISH<\/a>\u00a0 |\u00a0 <a href=\"https:\/\/imagingpeace.org\/index.php\/a-peace-of-my-mind-es\/\" title=\"Esp\">ESPA\u00d1OL<\/a>\u00a0 |\u00a0 <a href=\"https:\/\/imagingpeace.org\/index.php\/a-peace-of-my-mind-fr\/\">FRAN\u00c7AIS<\/a><\/p>\n<p>[\/et_pb_text][\/et_pb_column][\/et_pb_row][et_pb_row _builder_version=&#8221;4.27.0&#8243; _module_preset=&#8221;default&#8221; global_colors_info=&#8221;{}&#8221;][et_pb_column type=&#8221;4_4&#8243; _builder_version=&#8221;4.27.0&#8243; _module_preset=&#8221;default&#8221; global_colors_info=&#8221;{}&#8221;][et_pb_text admin_label=&#8221;Title&#8221; _builder_version=&#8221;4.27.0&#8243; _module_preset=&#8221;default&#8221; header_font_size=&#8221;54px&#8221; custom_margin=&#8221;||8px||false|false&#8221; global_colors_info=&#8221;{}&#8221;]<\/p>\n<h1 style=\"text-align: left;\"><strong>A Peace of My Mind (FR)<\/strong><\/h1>\n<p>[\/et_pb_text][et_pb_text admin_label=&#8221;Title&#8221; _builder_version=&#8221;4.27.4&#8243; _module_preset=&#8221;default&#8221; header_3_font_size=&#8221;24px&#8221; header_3_line_height=&#8221;0.8em&#8221; global_colors_info=&#8221;{}&#8221;]<\/p>\n<h3>Pays:<strong> \u00c9tats-Unis<\/strong><\/h3>\n<h3>Participants:<strong> Divers portraits<\/strong><\/h3>\n<h3><a href=\"https:\/\/apeaceofmymind.org\/about\/\" target=\"_blank\" rel=\"noopener\">Site internet<\/a><strong>\u00a0<\/strong><\/h3>\n<p>[\/et_pb_text][\/et_pb_column][\/et_pb_row][et_pb_row _builder_version=&#8221;4.27.0&#8243; _module_preset=&#8221;default&#8221; width=&#8221;100%&#8221; max_width=&#8221;1700px&#8221; custom_padding=&#8221;2px||1px|||&#8221; global_colors_info=&#8221;{}&#8221;][et_pb_column type=&#8221;4_4&#8243; _builder_version=&#8221;4.27.0&#8243; _module_preset=&#8221;default&#8221; global_colors_info=&#8221;{}&#8221;][et_pb_slider _builder_version=&#8221;4.27.0&#8243; _module_preset=&#8221;default&#8221; custom_margin=&#8221;||18px|||&#8221; custom_padding=&#8221;||579px|||&#8221; global_colors_info=&#8221;{}&#8221;][et_pb_slide _builder_version=&#8221;4.27.0&#8243; _module_preset=&#8221;default&#8221; background_color=&#8221;#969696&#8243; background_enable_color=&#8221;on&#8221; background_image=&#8221;https:\/\/imagingpeace.org\/wp-content\/uploads\/2024\/08\/APOMM452.jpg&#8221; background_enable_image=&#8221;on&#8221; width=&#8221;100%&#8221; width_tablet=&#8221;100%&#8221; width_phone=&#8221;0%&#8221; width_last_edited=&#8221;on|phone&#8221; max_width_tablet=&#8221;&#8221; max_width_phone=&#8221;100%&#8221; max_width_last_edited=&#8221;on|phone&#8221; global_colors_info=&#8221;{}&#8221; sticky_transition=&#8221;on&#8221;][\/et_pb_slide][\/et_pb_slider][\/et_pb_column][\/et_pb_row][et_pb_row column_structure=&#8221;1_5,3_5,1_5&#8243; _builder_version=&#8221;4.27.0&#8243; _module_preset=&#8221;default&#8221; custom_margin=&#8221;-3px|auto||auto||&#8221; custom_padding=&#8221;1px||5px|||&#8221; global_colors_info=&#8221;{}&#8221;][et_pb_column type=&#8221;1_5&#8243; _builder_version=&#8221;4.27.0&#8243; _module_preset=&#8221;default&#8221; global_colors_info=&#8221;{}&#8221;][\/et_pb_column][et_pb_column type=&#8221;3_5&#8243; _builder_version=&#8221;4.27.0&#8243; _module_preset=&#8221;default&#8221; global_colors_info=&#8221;{}&#8221;][et_pb_text _builder_version=&#8221;4.27.0&#8243; _module_preset=&#8221;default&#8221; text_font=&#8221;Actor|&#8211;et_global_body_font_weight|||||||&#8221; text_line_height=&#8221;1.8em&#8221; header_5_font=&#8221;Antic Slab|&#8211;et_global_heading_font_weight|||||||&#8221; header_5_font_size=&#8221;15px&#8221; custom_margin=&#8221;2px|-7px||-6px|false|false&#8221; custom_padding=&#8221;2px|0px||58px||&#8221; global_colors_info=&#8221;{}&#8221;]<\/p>\n<h5 style=\"text-align: right;\"><strong>Melvin Carter<\/strong><br \/>\u2018<em>Si je devais proposer ma propre d\u00e9finition [de la paix] ici et maintenant, je pense qu&#8217;il s&#8217;agit de personnes vivant en harmonie les unes avec les autres. Et quand je pense \u00e0 l&#8217;harmonie, peut-\u00eatre de mani\u00e8re m\u00e9lodique, peut-\u00eatre rythmique, [je veux dire] \u00eatre ensemble de fa\u00e7on \u00e0 pouvoir accepter les idiosyncrasies des autres\u2026 Dans une symphonie, il se passe toutes sortes de choses, rythmiques, m\u00e9lodiques et harmonieuses en m\u00eame temps. [Cependant, les instruments fonctionnent] ensemble de telle mani\u00e8re qu&#8217;ils ne se heurtent pas&#8217;<\/em>.<\/h5>\n<h5 style=\"text-align: right;\">Melvin Carter Jr est un ancien policier de St. Paul. Il travaille avec Save Our Sons, une organisation qu&#8217;il a aid\u00e9e \u00e0 fonder pour guider les jeunes Afro-Am\u00e9ricains en difficult\u00e9. Melvin d\u00e9crit son temps pass\u00e9 dans la police comme une vocation. Il se voyait comme un officier de &#8220;paix&#8221; et dit qu&#8217;il est entr\u00e9 dans la &#8220;paix&#8221; de la m\u00eame mani\u00e8re qu&#8217;un pr\u00e9dicateur ou un ministre entre dans le minist\u00e8re..<br \/><strong>\u00a9 John Noltner<\/strong><\/h5>\n<p>[\/et_pb_text][\/et_pb_column][et_pb_column type=&#8221;1_5&#8243; _builder_version=&#8221;4.27.0&#8243; _module_preset=&#8221;default&#8221; global_colors_info=&#8221;{}&#8221;][\/et_pb_column][\/et_pb_row][et_pb_row _builder_version=&#8221;4.27.0&#8243; _module_preset=&#8221;default&#8221; custom_padding=&#8221;24px||6px|||&#8221; global_colors_info=&#8221;{}&#8221;][et_pb_column type=&#8221;4_4&#8243; _builder_version=&#8221;4.27.0&#8243; _module_preset=&#8221;default&#8221; global_colors_info=&#8221;{}&#8221;][et_pb_text _builder_version=&#8221;4.27.0&#8243; _module_preset=&#8221;default&#8221; text_font=&#8221;&#8211;et_global_body_font|300|||||||&#8221; text_font_size=&#8221;22px&#8221; text_line_height=&#8221;1.2em&#8221; width=&#8221;100%&#8221; custom_padding=&#8221;|0px||||&#8221; global_colors_info=&#8221;{}&#8221;]<\/p>\n<p><a href=\"https:\/\/apomm.org\/about\/\" target=\"_blank\" rel=\"noopener\"><em>A Peace of My Mind <\/em><\/a>est un projet d&#8217;art multim\u00e9dia, cr\u00e9\u00e9 par le photographe nord-am\u00e9ricain John Noltner, qui utilise des portraits photographiques et des histoires personnelles pour combler les divisions et favoriser le dialogue sur des sujets importants. Le projet a commenc\u00e9 en 2009, lorsque Noltner a commenc\u00e9 \u00e0 parcourir le Minnesota en posant aux gens la question : <strong>\u00ab Que signifie la paix pour vous ? \u00bb<\/strong>. Par la suite, il a parcouru plus de 150 000 miles \u00e0 travers les \u00c9tats-Unis, posant la m\u00eame question. En enregistrant ses interviews et en prenant ses portraits, Noltner a cr\u00e9\u00e9 un dossier d&#8217;histoires qui documente les nombreuses d\u00e9finitions de la paix.<\/p>\n<p>Noltner a cr\u00e9\u00e9 ce projet parce qu&#8217;il \u00e9tait de plus en plus frustr\u00e9 par le dialogue national diviseur qui se concentrait sur ce qui s\u00e9parait les Nord-Am\u00e9ricains. Il voulait utiliser ses comp\u00e9tences photographiques et narratives pour red\u00e9couvrir et explorer ce que les gens ont en commun. Il trouve ses sujets gr\u00e2ce \u00e0 ses propres recherches et au bouche-\u00e0-oreille, demandant \u00e0 d&#8217;autres personnes qui il devrait rencontrer. Les personnes photographi\u00e9es vont de leaders communautaires, militants des droits civiques, artistes, travailleurs de la jeunesse, survivants de l&#8217;Holocauste et cadres dans le secteur p\u00e9trolier \u00e0 des r\u00e9fugi\u00e9s et des personnes ayant perdu des proches dans des attentats terroristes. Il rencontre ces personnes dans un endroit o\u00f9 elles se sentent \u00e0 l&#8217;aise et commence par une interview d&#8217;environ une heure, leur demandant de parler d&#8217;elles-m\u00eames avant de passer aux questions cl\u00e9s : que signifie la paix pour vous ? Comment travaillez-vous pour l&#8217;atteindre dans votre vie ? Quels obstacles rencontrez-vous sur votre chemin ? Il prend toujours le portrait une fois l&#8217;interview termin\u00e9e.<\/p>\n<p>[\/et_pb_text][\/et_pb_column][\/et_pb_row][et_pb_row _builder_version=&#8221;4.27.0&#8243; _module_preset=&#8221;default&#8221; global_colors_info=&#8221;{}&#8221;][et_pb_column type=&#8221;4_4&#8243; _builder_version=&#8221;4.27.0&#8243; _module_preset=&#8221;default&#8221; global_colors_info=&#8221;{}&#8221;][et_pb_image src=&#8221;https:\/\/imagingpeace.org\/wp-content\/uploads\/2024\/08\/APOMM45-1024&#215;1024.jpg&#8221; title_text=&#8221;APOMM45&#8243; align=&#8221;center&#8221; _builder_version=&#8221;4.27.0&#8243; _module_preset=&#8221;default&#8221; global_colors_info=&#8221;{}&#8221;][\/et_pb_image][\/et_pb_column][\/et_pb_row][et_pb_row column_structure=&#8221;1_5,3_5,1_5&#8243; _builder_version=&#8221;4.27.0&#8243; _module_preset=&#8221;default&#8221; custom_padding=&#8221;4px|||||&#8221; global_colors_info=&#8221;{}&#8221;][et_pb_column type=&#8221;1_5&#8243; _builder_version=&#8221;4.27.0&#8243; _module_preset=&#8221;default&#8221; global_colors_info=&#8221;{}&#8221;][\/et_pb_column][et_pb_column type=&#8221;3_5&#8243; _builder_version=&#8221;4.27.0&#8243; _module_preset=&#8221;default&#8221; global_colors_info=&#8221;{}&#8221;][et_pb_text _builder_version=&#8221;4.27.0&#8243; _module_preset=&#8221;default&#8221; text_font=&#8221;Actor|&#8211;et_global_body_font_weight|||||||&#8221; text_line_height=&#8221;1.8em&#8221; header_5_font=&#8221;Antic Slab|&#8211;et_global_heading_font_weight|||||||&#8221; header_5_font_size=&#8221;15px&#8221; custom_margin=&#8221;2px||||false|false&#8221; custom_padding=&#8221;|1px||||&#8221; global_colors_info=&#8221;{}&#8221;]<\/p>\n<h5 style=\"text-align: right;\"><strong>Rabbine Marcia Zimmerman<\/strong><br \/>\u2018<em>Pour moi, avoir des relations est le fondement de la paix. Il n&#8217;est pas possible d&#8217;unir pacifiquement deux personnes, deux nations, deux mondes sans relation. D&#8217;apr\u00e8s ma propre exp\u00e9rience dans les dialogues interreligieux, nous pouvons tous vivre dans ce plan id\u00e9al : paix et compr\u00e9hension. Et nous pouvons tous \u00eatre d&#8217;accord sur beaucoup de choses, puis nous arrivons aux d\u00e9tails et tout peut s&#8217;effondrer\u2026 Je confronte toujours mes hypoth\u00e8ses et je suis l\u00e0 pour confronter les autres sur leurs hypoth\u00e8ses<\/em>.<\/h5>\n<h5 style=\"text-align: right;\">La rabbine Marcia Zimmerman est la rabbine principale du Temple Israel \u00e0 Minneapolis. Elle participe r\u00e9guli\u00e8rement \u00e0 des dialogues interreligieux avec des clercs d&#8217;autres religions et reconna\u00eet les avantages et les d\u00e9fis de travailler avec ces groupes. Marcia s&#8217;appuie sur un texte talmudique qui parle des diff\u00e9rents niveaux de paix et explique que la paix n&#8217;est pas un processus lin\u00e9aire, mais un processus en constante \u00e9volution. Il est possible que nous d\u00e9couvrions que nous progressons un jour, puis que nous la perdions le lendemain<em>.<\/em><\/h5>\n<h5 style=\"text-align: right;\"><strong>\u00a9 John Noltner<\/strong><\/h5>\n<h5 style=\"text-align: right;\"><\/h5>\n<p>[\/et_pb_text][\/et_pb_column][et_pb_column type=&#8221;1_5&#8243; _builder_version=&#8221;4.27.0&#8243; _module_preset=&#8221;default&#8221; global_colors_info=&#8221;{}&#8221;][\/et_pb_column][\/et_pb_row][et_pb_row _builder_version=&#8221;4.27.4&#8243; _module_preset=&#8221;default&#8221; custom_padding=&#8221;24px||6px|||&#8221; hover_enabled=&#8221;0&#8243; global_colors_info=&#8221;{}&#8221; column_structure=&#8221;3_4,1_4&#8243; sticky_enabled=&#8221;0&#8243;][et_pb_column type=&#8221;3_4&#8243; _builder_version=&#8221;4.27.0&#8243; _module_preset=&#8221;default&#8221; global_colors_info=&#8221;{}&#8221;][et_pb_text _builder_version=&#8221;4.27.0&#8243; _module_preset=&#8221;default&#8221; text_font=&#8221;&#8211;et_global_body_font|300|||||||&#8221; text_font_size=&#8221;22px&#8221; text_line_height=&#8221;1.2em&#8221; width=&#8221;100%&#8221; custom_padding=&#8221;|0px||||&#8221; global_colors_info=&#8221;{}&#8221;]<\/p>\n<p>A Peace of My Mind a expos\u00e9 des portraits et des histoires dans tout le pays et a publi\u00e9 quatre livres. Noltner participe \u00e0 des activit\u00e9s \u00e9ducatives et de dialogue en parall\u00e8le avec les expositions et \u00e0 travers des ateliers, des conf\u00e9rences et des \u00e9tudes photographiques sur place. Il utilise ce travail pour cr\u00e9er des opportunit\u00e9s permettant au public d&#8217;explorer la signification de la paix, une histoire \u00e0 la fois, et pour identifier des moyens par lesquels les gens peuvent commencer \u00e0 d\u00e9construire les pr\u00e9jug\u00e9s qui conduisent \u00e0 la division. Un guide de discussion, un guide \u00e9ducatif s\u00e9par\u00e9 et un texte compl\u00e9mentaire \u00e0 l&#8217;exposition, \u00e9crit par un sp\u00e9cialiste de la paix, aident le public \u00e0 comprendre plus profond\u00e9ment les diverses mani\u00e8res dont les gens interpr\u00e8tent et travaillent pour la paix. La collection vise \u00e0 reconna\u00eetre les d\u00e9fis auxquels la soci\u00e9t\u00e9 am\u00e9ricaine est confront\u00e9e tout en g\u00e9n\u00e9rant de l&#8217;espoir \u00e0 travers des histoires inspirantes de personnes engag\u00e9es dans la construction d&#8217;un avenir pacifique.<\/p>\n<p>[\/et_pb_text][\/et_pb_column][et_pb_column type=&#8221;1_4&#8243; _builder_version=&#8221;4.27.0&#8243; _module_preset=&#8221;default&#8221; global_colors_info=&#8221;{}&#8221;][et_pb_image src=&#8221;https:\/\/imagingpeace.org\/wp-content\/uploads\/2025\/02\/Screenshot-2025-02-27-at-16.57.16.png&#8221; _builder_version=&#8221;4.27.4&#8243; _module_preset=&#8221;default&#8221; title_text=&#8221;Screenshot 2025-02-27 at 16.57.16&#8243; hover_enabled=&#8221;0&#8243; sticky_enabled=&#8221;0&#8243;][\/et_pb_image][et_pb_text _builder_version=&#8221;4.27.0&#8243; _module_preset=&#8221;default&#8221; text_font=&#8221;Actor|&#8211;et_global_body_font_weight|||||||&#8221; text_line_height=&#8221;1.8em&#8221; header_5_font=&#8221;Antic Slab|&#8211;et_global_heading_font_weight|||||||&#8221; header_5_font_size=&#8221;15px&#8221; custom_margin=&#8221;2px||||false|false&#8221; custom_padding=&#8221;|1px||||&#8221; global_colors_info=&#8221;{}&#8221;]<\/p>\n<h5 style=\"text-align: right;\"><strong>Derni\u00e8re publication :<\/strong> Klein, M. (2014). Teaching a Peace of My Mind: An Educational Guide and a companion text to the exhibition by John Noltner.<\/h5>\n<h5 style=\"text-align: right;\"><\/h5>\n<p>[\/et_pb_text][\/et_pb_column][\/et_pb_row][et_pb_row column_structure=&#8221;1_5,3_5,1_5&#8243; _builder_version=&#8221;4.27.0&#8243; _module_preset=&#8221;default&#8221; background_color=&#8221;#EBEFE6&#8243; custom_margin=&#8221;46px|auto|61px|auto||&#8221; custom_padding=&#8221;91px|||||&#8221; global_colors_info=&#8221;{}&#8221;][et_pb_column type=&#8221;1_5&#8243; _builder_version=&#8221;4.27.0&#8243; _module_preset=&#8221;default&#8221; global_colors_info=&#8221;{}&#8221;][\/et_pb_column][et_pb_column type=&#8221;3_5&#8243; _builder_version=&#8221;4.27.0&#8243; _module_preset=&#8221;default&#8221; global_colors_info=&#8221;{}&#8221;][et_pb_testimonial author=&#8221;John Noltner&#8221; font_icon=&#8221;&#xf10e;||fa||900&#8243; use_icon_font_size=&#8221;on&#8221; _builder_version=&#8221;4.27.0&#8243; _module_preset=&#8221;default&#8221; body_font_size=&#8221;31px&#8221; body_line_height=&#8221;1.2em&#8221; author_font_size=&#8221;24px&#8221; author_line_height=&#8221;1.2em&#8221; custom_padding=&#8221;|0px||4px||&#8221; border_width_all=&#8221;0px&#8221; global_colors_info=&#8221;{}&#8221;]<\/p>\n<p style=\"text-align: center;\">&#8216;<em>Je ne suis pas un expert en paix. Je n&#8217;ai pas de formation formelle dans ce domaine et je n&#8217;ai pas de dipl\u00f4me acad\u00e9mique li\u00e9. Mes amis et ma famille diront que j&#8217;\u00e9choue souvent lorsqu&#8217;il s&#8217;agit de vivre en harmonie avec les autres. Mais c\u00e9l\u00e9brer la perfection n&#8217;est pas l&#8217;objectif de ce projet. Il s&#8217;agit d&#8217;avancer, de trouver des moyens de surmonter certaines de nos diff\u00e9rences et de c\u00e9l\u00e9brer l&#8217;humanit\u00e9 commune qui nous unit&#8217;.<\/em><\/p>\n<p>[\/et_pb_testimonial][\/et_pb_column][et_pb_column type=&#8221;1_5&#8243; _builder_version=&#8221;4.27.0&#8243; _module_preset=&#8221;default&#8221; global_colors_info=&#8221;{}&#8221;][\/et_pb_column][\/et_pb_row][et_pb_row _builder_version=&#8221;4.27.4&#8243; _module_preset=&#8221;default&#8221; global_colors_info=&#8221;{}&#8221;][et_pb_column type=&#8221;4_4&#8243; _builder_version=&#8221;4.27.4&#8243; _module_preset=&#8221;default&#8221; global_colors_info=&#8221;{}&#8221;][et_pb_menu menu_id=&#8221;10&#8243; menu_style=&#8221;centered&#8221; active_link_color=&#8221;#E09900&#8243; _builder_version=&#8221;4.27.0&#8243; _module_preset=&#8221;default&#8221; menu_font=&#8221;|||on|||||&#8221; menu_text_color=&#8221;#000000&#8243; global_colors_info=&#8221;{}&#8221; menu_font_size__hover_enabled=&#8221;off|desktop&#8221;][\/et_pb_menu][\/et_pb_column][\/et_pb_row][\/et_pb_section]<\/p>\n","protected":false},"excerpt":{"rendered":"<p>PROJECTS | ENGLISH\u00a0 |\u00a0 ESPA\u00d1OL\u00a0 |\u00a0 FRAN\u00c7AISA Peace of My Mind (FR)Pays: \u00c9tats-Unis Participants: Divers portraits Site internet\u00a0Melvin Carter\u2018Si je devais proposer ma propre d\u00e9finition [de la paix] ici et maintenant, je pense qu&#8217;il s&#8217;agit de personnes vivant en harmonie les unes avec les autres. Et quand je pense \u00e0 l&#8217;harmonie, peut-\u00eatre de mani\u00e8re m\u00e9lodique, [&hellip;]<\/p>\n","protected":false},"author":1,"featured_media":0,"parent":0,"menu_order":0,"comment_status":"closed","ping_status":"closed","template":"","meta":{"_et_pb_use_builder":"on","_et_pb_old_content":"<!-- wp:divi\/placeholder \/-->","_et_gb_content_width":"","footnotes":""},"class_list":["post-1281","page","type-page","status-publish","hentry"],"acf":[],"_links":{"self":[{"href":"https:\/\/imagingpeace.org\/index.php\/wp-json\/wp\/v2\/pages\/1281","targetHints":{"allow":["GET"]}}],"collection":[{"href":"https:\/\/imagingpeace.org\/index.php\/wp-json\/wp\/v2\/pages"}],"about":[{"href":"https:\/\/imagingpeace.org\/index.php\/wp-json\/wp\/v2\/types\/page"}],"author":[{"embeddable":true,"href":"https:\/\/imagingpeace.org\/index.php\/wp-json\/wp\/v2\/users\/1"}],"replies":[{"embeddable":true,"href":"https:\/\/imagingpeace.org\/index.php\/wp-json\/wp\/v2\/comments?post=1281"}],"version-history":[{"count":6,"href":"https:\/\/imagingpeace.org\/index.php\/wp-json\/wp\/v2\/pages\/1281\/revisions"}],"predecessor-version":[{"id":2068,"href":"https:\/\/imagingpeace.org\/index.php\/wp-json\/wp\/v2\/pages\/1281\/revisions\/2068"}],"wp:attachment":[{"href":"https:\/\/imagingpeace.org\/index.php\/wp-json\/wp\/v2\/media?parent=1281"}],"curies":[{"name":"wp","href":"https:\/\/api.w.org\/{rel}","templated":true}]}}