{"id":1280,"date":"2024-12-17T12:01:42","date_gmt":"2024-12-17T12:01:42","guid":{"rendered":"https:\/\/imagingpeace.org\/?page_id=1280"},"modified":"2025-02-27T16:29:45","modified_gmt":"2025-02-27T16:29:45","slug":"a-peace-of-my-mind-es","status":"publish","type":"page","link":"https:\/\/imagingpeace.org\/index.php\/a-peace-of-my-mind-es\/","title":{"rendered":"A Peace of My Mind ES"},"content":{"rendered":"<p>[et_pb_section fb_built=&#8221;1&#8243; _builder_version=&#8221;4.27.0&#8243; _module_preset=&#8221;default&#8221; locked=&#8221;off&#8221; global_colors_info=&#8221;{}&#8221;][et_pb_row _builder_version=&#8221;4.27.4&#8243; _module_preset=&#8221;default&#8221; custom_padding=&#8221;18px||0px|||&#8221; locked=&#8221;off&#8221; global_colors_info=&#8221;{}&#8221;][et_pb_column type=&#8221;4_4&#8243; _builder_version=&#8221;4.27.4&#8243; _module_preset=&#8221;default&#8221; global_colors_info=&#8221;{}&#8221;][et_pb_text _builder_version=&#8221;4.27.4&#8243; _module_preset=&#8221;default&#8221; global_colors_info=&#8221;{}&#8221;]<\/p>\n<p><a href=\"https:\/\/imagingpeace.org\/index.php\/peace-photography-projects\/\">PROJECTS<\/a> | <a href=\"https:\/\/imagingpeace.org\/index.php\/a-peace-of-my-mind\/\">ENGLISH<\/a>\u00a0 |\u00a0 <a href=\"https:\/\/imagingpeace.org\/index.php\/a-peace-of-my-mind-es\/\" title=\"Esp\">ESPA\u00d1OL<\/a>\u00a0 |\u00a0 <a href=\"https:\/\/imagingpeace.org\/index.php\/a-peace-of-my-mind-fr\/\">FRAN\u00c7AIS<\/a><\/p>\n<p>[\/et_pb_text][\/et_pb_column][\/et_pb_row][et_pb_row _builder_version=&#8221;4.27.0&#8243; _module_preset=&#8221;default&#8221; global_colors_info=&#8221;{}&#8221;][et_pb_column type=&#8221;4_4&#8243; _builder_version=&#8221;4.27.0&#8243; _module_preset=&#8221;default&#8221; global_colors_info=&#8221;{}&#8221;][et_pb_text admin_label=&#8221;Title&#8221; _builder_version=&#8221;4.27.0&#8243; _module_preset=&#8221;default&#8221; header_font_size=&#8221;54px&#8221; custom_margin=&#8221;||8px||false|false&#8221; global_colors_info=&#8221;{}&#8221;]<\/p>\n<h1 style=\"text-align: left;\"><strong>A Peace of My Mind (ES)<\/strong><\/h1>\n<p>[\/et_pb_text][et_pb_text admin_label=&#8221;Title&#8221; _builder_version=&#8221;4.27.4&#8243; _module_preset=&#8221;default&#8221; header_3_font_size=&#8221;24px&#8221; header_3_line_height=&#8221;0.8em&#8221; global_colors_info=&#8221;{}&#8221;]<\/p>\n<h3>Pa\u00eds:<strong> Estados Unidos<\/strong><\/h3>\n<h3>Participantes: <strong>Varios retratistas<\/strong><\/h3>\n<h3><a href=\"https:\/\/apeaceofmymind.org\/about\/\" target=\"_blank\" rel=\"noopener\">P\u00e1gina web<\/a><\/h3>\n<p>[\/et_pb_text][\/et_pb_column][\/et_pb_row][et_pb_row _builder_version=&#8221;4.27.0&#8243; _module_preset=&#8221;default&#8221; width=&#8221;100%&#8221; max_width=&#8221;1700px&#8221; custom_padding=&#8221;2px||1px|||&#8221; global_colors_info=&#8221;{}&#8221;][et_pb_column type=&#8221;4_4&#8243; _builder_version=&#8221;4.27.0&#8243; _module_preset=&#8221;default&#8221; global_colors_info=&#8221;{}&#8221;][et_pb_slider _builder_version=&#8221;4.27.0&#8243; _module_preset=&#8221;default&#8221; custom_margin=&#8221;||18px|||&#8221; custom_padding=&#8221;||579px|||&#8221; global_colors_info=&#8221;{}&#8221;][et_pb_slide _builder_version=&#8221;4.27.0&#8243; _module_preset=&#8221;default&#8221; background_color=&#8221;#969696&#8243; background_enable_color=&#8221;on&#8221; background_image=&#8221;https:\/\/imagingpeace.org\/wp-content\/uploads\/2024\/08\/APOMM452.jpg&#8221; background_enable_image=&#8221;on&#8221; width=&#8221;100%&#8221; width_tablet=&#8221;100%&#8221; width_phone=&#8221;0%&#8221; width_last_edited=&#8221;on|phone&#8221; max_width_tablet=&#8221;&#8221; max_width_phone=&#8221;100%&#8221; max_width_last_edited=&#8221;on|phone&#8221; global_colors_info=&#8221;{}&#8221; sticky_transition=&#8221;on&#8221;][\/et_pb_slide][\/et_pb_slider][\/et_pb_column][\/et_pb_row][et_pb_row column_structure=&#8221;1_5,3_5,1_5&#8243; _builder_version=&#8221;4.27.0&#8243; _module_preset=&#8221;default&#8221; custom_margin=&#8221;-3px|auto||auto||&#8221; custom_padding=&#8221;1px||5px|||&#8221; global_colors_info=&#8221;{}&#8221;][et_pb_column type=&#8221;1_5&#8243; _builder_version=&#8221;4.27.0&#8243; _module_preset=&#8221;default&#8221; global_colors_info=&#8221;{}&#8221;][\/et_pb_column][et_pb_column type=&#8221;3_5&#8243; _builder_version=&#8221;4.27.0&#8243; _module_preset=&#8221;default&#8221; global_colors_info=&#8221;{}&#8221;][et_pb_text _builder_version=&#8221;4.27.0&#8243; _module_preset=&#8221;default&#8221; text_font=&#8221;Actor|&#8211;et_global_body_font_weight|||||||&#8221; text_line_height=&#8221;1.8em&#8221; header_5_font=&#8221;Antic Slab|&#8211;et_global_heading_font_weight|||||||&#8221; header_5_font_size=&#8221;15px&#8221; custom_margin=&#8221;2px|-7px||-6px|false|false&#8221; custom_padding=&#8221;2px|0px||58px||&#8221; global_colors_info=&#8221;{}&#8221;]<\/p>\n<h5 style=\"text-align: right;\"><strong>Melvin Carter<\/strong><br \/>\u2018Si pudiera proponer mi propia definici\u00f3n [de paz] aqu\u00ed y ahora, creo que se trata de personas que viven en armon\u00eda unas con otras. Y cuando pienso en armon\u00eda, tal vez mel\u00f3dicamente, tal vez r\u00edtmicamente, [me refiero a] estar juntos de manera que podamos aceptar los unos de los otros idiosincr\u00e1ticos\u2026 En la sinfon\u00eda, suceden todo tipo de cosas, r\u00edtmicas, mel\u00f3dicas y armoniosas, al mismo tiempo. [Sin embargo, los instrumentos funcionan] juntos de tal manera que no chocan<em>.<\/em><\/h5>\n<h5 style=\"text-align: right;\">Melvin Carter Jr. es un oficial de polic\u00eda retirado de St. Paul. Trabaja con Save Our Sons, una organizaci\u00f3n que ayud\u00f3 a fundar para orientar a j\u00f3venes afroamericanos que est\u00e1n en problemas. Melvin se refiere a su tiempo en la polic\u00eda como una vocaci\u00f3n. Se ve\u00eda a s\u00ed mismo como un oficial de \u201cpaz\u201d y dice que entr\u00f3 en la \u201cpaz\u201d de la misma manera que un predicador o un ministro entra en el ministerio.<br \/><strong>\u00a9 John Noltner<\/strong><\/h5>\n<p>[\/et_pb_text][\/et_pb_column][et_pb_column type=&#8221;1_5&#8243; _builder_version=&#8221;4.27.0&#8243; _module_preset=&#8221;default&#8221; global_colors_info=&#8221;{}&#8221;][\/et_pb_column][\/et_pb_row][et_pb_row _builder_version=&#8221;4.27.0&#8243; _module_preset=&#8221;default&#8221; custom_padding=&#8221;24px||6px|||&#8221; global_colors_info=&#8221;{}&#8221;][et_pb_column type=&#8221;4_4&#8243; _builder_version=&#8221;4.27.0&#8243; _module_preset=&#8221;default&#8221; global_colors_info=&#8221;{}&#8221;][et_pb_text _builder_version=&#8221;4.27.0&#8243; _module_preset=&#8221;default&#8221; text_font=&#8221;&#8211;et_global_body_font|300|||||||&#8221; text_font_size=&#8221;22px&#8221; text_line_height=&#8221;1.2em&#8221; width=&#8221;100%&#8221; custom_padding=&#8221;|0px||||&#8221; global_colors_info=&#8221;{}&#8221;]<\/p>\n<p><em><\/em><\/p>\n<p><a href=\"https:\/\/apomm.org\/about\/\" target=\"_blank\" rel=\"noopener\"><em>A Peace of My Mind <\/em><\/a>es un proyecto de arte multimedia, creado por el fot\u00f3grafo estadounidense John Noltner, que utiliza retratos fotogr\u00e1ficos e historias personales para salvar divisiones y fomentar el di\u00e1logo sobre temas importantes. El proyecto comenz\u00f3 en 2009, cuando Noltner empez\u00f3 a conducir por Minnesota preguntando a la gente: <strong>&#8220;\u00bfQu\u00e9 significa la paz para ti?&#8221;.<\/strong> Posteriormente condujo m\u00e1s de 150.000 millas por todo Estados Unidos, haciendo la misma pregunta. Al grabar sus entrevistas y tomar sus retratos, Noltner ha creado un archivo de historias que documenta las numerosas definiciones de paz.<\/p>\n<p>Noltner cre\u00f3 el proyecto porque estaba cada vez m\u00e1s frustrado por el divisivo di\u00e1logo nacional que se centra en lo que separa a los estadounidenses. Quer\u00eda utilizar sus habilidades fotogr\u00e1ficas y narrativas para redescubrir y explorar lo que las personas tienen en com\u00fan. Encuentra a sus retratados a trav\u00e9s de su propia investigaci\u00f3n y de boca en boca, preguntando a otros con qui\u00e9n deber\u00eda hablar. Van desde l\u00edderes comunitarios, activistas de derechos civiles, artistas, trabajadores juveniles, sobrevivientes del Holocausto y ejecutivos petroleros hasta refugiados y personas que han perdido a sus seres queridos a causa de ataques terroristas. Se re\u00fane con personas en un lugar donde se sienten c\u00f3modos y comienza con una entrevista de aproximadamente una hora, pidi\u00e9ndoles que le hablen sobre ellos mismos antes de pasar a las preguntas clave: \u00bfQu\u00e9 significa la paz para usted? \u00bfC\u00f3mo trabajas para lograrlo en tu vida? \u00bfCu\u00e1les son algunos de los obst\u00e1culos que encuentras en el camino? Siempre toma el retrato una vez finalizada la entrevista.<\/p>\n<p>[\/et_pb_text][\/et_pb_column][\/et_pb_row][et_pb_row _builder_version=&#8221;4.27.0&#8243; _module_preset=&#8221;default&#8221; global_colors_info=&#8221;{}&#8221;][et_pb_column type=&#8221;4_4&#8243; _builder_version=&#8221;4.27.0&#8243; _module_preset=&#8221;default&#8221; global_colors_info=&#8221;{}&#8221;][et_pb_image src=&#8221;https:\/\/imagingpeace.org\/wp-content\/uploads\/2024\/08\/APOMM45-1024&#215;1024.jpg&#8221; title_text=&#8221;APOMM45&#8243; align=&#8221;center&#8221; _builder_version=&#8221;4.27.0&#8243; _module_preset=&#8221;default&#8221; global_colors_info=&#8221;{}&#8221;][\/et_pb_image][\/et_pb_column][\/et_pb_row][et_pb_row column_structure=&#8221;1_5,3_5,1_5&#8243; _builder_version=&#8221;4.27.0&#8243; _module_preset=&#8221;default&#8221; custom_padding=&#8221;4px|||||&#8221; global_colors_info=&#8221;{}&#8221;][et_pb_column type=&#8221;1_5&#8243; _builder_version=&#8221;4.27.0&#8243; _module_preset=&#8221;default&#8221; global_colors_info=&#8221;{}&#8221;][\/et_pb_column][et_pb_column type=&#8221;3_5&#8243; _builder_version=&#8221;4.27.0&#8243; _module_preset=&#8221;default&#8221; global_colors_info=&#8221;{}&#8221;][et_pb_text _builder_version=&#8221;4.27.4&#8243; _module_preset=&#8221;default&#8221; text_font=&#8221;Actor|&#8211;et_global_body_font_weight|||||||&#8221; text_line_height=&#8221;1.8em&#8221; header_5_font=&#8221;Antic Slab|&#8211;et_global_heading_font_weight|||||||&#8221; header_5_font_size=&#8221;15px&#8221; custom_margin=&#8221;2px||||false|false&#8221; custom_padding=&#8221;|1px||||&#8221; global_colors_info=&#8221;{}&#8221;]<\/p>\n<h5 style=\"text-align: right;\"><strong>Rab\u00edna Marcia Zimmerman<\/strong><br \/>\u2018<em>Para\u00a0m\u00ed, tener relaciones es el requisito fundamental de la paz. No se puede unir pac\u00edficamente a dos personas, dos naciones, dos mundos sin una relaci\u00f3n. Seg\u00fan mi propia experiencia en di\u00e1logos interreligiosos, todos podemos vivir en este plano ideal: paz y comprensi\u00f3n. Y todos podemos estar de acuerdo en muchas cosas, y luego llegamos a los detalles y todo puede desmoronarse&#8230; Siempre me enfrento a mis suposiciones y estoy ah\u00ed para confrontar a otros sobre sus suposiciones\u201d. <\/em><\/h5>\n<h5 style=\"text-align: right;\">La rabina Marcia Zimmerman es la rabina principal del Temple Israel en Minneapolis. Participa regularmente en di\u00e1logos interreligiosos con cl\u00e9rigos de otras religiones y reconoce los beneficios y desaf\u00edos de trabajar con dichos grupos. Marcia se basa en un texto talm\u00fadico que habla de varios niveles de paz y explica que la paz no es un proceso lineal, es un proceso en constante evoluci\u00f3n, y es posible que descubramos que progresamos un d\u00eda y al d\u00eda siguiente lo perdemos&#8217;<br \/><strong>\u00a9 John Noltner<\/strong><\/h5>\n<h5 style=\"text-align: right;\"><\/h5>\n<p>[\/et_pb_text][\/et_pb_column][et_pb_column type=&#8221;1_5&#8243; _builder_version=&#8221;4.27.0&#8243; _module_preset=&#8221;default&#8221; global_colors_info=&#8221;{}&#8221;][\/et_pb_column][\/et_pb_row][et_pb_row _builder_version=&#8221;4.27.4&#8243; _module_preset=&#8221;default&#8221; custom_padding=&#8221;24px||6px|||&#8221; hover_enabled=&#8221;0&#8243; global_colors_info=&#8221;{}&#8221; column_structure=&#8221;3_4,1_4&#8243; sticky_enabled=&#8221;0&#8243;][et_pb_column type=&#8221;3_4&#8243; _builder_version=&#8221;4.27.0&#8243; _module_preset=&#8221;default&#8221; global_colors_info=&#8221;{}&#8221;][et_pb_text _builder_version=&#8221;4.27.0&#8243; _module_preset=&#8221;default&#8221; text_font=&#8221;&#8211;et_global_body_font|300|||||||&#8221; text_font_size=&#8221;22px&#8221; text_line_height=&#8221;1.2em&#8221; width=&#8221;100%&#8221; custom_padding=&#8221;|0px||||&#8221; global_colors_info=&#8221;{}&#8221;]<\/p>\n<p><em>A Peace of My Mind<\/em> ha exhibido retratos e historias en todo Estados Unidos y ha publicado cuatro libros. Noltner participa en actividades educativas y de di\u00e1logo junto con las exposiciones y a trav\u00e9s de talleres, conferencias y estudios fotogr\u00e1ficos in situ. Utiliza el trabajo para crear oportunidades para que el p\u00fablico explore el significado de la paz, una historia a la vez, y para identificar formas en que las personas pueden comenzar a desmantelar los prejuicios que conducen a la divisi\u00f3n. Una gu\u00eda de discusi\u00f3n y una gu\u00eda educativa separada y un texto complementario a la exposici\u00f3n escrito por un estudioso de la paz ayudan al p\u00fablico a comprender m\u00e1s profundamente las diversas formas en que las personas interpretan y trabajan por la paz. La colecci\u00f3n tiene como objetivo reconocer los desaf\u00edos que enfrenta la sociedad estadounidense y, al mismo tiempo, generar esperanza a trav\u00e9s de historias inspiradoras de personas comprometidas con futuros pac\u00edficos.<span style=\"font-size: 22px; font-family: var(--et_global_body_font),serif;\"><\/span><\/p>\n<p>[\/et_pb_text][\/et_pb_column][et_pb_column type=&#8221;1_4&#8243; _builder_version=&#8221;4.27.0&#8243; _module_preset=&#8221;default&#8221; global_colors_info=&#8221;{}&#8221;][et_pb_image src=&#8221;https:\/\/imagingpeace.org\/wp-content\/uploads\/2025\/02\/Screenshot-2025-02-27-at-16.57.16-1.png&#8221; _builder_version=&#8221;4.27.4&#8243; _module_preset=&#8221;default&#8221; theme_builder_area=&#8221;post_content&#8221; hover_enabled=&#8221;0&#8243; sticky_enabled=&#8221;0&#8243;][\/et_pb_image][et_pb_text _builder_version=&#8221;4.27.4&#8243; _module_preset=&#8221;default&#8221; text_font=&#8221;Actor|&#8211;et_global_body_font_weight|||||||&#8221; text_line_height=&#8221;1.8em&#8221; header_5_font=&#8221;Antic Slab|&#8211;et_global_heading_font_weight|||||||&#8221; header_5_font_size=&#8221;15px&#8221; custom_margin=&#8221;2px||||false|false&#8221; custom_padding=&#8221;|1px||||&#8221; global_colors_info=&#8221;{}&#8221;]<\/p>\n<h5 style=\"text-align: right;\"><strong>Ultima\u00a0publicaci\u00f3n: <\/strong>Klein,\u00a0M. (2014). <em>Teaching a Peace of My Mind: An Educational Guide and a companion text to the exhibition\u00a0<\/em>by John Noltner<span style=\"font-size: 22px; font-family: var(--et_global_body_font),serif;\">.<\/span><\/h5>\n<h5 style=\"text-align: right;\"><\/h5>\n<p>[\/et_pb_text][\/et_pb_column][\/et_pb_row][et_pb_row column_structure=&#8221;1_5,3_5,1_5&#8243; _builder_version=&#8221;4.27.0&#8243; _module_preset=&#8221;default&#8221; background_color=&#8221;#EBEFE6&#8243; custom_margin=&#8221;46px|auto|61px|auto||&#8221; custom_padding=&#8221;91px|||||&#8221; global_colors_info=&#8221;{}&#8221;][et_pb_column type=&#8221;1_5&#8243; _builder_version=&#8221;4.27.0&#8243; _module_preset=&#8221;default&#8221; global_colors_info=&#8221;{}&#8221;][\/et_pb_column][et_pb_column type=&#8221;3_5&#8243; _builder_version=&#8221;4.27.0&#8243; _module_preset=&#8221;default&#8221; global_colors_info=&#8221;{}&#8221;][et_pb_testimonial author=&#8221;John Noltner&#8221; font_icon=&#8221;&#xf10e;||fa||900&#8243; use_icon_font_size=&#8221;on&#8221; _builder_version=&#8221;4.27.0&#8243; _module_preset=&#8221;default&#8221; body_font_size=&#8221;31px&#8221; body_line_height=&#8221;1.2em&#8221; author_font_size=&#8221;24px&#8221; author_line_height=&#8221;1.2em&#8221; custom_padding=&#8221;|0px||4px||&#8221; border_width_all=&#8221;0px&#8221; global_colors_info=&#8221;{}&#8221;]<\/p>\n<p style=\"text-align: center;\">\u2018<em>No soy un experto en paz. No tengo formaci\u00f3n formal en el tema y no tengo ning\u00fan t\u00edtulo acad\u00e9mico relacionado. Mis amigos y mi familia me dir\u00e1n que suelo fallar cuando se trata de vivir en armon\u00eda con los dem\u00e1s. Pero celebrar la perfecci\u00f3n no es el objetivo de este proyecto. Se trata de avanzar, de encontrar maneras de salvar algunas de nuestras diferencias y de celebrar la humanidad com\u00fan que nos une&#8217;.<\/em><\/p>\n<p>[\/et_pb_testimonial][\/et_pb_column][et_pb_column type=&#8221;1_5&#8243; _builder_version=&#8221;4.27.0&#8243; _module_preset=&#8221;default&#8221; global_colors_info=&#8221;{}&#8221;][\/et_pb_column][\/et_pb_row][et_pb_row _builder_version=&#8221;4.27.4&#8243; _module_preset=&#8221;default&#8221; global_colors_info=&#8221;{}&#8221;][et_pb_column type=&#8221;4_4&#8243; _builder_version=&#8221;4.27.4&#8243; _module_preset=&#8221;default&#8221; global_colors_info=&#8221;{}&#8221;][et_pb_menu menu_id=&#8221;10&#8243; menu_style=&#8221;centered&#8221; active_link_color=&#8221;#E09900&#8243; _builder_version=&#8221;4.27.0&#8243; _module_preset=&#8221;default&#8221; menu_font=&#8221;|||on|||||&#8221; menu_text_color=&#8221;#000000&#8243; global_colors_info=&#8221;{}&#8221; menu_font_size__hover_enabled=&#8221;off|desktop&#8221;][\/et_pb_menu][\/et_pb_column][\/et_pb_row][\/et_pb_section][et_pb_section fb_built=&#8221;1&#8243; theme_builder_area=&#8221;post_content&#8221; _builder_version=&#8221;4.27.4&#8243; _module_preset=&#8221;default&#8221;][\/et_pb_section]<\/p>\n","protected":false},"excerpt":{"rendered":"<p>PROJECTS | ENGLISH\u00a0 |\u00a0 ESPA\u00d1OL\u00a0 |\u00a0 FRAN\u00c7AISA Peace of My Mind (ES)Pa\u00eds: Estados Unidos Participantes: Varios retratistas P\u00e1gina webMelvin Carter\u2018Si pudiera proponer mi propia definici\u00f3n [de paz] aqu\u00ed y ahora, creo que se trata de personas que viven en armon\u00eda unas con otras. Y cuando pienso en armon\u00eda, tal vez mel\u00f3dicamente, tal vez r\u00edtmicamente, [me [&hellip;]<\/p>\n","protected":false},"author":1,"featured_media":0,"parent":0,"menu_order":0,"comment_status":"closed","ping_status":"closed","template":"","meta":{"_et_pb_use_builder":"on","_et_pb_old_content":"<!-- wp:divi\/placeholder \/-->","_et_gb_content_width":"","footnotes":""},"class_list":["post-1280","page","type-page","status-publish","hentry"],"acf":[],"_links":{"self":[{"href":"https:\/\/imagingpeace.org\/index.php\/wp-json\/wp\/v2\/pages\/1280","targetHints":{"allow":["GET"]}}],"collection":[{"href":"https:\/\/imagingpeace.org\/index.php\/wp-json\/wp\/v2\/pages"}],"about":[{"href":"https:\/\/imagingpeace.org\/index.php\/wp-json\/wp\/v2\/types\/page"}],"author":[{"embeddable":true,"href":"https:\/\/imagingpeace.org\/index.php\/wp-json\/wp\/v2\/users\/1"}],"replies":[{"embeddable":true,"href":"https:\/\/imagingpeace.org\/index.php\/wp-json\/wp\/v2\/comments?post=1280"}],"version-history":[{"count":7,"href":"https:\/\/imagingpeace.org\/index.php\/wp-json\/wp\/v2\/pages\/1280\/revisions"}],"predecessor-version":[{"id":2066,"href":"https:\/\/imagingpeace.org\/index.php\/wp-json\/wp\/v2\/pages\/1280\/revisions\/2066"}],"wp:attachment":[{"href":"https:\/\/imagingpeace.org\/index.php\/wp-json\/wp\/v2\/media?parent=1280"}],"curies":[{"name":"wp","href":"https:\/\/api.w.org\/{rel}","templated":true}]}}