{"id":1274,"date":"2024-12-17T12:21:05","date_gmt":"2024-12-17T12:21:05","guid":{"rendered":"https:\/\/imagingpeace.org\/?page_id=1274"},"modified":"2025-01-18T14:00:08","modified_gmt":"2025-01-18T14:00:08","slug":"voices-and-images-es","status":"publish","type":"page","link":"https:\/\/imagingpeace.org\/index.php\/voices-and-images-es\/","title":{"rendered":"Voices and Images ES"},"content":{"rendered":"<p>[et_pb_section fb_built=&#8221;1&#8243; _builder_version=&#8221;4.27.0&#8243; _module_preset=&#8221;default&#8221; locked=&#8221;off&#8221; global_colors_info=&#8221;{}&#8221;][et_pb_row _builder_version=&#8221;4.27.4&#8243; _module_preset=&#8221;default&#8221; custom_padding=&#8221;18px||0px|||&#8221; locked=&#8221;off&#8221; global_colors_info=&#8221;{}&#8221;][et_pb_column type=&#8221;4_4&#8243; _builder_version=&#8221;4.27.4&#8243; _module_preset=&#8221;default&#8221; global_colors_info=&#8221;{}&#8221;][et_pb_text _builder_version=&#8221;4.27.4&#8243; _module_preset=&#8221;default&#8221; global_colors_info=&#8221;{}&#8221;]<\/p>\n<p><a href=\"https:\/\/imagingpeace.org\/index.php\/peace-photography-projects\/\">PROJECTS<\/a> | <a href=\"https:\/\/imagingpeace.org\/index.php\/2-voices-and-images\/\">ENGLISH<\/a>\u00a0 |\u00a0 <a href=\"https:\/\/imagingpeace.org\/index.php\/voices-and-images-es\/\" title=\"Esp\">ESPA\u00d1OL\u00a0<\/a> |\u00a0 <a href=\"https:\/\/imagingpeace.org\/index.php\/voices-and-images-fr\/\">FRAN\u00c7AIS<\/a><\/p>\n<p>[\/et_pb_text][\/et_pb_column][\/et_pb_row][et_pb_row _builder_version=&#8221;4.27.0&#8243; _module_preset=&#8221;default&#8221; global_colors_info=&#8221;{}&#8221;][et_pb_column type=&#8221;4_4&#8243; _builder_version=&#8221;4.27.0&#8243; _module_preset=&#8221;default&#8221; global_colors_info=&#8221;{}&#8221;][et_pb_text admin_label=&#8221;Title&#8221; _builder_version=&#8221;4.27.0&#8243; _module_preset=&#8221;default&#8221; header_font_size=&#8221;54px&#8221; header_line_height=&#8221;1em&#8221; custom_margin=&#8221;||29px||false|false&#8221; global_colors_info=&#8221;{}&#8221;]<\/p>\n<h1 style=\"text-align: left;\"><strong>Voices and images:\u00a0<\/strong><strong>Mayan Ixil women of Chajul (ES)<\/strong><\/h1>\n<p>[\/et_pb_text][et_pb_text admin_label=&#8221;Title&#8221; _builder_version=&#8221;4.27.4&#8243; _module_preset=&#8221;default&#8221; header_3_font_size=&#8221;24px&#8221; header_3_line_height=&#8221;0.8em&#8221; global_colors_info=&#8221;{}&#8221;]<\/p>\n<h3>Pa\u00eds:<strong> Guatemala<\/strong><\/h3>\n<h3>Participantes: <strong><\/strong><strong>Mujeres fot\u00f3grafas de la Asociaci\u00f3n de Mujeres Maya Ixiles (ADMI) <\/strong><strong>y M. Brinton Lykes<\/strong><\/h3>\n<p>[\/et_pb_text][\/et_pb_column][\/et_pb_row][et_pb_row _builder_version=&#8221;4.27.0&#8243; _module_preset=&#8221;default&#8221; width=&#8221;100%&#8221; max_width=&#8221;1700px&#8221; custom_padding=&#8221;2px||1px|||&#8221; global_colors_info=&#8221;{}&#8221;][et_pb_column type=&#8221;4_4&#8243; _builder_version=&#8221;4.27.0&#8243; _module_preset=&#8221;default&#8221; global_colors_info=&#8221;{}&#8221;][et_pb_slider _builder_version=&#8221;4.27.0&#8243; _module_preset=&#8221;default&#8221; custom_margin=&#8221;||18px|||&#8221; custom_padding=&#8221;||579px|||&#8221; global_colors_info=&#8221;{}&#8221;][et_pb_slide _builder_version=&#8221;4.27.0&#8243; _module_preset=&#8221;default&#8221; background_color=&#8221;#969696&#8243; background_enable_color=&#8221;on&#8221; background_image=&#8221;https:\/\/imagingpeace.org\/wp-content\/uploads\/2024\/08\/V-I-2.jpg&#8221; background_enable_image=&#8221;on&#8221; background_position=&#8221;top_center&#8221; width=&#8221;100%&#8221; width_tablet=&#8221;100%&#8221; width_phone=&#8221;0%&#8221; width_last_edited=&#8221;on|phone&#8221; max_width_tablet=&#8221;&#8221; max_width_phone=&#8221;100%&#8221; max_width_last_edited=&#8221;on|phone&#8221; global_colors_info=&#8221;{}&#8221; sticky_transition=&#8221;on&#8221;][\/et_pb_slide][\/et_pb_slider][\/et_pb_column][\/et_pb_row][et_pb_row _builder_version=&#8221;4.27.0&#8243; _module_preset=&#8221;default&#8221; custom_margin=&#8221;-3px|auto||auto||&#8221; custom_padding=&#8221;1px||5px|||&#8221; global_colors_info=&#8221;{}&#8221;][et_pb_column type=&#8221;4_4&#8243; _builder_version=&#8221;4.27.0&#8243; _module_preset=&#8221;default&#8221; global_colors_info=&#8221;{}&#8221;][et_pb_text _builder_version=&#8221;4.27.4&#8243; _module_preset=&#8221;default&#8221; text_font=&#8221;Actor|&#8211;et_global_body_font_weight|||||||&#8221; text_line_height=&#8221;1.8em&#8221; header_5_font=&#8221;Antic Slab|&#8211;et_global_heading_font_weight|||||||&#8221; header_5_font_size=&#8221;15px&#8221; custom_margin=&#8221;2px||||false|false&#8221; custom_padding=&#8221;0px|0px||58px||&#8221; global_colors_info=&#8221;{}&#8221;]<\/p>\n<h5 style=\"text-align: right;\">Talleres de photovoice.<br \/><strong>\u00a9 Voices and images: Mayan Ixil women of Chajul, Guatemala<\/strong><\/h5>\n<p>[\/et_pb_text][\/et_pb_column][\/et_pb_row][et_pb_row _builder_version=&#8221;4.27.0&#8243; _module_preset=&#8221;default&#8221; custom_padding=&#8221;24px||6px|||&#8221; global_colors_info=&#8221;{}&#8221;][et_pb_column type=&#8221;4_4&#8243; _builder_version=&#8221;4.27.0&#8243; _module_preset=&#8221;default&#8221; global_colors_info=&#8221;{}&#8221;][et_pb_text _builder_version=&#8221;4.27.0&#8243; _module_preset=&#8221;default&#8221; text_font=&#8221;&#8211;et_global_body_font|300|||||||&#8221; text_font_size=&#8221;22px&#8221; text_line_height=&#8221;1.2em&#8221; width=&#8221;100%&#8221; custom_padding=&#8221;|0px||||&#8221; global_colors_info=&#8221;{}&#8221;]<\/p>\n<p>Durante la guerra civil guatemalteca (1960-96), las fuerzas gubernamentales fueron condenadas por abusos generalizados contra los derechos humanos de la poblaci\u00f3n civil y por cometer genocidio contra los mayas ixiles. Chajul, una ciudad importante dentro del \u00e1rea ixil, fue uno de los lugares de atrocidades masivas que incluyen masacres, destrucci\u00f3n de aldeas, desapariciones<span>,<\/span> desplazamientos y exilios generalizados.<\/p>\n<p>Los efectos de amplio alcance de d\u00e9cadas de conflicto combinados con desigualdades econ\u00f3micas, racismo y legados coloniales estructurales profundamente arraigados rompieron gran parte de la vida cotidiana dentro de estas comunidades. Las mujeres que hab\u00edan sufrido la violencia racializada y de g\u00e9nero de la guerra, que inclu\u00eda miles de casos documentados de violaci\u00f3n, tortura y asesinato de ni\u00f1as y mujeres, a menudo quedaban como las \u00fanicas proveedoras. Muchas respondieron creando y participando en nuevas organizaciones de derechos humanos y de mujeres a trav\u00e9s de las cuales buscaban recuperar tradiciones y reconstruir comunidades y familias.<\/p>\n<p>La Asociaci\u00f3n de Mujeres Mayas Ixiles (ADMI) fue una de esas organizaciones que busc\u00f3 crear un espacio alternativo en el que las sobrevivientes pudieran expresar los m\u00faltiples efectos de la guerra y c\u00f3mo estaban reconstruyendo sus vidas. ADMI coordin\u00f3 varios programas, incluidos proyectos educativos y de desarrollo econ\u00f3mico y una biblioteca local. M. Brinton Lykes, una acad\u00e9mica activista de los Estados Unidos, trabaj\u00f3 en colaboraci\u00f3n con las mujeres de ADMI desde 1992 en adelante, bas\u00e1ndose en las t\u00e9cnicas pedag\u00f3gicas, las pr\u00e1cticas ind\u00edgenas y los m\u00e9todos de investigaci\u00f3n-acci\u00f3n participativa (PAR) de Paulo Freire. Las mujeres decidieron que quer\u00edan incorporar la fotograf\u00eda participativa. Inspiradas por el trabajo Photovoice de Caroline Wang con mujeres chinas, buscaron utilizar la fotograf\u00eda para desarrollar un registro p\u00fablico de las vidas de las mujeres ixiles, para \u201ccontar la historia de la violencia\u201d, prevenir episodios futuros y construir conexiones con otras mujeres en Guatemala. Tambi\u00e9n buscaron aprender nuevas habilidades para desarrollar recursos econ\u00f3micos y psicosociales para sus comunidades.<\/p>\n<p>Veinte miembros de ADMI se ofrecieron como voluntarios para participar en lo que ser\u00eda un proyecto de varios a\u00f1os. Despu\u00e9s de una formaci\u00f3n inicial con la c\u00e1mara, comenzaron un proceso iterativo de fotografiar y contar historias individuales para desarrollar una narrativa comunitaria. El enfoque tem\u00e1tico fue decidido por los participantes cada mes, a partir del an\u00e1lisis de sus fotograf\u00edas anteriores y de sus experiencias vividas durante la guerra y despu\u00e9s de ella. Los temas incluyeron el trabajo de las mujeres, las familias, la salud y la enfermedad, la religi\u00f3n y la cultura, las luchas por la tierra, los efectos de la guerra, la cosecha y su trabajo con ADMI.<\/p>\n<p>Las mujeres fotografiaban la vida cotidiana y viajaban a pueblos vecinos, registraban historias de vida y entrevistaban con frecuencia a quienes fotografiaban. En los talleres de an\u00e1lisis, cada fot\u00f3grafo seleccionaba entre cinco y siete fotograf\u00edas de su rollo de pel\u00edcula y contaba la historia de cada fotograf\u00eda a un grupo peque\u00f1o. En la segunda ronda de an\u00e1lisis, grupos de mujeres reducir\u00edan la selecci\u00f3n a dos o cuatro im\u00e1genes, que se organizar\u00edan por temas. Desarrollaron estrategias para agrupar ideas, identificando similitudes y diferencias entre fotograf\u00edas. Exploraron las causas inmediatas y subyacentes de los problemas representados y formularon hip\u00f3tesis sobre secuencias causales. Luego, los an\u00e1lisis se presentaron al grupo m\u00e1s grande y estuvieron sujetos a un nuevo an\u00e1lisis adicional y a una exploraci\u00f3n de posibles soluciones a los problemas identificados, lo que ayud\u00f3 a definir prioridades para el trabajo futuro.<\/p>\n<p>En 2000, publicaron un volumen de 120 p\u00e1ginas con im\u00e1genes, historias y entrevistas organizadas en cap\u00edtulos tem\u00e1ticos, seleccionadas entre miles de im\u00e1genes tomadas a lo largo de dos a\u00f1os.<\/p>\n<p>[\/et_pb_text][\/et_pb_column][\/et_pb_row][et_pb_row column_structure=&#8221;1_5,3_5,1_5&#8243; _builder_version=&#8221;4.27.0&#8243; _module_preset=&#8221;default&#8221; background_color=&#8221;#EBEFE6&#8243; custom_margin=&#8221;18px|auto|61px|auto||&#8221; custom_padding=&#8221;91px|||||&#8221; global_colors_info=&#8221;{}&#8221;][et_pb_column type=&#8221;1_5&#8243; _builder_version=&#8221;4.27.0&#8243; _module_preset=&#8221;default&#8221; global_colors_info=&#8221;{}&#8221;][\/et_pb_column][et_pb_column type=&#8221;3_5&#8243; _builder_version=&#8221;4.27.0&#8243; _module_preset=&#8221;default&#8221; global_colors_info=&#8221;{}&#8221;][et_pb_testimonial author=&#8221;Participante de Voices &#038; Images &#8221; font_icon=&#8221;&#xf10e;||fa||900&#8243; use_icon_font_size=&#8221;on&#8221; _builder_version=&#8221;4.27.4&#8243; _module_preset=&#8221;default&#8221; body_font_size=&#8221;31px&#8221; body_line_height=&#8221;1.2em&#8221; author_font_size=&#8221;24px&#8221; author_line_height=&#8221;1.2em&#8221; custom_padding=&#8221;|0px||4px||&#8221; border_width_all=&#8221;0px&#8221; global_colors_info=&#8221;{}&#8221;]<\/p>\n<p style=\"text-align: center;\"><em>\u2018El proyecto PhotoVoice (fotovoz) es muy importante para nosotros porque, como su nombre indica, PhotoVoice es a la vez fotograf\u00eda y voz. La voz explica qu\u00e9 es una foto y qu\u00e9 significa. Es un camino, una gu\u00eda que nos est\u00e1 dando rumbo en la b\u00fasqueda de una soluci\u00f3n a nuestras necesidades como mujeres\u2019.<\/em><\/p>\n<p>[\/et_pb_testimonial][\/et_pb_column][et_pb_column type=&#8221;1_5&#8243; _builder_version=&#8221;4.27.0&#8243; _module_preset=&#8221;default&#8221; global_colors_info=&#8221;{}&#8221;][\/et_pb_column][\/et_pb_row][et_pb_row _builder_version=&#8221;4.27.0&#8243; _module_preset=&#8221;default&#8221; custom_padding=&#8221;15px|||||&#8221; global_colors_info=&#8221;{}&#8221;][et_pb_column type=&#8221;4_4&#8243; _builder_version=&#8221;4.27.0&#8243; _module_preset=&#8221;default&#8221; global_colors_info=&#8221;{}&#8221;][et_pb_image src=&#8221;https:\/\/imagingpeace.org\/wp-content\/uploads\/2024\/08\/VI-1-scaled.jpg&#8221; title_text=&#8221;V&#038;I 1&#8243; _builder_version=&#8221;4.27.0&#8243; _module_preset=&#8221;default&#8221; custom_margin=&#8221;||17px|||&#8221; global_colors_info=&#8221;{}&#8221;][\/et_pb_image][et_pb_text _builder_version=&#8221;4.27.4&#8243; _module_preset=&#8221;default&#8221; text_font=&#8221;Actor|&#8211;et_global_body_font_weight|||||||&#8221; text_line_height=&#8221;1.8em&#8221; header_5_font=&#8221;Antic Slab|&#8211;et_global_heading_font_weight|||||||&#8221; header_5_font_size=&#8221;15px&#8221; custom_margin=&#8221;2px||||false|false&#8221; custom_padding=&#8221;0px|0px||58px||&#8221; global_colors_info=&#8221;{}&#8221;]<\/p>\n<h5 style=\"text-align: right;\">Investigadoras mayas ixiles, fot\u00f3grafas y autoras de PhotoVoice.<\/h5>\n<h5 style=\"text-align: right;\"><strong>\u00a9 Juana Utuy Itzep\/Voices and images: Mayan Ixil women of Chajul, Guatemala<\/strong><\/h5>\n<p>[\/et_pb_text][\/et_pb_column][\/et_pb_row][et_pb_row _builder_version=&#8221;4.27.4&#8243; _module_preset=&#8221;default&#8221; global_colors_info=&#8221;{}&#8221;][et_pb_column type=&#8221;4_4&#8243; _builder_version=&#8221;4.27.4&#8243; _module_preset=&#8221;default&#8221; global_colors_info=&#8221;{}&#8221;][et_pb_menu menu_id=&#8221;10&#8243; menu_style=&#8221;centered&#8221; active_link_color=&#8221;#E09900&#8243; _builder_version=&#8221;4.27.0&#8243; _module_preset=&#8221;default&#8221; menu_font=&#8221;|||on|||||&#8221; menu_text_color=&#8221;#000000&#8243; global_colors_info=&#8221;{}&#8221; menu_font_size__hover_enabled=&#8221;off|desktop&#8221;][\/et_pb_menu][\/et_pb_column][\/et_pb_row][\/et_pb_section]<\/p>\n","protected":false},"excerpt":{"rendered":"<p>PROJECTS | ENGLISH\u00a0 |\u00a0 ESPA\u00d1OL\u00a0 |\u00a0 FRAN\u00c7AISVoices and images:\u00a0Mayan Ixil women of Chajul (ES)Pa\u00eds: Guatemala Participantes: Mujeres fot\u00f3grafas de la Asociaci\u00f3n de Mujeres Maya Ixiles (ADMI) y M. Brinton LykesTalleres de photovoice.\u00a9 Voices and images: Mayan Ixil women of Chajul, GuatemalaDurante la guerra civil guatemalteca (1960-96), las fuerzas gubernamentales fueron condenadas por abusos generalizados contra [&hellip;]<\/p>\n","protected":false},"author":1,"featured_media":0,"parent":0,"menu_order":0,"comment_status":"closed","ping_status":"closed","template":"","meta":{"_et_pb_use_builder":"on","_et_pb_old_content":"<!-- wp:divi\/placeholder \/-->","_et_gb_content_width":"","footnotes":""},"class_list":["post-1274","page","type-page","status-publish","hentry"],"acf":[],"_links":{"self":[{"href":"https:\/\/imagingpeace.org\/index.php\/wp-json\/wp\/v2\/pages\/1274","targetHints":{"allow":["GET"]}}],"collection":[{"href":"https:\/\/imagingpeace.org\/index.php\/wp-json\/wp\/v2\/pages"}],"about":[{"href":"https:\/\/imagingpeace.org\/index.php\/wp-json\/wp\/v2\/types\/page"}],"author":[{"embeddable":true,"href":"https:\/\/imagingpeace.org\/index.php\/wp-json\/wp\/v2\/users\/1"}],"replies":[{"embeddable":true,"href":"https:\/\/imagingpeace.org\/index.php\/wp-json\/wp\/v2\/comments?post=1274"}],"version-history":[{"count":8,"href":"https:\/\/imagingpeace.org\/index.php\/wp-json\/wp\/v2\/pages\/1274\/revisions"}],"predecessor-version":[{"id":1865,"href":"https:\/\/imagingpeace.org\/index.php\/wp-json\/wp\/v2\/pages\/1274\/revisions\/1865"}],"wp:attachment":[{"href":"https:\/\/imagingpeace.org\/index.php\/wp-json\/wp\/v2\/media?parent=1274"}],"curies":[{"name":"wp","href":"https:\/\/api.w.org\/{rel}","templated":true}]}}