{"id":1269,"date":"2024-12-17T12:13:28","date_gmt":"2024-12-17T12:13:28","guid":{"rendered":"https:\/\/imagingpeace.org\/?page_id=1269"},"modified":"2025-01-16T22:39:38","modified_gmt":"2025-01-16T22:39:38","slug":"home-stay-exhibitions-es","status":"publish","type":"page","link":"https:\/\/imagingpeace.org\/index.php\/home-stay-exhibitions-es\/","title":{"rendered":"Home Stay Exhibitions ES"},"content":{"rendered":"<p>[et_pb_section fb_built=&#8221;1&#8243; _builder_version=&#8221;4.27.0&#8243; _module_preset=&#8221;default&#8221; custom_padding=&#8221;|0px||||&#8221; global_colors_info=&#8221;{}&#8221;][et_pb_row _builder_version=&#8221;4.27.4&#8243; _module_preset=&#8221;default&#8221; custom_padding=&#8221;18px||0px|||&#8221; locked=&#8221;off&#8221; global_colors_info=&#8221;{}&#8221;][et_pb_column type=&#8221;4_4&#8243; _builder_version=&#8221;4.27.4&#8243; _module_preset=&#8221;default&#8221; global_colors_info=&#8221;{}&#8221;][et_pb_text _builder_version=&#8221;4.27.4&#8243; _module_preset=&#8221;default&#8221; global_colors_info=&#8221;{}&#8221; text_text_color__hover_enabled=&#8221;on|hover&#8221; text_text_color__hover=&#8221;#95364E&#8221;]<\/p>\n<p><a href=\"https:\/\/imagingpeace.org\/index.php\/peace-photography-projects\/\">PROJECTS<\/a> | <a href=\"https:\/\/imagingpeace.org\/index.php\/home-stay-exhibitions\/\">ENGLISH<\/a>\u00a0 |\u00a0<a href=\"https:\/\/imagingpeace.org\/index.php\/home-stay-exhibitions-es\/\"> ESPA\u00d1OL<\/a>\u00a0 |\u00a0\u00a0<a href=\"https:\/\/imagingpeace.org\/index.php\/home-stay-exhibitions-fr\/\">FRAN\u00c7AIS<\/a><\/p>\n<p>[\/et_pb_text][\/et_pb_column][\/et_pb_row][et_pb_row _builder_version=&#8221;4.27.0&#8243; _module_preset=&#8221;default&#8221; global_colors_info=&#8221;{}&#8221;][et_pb_column type=&#8221;4_4&#8243; _builder_version=&#8221;4.27.0&#8243; _module_preset=&#8221;default&#8221; global_colors_info=&#8221;{}&#8221;][et_pb_text admin_label=&#8221;Title&#8221; _builder_version=&#8221;4.27.0&#8243; _module_preset=&#8221;default&#8221; header_font_size=&#8221;54px&#8221; custom_margin=&#8221;||8px||false|false&#8221; global_colors_info=&#8221;{}&#8221;]<\/p>\n<h1 style=\"text-align: left;\"><strong>The Home Stay Exhibitions (ES)<\/strong><\/h1>\n<p>[\/et_pb_text][et_pb_text admin_label=&#8221;Title&#8221; _builder_version=&#8221;4.27.4&#8243; _module_preset=&#8221;default&#8221; header_3_font_size=&#8221;24px&#8221; header_3_line_height=&#8221;0.8em&#8221; hover_enabled=&#8221;0&#8243; global_colors_info=&#8221;{}&#8221; sticky_enabled=&#8221;0&#8243;]<\/p>\n<h3><\/h3>\n<h3>Pa\u00eds:<strong> Ruanda<\/strong><\/h3>\n<h3>Participantes: <strong><\/strong><strong>J\u00f3venes del distrito de Nyabihu<\/strong><\/h3>\n<h3><a href=\"https:\/\/www.kigaliphotocenter.org\/\" target=\"_blank\" rel=\"noopener\">P\u00e1gina web<\/a><\/h3>\n<p>[\/et_pb_text][\/et_pb_column][\/et_pb_row][et_pb_row _builder_version=&#8221;4.27.0&#8243; _module_preset=&#8221;default&#8221; width=&#8221;100%&#8221; max_width=&#8221;1700px&#8221; custom_padding=&#8221;2px||1px|||&#8221; global_colors_info=&#8221;{}&#8221;][et_pb_column type=&#8221;4_4&#8243; _builder_version=&#8221;4.27.0&#8243; _module_preset=&#8221;default&#8221; global_colors_info=&#8221;{}&#8221;][et_pb_slider _builder_version=&#8221;4.27.0&#8243; _module_preset=&#8221;default&#8221; custom_margin=&#8221;||18px|||&#8221; custom_padding=&#8221;||579px|||&#8221; global_colors_info=&#8221;{}&#8221;][et_pb_slide _builder_version=&#8221;4.27.0&#8243; _module_preset=&#8221;default&#8221; background_color=&#8221;#969696&#8243; background_enable_color=&#8221;on&#8221; background_image=&#8221;https:\/\/imagingpeace.org\/wp-content\/uploads\/2024\/08\/Rwa-1.jpg&#8221; background_enable_image=&#8221;on&#8221; width=&#8221;100%&#8221; width_tablet=&#8221;100%&#8221; width_phone=&#8221;0%&#8221; width_last_edited=&#8221;on|phone&#8221; max_width_tablet=&#8221;&#8221; max_width_phone=&#8221;100%&#8221; max_width_last_edited=&#8221;on|phone&#8221; global_colors_info=&#8221;{}&#8221; sticky_transition=&#8221;on&#8221;][\/et_pb_slide][\/et_pb_slider][\/et_pb_column][\/et_pb_row][et_pb_row _builder_version=&#8221;4.27.0&#8243; _module_preset=&#8221;default&#8221; custom_margin=&#8221;-3px|auto||auto||&#8221; custom_padding=&#8221;1px||5px|||&#8221; global_colors_info=&#8221;{}&#8221;][et_pb_column type=&#8221;4_4&#8243; _builder_version=&#8221;4.27.0&#8243; _module_preset=&#8221;default&#8221; global_colors_info=&#8221;{}&#8221;][et_pb_text _builder_version=&#8221;4.27.4&#8243; _module_preset=&#8221;default&#8221; text_font=&#8221;Actor|&#8211;et_global_body_font_weight|||||||&#8221; text_line_height=&#8221;1.8em&#8221; header_5_font=&#8221;Antic Slab|&#8211;et_global_heading_font_weight|||||||&#8221; header_5_font_size=&#8221;15px&#8221; custom_margin=&#8221;2px||||false|false&#8221; custom_padding=&#8221;2px|0px||58px||&#8221; global_colors_info=&#8221;{}&#8221;]<\/p>\n<h5 class=\"p1\" style=\"text-align: right;\">Una Exposicion Home Stay, Nyabihu, 2018<strong>. <\/strong><\/h5>\n<h5 class=\"p1\" style=\"text-align: right;\"><strong>\u00a9 Kigali Centre for Photography <\/strong><\/h5>\n<p>[\/et_pb_text][\/et_pb_column][\/et_pb_row][et_pb_row column_structure=&#8221;1_2,1_2&#8243; _builder_version=&#8221;4.27.0&#8243; _module_preset=&#8221;default&#8221; custom_padding=&#8221;24px||6px|||&#8221; global_colors_info=&#8221;{}&#8221;][et_pb_column type=&#8221;1_2&#8243; _builder_version=&#8221;4.27.0&#8243; _module_preset=&#8221;default&#8221; global_colors_info=&#8221;{}&#8221;][et_pb_text _builder_version=&#8221;4.27.0&#8243; _module_preset=&#8221;default&#8221; text_font=&#8221;&#8211;et_global_body_font|300|||||||&#8221; text_font_size=&#8221;22px&#8221; text_line_height=&#8221;1.2em&#8221; width=&#8221;100%&#8221; custom_padding=&#8221;|0px||||&#8221; global_colors_info=&#8221;{}&#8221;]<\/p>\n<p>Dirigidas por <strong><a href=\"https:\/\/www.instagram.com\/jack_yakubu1\/?hl=en\" target=\"_blank\" rel=\"noopener\">Jacques Nkinzingabo<\/a><\/strong>, fot\u00f3grafo ruand\u00e9s, productor musical y director del <strong><a href=\"https:\/\/www.kigaliphotocenter.org\/\" target=\"_blank\" rel=\"noopener\">Kigali Centre for Photography (KCP)<\/a><\/strong>, <em>The Home Stay Exhibitions<\/em> surgi\u00f3 del trabajo de divulgaci\u00f3n comunitaria y tutor\u00eda fotogr\u00e1fica de KCP con j\u00f3venes ruandeses. En 2018, Nkinzingabo y sus colegas de KCP impartieron talleres de fotograf\u00eda y narraci\u00f3n visual para 35 j\u00f3venes en el distrito de Nyabihu. Los participantes crearon historias fotogr\u00e1ficas sobre temas de su elecci\u00f3n; historias que consideraban importantes para su pa\u00eds y su comunidad. Realizaron una exposici\u00f3n en el centro comunitario local, pero decidieron ir un paso m\u00e1s all\u00e1 y tambi\u00e9n montaron exposiciones en sus hogares. Y as\u00ed naci\u00f3 la idea de <em>The Home Stay Exhibitions.<\/em><\/p>\n<p>Desde el genocidio de 1994, Ruanda ha logrado grandes avances para reconstruir y promover la paz, la reconciliaci\u00f3n y la estabilidad duraderas. Sin embargo, los efectos del genocidio todav\u00eda se sienten dentro de las comunidades, ya que las v\u00edctimas, los supervivientes, los repatriados y los perpetradores han tenido que aprender a vivir juntos nuevamente. Un cambio desde el genocidio es que muchas familias cerraron las puertas de sus casas a vecinos y amigos. <em>The<\/em> <em>Home Stay <\/em><em>Exhibitions<\/em> busca reabrir las puertas y reconstruir la confianza y el di\u00e1logo utilizando la fotograf\u00eda para iniciar conversaciones sobre las preocupaciones de la comunidad. En Ruanda, donde se entiende que la sanaci\u00f3n se produce a trav\u00e9s de la reconexi\u00f3n social en la vida cotidiana, Home Stay Exhibitions busca derribar los muros que han crecido alrededor del hogar y hacer posibles nuevos tipos de conversaciones comunitarias.<\/p>\n<p>[\/et_pb_text][\/et_pb_column][et_pb_column type=&#8221;1_2&#8243; _builder_version=&#8221;4.27.0&#8243; _module_preset=&#8221;default&#8221; global_colors_info=&#8221;{}&#8221;][et_pb_image src=&#8221;https:\/\/imagingpeace.org\/wp-content\/uploads\/2024\/08\/Rwa-3.jpg&#8221; title_text=&#8221;Rwa-3&#8243; align=&#8221;right&#8221; _builder_version=&#8221;4.27.0&#8243; _module_preset=&#8221;default&#8221; width=&#8221;101%&#8221; global_colors_info=&#8221;{}&#8221;][\/et_pb_image][\/et_pb_column][\/et_pb_row][et_pb_row _builder_version=&#8221;4.27.0&#8243; _module_preset=&#8221;default&#8221; custom_padding=&#8221;1px|||||&#8221; global_colors_info=&#8221;{}&#8221;][et_pb_column type=&#8221;4_4&#8243; _builder_version=&#8221;4.27.0&#8243; _module_preset=&#8221;default&#8221; global_colors_info=&#8221;{}&#8221;][et_pb_text _builder_version=&#8221;4.27.4&#8243; _module_preset=&#8221;default&#8221; text_font=&#8221;Actor|&#8211;et_global_body_font_weight|||||||&#8221; text_line_height=&#8221;1.8em&#8221; header_5_font=&#8221;Antic Slab|&#8211;et_global_heading_font_weight|||||||&#8221; header_5_font_size=&#8221;15px&#8221; custom_margin=&#8221;2px||||false|false&#8221; custom_padding=&#8221;|0px||58px||&#8221; global_colors_info=&#8221;{}&#8221;]<\/p>\n<h5 style=\"text-align: right;\"><strong>Jaxia Abizerimana.<\/strong><br \/>Cuando das a luz sin casarte, nuestra sociedad piensa que eres una prostituta, pierdes muchos amigos, bueno&#8230;hay muchas percepciones sobre ti. La mayor\u00eda te perciben como una persona in\u00fatil, pero a trav\u00e9s de mi relato la gente conocer\u00e1 las verdaderas circunstancias. Quiz\u00e1 la historia d\u00e9 esperanza, aconseje, motive o deje una lecci\u00f3n a alguien.<br \/><strong>\u00a9 Richard Ingabire from &#8216;Pregnancy Not by Choice\u2019 (&#8216;El embarazo no es una elecci\u00f3n&#8217;)<\/strong><\/h5>\n<p>[\/et_pb_text][\/et_pb_column][\/et_pb_row][et_pb_row column_structure=&#8221;1_2,1_2&#8243; _builder_version=&#8221;4.27.0&#8243; _module_preset=&#8221;default&#8221; global_colors_info=&#8221;{}&#8221;][et_pb_column type=&#8221;1_2&#8243; _builder_version=&#8221;4.27.0&#8243; _module_preset=&#8221;default&#8221; global_colors_info=&#8221;{}&#8221;][et_pb_image src=&#8221;https:\/\/imagingpeace.org\/wp-content\/uploads\/2024\/08\/Rwa-2-e1723716657496-741&#215;1024.jpg&#8221; title_text=&#8221;Rwa-2&#8243; _builder_version=&#8221;4.27.0&#8243; _module_preset=&#8221;default&#8221; global_colors_info=&#8221;{}&#8221;][\/et_pb_image][\/et_pb_column][et_pb_column type=&#8221;1_2&#8243; _builder_version=&#8221;4.27.0&#8243; _module_preset=&#8221;default&#8221; global_colors_info=&#8221;{}&#8221;][et_pb_text _builder_version=&#8221;4.27.0&#8243; _module_preset=&#8221;default&#8221; text_font=&#8221;&#8211;et_global_body_font|300|||||||&#8221; text_font_size=&#8221;22px&#8221; text_line_height=&#8221;1.2em&#8221; custom_padding=&#8221;||0px|||&#8221; global_colors_info=&#8221;{}&#8221;]<\/p>\n<p>En las \u00faltimas exposiciones de <em>The<\/em> <em>Home Stay<\/em>, cuatro j\u00f3venes fot\u00f3grafos tutelados por fot\u00f3grafos del KCP, expusieron sus reportajes fotogr\u00e1ficos sobre temas como las madres menores de edad, el cultivo de la patata, la pesca y lo que significa ser un hombre ruand\u00e9s. Se invit\u00f3 a vecinos, amigos y l\u00edderes comunitarios a las casas de los anfitriones y las fotograf\u00edas se utilizaron para crear conversaciones sobre los temas representados. El p\u00fablico de la exposici\u00f3n fue invitado a hacer preguntas, los fot\u00f3grafos, as\u00ed como las personas en sus fotograf\u00edas, presentaron las im\u00e1genes y las historias detr\u00e1s de ellas antes de que hubiera un di\u00e1logo abierto sobre las preguntas posteriores.<\/p>\n<p>El estudio de evaluaci\u00f3n encontr\u00f3 que las im\u00e1genes propiciaron conversaciones sobre temas delicados y desafiantes que se extendieron m\u00e1s all\u00e1 del contenido de la propia fotograf\u00eda. <em>The<\/em> <em>Home Stay Exhibitions<\/em> cre\u00f3 un espacio para diferentes tipos de conversaciones horizontales e inclusivas. Las reuniones comunitarias normalmente se estructuran seg\u00fan protocolos establecidos y s\u00f3lo hablan los l\u00edderes comunitarios o las personas designadas. <em>The Home Stay Exhibitions<\/em> cre\u00f3 una alternativa a la forma habitual de hacer las cosas. Sirvi\u00f3 para abrir nuevas perspectivas y fomentar la sanaci\u00f3n social.<\/p>\n<p>[\/et_pb_text][\/et_pb_column][\/et_pb_row][et_pb_row _builder_version=&#8221;4.27.0&#8243; _module_preset=&#8221;default&#8221; custom_padding=&#8221;4px|||||&#8221; global_colors_info=&#8221;{}&#8221;][et_pb_column type=&#8221;4_4&#8243; _builder_version=&#8221;4.27.0&#8243; _module_preset=&#8221;default&#8221; global_colors_info=&#8221;{}&#8221;][et_pb_text _builder_version=&#8221;4.27.4&#8243; _module_preset=&#8221;default&#8221; text_font=&#8221;Actor|&#8211;et_global_body_font_weight|||||||&#8221; text_line_height=&#8221;1.8em&#8221; header_5_font=&#8221;Antic Slab|&#8211;et_global_heading_font_weight|||||||&#8221; header_5_font_size=&#8221;15px&#8221; custom_margin=&#8221;2px||||false|false&#8221; custom_padding=&#8221;|1px||||&#8221; global_colors_info=&#8221;{}&#8221;]<\/p>\n<h5 class=\"p1\" style=\"text-align: left;\"><strong>&#8216;Julienne Dushimimana<\/strong><br \/>No tuve verg\u00fcenza de compartir mis historias con \u00e9l (Richard) como mi vecino, y sent\u00ed que era necesario hablar con \u00e9l, porque nadie m\u00e1s estaba hablando conmigo. Me dio la esperanza de sentirme humana y me inspir\u00f3 que a\u00fan puedo lograrlo y lograr mis visiones&#8230;Las im\u00e1genes contribuyeron a que nos reuni\u00e9ramos para debatir las cosas, en lugar de como se suele hacer aqu\u00ed, donde la gente se sienta con sus propias percepciones sin debatirlas.<\/h5>\n<h5 style=\"text-align: left;\"><strong>\u00a0\u00a9 Richard Ingabire from \u2018Pregnancy Not by Choice\u2019 (&#8216;El embarazo no es una elecci\u00f3n&#8217;)<\/strong><\/h5>\n<p>[\/et_pb_text][\/et_pb_column][\/et_pb_row][et_pb_row column_structure=&#8221;1_5,3_5,1_5&#8243; _builder_version=&#8221;4.27.0&#8243; _module_preset=&#8221;default&#8221; background_color=&#8221;#EBEFE6&#8243; custom_margin=&#8221;46px|auto|61px|auto||&#8221; custom_padding=&#8221;91px|||||&#8221; global_colors_info=&#8221;{}&#8221;][et_pb_column type=&#8221;1_5&#8243; _builder_version=&#8221;4.27.0&#8243; _module_preset=&#8221;default&#8221; global_colors_info=&#8221;{}&#8221;][\/et_pb_column][et_pb_column type=&#8221;3_5&#8243; _builder_version=&#8221;4.27.0&#8243; _module_preset=&#8221;default&#8221; global_colors_info=&#8221;{}&#8221;][et_pb_testimonial author=&#8221;Jacques Nkinzingabo&#8221; job_title=&#8221;Director&#8221; company_name=&#8221;Kigali Centre for Photography&#8221; font_icon=&#8221;&#xf10e;||fa||900&#8243; use_icon_font_size=&#8221;on&#8221; _builder_version=&#8221;4.27.4&#8243; _module_preset=&#8221;default&#8221; body_font_size=&#8221;31px&#8221; body_line_height=&#8221;1.2em&#8221; author_font_size=&#8221;24px&#8221; author_line_height=&#8221;1.2em&#8221; custom_padding=&#8221;|0px||4px||&#8221; border_width_all=&#8221;0px&#8221; global_colors_info=&#8221;{}&#8221;]<\/p>\n<p style=\"text-align: center;\"><em>&#8216;Debido a nuestra complicada historia, ya no est\u00e1 en nuestra cultura llevar a la gente a tu casa&#8230; La fotograf\u00eda es la primera llave para llevar a la gente a los hogares de los dem\u00e1s&#8230; atrae a personas que estaban muy separadas en un mismo espacio&#8217;.<\/em><\/p>\n<p>[\/et_pb_testimonial][\/et_pb_column][et_pb_column type=&#8221;1_5&#8243; _builder_version=&#8221;4.27.0&#8243; _module_preset=&#8221;default&#8221; global_colors_info=&#8221;{}&#8221;][\/et_pb_column][\/et_pb_row][et_pb_row _builder_version=&#8221;4.27.0&#8243; _module_preset=&#8221;default&#8221; width=&#8221;94%&#8221; max_width=&#8221;1476px&#8221; custom_padding=&#8221;5px|||||&#8221; global_colors_info=&#8221;{}&#8221;][et_pb_column type=&#8221;4_4&#8243; _builder_version=&#8221;4.27.0&#8243; _module_preset=&#8221;default&#8221; global_colors_info=&#8221;{}&#8221;][et_pb_image src=&#8221;https:\/\/imagingpeace.org\/wp-content\/uploads\/2024\/08\/Rwa-4-1024&#215;680.jpg&#8221; title_text=&#8221;Rwa-4&#8243; align=&#8221;center&#8221; _builder_version=&#8221;4.27.0&#8243; _module_preset=&#8221;default&#8221; global_colors_info=&#8221;{}&#8221;][\/et_pb_image][\/et_pb_column][\/et_pb_row][et_pb_row _builder_version=&#8221;4.27.0&#8243; _module_preset=&#8221;default&#8221; custom_padding=&#8221;0px||5px|||&#8221; global_colors_info=&#8221;{}&#8221;][et_pb_column type=&#8221;4_4&#8243; _builder_version=&#8221;4.27.0&#8243; _module_preset=&#8221;default&#8221; global_colors_info=&#8221;{}&#8221;][et_pb_text _builder_version=&#8221;4.27.4&#8243; _module_preset=&#8221;default&#8221; text_font=&#8221;Actor|&#8211;et_global_body_font_weight|||||||&#8221; text_line_height=&#8221;1.8em&#8221; header_5_font=&#8221;Antic Slab|&#8211;et_global_heading_font_weight|||||||&#8221; header_5_font_size=&#8221;15px&#8221; custom_margin=&#8221;2px||||false|false&#8221; custom_padding=&#8221;|26px||58px||&#8221; global_colors_info=&#8221;{}&#8221;]<\/p>\n<h5 style=\"text-align: right;\"><strong>Angelique Dusabimana<\/strong><br \/>Cuando me qued\u00e9 embarazada&#8230;dej\u00e9 la escuela y&#8230;as\u00ed que ahora para encontrar comida he empezado un peque\u00f1o oficio. Intento aprender a ser sastre. Pero en realidad mi futuro no es bueno, y mi familia ha perdido la esperanza en m\u00ed. Ten\u00eda el sue\u00f1o de terminar mis estudios y ser una persona importante en la sociedad, pero fracas\u00e9. Ahora cuido de mi hijo y pienso en c\u00f3mo podemos sobrevivir en nuestra vida diaria. Aunque me enfrente a retos, no me detendr\u00e9.<br \/><strong>\u00a9 Richard Ingabire from \u2018Pregnancy Not by Choice\u2019 <\/strong><strong>(&#8221;El embarazo no es una elecci\u00f3n&#8217;)<\/strong><\/h5>\n<p>[\/et_pb_text][\/et_pb_column][\/et_pb_row][et_pb_row _builder_version=&#8221;4.27.4&#8243; _module_preset=&#8221;default&#8221;][et_pb_column _builder_version=&#8221;4.27.4&#8243; _module_preset=&#8221;default&#8221; type=&#8221;4_4&#8243;][et_pb_menu menu_id=&#8221;10&#8243; menu_style=&#8221;centered&#8221; active_link_color=&#8221;#E09900&#8243; _builder_version=&#8221;4.27.0&#8243; _module_preset=&#8221;default&#8221; menu_font=&#8221;|||on|||||&#8221; menu_text_color=&#8221;#000000&#8243; global_colors_info=&#8221;{}&#8221; menu_font_size__hover_enabled=&#8221;off|desktop&#8221; theme_builder_area=&#8221;post_content&#8221;][\/et_pb_menu][\/et_pb_column][\/et_pb_row][\/et_pb_section]<\/p>\n","protected":false},"excerpt":{"rendered":"<p>PROJECTS | ENGLISH\u00a0 |\u00a0 ESPA\u00d1OL\u00a0 |\u00a0\u00a0FRAN\u00c7AISThe Home Stay Exhibitions (ES) Pa\u00eds: Ruanda Participantes: J\u00f3venes del distrito de Nyabihu P\u00e1gina webUna Exposicion Home Stay, Nyabihu, 2018. \u00a9 Kigali Centre for Photography Dirigidas por Jacques Nkinzingabo, fot\u00f3grafo ruand\u00e9s, productor musical y director del Kigali Centre for Photography (KCP), The Home Stay Exhibitions surgi\u00f3 del trabajo de divulgaci\u00f3n [&hellip;]<\/p>\n","protected":false},"author":1,"featured_media":0,"parent":0,"menu_order":0,"comment_status":"closed","ping_status":"closed","template":"","meta":{"_et_pb_use_builder":"on","_et_pb_old_content":"<!-- wp:divi\/placeholder \/-->","_et_gb_content_width":"","footnotes":""},"class_list":["post-1269","page","type-page","status-publish","hentry"],"acf":[],"_links":{"self":[{"href":"https:\/\/imagingpeace.org\/index.php\/wp-json\/wp\/v2\/pages\/1269","targetHints":{"allow":["GET"]}}],"collection":[{"href":"https:\/\/imagingpeace.org\/index.php\/wp-json\/wp\/v2\/pages"}],"about":[{"href":"https:\/\/imagingpeace.org\/index.php\/wp-json\/wp\/v2\/types\/page"}],"author":[{"embeddable":true,"href":"https:\/\/imagingpeace.org\/index.php\/wp-json\/wp\/v2\/users\/1"}],"replies":[{"embeddable":true,"href":"https:\/\/imagingpeace.org\/index.php\/wp-json\/wp\/v2\/comments?post=1269"}],"version-history":[{"count":11,"href":"https:\/\/imagingpeace.org\/index.php\/wp-json\/wp\/v2\/pages\/1269\/revisions"}],"predecessor-version":[{"id":1695,"href":"https:\/\/imagingpeace.org\/index.php\/wp-json\/wp\/v2\/pages\/1269\/revisions\/1695"}],"wp:attachment":[{"href":"https:\/\/imagingpeace.org\/index.php\/wp-json\/wp\/v2\/media?parent=1269"}],"curies":[{"name":"wp","href":"https:\/\/api.w.org\/{rel}","templated":true}]}}